{"id":242,"date":"2014-05-17T13:13:47","date_gmt":"2014-05-17T13:13:47","guid":{"rendered":"http:\/\/demo.oxygentheme.com\/minimal\/demo-content\/?page_id=242"},"modified":"2021-09-29T08:22:39","modified_gmt":"2021-09-29T08:22:39","slug":"regulamin","status":"publish","type":"page","link":"https:\/\/hipertin.dfirma.pl\/index.php\/regulamin\/","title":{"rendered":"Regulamin"},"content":{"rendered":"<p>[vc_row][vc_column][vc_column_text css=&#8221;.vc_custom_1632903751055{padding-top: 30px !important;padding-right: 30px !important;padding-bottom: 30px !important;padding-left: 30px !important;background-color: #ffffff !important;}&#8221;]<\/p>\n<h1><strong><span style=\"color: #000000;\"><span style=\"font-family: Open Sans, sans-serif;\"><span style=\"font-size: small;\"><b>REGULAMIN SKLEPU INTERNETOWEGO<\/b><\/span><\/span><\/span><\/strong><\/h1>\n<p><span style=\"color: #000000;\">\u00a0<\/span><strong><span style=\"color: #000000;\"><span style=\"font-family: Open Sans, sans-serif;\"><span style=\"font-size: small;\"><b>\u00a71<br \/>\n<\/b><\/span><\/span><\/span><\/strong><strong><span style=\"color: #000000;\"><span style=\"font-family: Open Sans, sans-serif;\"><span style=\"font-size: small;\"><b>Postanowienia og\u00f3lne<\/b><\/span><\/span><\/span><\/strong><\/p>\n<p><span style=\"color: #000000;\"><span style=\"font-family: Open Sans, sans-serif;\"><span style=\"font-size: small;\">1.\u00a0Sklep internetowy hipertin.pl [dalej &#8222;Sklep&#8221;] prowadzi sprzeda\u017c detaliczn\u0105 przez W\u0142a\u015bciciela Sklepu za po\u015brednictwem internetu, na podstawie niniejszego Regulaminu [dalej &#8222;Regulamin&#8221;].<\/span><\/span><\/span><\/p>\n<p><span style=\"color: #000000;\"><span style=\"font-family: Open Sans, sans-serif;\"><span style=\"font-size: small;\">2.\u00a0W\u0142a\u015bcicielem Sklepu jest firma: <\/span><\/span><\/span><span style=\"font-family: Open Sans, sans-serif;\"><span style=\"font-size: small;\">Cosmoproject Agnieszka Nowik-\u0141azowska, z siedzib\u0105 w Gliwicach przy ul. Prusa 16, NIP 631 229 55 11<\/span><\/span><\/p>\n<p><span style=\"color: #000000;\"><span style=\"font-family: Open Sans, sans-serif;\"><span style=\"font-size: small;\">3.\u00a0Ilekro\u0107 w dokumencie pojawia si\u0119 poj\u0119cie Konsument \u2013 oznacza ono osob\u0119 fizyczn\u0105 dokonuj\u0105c\u0105 czynno\u015bci prawnej niezwi\u0105zanej bezpo\u015brednio z jej dzia\u0142alno\u015bci\u0105 gospodarcz\u0105 lub zawodow\u0105.<\/span><\/span><\/span><\/p>\n<p><span style=\"color: #000000;\"><span style=\"font-family: Open Sans, sans-serif;\"><span style=\"font-size: small;\">4.\u00a0Regulamin jest integraln\u0105 cz\u0119\u015bci\u0105 umowy sprzeda\u017cy zawieranej z klientem.<\/span><\/span><\/span><\/p>\n<p><span style=\"color: #000000;\"><span style=\"font-family: Open Sans, sans-serif;\"><span style=\"font-size: small;\">5. Warunkiem zawarcia umowy sprzeda\u017cy jest akceptacja Regulaminu przez klienta w toku sk\u0142adania zam\u00f3wienia poprzez zaznaczenie odpowiedniego pola w formularzu.<\/span><\/span><\/span><\/p>\n<p><span style=\"color: #000000;\"><span style=\"font-family: Open Sans, sans-serif;\"><span style=\"font-size: small;\">6. Ceny podane w Sklepie s\u0105 cenami brutto (zawieraj\u0105 podatek VAT).<\/span><\/span><\/span><\/p>\n<p><span style=\"color: #000000;\"><span style=\"font-family: Open Sans, sans-serif;\"><span style=\"font-size: small;\">7. Towary dost\u0119pne w Sklepie s\u0105 nowe, wolne od wad fizycznych i prawnych.<\/span><\/span><\/span><\/p>\n<p><span style=\"color: #000000;\">\u00a0<\/span><\/p>\n<h3 class=\"western\"><strong><span style=\"color: #000000;\"><span style=\"font-family: Open Sans, sans-serif;\"><span style=\"font-size: small;\"><b>\u00a72<br \/>\n<\/b><\/span><\/span><\/span><\/strong><strong><span style=\"color: #000000;\"><span style=\"font-family: Open Sans, sans-serif;\"><span style=\"font-size: small;\"><b>Zam\u00f3wienia<\/b><\/span><\/span><\/span><\/strong><\/h3>\n<p><span style=\"color: #000000;\"><span style=\"font-family: Open Sans, sans-serif;\"><span style=\"font-size: small;\">1. Zam\u00f3wienia mo\u017cna sk\u0142ada\u0107 w nast\u0119puj\u0105cy spos\u00f3b:<\/span><\/span><\/span><\/p>\n<p><span style=\"color: #000000;\"><span style=\"font-family: Open Sans, sans-serif;\"><span style=\"font-size: small;\">&#8211; poprzez formularz dost\u0119pny na stronie internetowej Sklepu,<\/span><\/span><\/span><\/p>\n<p><span style=\"color: #000000;\"><span style=\"font-family: Open Sans, sans-serif;\"><span style=\"font-size: small;\">&#8211; emailem na adres dost\u0119pny na stronie internetowej Sklepu<\/span><\/span><\/span><\/p>\n<p><span style=\"color: #000000;\">\u00a0<\/span><span style=\"color: #000000;\"><span style=\"font-family: Open Sans, sans-serif;\"><span style=\"font-size: small;\">2.\u00a0Warunkiem realizacji zam\u00f3wienia jest podanie przez klienta danych pozwalaj\u0105cych na weryfikacj\u0119 klienta i odbiorcy towaru. Sklep potwierdza przyj\u0119cie zam\u00f3wienia emailem lub telefonicznie.\u00a0<\/span><\/span><\/span><\/p>\n<p><span style=\"color: #000000;\"><span style=\"font-family: Open Sans, sans-serif;\"><span style=\"font-size: small;\">3.\u00a0Dla stron wi\u0105\u017c\u0105ce s\u0105 informacje zawarte na stronie internetowej Sklepu przy kupowanym towarze w momencie z\u0142o\u017cenia zam\u00f3wienia, w szczeg\u00f3lno\u015bci: cena, charakterystyka towaru, jego cechy, elementy wchodz\u0105ce w sk\u0142ad zestawu, termin i spos\u00f3b dostawy.<\/span><\/span><\/span><\/p>\n<p><span style=\"color: #000000;\"><span style=\"font-family: Open Sans, sans-serif;\"><span style=\"font-size: small;\">4.\u00a0Informacje znajduj\u0105ce si\u0119 na stronie internetowej Sklepu nie stanowi\u0105 oferty w rozumieniu Kodeksu Cywilnego. klient sk\u0142adaj\u0105c zam\u00f3wienie sk\u0142ada ofert\u0119 zakupu okre\u015blonego towaru. Do zawarcia umowy sprzeda\u017cy dochodzi z chwil\u0105 potwierdzenia przez Sprzedawc\u0119 przyj\u0119cia Zam\u00f3wienia do realizacji.<\/span><\/span><\/span><\/p>\n<p><span style=\"color: #000000;\">\u00a0<\/span><\/p>\n<h3 class=\"western\"><strong><span style=\"color: #000000;\"><span style=\"font-family: Open Sans, sans-serif;\"><span style=\"font-size: small;\"><b>\u00a73<br \/>\n<\/b><\/span><\/span><\/span><\/strong><strong><span style=\"color: #000000;\"><span style=\"font-family: Open Sans, sans-serif;\"><span style=\"font-size: small;\"><b>P\u0142atno\u015bci<\/b><\/span><\/span><\/span><\/strong><\/h3>\n<p><span style=\"color: #000000;\"><span style=\"font-family: Open Sans, sans-serif;\"><span style=\"font-size: small;\">1. Klient ma do wyboru formy p\u0142atno\u015bci okre\u015blone w zak\u0142adce Formy p\u0142atno\u015bci.<\/span><\/span><\/span><\/p>\n<p><span style=\"color: #000000;\"><span style=\"font-family: Open Sans, sans-serif;\"><span style=\"font-size: small;\">2. Ceny przesy\u0142ek okre\u015blone s\u0105 w cenniku dostawy.<\/span><\/span><\/span><\/p>\n<p><span style=\"color: #000000;\"><span style=\"font-family: Open Sans, sans-serif;\"><span style=\"font-size: small;\">3. Warunkiem wydania towaru jest zap\u0142ata za towar i przesy\u0142k\u0119.<\/span><\/span><\/span><\/p>\n<p><span style=\"color: #000000;\">\u00a0<\/span><\/p>\n<h3 class=\"western\"><strong><span style=\"color: #000000;\"><span style=\"font-family: Open Sans, sans-serif;\"><span style=\"font-size: small;\"><b>\u00a74<br \/>\n<\/b><\/span><\/span><\/span><\/strong><strong><span style=\"color: #000000;\"><span style=\"font-family: Open Sans, sans-serif;\"><span style=\"font-size: small;\"><b>Wysy\u0142ka towaru<\/b><\/span><\/span><\/span><\/strong><\/h3>\n<p><span style=\"color: #000000;\"><span style=\"font-family: Open Sans, sans-serif;\"><span style=\"font-size: small;\">1. Zam\u00f3wiony towar Sklep wysy\u0142a za po\u015brednictwem firm wysy\u0142kowych (np. Poczty Polskiej lub firmy kurierskiej) lub udost\u0119pnia do odbioru przez klienta w siedzibie firmy.<\/span><\/span><\/span><\/p>\n<p><span style=\"color: #000000;\"><span style=\"font-family: Open Sans, sans-serif;\"><span style=\"font-size: small;\">2. W przypadku p\u0142atno\u015bci za pomoc\u0105 karty p\u0142atniczej, termin realizacji zam\u00f3wienia jest liczony od chwili pozytywnej autoryzacji transakcji.<\/span><\/span><\/span><\/p>\n<p><span style=\"color: #000000;\"><span style=\"font-family: Open Sans, sans-serif;\"><span style=\"font-size: small;\">3. W przypadku p\u0142atno\u015bci w inny spos\u00f3b ni\u017c za pobraniem, termin wysy\u0142ki wyd\u0142u\u017ca si\u0119 o okres pomi\u0119dzy z\u0142o\u017ceniem zam\u00f3wienia, a dat\u0105 zaksi\u0119gowania nale\u017cno\u015bci na rachunku bankowym Sklepu.<\/span><\/span><\/span><\/p>\n<p><span style=\"color: #000000;\">\u00a0<\/span><\/p>\n<h3 class=\"western\"><strong><span style=\"color: #000000;\"><span style=\"font-family: Open Sans, sans-serif;\"><span style=\"font-size: small;\"><b>\u00a75<br \/>\n<\/b><\/span><\/span><\/span><\/strong><strong><span style=\"color: #000000;\"><span style=\"font-family: Open Sans, sans-serif;\"><span style=\"font-size: small;\"><b>Reklamacje<\/b><\/span><\/span><\/span><\/strong><\/h3>\n<p><span style=\"color: #000000;\"><span style=\"font-family: Open Sans, sans-serif;\"><span style=\"font-size: small;\">1. W przypadku niezgodno\u015bci towaru z umow\u0105 Klient powinien odes\u0142a\u0107 do Sklepu, na koszt Sklepu, reklamowany towar wraz z opisem niezgodno\u015bci.<\/span><\/span><\/span><\/p>\n<p><span style=\"color: #000000;\"><span style=\"font-family: Open Sans, sans-serif;\"><span style=\"font-size: small;\">2.\u00a0Sklep ustosunkowuje si\u0119 do reklamacji klienta w terminie 14 dni od momentu otrzymania reklamacji.<\/span><\/span><\/span><\/p>\n<p><span style=\"color: #000000;\"><span style=\"font-family: Open Sans, sans-serif;\"><span style=\"font-size: small;\">3. Gdy realizacja uzasadnionej reklamacji wi\u0105\u017ce si\u0119 z wys\u0142aniem Klientowi nowego towaru b\u0105d\u017a usuni\u0119cia niezgodno\u015bci, koszty dostaw ponosi Sklep.<\/span><\/span><\/span><\/p>\n<p><span style=\"color: #000000;\"><span style=\"font-family: Open Sans, sans-serif;\"><span style=\"font-size: small;\">4.\u00a0Sprzedawca zastrzega, \u017ce r\u00f3\u017cnice dotycz\u0105ce zdj\u0119\u0107 Towar\u00f3w, a wynikaj\u0105ce z indywidualnych ustawie\u0144 komputera danego klienta (kolor, proporcje itd.) nie mog\u0105 by\u0107 podstaw\u0105 do reklamacji towaru.<\/span><\/span><\/span><\/p>\n<p><span style=\"color: #000000;\">\u00a0<\/span><\/p>\n<h3 class=\"western\"><strong><span style=\"color: #000000;\"><span style=\"font-family: Open Sans, sans-serif;\"><span style=\"font-size: small;\"><b>\u00a76<br \/>\n<\/b><\/span><\/span><\/span><\/strong><strong><span style=\"color: #000000;\"><span style=\"font-family: Open Sans, sans-serif;\"><span style=\"font-size: small;\"><b>Prawo odst\u0105pienia od umowy<\/b><\/span><\/span><\/span><\/strong><\/h3>\n<p><span style=\"color: #000000;\"><span style=\"font-family: Open Sans, sans-serif;\"><span style=\"font-size: small;\">1.\u00a0Na podstawie Ustawy o ochronie niekt\u00f3rych praw konsument\u00f3w oraz o odpowiedzialno\u015bci za szkod\u0119 wyrz\u0105dzon\u0105 przez produkt niebezpieczny z dnia 2 marca 2000 r. klient b\u0119d\u0105cy Konsumentem ma prawo odst\u0105pienia od umowy.<\/span><\/span><\/span><\/p>\n<p><span style=\"color: #000000;\"><span style=\"font-family: Open Sans, sans-serif;\"><span style=\"font-size: small;\">2.\u00a0Klient b\u0119d\u0105cy Konsumentem mo\u017ce odst\u0105pi\u0107 od umowy sprzeda\u017cy bez podania przyczyn, sk\u0142adaj\u0105c stosowne o\u015bwiadczenie na pi\u015bmie w terminie 14 (dziesi\u0119\u0107) dni od dnia dostawy. Do zachowania tego terminu wystarczy wys\u0142anie o\u015bwiadczenia przed jego up\u0142ywem.<\/span><\/span><\/span><\/p>\n<p><span style=\"color: #000000;\"><span style=\"font-family: Open Sans, sans-serif;\"><span style=\"font-size: small;\">3.\u00a0W razie skutecznego odst\u0105pienia od umowy sprzeda\u017cy, umowa jest uwa\u017cana za niezawart\u0105. klient zobowi\u0105zany jest do zwrotu zakupionego towaru, niezw\u0142ocznie, nie p\u00f3\u017aniej ni\u017c w terminie 7(siedem) dni.<\/span><\/span><\/span><\/p>\n<p><span style=\"color: #000000;\"><span style=\"font-family: Open Sans, sans-serif;\"><span style=\"font-size: small;\">4. W terminie 14 dni od odst\u0105pienia przez klienta od umowy W\u0142a\u015bciciel Sklepu zwraca klientowi zap\u0142acon\u0105 kwot\u0119.<\/span><\/span><\/span><\/p>\n<p><span style=\"color: #000000;\"><span style=\"font-family: Open Sans, sans-serif;\"><span style=\"font-size: small;\">5. Prawo odst\u0105pienia nie przys\u0142uguje klientowi w przypadkach okre\u015blonych w ustawie, o kt\u00f3rej mowa w ust. 1 powy\u017cej, a wi\u0119c w przypadkach:<\/span><\/span><\/span><\/p>\n<ol>\n<li><span style=\"color: #000000;\"><span style=\"font-family: Open Sans, sans-serif;\"><span style=\"font-size: small;\">\u015bwiadczenia us\u0142ug rozpocz\u0119tego, za zgoda Konsumenta, przed up\u0142ywem 14 dni od dnia zawarcia umowy;<\/span><\/span><\/span><\/li>\n<li><span style=\"color: #000000;\"><span style=\"font-family: Open Sans, sans-serif;\"><span style=\"font-size: small;\">dotycz\u0105cych nagra\u0144 audialnych i wizualnych oraz zapisanych na informatycznych no\u015bnikach danych po usuni\u0119ciu przez Konsumenta ich oryginalnego opakowania;<\/span><\/span><\/span><\/li>\n<li><span style=\"color: #000000;\"><span style=\"font-family: Open Sans, sans-serif;\"><span style=\"font-size: small;\">um\u00f3w dotycz\u0105cych \u015bwiadcze\u0144, za kt\u00f3re cena lub wynagrodzenie zale\u017cy wy\u0142\u0105cznie od ruchu cen na rynku finansowym;<\/span><\/span><\/span><\/li>\n<li><span style=\"color: #000000;\"><span style=\"font-family: Open Sans, sans-serif;\"><span style=\"font-size: small;\">\u015bwiadcze\u0144 o w\u0142a\u015bciwo\u015bciach okre\u015blonych przez konsumenta w z\u0142o\u017conym przez niego zam\u00f3wienia lub \u015bci\u015ble zwi\u0105zanych z jego osobn\u0105;<\/span><\/span><\/span><\/li>\n<li><span style=\"color: #000000;\"><span style=\"font-family: Open Sans, sans-serif;\"><span style=\"font-size: small;\">\u015bwiadcze\u0144, kt\u00f3re z uwagi na ich charakter nie mog\u0105 zosta\u0107 zwr\u00f3cone lub kt\u00f3rych przedmiot ulega szybkiemu zepsuciu;<\/span><\/span><\/span><\/li>\n<li><span style=\"color: #000000;\"><span style=\"font-family: Open Sans, sans-serif;\"><span style=\"font-size: small;\">dostarczania prasy;<\/span><\/span><\/span><\/li>\n<li><span style=\"color: #000000;\"><span style=\"font-family: Open Sans, sans-serif;\"><span style=\"font-size: small;\">us\u0142ug w zakresie gier hazardowych.<\/span><\/span><\/span><\/li>\n<\/ol>\n<p><span style=\"color: #000000;\">\u00a0<\/span><\/p>\n<h3 class=\"western\"><strong><span style=\"color: #000000;\"><span style=\"font-family: Open Sans, sans-serif;\"><span style=\"font-size: small;\"><b>\u00a77<br \/>\n<\/b><\/span><\/span><\/span><\/strong><strong><span style=\"color: #000000;\"><span style=\"font-family: Open Sans, sans-serif;\"><span style=\"font-size: small;\"><b>Ochrona prywatno\u015bci<\/b><\/span><\/span><\/span><\/strong><\/h3>\n<p><span style=\"color: #000000;\"><span style=\"font-family: Open Sans, sans-serif;\"><span style=\"font-size: small;\">1.\u00a0Administratorem danych osobowych jest W\u0142a\u015bciciel Sklepu.<\/span><\/span><\/span><\/p>\n<p><span style=\"color: #000000;\"><span style=\"font-family: Open Sans, sans-serif;\"><span style=\"font-size: small;\">2.\u00a0Dane osobowe przekazane W\u0142a\u015bcicielowi Sklepu podawane s\u0105 dobrowolnie, z tym jednak zastrze\u017ceniem, \u017ce niepodanie okre\u015blonych tych danych uniemo\u017cliwia z\u0142o\u017cenie i realizacj\u0119 zam\u00f3wienia klienta.<\/span><\/span><\/span><\/p>\n<p><span style=\"color: #000000;\"><span style=\"font-family: Open Sans, sans-serif;\"><span style=\"font-size: small;\">3. Klient mo\u017ce r\u00f3wnie\u017c wyrazi\u0107 odr\u0119bn\u0105 zgod\u0119 na otrzymywanie od Sklepu materia\u0142\u00f3w reklamowo &#8211; promocyjnych, w tym biuletynu handlowego.<\/span><\/span><\/span><\/p>\n<p><span style=\"color: #000000;\"><span style=\"font-family: Open Sans, sans-serif;\"><span style=\"font-size: small;\">4. Klient ma prawo dost\u0119pu do swoich danych osobowych oraz ich poprawiania, \u017c\u0105dania zaprzestania ich przetwarzania oraz sprzeciwu wobec ich przetwarzania.<\/span><\/span><\/span><\/p>\n<p><span style=\"color: #000000;\">\u00a0<\/span><\/p>\n<h3 class=\"western\"><strong><span style=\"color: #000000;\"><span style=\"font-family: Open Sans, sans-serif;\"><span style=\"font-size: small;\"><b>\u00a78<br \/>\n<\/b><\/span><\/span><\/span><\/strong><strong><span style=\"color: #000000;\"><span style=\"font-family: Open Sans, sans-serif;\"><span style=\"font-size: small;\"><b>W\u0142asno\u015b\u0107 intelektualna<\/b><\/span><\/span><\/span><\/strong><\/h3>\n<p><span style=\"color: #000000;\"><span style=\"font-family: Open Sans, sans-serif;\"><span style=\"font-size: small;\">1. Zabrania si\u0119 wykorzystywania jakichkolwiek materia\u0142\u00f3w publikowanych na stronie internetowej Sklepu (w tym zdj\u0119\u0107 i opis\u00f3w towar\u00f3w) bez pisemnej zgody Sklepu.<\/span><\/span><\/span><\/p>\n<p><span style=\"color: #000000;\">\u00a0<\/span><\/p>\n<h3 class=\"western\"><strong><span style=\"color: #000000;\"><span style=\"font-family: Open Sans, sans-serif;\"><span style=\"font-size: small;\"><b>\u00a79<br \/>\n<\/b><\/span><\/span><\/span><\/strong><strong><span style=\"color: #000000;\"><span style=\"font-family: Open Sans, sans-serif;\"><span style=\"font-size: small;\"><b>Wej\u015bcie w \u017cycie i zmiany Regulaminu<\/b><\/span><\/span><\/span><\/strong><\/h3>\n<p><span style=\"color: #000000;\"><span style=\"font-family: Open Sans, sans-serif;\"><span style=\"font-size: small;\">1. Niniejszy Regulamin wchodzi w \u017cycie z dniem publikacji na stronie internetowej Sklepu.<\/span><\/span><\/span><\/p>\n<p><span style=\"color: #000000;\"><span style=\"font-family: Open Sans, sans-serif;\"><span style=\"font-size: small;\">2. Niniejszy Regulamin mo\u017ce zosta\u0107 zmieniony, a informacja o zmianach Regulaminu zostanie przes\u0142ana klientom na adres email wskazany w zam\u00f3wieniu na 14 dni przed wej\u015bciem w \u017cycie zmienionego Regulaminu.<\/span><\/span><\/span><\/p>\n<p><span style=\"color: #000000;\"><span style=\"font-family: Open Sans, sans-serif;\"><span style=\"font-size: small;\">3. Dodatkowo zmiany Regulaminu zostan\u0105 opublikowane na stronie Sklepu na 14 dni przed wej\u015bciem w \u017cycie nowego Regulaminu.<\/span><\/span><\/span><\/p>\n<p><span style=\"color: #000000;\"><span style=\"font-family: Open Sans, sans-serif;\"><span style=\"font-size: small;\">4. Wszystkie zam\u00f3wienia przyj\u0119te przez W\u0142a\u015bciciela Sklepu do realizacji przed dniem zmiany Regulaminu s\u0105 realizowane na podstawie regulaminu, kt\u00f3ry obowi\u0105zywa\u0142 w dniu sk\u0142adania zam\u00f3wienia przez klienta.<\/span><\/span><\/span><\/p>\n<p><span style=\"color: #000000;\"><span style=\"font-family: Open Sans, sans-serif;\"><span style=\"font-size: small;\">5. W razie, gdy klient nie akceptuje nowej tre\u015bci Regulaminu obowi\u0105zany jest zawiadomi\u0107 o tym fakcie W\u0142a\u015bciciela Sklepu w ci\u0105gu 14 dni od daty poinformowania o zmianie Regulaminu.<\/span><\/span><\/span>[\/vc_column_text][\/vc_column][\/vc_row]<\/p>\n","protected":false},"excerpt":{"rendered":"<p>[vc_row][vc_column][vc_column_text css=&#8221;.vc_custom_1632903751055{padding-top: 30px !important;padding-right: 30px !important;padding-bottom: 30px !important;padding-left: 30px !important;background-color: #ffffff !important;}&#8221;] REGULAMIN SKLEPU INTERNETOWEGO \u00a0\u00a71 Postanowienia og\u00f3lne 1.\u00a0Sklep internetowy hipertin.pl [dalej &#8222;Sklep&#8221;] prowadzi sprzeda\u017c detaliczn\u0105 przez W\u0142a\u015bciciela Sklepu za po\u015brednictwem internetu, na podstawie niniejszego Regulaminu [dalej &#8222;Regulamin&#8221;].&hellip;<\/p>\n","protected":false},"author":1,"featured_media":0,"parent":0,"menu_order":0,"comment_status":"open","ping_status":"open","template":"","meta":{"footnotes":""},"class_list":["post-242","page","type-page","status-publish","hentry"],"yoast_head":"<!-- This site is optimized with the Yoast SEO plugin v19.10 - https:\/\/yoast.com\/wordpress\/plugins\/seo\/ -->\n<title>Regulamin - HIPERTIN - Profesjonalne produkty Fryzjerskie<\/title>\n<meta name=\"robots\" content=\"index, follow, max-snippet:-1, max-image-preview:large, max-video-preview:-1\" \/>\n<link rel=\"canonical\" href=\"https:\/\/hipertin.dfirma.pl\/index.php\/regulamin\/\" \/>\n<meta property=\"og:locale\" content=\"pl_PL\" \/>\n<meta property=\"og:type\" content=\"article\" \/>\n<meta property=\"og:title\" content=\"Regulamin - HIPERTIN - Profesjonalne produkty Fryzjerskie\" \/>\n<meta property=\"og:description\" content=\"[vc_row][vc_column][vc_column_text css=&#8221;.vc_custom_1632903751055{padding-top: 30px !important;padding-right: 30px !important;padding-bottom: 30px !important;padding-left: 30px !important;background-color: #ffffff !important;}&#8221;] REGULAMIN SKLEPU INTERNETOWEGO \u00a0\u00a71 Postanowienia og\u00f3lne 1.\u00a0Sklep internetowy hipertin.pl [dalej &#8222;Sklep&#8221;] prowadzi sprzeda\u017c detaliczn\u0105 przez W\u0142a\u015bciciela Sklepu za po\u015brednictwem internetu, na podstawie niniejszego Regulaminu [dalej &#8222;Regulamin&#8221;].&hellip;\" \/>\n<meta property=\"og:url\" content=\"https:\/\/hipertin.dfirma.pl\/index.php\/regulamin\/\" \/>\n<meta property=\"og:site_name\" content=\"HIPERTIN - Profesjonalne produkty Fryzjerskie\" \/>\n<meta property=\"article:modified_time\" content=\"2021-09-29T08:22:39+00:00\" \/>\n<meta name=\"twitter:card\" content=\"summary_large_image\" \/>\n<meta name=\"twitter:label1\" content=\"Szacowany czas czytania\" \/>\n\t<meta name=\"twitter:data1\" content=\"4 minuty\" \/>\n<script type=\"application\/ld+json\" class=\"yoast-schema-graph\">{\"@context\":\"https:\/\/schema.org\",\"@graph\":[{\"@type\":\"WebPage\",\"@id\":\"https:\/\/hipertin.dfirma.pl\/index.php\/regulamin\/\",\"url\":\"https:\/\/hipertin.dfirma.pl\/index.php\/regulamin\/\",\"name\":\"Regulamin - HIPERTIN - Profesjonalne produkty Fryzjerskie\",\"isPartOf\":{\"@id\":\"https:\/\/hipertin.dfirma.pl\/#website\"},\"datePublished\":\"2014-05-17T13:13:47+00:00\",\"dateModified\":\"2021-09-29T08:22:39+00:00\",\"breadcrumb\":{\"@id\":\"https:\/\/hipertin.dfirma.pl\/index.php\/regulamin\/#breadcrumb\"},\"inLanguage\":\"pl-PL\",\"potentialAction\":[{\"@type\":\"ReadAction\",\"target\":[\"https:\/\/hipertin.dfirma.pl\/index.php\/regulamin\/\"]}]},{\"@type\":\"BreadcrumbList\",\"@id\":\"https:\/\/hipertin.dfirma.pl\/index.php\/regulamin\/#breadcrumb\",\"itemListElement\":[{\"@type\":\"ListItem\",\"position\":1,\"name\":\"Strona g\u0142\u00f3wna\",\"item\":\"https:\/\/hipertin.dfirma.pl\/\"},{\"@type\":\"ListItem\",\"position\":2,\"name\":\"Regulamin\"}]},{\"@type\":\"WebSite\",\"@id\":\"https:\/\/hipertin.dfirma.pl\/#website\",\"url\":\"https:\/\/hipertin.dfirma.pl\/\",\"name\":\"HIPERTIN - Profesjonalne produkty Fryzjerskie\",\"description\":\"\",\"potentialAction\":[{\"@type\":\"SearchAction\",\"target\":{\"@type\":\"EntryPoint\",\"urlTemplate\":\"https:\/\/hipertin.dfirma.pl\/?s={search_term_string}\"},\"query-input\":\"required name=search_term_string\"}],\"inLanguage\":\"pl-PL\"}]}<\/script>\n<!-- \/ Yoast SEO plugin. -->","yoast_head_json":{"title":"Regulamin - HIPERTIN - Profesjonalne produkty Fryzjerskie","robots":{"index":"index","follow":"follow","max-snippet":"max-snippet:-1","max-image-preview":"max-image-preview:large","max-video-preview":"max-video-preview:-1"},"canonical":"https:\/\/hipertin.dfirma.pl\/index.php\/regulamin\/","og_locale":"pl_PL","og_type":"article","og_title":"Regulamin - HIPERTIN - Profesjonalne produkty Fryzjerskie","og_description":"[vc_row][vc_column][vc_column_text css=&#8221;.vc_custom_1632903751055{padding-top: 30px !important;padding-right: 30px !important;padding-bottom: 30px !important;padding-left: 30px !important;background-color: #ffffff !important;}&#8221;] REGULAMIN SKLEPU INTERNETOWEGO \u00a0\u00a71 Postanowienia og\u00f3lne 1.\u00a0Sklep internetowy hipertin.pl [dalej &#8222;Sklep&#8221;] prowadzi sprzeda\u017c detaliczn\u0105 przez W\u0142a\u015bciciela Sklepu za po\u015brednictwem internetu, na podstawie niniejszego Regulaminu [dalej &#8222;Regulamin&#8221;].&hellip;","og_url":"https:\/\/hipertin.dfirma.pl\/index.php\/regulamin\/","og_site_name":"HIPERTIN - Profesjonalne produkty Fryzjerskie","article_modified_time":"2021-09-29T08:22:39+00:00","twitter_card":"summary_large_image","twitter_misc":{"Szacowany czas czytania":"4 minuty"},"schema":{"@context":"https:\/\/schema.org","@graph":[{"@type":"WebPage","@id":"https:\/\/hipertin.dfirma.pl\/index.php\/regulamin\/","url":"https:\/\/hipertin.dfirma.pl\/index.php\/regulamin\/","name":"Regulamin - HIPERTIN - Profesjonalne produkty Fryzjerskie","isPartOf":{"@id":"https:\/\/hipertin.dfirma.pl\/#website"},"datePublished":"2014-05-17T13:13:47+00:00","dateModified":"2021-09-29T08:22:39+00:00","breadcrumb":{"@id":"https:\/\/hipertin.dfirma.pl\/index.php\/regulamin\/#breadcrumb"},"inLanguage":"pl-PL","potentialAction":[{"@type":"ReadAction","target":["https:\/\/hipertin.dfirma.pl\/index.php\/regulamin\/"]}]},{"@type":"BreadcrumbList","@id":"https:\/\/hipertin.dfirma.pl\/index.php\/regulamin\/#breadcrumb","itemListElement":[{"@type":"ListItem","position":1,"name":"Strona g\u0142\u00f3wna","item":"https:\/\/hipertin.dfirma.pl\/"},{"@type":"ListItem","position":2,"name":"Regulamin"}]},{"@type":"WebSite","@id":"https:\/\/hipertin.dfirma.pl\/#website","url":"https:\/\/hipertin.dfirma.pl\/","name":"HIPERTIN - Profesjonalne produkty Fryzjerskie","description":"","potentialAction":[{"@type":"SearchAction","target":{"@type":"EntryPoint","urlTemplate":"https:\/\/hipertin.dfirma.pl\/?s={search_term_string}"},"query-input":"required name=search_term_string"}],"inLanguage":"pl-PL"}]}},"_links":{"self":[{"href":"https:\/\/hipertin.dfirma.pl\/index.php\/wp-json\/wp\/v2\/pages\/242","targetHints":{"allow":["GET"]}}],"collection":[{"href":"https:\/\/hipertin.dfirma.pl\/index.php\/wp-json\/wp\/v2\/pages"}],"about":[{"href":"https:\/\/hipertin.dfirma.pl\/index.php\/wp-json\/wp\/v2\/types\/page"}],"author":[{"embeddable":true,"href":"https:\/\/hipertin.dfirma.pl\/index.php\/wp-json\/wp\/v2\/users\/1"}],"replies":[{"embeddable":true,"href":"https:\/\/hipertin.dfirma.pl\/index.php\/wp-json\/wp\/v2\/comments?post=242"}],"version-history":[{"count":7,"href":"https:\/\/hipertin.dfirma.pl\/index.php\/wp-json\/wp\/v2\/pages\/242\/revisions"}],"predecessor-version":[{"id":3962,"href":"https:\/\/hipertin.dfirma.pl\/index.php\/wp-json\/wp\/v2\/pages\/242\/revisions\/3962"}],"wp:attachment":[{"href":"https:\/\/hipertin.dfirma.pl\/index.php\/wp-json\/wp\/v2\/media?parent=242"}],"curies":[{"name":"wp","href":"https:\/\/api.w.org\/{rel}","templated":true}]}}