{"id":2583,"date":"2021-06-18T11:56:16","date_gmt":"2021-06-18T11:56:16","guid":{"rendered":"https:\/\/server656728.nazwa.pl\/hipertin\/?page_id=2583"},"modified":"2021-06-19T13:54:15","modified_gmt":"2021-06-19T13:54:15","slug":"kontakt","status":"publish","type":"page","link":"https:\/\/hipertin.dfirma.pl\/index.php\/kontakt\/","title":{"rendered":"Kontakt"},"content":{"rendered":"<p>[vc_row][vc_column][vc_text_separator title=&#8221;Kontakt&#8221; subtitle=&#8221;Skontaktuj si\u0119 z nami&#8230;&#8221; css=&#8221;.vc_custom_1624110853824{margin-top: 35px !important;}&#8221;][\/vc_column][\/vc_row][vc_row][vc_column width=&#8221;3\/4&#8243;][vc_custom_heading text=&#8221;Formularz Kontaktowy&#8221; font_container=&#8221;tag:h2|font_size:21|text_align:left|color:%232b2b2b&#8221; google_fonts=&#8221;font_family:Montserrat%3Aregular%2C700|font_style:400%20regular%3A400%3Anormal&#8221;][vc_column_text]\r\n        \r\n\r\n                <form class=\"wpuf-form-add weforms-2586  wpuf-style\" action=\"\" method=\"post\"   id=\"\">\r\n\r\n            <ul class=\"wpuf-form form-label-above\">\r\n\r\n                        <li class=\"wpuf-el imi__i_nazwisko field-size-large\" data-label=\"Imi\u0119 i Nazwisko\">\r\n                    <div class=\"wpuf-label\">\r\n            <label for=\"imi__i_nazwisko_2586\">Imi\u0119 i Nazwisko <span class=\"required\">*<\/span><\/label>\r\n        <\/div>\r\n        \r\n            <div class=\"wpuf-fields\">\r\n                <input\r\n                    class=\"textfield wpuf_imi__i_nazwisko_2586\"\r\n                    id=\"imi__i_nazwisko_2586\"\r\n                    type=\"text\"\r\n                    data-duplicate=\"no\"\r\n                    data-required=\"yes\"\r\n                    data-type=\"text\" name=\"imi__i_nazwisko\"\r\n                    placeholder=\"wpisz imi\u0119 i nazwisko\"\r\n                    value=\"\"\r\n                    size=\"40\"\r\n                    data-style=\"wpuf-style\"\r\n                \/>\r\n\r\n                <span class=\"wpuf-wordlimit-message wpuf-help\"><\/span>\r\n                            <\/div>\r\n                    <\/li>\r\n                <li class=\"wpuf-el adres_e_mail field-size-large\" data-label=\"Adres E-Mail\">\r\n                    <div class=\"wpuf-label\">\r\n            <label for=\"adres_e_mail_2586\">Adres E-Mail <span class=\"required\">*<\/span><\/label>\r\n        <\/div>\r\n        \r\n            <div class=\"wpuf-fields\">\r\n                <input\r\n                    id=\"adres_e_mail_2586\"\r\n                    type=\"email\"\r\n                    class=\"email  wpuf_adres_e_mail_2586\"\r\n                    data-duplicate=\"\"\r\n                    data-required=\"yes\"\r\n                    data-type=\"email\"\r\n                    data-style=\"wpuf-style\"\r\n                    name=\"adres_e_mail\"\r\n                    placeholder=\"tw\u00f3j.adres@domena.pl\"\r\n                    value=\"\"\r\n                    size=\"40\"\r\n                    autocomplete=\"email\"\r\n                \/>\r\n                            <\/div>\r\n        <\/li>\r\n                <li class=\"wpuf-el tre___wiadomo_ci field-size-large\" data-label=\"Tre\u015b\u0107 Wiadomo\u015bci\">\r\n                    <div class=\"wpuf-label\">\r\n            <label for=\"tre___wiadomo_ci_2586\">Tre\u015b\u0107 Wiadomo\u015bci <span class=\"required\">*<\/span><\/label>\r\n        <\/div>\r\n                                    <div class=\"wpuf-fields\">\r\n            \r\n                                    <textarea\r\n                        class=\"textareafield  wpuf_tre___wiadomo_ci_2586\"\r\n                        id=\"tre___wiadomo_ci_2586\"\r\n                        name=\"tre___wiadomo_ci\"\r\n                        data-required=\"yes\"\r\n                        data-type=\"textarea\"\r\n                        placeholder=\"w czym mo\u017cemy pom\u00f3c?\"\r\n                        rows=\"5\"\r\n                        cols=\"25\"\r\n                        data-style=\"wpuf-style\"\r\n                    ><\/textarea>\r\n                    <span class=\"wpuf-wordlimit-message wpuf-help\"><\/span>\r\n\r\n                \r\n                        <\/li>\r\n                <li class=\"wpuf-submit\">\r\n            <div class=\"wpuf-label\">\r\n                &nbsp;\r\n            <\/div>\r\n\r\n            <input type=\"hidden\" id=\"_wpnonce\" name=\"_wpnonce\" value=\"597e5ed329\" \/><input type=\"hidden\" name=\"_wp_http_referer\" value=\"\/index.php\/wp-json\/wp\/v2\/pages\/2583\" \/>\r\n            <input type=\"hidden\" name=\"form_id\" value=\"2586\">\r\n            <input type=\"hidden\" name=\"page_id\" value=\"2583\">\r\n            <input type=\"hidden\" name=\"action\" value=\"weforms_frontend_submit\">\r\n\r\n                            <input type=\"hidden\" name=\"weforms-front-report\" value=\"no\">\r\n            \r\n            \r\n                            <input type=\"submit\" class=\"weforms_submit_btn wpuf_submit_2586\" name=\"submit\" value=\"Wy\u015blij\" \/>\r\n                    <\/li>\r\n                <\/ul>\r\n\r\n        <\/form>\r\n                [\/vc_column_text][\/vc_column][vc_column width=&#8221;1\/4&#8243;][vc_custom_heading text=&#8221;Potrzebujesz pomocy?&#8221; font_container=&#8221;tag:h2|font_size:21|text_align:left|color:%232b2b2b&#8221; google_fonts=&#8221;font_family:Montserrat%3Aregular%2C700|font_style:400%20regular%3A400%3Anormal&#8221;][vc_column_text]<i class=\"fa fa-phone\" aria-hidden=\"true\"><\/i>\u00a0 \u00a0 |\u00a0 <span style=\"color: #b0976e;\">\u00a0+48 575 650 412<\/span><br \/>\n<i class=\"fa fa-envelope\" aria-hidden=\"true\"><\/i>\u00a0 \u00a0|\u00a0 \u00a0<span style=\"color: #b0976e;\">biuro@hipertin.dfirma.pl<\/span>[\/vc_column_text][\/vc_column][\/vc_row]<\/p>\n","protected":false},"excerpt":{"rendered":"<p>[vc_row][vc_column][vc_text_separator title=&#8221;Kontakt&#8221; subtitle=&#8221;Skontaktuj si\u0119 z nami&#8230;&#8221; css=&#8221;.vc_custom_1624110853824{margin-top: 35px !important;}&#8221;][\/vc_column][\/vc_row][vc_row][vc_column width=&#8221;3\/4&#8243;][vc_custom_heading text=&#8221;Formularz Kontaktowy&#8221; font_container=&#8221;tag:h2|font_size:21|text_align:left|color:%232b2b2b&#8221; google_fonts=&#8221;font_family:Montserrat%3Aregular%2C700|font_style:400%20regular%3A400%3Anormal&#8221;][vc_column_text][\/vc_column_text][\/vc_column][vc_column width=&#8221;1\/4&#8243;][vc_custom_heading text=&#8221;Potrzebujesz pomocy?&#8221; font_container=&#8221;tag:h2|font_size:21|text_align:left|color:%232b2b2b&#8221; google_fonts=&#8221;font_family:Montserrat%3Aregular%2C700|font_style:400%20regular%3A400%3Anormal&#8221;][vc_column_text]\u00a0 \u00a0 |\u00a0 \u00a0+48 575 650 412 \u00a0 \u00a0|\u00a0 \u00a0biuro@hipertin.dfirma.pl[\/vc_column_text][\/vc_column][\/vc_row]<\/p>\n","protected":false},"author":1,"featured_media":0,"parent":0,"menu_order":0,"comment_status":"closed","ping_status":"closed","template":"","meta":{"footnotes":""},"class_list":["post-2583","page","type-page","status-publish","hentry"],"yoast_head":"<!-- This site is optimized with the Yoast SEO plugin v19.10 - https:\/\/yoast.com\/wordpress\/plugins\/seo\/ -->\n<title>Kontakt - HIPERTIN - Profesjonalne produkty Fryzjerskie<\/title>\n<meta name=\"robots\" content=\"index, follow, max-snippet:-1, max-image-preview:large, max-video-preview:-1\" \/>\n<link rel=\"canonical\" href=\"https:\/\/hipertin.dfirma.pl\/index.php\/kontakt\/\" \/>\n<meta property=\"og:locale\" content=\"pl_PL\" \/>\n<meta property=\"og:type\" content=\"article\" \/>\n<meta property=\"og:title\" content=\"Kontakt - HIPERTIN - Profesjonalne produkty Fryzjerskie\" \/>\n<meta property=\"og:description\" content=\"[vc_row][vc_column][vc_text_separator title=&#8221;Kontakt&#8221; subtitle=&#8221;Skontaktuj si\u0119 z nami&#8230;&#8221; css=&#8221;.vc_custom_1624110853824{margin-top: 35px !important;}&#8221;][\/vc_column][\/vc_row][vc_row][vc_column width=&#8221;3\/4&#8243;][vc_custom_heading text=&#8221;Formularz Kontaktowy&#8221; font_container=&#8221;tag:h2|font_size:21|text_align:left|color:%232b2b2b&#8221; google_fonts=&#8221;font_family:Montserrat%3Aregular%2C700|font_style:400%20regular%3A400%3Anormal&#8221;][vc_column_text][\/vc_column_text][\/vc_column][vc_column width=&#8221;1\/4&#8243;][vc_custom_heading text=&#8221;Potrzebujesz pomocy?&#8221; font_container=&#8221;tag:h2|font_size:21|text_align:left|color:%232b2b2b&#8221; google_fonts=&#8221;font_family:Montserrat%3Aregular%2C700|font_style:400%20regular%3A400%3Anormal&#8221;][vc_column_text]\u00a0 \u00a0 |\u00a0 \u00a0+48 575 650 412 \u00a0 \u00a0|\u00a0 \u00a0biuro@hipertin.dfirma.pl[\/vc_column_text][\/vc_column][\/vc_row]\" \/>\n<meta property=\"og:url\" content=\"https:\/\/hipertin.dfirma.pl\/index.php\/kontakt\/\" \/>\n<meta property=\"og:site_name\" content=\"HIPERTIN - Profesjonalne produkty Fryzjerskie\" \/>\n<meta property=\"article:modified_time\" content=\"2021-06-19T13:54:15+00:00\" \/>\n<meta name=\"twitter:card\" content=\"summary_large_image\" \/>\n<meta name=\"twitter:label1\" content=\"Szacowany czas czytania\" \/>\n\t<meta name=\"twitter:data1\" content=\"1 minuta\" \/>\n<script type=\"application\/ld+json\" class=\"yoast-schema-graph\">{\"@context\":\"https:\/\/schema.org\",\"@graph\":[{\"@type\":\"WebPage\",\"@id\":\"https:\/\/hipertin.dfirma.pl\/index.php\/kontakt\/\",\"url\":\"https:\/\/hipertin.dfirma.pl\/index.php\/kontakt\/\",\"name\":\"Kontakt - HIPERTIN - Profesjonalne produkty Fryzjerskie\",\"isPartOf\":{\"@id\":\"https:\/\/hipertin.dfirma.pl\/#website\"},\"datePublished\":\"2021-06-18T11:56:16+00:00\",\"dateModified\":\"2021-06-19T13:54:15+00:00\",\"breadcrumb\":{\"@id\":\"https:\/\/hipertin.dfirma.pl\/index.php\/kontakt\/#breadcrumb\"},\"inLanguage\":\"pl-PL\",\"potentialAction\":[{\"@type\":\"ReadAction\",\"target\":[\"https:\/\/hipertin.dfirma.pl\/index.php\/kontakt\/\"]}]},{\"@type\":\"BreadcrumbList\",\"@id\":\"https:\/\/hipertin.dfirma.pl\/index.php\/kontakt\/#breadcrumb\",\"itemListElement\":[{\"@type\":\"ListItem\",\"position\":1,\"name\":\"Strona g\u0142\u00f3wna\",\"item\":\"https:\/\/hipertin.dfirma.pl\/\"},{\"@type\":\"ListItem\",\"position\":2,\"name\":\"Kontakt\"}]},{\"@type\":\"WebSite\",\"@id\":\"https:\/\/hipertin.dfirma.pl\/#website\",\"url\":\"https:\/\/hipertin.dfirma.pl\/\",\"name\":\"HIPERTIN - Profesjonalne produkty Fryzjerskie\",\"description\":\"\",\"potentialAction\":[{\"@type\":\"SearchAction\",\"target\":{\"@type\":\"EntryPoint\",\"urlTemplate\":\"https:\/\/hipertin.dfirma.pl\/?s={search_term_string}\"},\"query-input\":\"required name=search_term_string\"}],\"inLanguage\":\"pl-PL\"}]}<\/script>\n<!-- \/ Yoast SEO plugin. -->","yoast_head_json":{"title":"Kontakt - HIPERTIN - Profesjonalne produkty Fryzjerskie","robots":{"index":"index","follow":"follow","max-snippet":"max-snippet:-1","max-image-preview":"max-image-preview:large","max-video-preview":"max-video-preview:-1"},"canonical":"https:\/\/hipertin.dfirma.pl\/index.php\/kontakt\/","og_locale":"pl_PL","og_type":"article","og_title":"Kontakt - HIPERTIN - Profesjonalne produkty Fryzjerskie","og_description":"[vc_row][vc_column][vc_text_separator title=&#8221;Kontakt&#8221; subtitle=&#8221;Skontaktuj si\u0119 z nami&#8230;&#8221; css=&#8221;.vc_custom_1624110853824{margin-top: 35px !important;}&#8221;][\/vc_column][\/vc_row][vc_row][vc_column width=&#8221;3\/4&#8243;][vc_custom_heading text=&#8221;Formularz Kontaktowy&#8221; font_container=&#8221;tag:h2|font_size:21|text_align:left|color:%232b2b2b&#8221; google_fonts=&#8221;font_family:Montserrat%3Aregular%2C700|font_style:400%20regular%3A400%3Anormal&#8221;][vc_column_text][\/vc_column_text][\/vc_column][vc_column width=&#8221;1\/4&#8243;][vc_custom_heading text=&#8221;Potrzebujesz pomocy?&#8221; font_container=&#8221;tag:h2|font_size:21|text_align:left|color:%232b2b2b&#8221; google_fonts=&#8221;font_family:Montserrat%3Aregular%2C700|font_style:400%20regular%3A400%3Anormal&#8221;][vc_column_text]\u00a0 \u00a0 |\u00a0 \u00a0+48 575 650 412 \u00a0 \u00a0|\u00a0 \u00a0biuro@hipertin.dfirma.pl[\/vc_column_text][\/vc_column][\/vc_row]","og_url":"https:\/\/hipertin.dfirma.pl\/index.php\/kontakt\/","og_site_name":"HIPERTIN - Profesjonalne produkty Fryzjerskie","article_modified_time":"2021-06-19T13:54:15+00:00","twitter_card":"summary_large_image","twitter_misc":{"Szacowany czas czytania":"1 minuta"},"schema":{"@context":"https:\/\/schema.org","@graph":[{"@type":"WebPage","@id":"https:\/\/hipertin.dfirma.pl\/index.php\/kontakt\/","url":"https:\/\/hipertin.dfirma.pl\/index.php\/kontakt\/","name":"Kontakt - HIPERTIN - Profesjonalne produkty Fryzjerskie","isPartOf":{"@id":"https:\/\/hipertin.dfirma.pl\/#website"},"datePublished":"2021-06-18T11:56:16+00:00","dateModified":"2021-06-19T13:54:15+00:00","breadcrumb":{"@id":"https:\/\/hipertin.dfirma.pl\/index.php\/kontakt\/#breadcrumb"},"inLanguage":"pl-PL","potentialAction":[{"@type":"ReadAction","target":["https:\/\/hipertin.dfirma.pl\/index.php\/kontakt\/"]}]},{"@type":"BreadcrumbList","@id":"https:\/\/hipertin.dfirma.pl\/index.php\/kontakt\/#breadcrumb","itemListElement":[{"@type":"ListItem","position":1,"name":"Strona g\u0142\u00f3wna","item":"https:\/\/hipertin.dfirma.pl\/"},{"@type":"ListItem","position":2,"name":"Kontakt"}]},{"@type":"WebSite","@id":"https:\/\/hipertin.dfirma.pl\/#website","url":"https:\/\/hipertin.dfirma.pl\/","name":"HIPERTIN - Profesjonalne produkty Fryzjerskie","description":"","potentialAction":[{"@type":"SearchAction","target":{"@type":"EntryPoint","urlTemplate":"https:\/\/hipertin.dfirma.pl\/?s={search_term_string}"},"query-input":"required name=search_term_string"}],"inLanguage":"pl-PL"}]}},"_links":{"self":[{"href":"https:\/\/hipertin.dfirma.pl\/index.php\/wp-json\/wp\/v2\/pages\/2583","targetHints":{"allow":["GET"]}}],"collection":[{"href":"https:\/\/hipertin.dfirma.pl\/index.php\/wp-json\/wp\/v2\/pages"}],"about":[{"href":"https:\/\/hipertin.dfirma.pl\/index.php\/wp-json\/wp\/v2\/types\/page"}],"author":[{"embeddable":true,"href":"https:\/\/hipertin.dfirma.pl\/index.php\/wp-json\/wp\/v2\/users\/1"}],"replies":[{"embeddable":true,"href":"https:\/\/hipertin.dfirma.pl\/index.php\/wp-json\/wp\/v2\/comments?post=2583"}],"version-history":[{"count":7,"href":"https:\/\/hipertin.dfirma.pl\/index.php\/wp-json\/wp\/v2\/pages\/2583\/revisions"}],"predecessor-version":[{"id":2630,"href":"https:\/\/hipertin.dfirma.pl\/index.php\/wp-json\/wp\/v2\/pages\/2583\/revisions\/2630"}],"wp:attachment":[{"href":"https:\/\/hipertin.dfirma.pl\/index.php\/wp-json\/wp\/v2\/media?parent=2583"}],"curies":[{"name":"wp","href":"https:\/\/api.w.org\/{rel}","templated":true}]}}