{"id":2599,"date":"2021-06-19T09:08:37","date_gmt":"2021-06-19T09:08:37","guid":{"rendered":"https:\/\/server656728.nazwa.pl\/hipertin\/?page_id=2599"},"modified":"2021-07-27T06:59:14","modified_gmt":"2021-07-27T06:59:14","slug":"poznaj-nas","status":"publish","type":"page","link":"https:\/\/hipertin.dfirma.pl\/index.php\/poznaj-nas\/","title":{"rendered":"Poznaj nas"},"content":{"rendered":"<p>[vc_row][vc_column css=&#8221;.vc_custom_1624110930461{margin-top: 35px !important;}&#8221;][vc_text_separator title=&#8221;Poznaj nas&#8221; subtitle=&#8221;Historia Hipertin.pl&#8230;&#8221; css=&#8221;.vc_custom_1624095694020{padding-bottom: 35px !important;}&#8221;][\/vc_column][\/vc_row][vc_row][vc_column width=&#8221;5\/12&#8243;][vc_gallery interval=&#8221;3&#8243; images=&#8221;2829&#8243; img_size=&#8221;full&#8221;][vc_gallery interval=&#8221;3&#8243; images=&#8221;2827,2828,2830,2831&#8243; img_size=&#8221;full&#8221; css=&#8221;.vc_custom_1626435607813{margin-top: -85px !important;}&#8221;][\/vc_column][vc_column width=&#8221;7\/12&#8243;][vc_column_text]<\/p>\n<h2><span style=\"font-weight: 400;\">WITAMY W \u015aWIECIE HIPERTIN<\/span><\/h2>\n<p><span style=\"font-weight: 400;\">Fabryka Hipertin rozpocz\u0119\u0142a swoj\u0105 dzia\u0142alno\u015b\u0107, w ma\u0142ym warsztacie w Barcelonie w 1944 r. Wtedy, z uwagi na trendy dominuj\u0105ce w epoce lat 50-tych (formy okr\u0105g\u0142e, fale) firma zaistnia\u0142a, g\u0142\u00f3wnie poprzez produkcj\u0119 lotionu do trwa\u0142ej ondulacji \u201eCurly\u201d. Poniewa\u017c za\u0142o\u017cycielami Hipertin byli przede wszystkim arty\u015bci, z zami\u0142owaniem do pi\u0119kna i kinematografii, zrodzi\u0142o si\u0119 u nich marzenie tworzenia czego\u015b wi\u0119cej ni\u017c tylko perfekcyjnych fal, jak u Marleny Dietrych.<\/span><\/p>\n<p><span style=\"font-weight: 400;\">Zacz\u0119li poszukiwa\u0107 mo\u017cliwo\u015bci doskona\u0142ego farbowania w\u0142os\u00f3w. Wkr\u00f3tce narodzi\u0142 si\u0119 pierwszy krem koloryzuj\u0105cy Hipertin, kt\u00f3ry przez te wszystkie lata, by\u0142 ci\u0105gle udoskonalany. Ju\u017c w latach 60tych, koloryzacja Hipertin by\u0142a pe\u0142na \u015bwietlistych odcieni i intensywno\u015bci koloru. Marzeniem by\u0142o stworzenie farby i od\u017cywki jednocze\u015bnie. Dzi\u015b ju\u017c wiemy, \u017ce cel zosta\u0142 osi\u0105gni\u0119ty.<\/span><\/p>\n<p><span style=\"font-weight: 400;\">Bowiem ca\u0142e do\u015bwiadczenie Hipertin, zawarte jest w tubce od\u017cywczego kremu koloryzuj\u0105cego UTOPIK i PLATINUM.<\/span><\/p>\n<p><span style=\"font-weight: 400;\">Obecnie w miar\u0119 ci\u0105g\u0142ego rozwoju i ekspansji na nowe rynki, w dalszym ci\u0105gu d\u0105\u017cymy do zapewniania serwisu najlepszego pod wzgl\u0119dem technologii, fachowc\u00f3w i obs\u0142ugi.\u00a0<\/span><\/p>\n<p><span style=\"font-weight: 400;\">Marka obecna jest w ponad 40 krajach \u015bwiata, a w Polsce dystrybucja ruszy\u0142a w 2015 roku. Od tamtej pory stale ro\u015bnie grono mi\u0142o\u015bnik\u00f3w marki. Nasz krajowy Zesp\u00f3\u0142 Hipertin Polska niemal co roku zasilaj\u0105 nowi ludzie, pozytywnie nastawienia do \u017cycia, pe\u0142ni r\u00f3\u017cnych pasji sportowych i muzycznych, a przede wszystkim oddani marce i klientom.\u00a0<\/span><\/p>\n<p><span style=\"font-weight: 400;\">Magazyn g\u0142\u00f3wny znajduje si\u0119 w Gliwicach, podobnie jak sklep firmowy. Na terenie \u015al\u0105ska docieramy do salon\u00f3w fryzjerskich za po\u015brednictwem przedstawicieli handlowych, natomiast w pozosta\u0142ych regionach wsp\u00f3\u0142pracujemy na sta\u0142e z lokalnymi Hurtowniami, korzystaj\u0105c z ich do\u015bwiadczenia i kana\u0142\u00f3w sprzeda\u017cy. Taki model pozwala nam na zapewnienie w\u0142a\u015bciwej opieki ka\u017cdemu klientowi. Na terenie ca\u0142ego kraju prowadzimy r\u00f3wnie\u017c szkolenia i warsztaty!<\/span><\/p>\n<p><span style=\"font-weight: 400;\">Dzi\u0119kujemy za Twoje wsparcie i zaufanie.<br \/>\n<\/span><i>Zesp\u00f3\u0142 Hipertin Polska<\/i>[\/vc_column_text][\/vc_column][\/vc_row]<\/p>\n","protected":false},"excerpt":{"rendered":"<p>[vc_row][vc_column css=&#8221;.vc_custom_1624110930461{margin-top: 35px !important;}&#8221;][vc_text_separator title=&#8221;Poznaj nas&#8221; subtitle=&#8221;Historia Hipertin.pl&#8230;&#8221; css=&#8221;.vc_custom_1624095694020{padding-bottom: 35px !important;}&#8221;][\/vc_column][\/vc_row][vc_row][vc_column width=&#8221;5\/12&#8243;][vc_gallery interval=&#8221;3&#8243; images=&#8221;2829&#8243; img_size=&#8221;full&#8221;][vc_gallery interval=&#8221;3&#8243; images=&#8221;2827,2828,2830,2831&#8243; img_size=&#8221;full&#8221; css=&#8221;.vc_custom_1626435607813{margin-top: -85px !important;}&#8221;][\/vc_column][vc_column width=&#8221;7\/12&#8243;][vc_column_text] WITAMY W \u015aWIECIE HIPERTIN Fabryka Hipertin rozpocz\u0119\u0142a swoj\u0105 dzia\u0142alno\u015b\u0107, w ma\u0142ym warsztacie w Barcelonie w 1944&hellip;<\/p>\n","protected":false},"author":1,"featured_media":0,"parent":0,"menu_order":0,"comment_status":"closed","ping_status":"closed","template":"","meta":{"footnotes":""},"class_list":["post-2599","page","type-page","status-publish","hentry"],"yoast_head":"<!-- This site is optimized with the Yoast SEO plugin v19.10 - https:\/\/yoast.com\/wordpress\/plugins\/seo\/ -->\n<title>Poznaj nas - HIPERTIN - Profesjonalne produkty Fryzjerskie<\/title>\n<meta name=\"robots\" content=\"index, follow, max-snippet:-1, max-image-preview:large, max-video-preview:-1\" \/>\n<link rel=\"canonical\" href=\"https:\/\/hipertin.dfirma.pl\/index.php\/poznaj-nas\/\" \/>\n<meta property=\"og:locale\" content=\"pl_PL\" \/>\n<meta property=\"og:type\" content=\"article\" \/>\n<meta property=\"og:title\" content=\"Poznaj nas - HIPERTIN - Profesjonalne produkty Fryzjerskie\" \/>\n<meta property=\"og:description\" content=\"[vc_row][vc_column css=&#8221;.vc_custom_1624110930461{margin-top: 35px !important;}&#8221;][vc_text_separator title=&#8221;Poznaj nas&#8221; subtitle=&#8221;Historia Hipertin.pl&#8230;&#8221; css=&#8221;.vc_custom_1624095694020{padding-bottom: 35px !important;}&#8221;][\/vc_column][\/vc_row][vc_row][vc_column width=&#8221;5\/12&#8243;][vc_gallery interval=&#8221;3&#8243; images=&#8221;2829&#8243; img_size=&#8221;full&#8221;][vc_gallery interval=&#8221;3&#8243; images=&#8221;2827,2828,2830,2831&#8243; img_size=&#8221;full&#8221; css=&#8221;.vc_custom_1626435607813{margin-top: -85px !important;}&#8221;][\/vc_column][vc_column width=&#8221;7\/12&#8243;][vc_column_text] WITAMY W \u015aWIECIE HIPERTIN Fabryka Hipertin rozpocz\u0119\u0142a swoj\u0105 dzia\u0142alno\u015b\u0107, w ma\u0142ym warsztacie w Barcelonie w 1944&hellip;\" \/>\n<meta property=\"og:url\" content=\"https:\/\/hipertin.dfirma.pl\/index.php\/poznaj-nas\/\" \/>\n<meta property=\"og:site_name\" content=\"HIPERTIN - Profesjonalne produkty Fryzjerskie\" \/>\n<meta property=\"article:modified_time\" content=\"2021-07-27T06:59:14+00:00\" \/>\n<meta name=\"twitter:card\" content=\"summary_large_image\" \/>\n<meta name=\"twitter:label1\" content=\"Szacowany czas czytania\" \/>\n\t<meta name=\"twitter:data1\" content=\"2 minuty\" \/>\n<script type=\"application\/ld+json\" class=\"yoast-schema-graph\">{\"@context\":\"https:\/\/schema.org\",\"@graph\":[{\"@type\":\"WebPage\",\"@id\":\"https:\/\/hipertin.dfirma.pl\/index.php\/poznaj-nas\/\",\"url\":\"https:\/\/hipertin.dfirma.pl\/index.php\/poznaj-nas\/\",\"name\":\"Poznaj nas - HIPERTIN - Profesjonalne produkty Fryzjerskie\",\"isPartOf\":{\"@id\":\"https:\/\/hipertin.dfirma.pl\/#website\"},\"datePublished\":\"2021-06-19T09:08:37+00:00\",\"dateModified\":\"2021-07-27T06:59:14+00:00\",\"breadcrumb\":{\"@id\":\"https:\/\/hipertin.dfirma.pl\/index.php\/poznaj-nas\/#breadcrumb\"},\"inLanguage\":\"pl-PL\",\"potentialAction\":[{\"@type\":\"ReadAction\",\"target\":[\"https:\/\/hipertin.dfirma.pl\/index.php\/poznaj-nas\/\"]}]},{\"@type\":\"BreadcrumbList\",\"@id\":\"https:\/\/hipertin.dfirma.pl\/index.php\/poznaj-nas\/#breadcrumb\",\"itemListElement\":[{\"@type\":\"ListItem\",\"position\":1,\"name\":\"Strona g\u0142\u00f3wna\",\"item\":\"https:\/\/hipertin.dfirma.pl\/\"},{\"@type\":\"ListItem\",\"position\":2,\"name\":\"Poznaj nas\"}]},{\"@type\":\"WebSite\",\"@id\":\"https:\/\/hipertin.dfirma.pl\/#website\",\"url\":\"https:\/\/hipertin.dfirma.pl\/\",\"name\":\"HIPERTIN - Profesjonalne produkty Fryzjerskie\",\"description\":\"\",\"potentialAction\":[{\"@type\":\"SearchAction\",\"target\":{\"@type\":\"EntryPoint\",\"urlTemplate\":\"https:\/\/hipertin.dfirma.pl\/?s={search_term_string}\"},\"query-input\":\"required name=search_term_string\"}],\"inLanguage\":\"pl-PL\"}]}<\/script>\n<!-- \/ Yoast SEO plugin. -->","yoast_head_json":{"title":"Poznaj nas - HIPERTIN - Profesjonalne produkty Fryzjerskie","robots":{"index":"index","follow":"follow","max-snippet":"max-snippet:-1","max-image-preview":"max-image-preview:large","max-video-preview":"max-video-preview:-1"},"canonical":"https:\/\/hipertin.dfirma.pl\/index.php\/poznaj-nas\/","og_locale":"pl_PL","og_type":"article","og_title":"Poznaj nas - HIPERTIN - Profesjonalne produkty Fryzjerskie","og_description":"[vc_row][vc_column css=&#8221;.vc_custom_1624110930461{margin-top: 35px !important;}&#8221;][vc_text_separator title=&#8221;Poznaj nas&#8221; subtitle=&#8221;Historia Hipertin.pl&#8230;&#8221; css=&#8221;.vc_custom_1624095694020{padding-bottom: 35px !important;}&#8221;][\/vc_column][\/vc_row][vc_row][vc_column width=&#8221;5\/12&#8243;][vc_gallery interval=&#8221;3&#8243; images=&#8221;2829&#8243; img_size=&#8221;full&#8221;][vc_gallery interval=&#8221;3&#8243; images=&#8221;2827,2828,2830,2831&#8243; img_size=&#8221;full&#8221; css=&#8221;.vc_custom_1626435607813{margin-top: -85px !important;}&#8221;][\/vc_column][vc_column width=&#8221;7\/12&#8243;][vc_column_text] WITAMY W \u015aWIECIE HIPERTIN Fabryka Hipertin rozpocz\u0119\u0142a swoj\u0105 dzia\u0142alno\u015b\u0107, w ma\u0142ym warsztacie w Barcelonie w 1944&hellip;","og_url":"https:\/\/hipertin.dfirma.pl\/index.php\/poznaj-nas\/","og_site_name":"HIPERTIN - Profesjonalne produkty Fryzjerskie","article_modified_time":"2021-07-27T06:59:14+00:00","twitter_card":"summary_large_image","twitter_misc":{"Szacowany czas czytania":"2 minuty"},"schema":{"@context":"https:\/\/schema.org","@graph":[{"@type":"WebPage","@id":"https:\/\/hipertin.dfirma.pl\/index.php\/poznaj-nas\/","url":"https:\/\/hipertin.dfirma.pl\/index.php\/poznaj-nas\/","name":"Poznaj nas - HIPERTIN - Profesjonalne produkty Fryzjerskie","isPartOf":{"@id":"https:\/\/hipertin.dfirma.pl\/#website"},"datePublished":"2021-06-19T09:08:37+00:00","dateModified":"2021-07-27T06:59:14+00:00","breadcrumb":{"@id":"https:\/\/hipertin.dfirma.pl\/index.php\/poznaj-nas\/#breadcrumb"},"inLanguage":"pl-PL","potentialAction":[{"@type":"ReadAction","target":["https:\/\/hipertin.dfirma.pl\/index.php\/poznaj-nas\/"]}]},{"@type":"BreadcrumbList","@id":"https:\/\/hipertin.dfirma.pl\/index.php\/poznaj-nas\/#breadcrumb","itemListElement":[{"@type":"ListItem","position":1,"name":"Strona g\u0142\u00f3wna","item":"https:\/\/hipertin.dfirma.pl\/"},{"@type":"ListItem","position":2,"name":"Poznaj nas"}]},{"@type":"WebSite","@id":"https:\/\/hipertin.dfirma.pl\/#website","url":"https:\/\/hipertin.dfirma.pl\/","name":"HIPERTIN - Profesjonalne produkty Fryzjerskie","description":"","potentialAction":[{"@type":"SearchAction","target":{"@type":"EntryPoint","urlTemplate":"https:\/\/hipertin.dfirma.pl\/?s={search_term_string}"},"query-input":"required name=search_term_string"}],"inLanguage":"pl-PL"}]}},"_links":{"self":[{"href":"https:\/\/hipertin.dfirma.pl\/index.php\/wp-json\/wp\/v2\/pages\/2599","targetHints":{"allow":["GET"]}}],"collection":[{"href":"https:\/\/hipertin.dfirma.pl\/index.php\/wp-json\/wp\/v2\/pages"}],"about":[{"href":"https:\/\/hipertin.dfirma.pl\/index.php\/wp-json\/wp\/v2\/types\/page"}],"author":[{"embeddable":true,"href":"https:\/\/hipertin.dfirma.pl\/index.php\/wp-json\/wp\/v2\/users\/1"}],"replies":[{"embeddable":true,"href":"https:\/\/hipertin.dfirma.pl\/index.php\/wp-json\/wp\/v2\/comments?post=2599"}],"version-history":[{"count":8,"href":"https:\/\/hipertin.dfirma.pl\/index.php\/wp-json\/wp\/v2\/pages\/2599\/revisions"}],"predecessor-version":[{"id":3046,"href":"https:\/\/hipertin.dfirma.pl\/index.php\/wp-json\/wp\/v2\/pages\/2599\/revisions\/3046"}],"wp:attachment":[{"href":"https:\/\/hipertin.dfirma.pl\/index.php\/wp-json\/wp\/v2\/media?parent=2599"}],"curies":[{"name":"wp","href":"https:\/\/api.w.org\/{rel}","templated":true}]}}