{"id":2672,"date":"2021-07-07T11:16:31","date_gmt":"2021-07-07T11:16:31","guid":{"rendered":"https:\/\/server656728.nazwa.pl\/hipertin\/?post_type=product&#038;p=2672"},"modified":"2022-01-12T12:55:14","modified_gmt":"2022-01-12T12:55:14","slug":"szampon-do-wlosow-siwych-i-blond-silver-hipertin-300ml-lub-1000ml","status":"publish","type":"product","link":"https:\/\/hipertin.dfirma.pl\/index.php\/product\/szampon-do-wlosow-siwych-i-blond-silver-hipertin-300ml-lub-1000ml\/","title":{"rendered":"Szampon do w\u0142os\u00f3w siwych i blond Silver Hipertin"},"content":{"rendered":"<p>Najwy\u017cszej jako\u015bci szampon przeznaczony do w\u0142os\u00f3w siwych i blond. Po\u0142\u0105czenie naturalnego ekstraktu z kie\u0142k\u00f3w pszenicy i witaminy E eliminuje \u017c\u00f3\u0142te refleksy, od\u015bwie\u017caj\u0105c w\u0142osy i przywracaj\u0105c im po\u0142ysk. Produkt redukuje tak zwane puszenie si\u0119 w\u0142os\u00f3w, zapewniaj\u0105c im blask i jedwabisto\u015b\u0107.<\/p>\n<p>Jak u\u017cywa\u0107: Na\u0142o\u017cy\u0107 produkt na mokre w\u0142osy i masowa\u0107 a\u017c do spienienia. Pozostawi\u0107 na 5 minut, a nast\u0119pnie sp\u0142ukiwa\u0107 do ca\u0142kowitego usuni\u0119cia szamponu.<\/p>\n<p>Szampon z najnowszej linii Linecure, kt\u00f3ra zosta\u0142a opracowana z uwzgl\u0119dnieniem wega\u0144skich receptur i naturalnych sk\u0142adnik\u00f3w, kt\u00f3re zapewniaj\u0105 skuteczne i sprawdzone rozwi\u0105zania dla w\u0142os\u00f3w i potrzeb sk\u00f3ry g\u0142owy.<\/p>\n","protected":false},"excerpt":{"rendered":"<div class=\"woocommerce-product-details__short-description\">\n<p>Najwy\u017cszej jako\u015bci szampon przeznaczony do w\u0142os\u00f3w siwych i blond. Po\u0142\u0105czenie naturalnego ekstraktu z kie\u0142k\u00f3w pszenicy i witaminy E eliminuje \u017c\u00f3\u0142te refleksy, od\u015bwie\u017caj\u0105c w\u0142osy i przywracaj\u0105c im po\u0142ysk. Produkt redukuje tak zwane puszenie si\u0119 w\u0142os\u00f3w, zapewniaj\u0105c im blask i jedwabisto\u015b\u0107.<\/p>\n<p>Szampon z najnowszej linii Linecure, kt\u00f3ra zosta\u0142a opracowana z uwzgl\u0119dnieniem wega\u0144skich receptur i naturalnych sk\u0142adnik\u00f3w, kt\u00f3re zapewniaj\u0105 skuteczne i sprawdzone rozwi\u0105zania dla w\u0142os\u00f3w i potrzeb sk\u00f3ry g\u0142owy.<\/p>\n<\/div>\n<form class=\"cart\" action=\"https:\/\/cosmoproject.pl\/produkt\/szampon-do-wlosow-siwych-i-blond-silver-hipertin-300ml\/\" enctype=\"multipart\/form-data\" method=\"post\">\n<div class=\"quantity\"><\/div>\n<\/form>\n","protected":false},"featured_media":2675,"comment_status":"open","ping_status":"closed","template":"","meta":[],"product_cat":[15],"product_tag":[],"class_list":["post-2672","product","type-product","status-publish","has-post-thumbnail","hentry","pwb-brand-hipertin","product_cat-szampony-do-wlosow"],"brands":[{"id":133,"name":"Hipertin","slug":"hipertin"}],"yoast_head":"<!-- This site is optimized with the Yoast SEO plugin v19.10 - https:\/\/yoast.com\/wordpress\/plugins\/seo\/ -->\n<title>Szampon do w\u0142os\u00f3w siwych i blond Silver Hipertin - HIPERTIN - Profesjonalne produkty Fryzjerskie<\/title>\n<meta name=\"robots\" content=\"index, follow, max-snippet:-1, max-image-preview:large, max-video-preview:-1\" \/>\n<link rel=\"canonical\" href=\"https:\/\/hipertin.dfirma.pl\/index.php\/product\/szampon-do-wlosow-siwych-i-blond-silver-hipertin-300ml-lub-1000ml\/\" \/>\n<meta property=\"og:locale\" content=\"pl_PL\" \/>\n<meta property=\"og:type\" content=\"article\" \/>\n<meta property=\"og:title\" content=\"Szampon do w\u0142os\u00f3w siwych i blond Silver Hipertin - HIPERTIN - Profesjonalne produkty Fryzjerskie\" \/>\n<meta property=\"og:description\" content=\"Najwy\u017cszej jako\u015bci szampon przeznaczony do w\u0142os\u00f3w siwych i blond. Po\u0142\u0105czenie naturalnego ekstraktu z kie\u0142k\u00f3w pszenicy i witaminy E eliminuje \u017c\u00f3\u0142te refleksy, od\u015bwie\u017caj\u0105c w\u0142osy i przywracaj\u0105c im po\u0142ysk. Produkt redukuje tak zwane puszenie si\u0119 w\u0142os\u00f3w, zapewniaj\u0105c im blask i jedwabisto\u015b\u0107.  Szampon z najnowszej linii Linecure, kt\u00f3ra zosta\u0142a opracowana z uwzgl\u0119dnieniem wega\u0144skich receptur i naturalnych sk\u0142adnik\u00f3w, kt\u00f3re zapewniaj\u0105 skuteczne i sprawdzone rozwi\u0105zania dla w\u0142os\u00f3w i potrzeb sk\u00f3ry g\u0142owy.\" \/>\n<meta property=\"og:url\" content=\"https:\/\/hipertin.dfirma.pl\/index.php\/product\/szampon-do-wlosow-siwych-i-blond-silver-hipertin-300ml-lub-1000ml\/\" \/>\n<meta property=\"og:site_name\" content=\"HIPERTIN - Profesjonalne produkty Fryzjerskie\" \/>\n<meta property=\"article:modified_time\" content=\"2022-01-12T12:55:14+00:00\" \/>\n<meta property=\"og:image\" content=\"https:\/\/hipertin.dfirma.pl\/wp-content\/uploads\/2021\/07\/szampon-do-wlosow-silwych-i-blond-silver-hipertin.png\" \/>\n\t<meta property=\"og:image:width\" content=\"1101\" \/>\n\t<meta property=\"og:image:height\" content=\"1200\" \/>\n\t<meta property=\"og:image:type\" content=\"image\/png\" \/>\n<meta name=\"twitter:card\" content=\"summary_large_image\" \/>\n<meta name=\"twitter:label1\" content=\"Szacowany czas czytania\" \/>\n\t<meta name=\"twitter:data1\" content=\"1 minuta\" \/>\n<script type=\"application\/ld+json\" class=\"yoast-schema-graph\">{\"@context\":\"https:\/\/schema.org\",\"@graph\":[{\"@type\":\"WebPage\",\"@id\":\"https:\/\/hipertin.dfirma.pl\/index.php\/product\/szampon-do-wlosow-siwych-i-blond-silver-hipertin-300ml-lub-1000ml\/\",\"url\":\"https:\/\/hipertin.dfirma.pl\/index.php\/product\/szampon-do-wlosow-siwych-i-blond-silver-hipertin-300ml-lub-1000ml\/\",\"name\":\"Szampon do w\u0142os\u00f3w siwych i blond Silver Hipertin - HIPERTIN - Profesjonalne produkty Fryzjerskie\",\"isPartOf\":{\"@id\":\"https:\/\/hipertin.dfirma.pl\/#website\"},\"datePublished\":\"2021-07-07T11:16:31+00:00\",\"dateModified\":\"2022-01-12T12:55:14+00:00\",\"breadcrumb\":{\"@id\":\"https:\/\/hipertin.dfirma.pl\/index.php\/product\/szampon-do-wlosow-siwych-i-blond-silver-hipertin-300ml-lub-1000ml\/#breadcrumb\"},\"inLanguage\":\"pl-PL\",\"potentialAction\":[{\"@type\":\"ReadAction\",\"target\":[\"https:\/\/hipertin.dfirma.pl\/index.php\/product\/szampon-do-wlosow-siwych-i-blond-silver-hipertin-300ml-lub-1000ml\/\"]}]},{\"@type\":\"BreadcrumbList\",\"@id\":\"https:\/\/hipertin.dfirma.pl\/index.php\/product\/szampon-do-wlosow-siwych-i-blond-silver-hipertin-300ml-lub-1000ml\/#breadcrumb\",\"itemListElement\":[{\"@type\":\"ListItem\",\"position\":1,\"name\":\"Strona g\u0142\u00f3wna\",\"item\":\"https:\/\/hipertin.dfirma.pl\/\"},{\"@type\":\"ListItem\",\"position\":2,\"name\":\"Sklep\",\"item\":\"https:\/\/hipertin.dfirma.pl\/index.php\/sklep\/\"},{\"@type\":\"ListItem\",\"position\":3,\"name\":\"Szampon do w\u0142os\u00f3w siwych i blond Silver Hipertin\"}]},{\"@type\":\"WebSite\",\"@id\":\"https:\/\/hipertin.dfirma.pl\/#website\",\"url\":\"https:\/\/hipertin.dfirma.pl\/\",\"name\":\"HIPERTIN - Profesjonalne produkty Fryzjerskie\",\"description\":\"\",\"potentialAction\":[{\"@type\":\"SearchAction\",\"target\":{\"@type\":\"EntryPoint\",\"urlTemplate\":\"https:\/\/hipertin.dfirma.pl\/?s={search_term_string}\"},\"query-input\":\"required name=search_term_string\"}],\"inLanguage\":\"pl-PL\"}]}<\/script>\n<!-- \/ Yoast SEO plugin. -->","yoast_head_json":{"title":"Szampon do w\u0142os\u00f3w siwych i blond Silver Hipertin - HIPERTIN - Profesjonalne produkty Fryzjerskie","robots":{"index":"index","follow":"follow","max-snippet":"max-snippet:-1","max-image-preview":"max-image-preview:large","max-video-preview":"max-video-preview:-1"},"canonical":"https:\/\/hipertin.dfirma.pl\/index.php\/product\/szampon-do-wlosow-siwych-i-blond-silver-hipertin-300ml-lub-1000ml\/","og_locale":"pl_PL","og_type":"article","og_title":"Szampon do w\u0142os\u00f3w siwych i blond Silver Hipertin - HIPERTIN - Profesjonalne produkty Fryzjerskie","og_description":"Najwy\u017cszej jako\u015bci szampon przeznaczony do w\u0142os\u00f3w siwych i blond. Po\u0142\u0105czenie naturalnego ekstraktu z kie\u0142k\u00f3w pszenicy i witaminy E eliminuje \u017c\u00f3\u0142te refleksy, od\u015bwie\u017caj\u0105c w\u0142osy i przywracaj\u0105c im po\u0142ysk. Produkt redukuje tak zwane puszenie si\u0119 w\u0142os\u00f3w, zapewniaj\u0105c im blask i jedwabisto\u015b\u0107.  Szampon z najnowszej linii Linecure, kt\u00f3ra zosta\u0142a opracowana z uwzgl\u0119dnieniem wega\u0144skich receptur i naturalnych sk\u0142adnik\u00f3w, kt\u00f3re zapewniaj\u0105 skuteczne i sprawdzone rozwi\u0105zania dla w\u0142os\u00f3w i potrzeb sk\u00f3ry g\u0142owy.","og_url":"https:\/\/hipertin.dfirma.pl\/index.php\/product\/szampon-do-wlosow-siwych-i-blond-silver-hipertin-300ml-lub-1000ml\/","og_site_name":"HIPERTIN - Profesjonalne produkty Fryzjerskie","article_modified_time":"2022-01-12T12:55:14+00:00","og_image":[{"width":1101,"height":1200,"url":"https:\/\/hipertin.dfirma.pl\/wp-content\/uploads\/2021\/07\/szampon-do-wlosow-silwych-i-blond-silver-hipertin.png","type":"image\/png"}],"twitter_card":"summary_large_image","twitter_misc":{"Szacowany czas czytania":"1 minuta"},"schema":{"@context":"https:\/\/schema.org","@graph":[{"@type":"WebPage","@id":"https:\/\/hipertin.dfirma.pl\/index.php\/product\/szampon-do-wlosow-siwych-i-blond-silver-hipertin-300ml-lub-1000ml\/","url":"https:\/\/hipertin.dfirma.pl\/index.php\/product\/szampon-do-wlosow-siwych-i-blond-silver-hipertin-300ml-lub-1000ml\/","name":"Szampon do w\u0142os\u00f3w siwych i blond Silver Hipertin - HIPERTIN - Profesjonalne produkty Fryzjerskie","isPartOf":{"@id":"https:\/\/hipertin.dfirma.pl\/#website"},"datePublished":"2021-07-07T11:16:31+00:00","dateModified":"2022-01-12T12:55:14+00:00","breadcrumb":{"@id":"https:\/\/hipertin.dfirma.pl\/index.php\/product\/szampon-do-wlosow-siwych-i-blond-silver-hipertin-300ml-lub-1000ml\/#breadcrumb"},"inLanguage":"pl-PL","potentialAction":[{"@type":"ReadAction","target":["https:\/\/hipertin.dfirma.pl\/index.php\/product\/szampon-do-wlosow-siwych-i-blond-silver-hipertin-300ml-lub-1000ml\/"]}]},{"@type":"BreadcrumbList","@id":"https:\/\/hipertin.dfirma.pl\/index.php\/product\/szampon-do-wlosow-siwych-i-blond-silver-hipertin-300ml-lub-1000ml\/#breadcrumb","itemListElement":[{"@type":"ListItem","position":1,"name":"Strona g\u0142\u00f3wna","item":"https:\/\/hipertin.dfirma.pl\/"},{"@type":"ListItem","position":2,"name":"Sklep","item":"https:\/\/hipertin.dfirma.pl\/index.php\/sklep\/"},{"@type":"ListItem","position":3,"name":"Szampon do w\u0142os\u00f3w siwych i blond Silver Hipertin"}]},{"@type":"WebSite","@id":"https:\/\/hipertin.dfirma.pl\/#website","url":"https:\/\/hipertin.dfirma.pl\/","name":"HIPERTIN - Profesjonalne produkty Fryzjerskie","description":"","potentialAction":[{"@type":"SearchAction","target":{"@type":"EntryPoint","urlTemplate":"https:\/\/hipertin.dfirma.pl\/?s={search_term_string}"},"query-input":"required name=search_term_string"}],"inLanguage":"pl-PL"}]}},"_links":{"self":[{"href":"https:\/\/hipertin.dfirma.pl\/index.php\/wp-json\/wp\/v2\/product\/2672","targetHints":{"allow":["GET"]}}],"collection":[{"href":"https:\/\/hipertin.dfirma.pl\/index.php\/wp-json\/wp\/v2\/product"}],"about":[{"href":"https:\/\/hipertin.dfirma.pl\/index.php\/wp-json\/wp\/v2\/types\/product"}],"replies":[{"embeddable":true,"href":"https:\/\/hipertin.dfirma.pl\/index.php\/wp-json\/wp\/v2\/comments?post=2672"}],"wp:featuredmedia":[{"embeddable":true,"href":"https:\/\/hipertin.dfirma.pl\/index.php\/wp-json\/wp\/v2\/media\/2675"}],"wp:attachment":[{"href":"https:\/\/hipertin.dfirma.pl\/index.php\/wp-json\/wp\/v2\/media?parent=2672"}],"wp:term":[{"taxonomy":"product_cat","embeddable":true,"href":"https:\/\/hipertin.dfirma.pl\/index.php\/wp-json\/wp\/v2\/product_cat?post=2672"},{"taxonomy":"product_tag","embeddable":true,"href":"https:\/\/hipertin.dfirma.pl\/index.php\/wp-json\/wp\/v2\/product_tag?post=2672"}],"curies":[{"name":"wp","href":"https:\/\/api.w.org\/{rel}","templated":true}]}}