{"id":2692,"date":"2021-07-07T12:16:23","date_gmt":"2021-07-07T12:16:23","guid":{"rendered":"https:\/\/server656728.nazwa.pl\/hipertin\/?post_type=product&#038;p=2692"},"modified":"2022-04-11T11:27:10","modified_gmt":"2022-04-11T11:27:10","slug":"szampon-pro-keratin-repair-hipertin-300-lub-1000ml","status":"publish","type":"product","link":"https:\/\/hipertin.dfirma.pl\/index.php\/product\/szampon-pro-keratin-repair-hipertin-300-lub-1000ml\/","title":{"rendered":"Szampon Pro Keratin Repair Hipertin"},"content":{"rendered":"<p>Szczeg\u00f3lna piel\u0119gnacja w\u0142os\u00f3w, kt\u00f3re pod wp\u0142ywem czynnik\u00f3w zewn\u0119trznych, zabieg\u00f3w chemicznych i dzia\u0142ania wysokich temperatur utraci\u0142y sw\u00f3j budulec, jakim jest keratyna. Dzi\u0119ki zawarto\u015bci aktywnych sk\u0142adnik\u00f3w, takich jak hydrolizowana keratyna oraz proteiny pszenicy, w\u0142osy staj\u0105 si\u0119 zregenerowane, g\u0142adkie i \u0142atwe w rozczesywaniu.<\/p>\n<p>Szampon z najnowszej linii Linecure, kt\u00f3ra zosta\u0142a opracowana z uwzgl\u0119dnieniem wega\u0144skich receptur i naturalnych sk\u0142adnik\u00f3w, kt\u00f3re zapewniaj\u0105 skuteczne i sprawdzone rozwi\u0105zania dla w\u0142os\u00f3w i potrzeb sk\u00f3ry g\u0142owy.<\/p>\n","protected":false},"excerpt":{"rendered":"<p>Do delikatnych i os\u0142abionych w\u0142os\u00f3w z hydrolizowanymi bia\u0142kami ro\u015blinnymi. Aktywne proteiny i aminokwasy, chroni\u0105, naprawiaj\u0105 i wzmacniaj\u0105 w\u0142osy. Produkt Wega\u0144ski.<\/p>\n","protected":false},"featured_media":2695,"comment_status":"open","ping_status":"closed","template":"","meta":[],"product_cat":[15],"product_tag":[],"class_list":["post-2692","product","type-product","status-publish","has-post-thumbnail","hentry","pwb-brand-hipertin","product_cat-szampony-do-wlosow"],"brands":[{"id":133,"name":"Hipertin","slug":"hipertin"}],"yoast_head":"<!-- This site is optimized with the Yoast SEO plugin v19.10 - https:\/\/yoast.com\/wordpress\/plugins\/seo\/ -->\n<title>Szampon Pro Keratin Repair Hipertin - HIPERTIN - Profesjonalne produkty Fryzjerskie<\/title>\n<meta name=\"robots\" content=\"index, follow, max-snippet:-1, max-image-preview:large, max-video-preview:-1\" \/>\n<link rel=\"canonical\" href=\"https:\/\/hipertin.dfirma.pl\/index.php\/product\/szampon-pro-keratin-repair-hipertin-300-lub-1000ml\/\" \/>\n<meta property=\"og:locale\" content=\"pl_PL\" \/>\n<meta property=\"og:type\" content=\"article\" \/>\n<meta property=\"og:title\" content=\"Szampon Pro Keratin Repair Hipertin - HIPERTIN - Profesjonalne produkty Fryzjerskie\" \/>\n<meta property=\"og:description\" content=\"Do delikatnych i os\u0142abionych w\u0142os\u00f3w z hydrolizowanymi bia\u0142kami ro\u015blinnymi. Aktywne proteiny i aminokwasy, chroni\u0105, naprawiaj\u0105 i wzmacniaj\u0105 w\u0142osy. Produkt Wega\u0144ski.\" \/>\n<meta property=\"og:url\" content=\"https:\/\/hipertin.dfirma.pl\/index.php\/product\/szampon-pro-keratin-repair-hipertin-300-lub-1000ml\/\" \/>\n<meta property=\"og:site_name\" content=\"HIPERTIN - Profesjonalne produkty Fryzjerskie\" \/>\n<meta property=\"article:modified_time\" content=\"2022-04-11T11:27:10+00:00\" \/>\n<meta property=\"og:image\" content=\"https:\/\/hipertin.dfirma.pl\/wp-content\/uploads\/2021\/07\/szampon-pro-keratin-repair-hipertin.png\" \/>\n\t<meta property=\"og:image:width\" content=\"1200\" \/>\n\t<meta property=\"og:image:height\" content=\"1308\" \/>\n\t<meta property=\"og:image:type\" content=\"image\/png\" \/>\n<meta name=\"twitter:card\" content=\"summary_large_image\" \/>\n<script type=\"application\/ld+json\" class=\"yoast-schema-graph\">{\"@context\":\"https:\/\/schema.org\",\"@graph\":[{\"@type\":\"WebPage\",\"@id\":\"https:\/\/hipertin.dfirma.pl\/index.php\/product\/szampon-pro-keratin-repair-hipertin-300-lub-1000ml\/\",\"url\":\"https:\/\/hipertin.dfirma.pl\/index.php\/product\/szampon-pro-keratin-repair-hipertin-300-lub-1000ml\/\",\"name\":\"Szampon Pro Keratin Repair Hipertin - HIPERTIN - Profesjonalne produkty Fryzjerskie\",\"isPartOf\":{\"@id\":\"https:\/\/hipertin.dfirma.pl\/#website\"},\"datePublished\":\"2021-07-07T12:16:23+00:00\",\"dateModified\":\"2022-04-11T11:27:10+00:00\",\"breadcrumb\":{\"@id\":\"https:\/\/hipertin.dfirma.pl\/index.php\/product\/szampon-pro-keratin-repair-hipertin-300-lub-1000ml\/#breadcrumb\"},\"inLanguage\":\"pl-PL\",\"potentialAction\":[{\"@type\":\"ReadAction\",\"target\":[\"https:\/\/hipertin.dfirma.pl\/index.php\/product\/szampon-pro-keratin-repair-hipertin-300-lub-1000ml\/\"]}]},{\"@type\":\"BreadcrumbList\",\"@id\":\"https:\/\/hipertin.dfirma.pl\/index.php\/product\/szampon-pro-keratin-repair-hipertin-300-lub-1000ml\/#breadcrumb\",\"itemListElement\":[{\"@type\":\"ListItem\",\"position\":1,\"name\":\"Strona g\u0142\u00f3wna\",\"item\":\"https:\/\/hipertin.dfirma.pl\/\"},{\"@type\":\"ListItem\",\"position\":2,\"name\":\"Sklep\",\"item\":\"https:\/\/hipertin.dfirma.pl\/index.php\/sklep\/\"},{\"@type\":\"ListItem\",\"position\":3,\"name\":\"Szampon Pro Keratin Repair Hipertin\"}]},{\"@type\":\"WebSite\",\"@id\":\"https:\/\/hipertin.dfirma.pl\/#website\",\"url\":\"https:\/\/hipertin.dfirma.pl\/\",\"name\":\"HIPERTIN - Profesjonalne produkty Fryzjerskie\",\"description\":\"\",\"potentialAction\":[{\"@type\":\"SearchAction\",\"target\":{\"@type\":\"EntryPoint\",\"urlTemplate\":\"https:\/\/hipertin.dfirma.pl\/?s={search_term_string}\"},\"query-input\":\"required name=search_term_string\"}],\"inLanguage\":\"pl-PL\"}]}<\/script>\n<!-- \/ Yoast SEO plugin. -->","yoast_head_json":{"title":"Szampon Pro Keratin Repair Hipertin - HIPERTIN - Profesjonalne produkty Fryzjerskie","robots":{"index":"index","follow":"follow","max-snippet":"max-snippet:-1","max-image-preview":"max-image-preview:large","max-video-preview":"max-video-preview:-1"},"canonical":"https:\/\/hipertin.dfirma.pl\/index.php\/product\/szampon-pro-keratin-repair-hipertin-300-lub-1000ml\/","og_locale":"pl_PL","og_type":"article","og_title":"Szampon Pro Keratin Repair Hipertin - HIPERTIN - Profesjonalne produkty Fryzjerskie","og_description":"Do delikatnych i os\u0142abionych w\u0142os\u00f3w z hydrolizowanymi bia\u0142kami ro\u015blinnymi. Aktywne proteiny i aminokwasy, chroni\u0105, naprawiaj\u0105 i wzmacniaj\u0105 w\u0142osy. Produkt Wega\u0144ski.","og_url":"https:\/\/hipertin.dfirma.pl\/index.php\/product\/szampon-pro-keratin-repair-hipertin-300-lub-1000ml\/","og_site_name":"HIPERTIN - Profesjonalne produkty Fryzjerskie","article_modified_time":"2022-04-11T11:27:10+00:00","og_image":[{"width":1200,"height":1308,"url":"https:\/\/hipertin.dfirma.pl\/wp-content\/uploads\/2021\/07\/szampon-pro-keratin-repair-hipertin.png","type":"image\/png"}],"twitter_card":"summary_large_image","schema":{"@context":"https:\/\/schema.org","@graph":[{"@type":"WebPage","@id":"https:\/\/hipertin.dfirma.pl\/index.php\/product\/szampon-pro-keratin-repair-hipertin-300-lub-1000ml\/","url":"https:\/\/hipertin.dfirma.pl\/index.php\/product\/szampon-pro-keratin-repair-hipertin-300-lub-1000ml\/","name":"Szampon Pro Keratin Repair Hipertin - HIPERTIN - Profesjonalne produkty Fryzjerskie","isPartOf":{"@id":"https:\/\/hipertin.dfirma.pl\/#website"},"datePublished":"2021-07-07T12:16:23+00:00","dateModified":"2022-04-11T11:27:10+00:00","breadcrumb":{"@id":"https:\/\/hipertin.dfirma.pl\/index.php\/product\/szampon-pro-keratin-repair-hipertin-300-lub-1000ml\/#breadcrumb"},"inLanguage":"pl-PL","potentialAction":[{"@type":"ReadAction","target":["https:\/\/hipertin.dfirma.pl\/index.php\/product\/szampon-pro-keratin-repair-hipertin-300-lub-1000ml\/"]}]},{"@type":"BreadcrumbList","@id":"https:\/\/hipertin.dfirma.pl\/index.php\/product\/szampon-pro-keratin-repair-hipertin-300-lub-1000ml\/#breadcrumb","itemListElement":[{"@type":"ListItem","position":1,"name":"Strona g\u0142\u00f3wna","item":"https:\/\/hipertin.dfirma.pl\/"},{"@type":"ListItem","position":2,"name":"Sklep","item":"https:\/\/hipertin.dfirma.pl\/index.php\/sklep\/"},{"@type":"ListItem","position":3,"name":"Szampon Pro Keratin Repair Hipertin"}]},{"@type":"WebSite","@id":"https:\/\/hipertin.dfirma.pl\/#website","url":"https:\/\/hipertin.dfirma.pl\/","name":"HIPERTIN - Profesjonalne produkty Fryzjerskie","description":"","potentialAction":[{"@type":"SearchAction","target":{"@type":"EntryPoint","urlTemplate":"https:\/\/hipertin.dfirma.pl\/?s={search_term_string}"},"query-input":"required name=search_term_string"}],"inLanguage":"pl-PL"}]}},"_links":{"self":[{"href":"https:\/\/hipertin.dfirma.pl\/index.php\/wp-json\/wp\/v2\/product\/2692","targetHints":{"allow":["GET"]}}],"collection":[{"href":"https:\/\/hipertin.dfirma.pl\/index.php\/wp-json\/wp\/v2\/product"}],"about":[{"href":"https:\/\/hipertin.dfirma.pl\/index.php\/wp-json\/wp\/v2\/types\/product"}],"replies":[{"embeddable":true,"href":"https:\/\/hipertin.dfirma.pl\/index.php\/wp-json\/wp\/v2\/comments?post=2692"}],"wp:featuredmedia":[{"embeddable":true,"href":"https:\/\/hipertin.dfirma.pl\/index.php\/wp-json\/wp\/v2\/media\/2695"}],"wp:attachment":[{"href":"https:\/\/hipertin.dfirma.pl\/index.php\/wp-json\/wp\/v2\/media?parent=2692"}],"wp:term":[{"taxonomy":"product_cat","embeddable":true,"href":"https:\/\/hipertin.dfirma.pl\/index.php\/wp-json\/wp\/v2\/product_cat?post=2692"},{"taxonomy":"product_tag","embeddable":true,"href":"https:\/\/hipertin.dfirma.pl\/index.php\/wp-json\/wp\/v2\/product_tag?post=2692"}],"curies":[{"name":"wp","href":"https:\/\/api.w.org\/{rel}","templated":true}]}}