{"id":2708,"date":"2021-07-07T12:55:02","date_gmt":"2021-07-07T12:55:02","guid":{"rendered":"https:\/\/server656728.nazwa.pl\/hipertin\/?post_type=product&#038;p=2708"},"modified":"2022-10-26T13:39:19","modified_gmt":"2022-10-26T13:39:19","slug":"complex-multiwitaminowy-do-wlosow-hipertin-linecure-multivitamin-10-ml","status":"publish","type":"product","link":"https:\/\/hipertin.dfirma.pl\/index.php\/product\/complex-multiwitaminowy-do-wlosow-hipertin-linecure-multivitamin-10-ml\/","title":{"rendered":"Complex multiwitaminowy do w\u0142os\u00f3w Hipertin Linecure Multivitamin 10 ml"},"content":{"rendered":"<p>Cena dotyczy jednej ampu\u0142ki 10ml! Ca\u0142e opakowanie zawiera 12 ampu\u0142ek (mo\u017cna kupowa\u0107 pojedynczo).<\/p>\n<p>Twoje w\u0142osy s\u0105 suche i zniszczone? Dlatego te\u017c szukasz kompleksu witaminowego do w\u0142os\u00f3w? Wybierz wi\u0119c\u00a0<strong>Hipertin Linecure Multivitamin \u2013 Complex multiwitaminowy do w\u0142os\u00f3w<\/strong>\u00a0a zakochasz si\u0119 w nim ju\u017c po pierwszym u\u017cyciu.<\/p>\n<p><strong>Nawil\u017ca, wzmacnia i dostarcza witamin!<\/strong><\/p>\n<p>Hipertin Linecure Multivitamin \u2013 Complex multiwitaminowy do w\u0142os\u00f3w to prawdziwa bomba witaminowa dla suchych i zniszczonych w\u0142os\u00f3w. Gwarantuje w\u0142osom doskona\u0142e nawil\u017cenie oraz dog\u0142\u0119bn\u0105 regeneracj\u0119, kt\u00f3ra dotrze do najg\u0142\u0119bszych warstw w\u0142os\u00f3w. Stosuj\u0105c<strong>\u00a0Hipertin Linecure Multivitamin Complex multiwitaminowy do w\u0142os\u00f3w regularnie, znacznie przed\u0142u\u017cysz cykl \u017cyciowy w\u0142os\u00f3w<\/strong>\u00a0oraz sprawisz, \u017ce w\u0142osy b\u0119d\u0105 ros\u0142y zdecydowanie zdrowsze i bardziej mocne i odporne na szkodliwe dzia\u0142anie czynnik\u00f3w zewn\u0119trznych. Kompleks zawiera w swoim sk\u0142adzie liczne multiwitaminy i minera\u0142y takie jak: \u017celazo, magnez, mied\u017a i fosfor, czyli zawiera wszystko, to co jest niezb\u0119dna do tego, by w\u0142osy by\u0142y zdrowe, pi\u0119kne i mocne od nasady po same ko\u0144ce.<\/p>\n<p><strong>Hipertin Linecure Multivitamin \u2013 Complex multiwitaminowy do w\u0142os\u00f3w:<\/strong><\/p>\n<ul>\n<li>Nawil\u017ca i regeneruje w\u0142osy<\/li>\n<li>Przed\u0142u\u017ca cykl \u017cyciowy w\u0142os\u00f3w<\/li>\n<li>Sprawia, \u017ce w\u0142osy rosn\u0105 zdrowsze i mocniejsze<\/li>\n<li>Zawiera \u017celazo, magnez, fosfor<\/li>\n<li>Bogaty w panthenol, keratyn\u0119 i proteiny jedwabiu.<\/li>\n<\/ul>\n<p><strong>Spos\u00f3b u\u017cycia:<\/strong><\/p>\n<p>umy\u0107 w\u0142osy i ods\u0105czy\u0107. Na\u0142o\u017cy\u0107 ampu\u0142k\u0119, rozprowadzaj\u0105c od nasady a\u017c po ko\u0144ce. Delikatnie masowa\u0107. Pozostawi\u0107 na chwil\u0119 i sp\u0142uka\u0107 du\u017c\u0105 ilo\u015bci\u0105 wody. Dla osi\u0105gni\u0119cia najlepszych rezultat\u00f3w, stosowa\u0107 raz w tygodniu.<\/p>\n<p><strong>Pojemno\u015b\u0107:<\/strong>\u00a010ml<\/p>\n","protected":false},"excerpt":{"rendered":"<p><strong>Nawil\u017ca, wzmacnia i dostarcza witamin!<\/strong><\/p>\n<p><strong>Hipertin Linecure Multivitamin \u2013 Complex multiwitaminowy<\/strong>\u00a0do w\u0142os\u00f3w to prawdziwa bomba witaminowa dla suchych i zniszczonych w\u0142os\u00f3w. Gwarantuje w\u0142osom doskona\u0142e nawil\u017cenie oraz dog\u0142\u0119bn\u0105 regeneracj\u0119, kt\u00f3ra dotrze do najg\u0142\u0119bszych warstw w\u0142os\u00f3w. Stosuj\u0105c<strong>\u00a0Complex multiwitaminowy do w\u0142os\u00f3w regularnie, znacznie przed\u0142u\u017cysz cykl \u017cyciowy w\u0142os\u00f3w<\/strong>\u00a0oraz sprawisz, \u017ce w\u0142osy b\u0119d\u0105 ros\u0142y zdecydowanie zdrowsze i bardziej mocne i odporne na szkodliwe dzia\u0142anie czynnik\u00f3w zewn\u0119trznych. Kompleks zawiera w swoim sk\u0142adzie liczne multiwitaminy i minera\u0142y takie jak: \u017celazo, magnez, mied\u017a i fosfor, czyli zawiera wszystko, to co jest niezb\u0119dna do tego, by w\u0142osy by\u0142y zdrowe, pi\u0119kne i mocne od nasady po same ko\u0144ce.<\/p>\n","protected":false},"featured_media":4295,"comment_status":"open","ping_status":"closed","template":"","meta":[],"product_cat":[136],"product_tag":[],"class_list":["post-2708","product","type-product","status-publish","has-post-thumbnail","hentry","pwb-brand-hipertin","product_cat-pielegnacja-zaawansowana"],"brands":[{"id":133,"name":"Hipertin","slug":"hipertin"}],"yoast_head":"<!-- This site is optimized with the Yoast SEO plugin v19.10 - https:\/\/yoast.com\/wordpress\/plugins\/seo\/ -->\n<title>Complex multiwitaminowy do w\u0142os\u00f3w Hipertin Linecure Multivitamin 10 ml - HIPERTIN - Profesjonalne produkty Fryzjerskie<\/title>\n<meta name=\"robots\" content=\"index, follow, max-snippet:-1, max-image-preview:large, max-video-preview:-1\" \/>\n<link rel=\"canonical\" href=\"https:\/\/hipertin.dfirma.pl\/index.php\/product\/complex-multiwitaminowy-do-wlosow-hipertin-linecure-multivitamin-10-ml\/\" \/>\n<meta property=\"og:locale\" content=\"pl_PL\" \/>\n<meta property=\"og:type\" content=\"article\" \/>\n<meta property=\"og:title\" content=\"Complex multiwitaminowy do w\u0142os\u00f3w Hipertin Linecure Multivitamin 10 ml - HIPERTIN - Profesjonalne produkty Fryzjerskie\" \/>\n<meta property=\"og:description\" content=\"Nawil\u017ca, wzmacnia i dostarcza witamin!  Hipertin Linecure Multivitamin \u2013 Complex multiwitaminowy\u00a0do w\u0142os\u00f3w to prawdziwa bomba witaminowa dla suchych i zniszczonych w\u0142os\u00f3w. Gwarantuje w\u0142osom doskona\u0142e nawil\u017cenie oraz dog\u0142\u0119bn\u0105 regeneracj\u0119, kt\u00f3ra dotrze do najg\u0142\u0119bszych warstw w\u0142os\u00f3w. Stosuj\u0105c\u00a0Complex multiwitaminowy do w\u0142os\u00f3w regularnie, znacznie przed\u0142u\u017cysz cykl \u017cyciowy w\u0142os\u00f3w\u00a0oraz sprawisz, \u017ce w\u0142osy b\u0119d\u0105 ros\u0142y zdecydowanie zdrowsze i bardziej mocne i odporne na szkodliwe dzia\u0142anie czynnik\u00f3w zewn\u0119trznych. Kompleks zawiera w swoim sk\u0142adzie liczne multiwitaminy i minera\u0142y takie jak: \u017celazo, magnez, mied\u017a i fosfor, czyli zawiera wszystko, to co jest niezb\u0119dna do tego, by w\u0142osy by\u0142y zdrowe, pi\u0119kne i mocne od nasady po same ko\u0144ce.\" \/>\n<meta property=\"og:url\" content=\"https:\/\/hipertin.dfirma.pl\/index.php\/product\/complex-multiwitaminowy-do-wlosow-hipertin-linecure-multivitamin-10-ml\/\" \/>\n<meta property=\"og:site_name\" content=\"HIPERTIN - Profesjonalne produkty Fryzjerskie\" \/>\n<meta property=\"article:modified_time\" content=\"2022-10-26T13:39:19+00:00\" \/>\n<meta property=\"og:image\" content=\"https:\/\/hipertin.dfirma.pl\/wp-content\/uploads\/2021\/07\/Complex-multiwitaminowy-do-wlosow-Hipertin-Linecure-Multivitamin-10-ml-1.png\" \/>\n\t<meta property=\"og:image:width\" content=\"500\" \/>\n\t<meta property=\"og:image:height\" content=\"500\" \/>\n\t<meta property=\"og:image:type\" content=\"image\/png\" \/>\n<meta name=\"twitter:card\" content=\"summary_large_image\" \/>\n<meta name=\"twitter:label1\" content=\"Szacowany czas czytania\" \/>\n\t<meta name=\"twitter:data1\" content=\"1 minuta\" \/>\n<script type=\"application\/ld+json\" class=\"yoast-schema-graph\">{\"@context\":\"https:\/\/schema.org\",\"@graph\":[{\"@type\":\"WebPage\",\"@id\":\"https:\/\/hipertin.dfirma.pl\/index.php\/product\/complex-multiwitaminowy-do-wlosow-hipertin-linecure-multivitamin-10-ml\/\",\"url\":\"https:\/\/hipertin.dfirma.pl\/index.php\/product\/complex-multiwitaminowy-do-wlosow-hipertin-linecure-multivitamin-10-ml\/\",\"name\":\"Complex multiwitaminowy do w\u0142os\u00f3w Hipertin Linecure Multivitamin 10 ml - HIPERTIN - Profesjonalne produkty Fryzjerskie\",\"isPartOf\":{\"@id\":\"https:\/\/hipertin.dfirma.pl\/#website\"},\"datePublished\":\"2021-07-07T12:55:02+00:00\",\"dateModified\":\"2022-10-26T13:39:19+00:00\",\"breadcrumb\":{\"@id\":\"https:\/\/hipertin.dfirma.pl\/index.php\/product\/complex-multiwitaminowy-do-wlosow-hipertin-linecure-multivitamin-10-ml\/#breadcrumb\"},\"inLanguage\":\"pl-PL\",\"potentialAction\":[{\"@type\":\"ReadAction\",\"target\":[\"https:\/\/hipertin.dfirma.pl\/index.php\/product\/complex-multiwitaminowy-do-wlosow-hipertin-linecure-multivitamin-10-ml\/\"]}]},{\"@type\":\"BreadcrumbList\",\"@id\":\"https:\/\/hipertin.dfirma.pl\/index.php\/product\/complex-multiwitaminowy-do-wlosow-hipertin-linecure-multivitamin-10-ml\/#breadcrumb\",\"itemListElement\":[{\"@type\":\"ListItem\",\"position\":1,\"name\":\"Strona g\u0142\u00f3wna\",\"item\":\"https:\/\/hipertin.dfirma.pl\/\"},{\"@type\":\"ListItem\",\"position\":2,\"name\":\"Sklep\",\"item\":\"https:\/\/hipertin.dfirma.pl\/index.php\/sklep\/\"},{\"@type\":\"ListItem\",\"position\":3,\"name\":\"Complex multiwitaminowy do w\u0142os\u00f3w Hipertin Linecure Multivitamin 10 ml\"}]},{\"@type\":\"WebSite\",\"@id\":\"https:\/\/hipertin.dfirma.pl\/#website\",\"url\":\"https:\/\/hipertin.dfirma.pl\/\",\"name\":\"HIPERTIN - Profesjonalne produkty Fryzjerskie\",\"description\":\"\",\"potentialAction\":[{\"@type\":\"SearchAction\",\"target\":{\"@type\":\"EntryPoint\",\"urlTemplate\":\"https:\/\/hipertin.dfirma.pl\/?s={search_term_string}\"},\"query-input\":\"required name=search_term_string\"}],\"inLanguage\":\"pl-PL\"}]}<\/script>\n<!-- \/ Yoast SEO plugin. -->","yoast_head_json":{"title":"Complex multiwitaminowy do w\u0142os\u00f3w Hipertin Linecure Multivitamin 10 ml - HIPERTIN - Profesjonalne produkty Fryzjerskie","robots":{"index":"index","follow":"follow","max-snippet":"max-snippet:-1","max-image-preview":"max-image-preview:large","max-video-preview":"max-video-preview:-1"},"canonical":"https:\/\/hipertin.dfirma.pl\/index.php\/product\/complex-multiwitaminowy-do-wlosow-hipertin-linecure-multivitamin-10-ml\/","og_locale":"pl_PL","og_type":"article","og_title":"Complex multiwitaminowy do w\u0142os\u00f3w Hipertin Linecure Multivitamin 10 ml - HIPERTIN - Profesjonalne produkty Fryzjerskie","og_description":"Nawil\u017ca, wzmacnia i dostarcza witamin!  Hipertin Linecure Multivitamin \u2013 Complex multiwitaminowy\u00a0do w\u0142os\u00f3w to prawdziwa bomba witaminowa dla suchych i zniszczonych w\u0142os\u00f3w. Gwarantuje w\u0142osom doskona\u0142e nawil\u017cenie oraz dog\u0142\u0119bn\u0105 regeneracj\u0119, kt\u00f3ra dotrze do najg\u0142\u0119bszych warstw w\u0142os\u00f3w. Stosuj\u0105c\u00a0Complex multiwitaminowy do w\u0142os\u00f3w regularnie, znacznie przed\u0142u\u017cysz cykl \u017cyciowy w\u0142os\u00f3w\u00a0oraz sprawisz, \u017ce w\u0142osy b\u0119d\u0105 ros\u0142y zdecydowanie zdrowsze i bardziej mocne i odporne na szkodliwe dzia\u0142anie czynnik\u00f3w zewn\u0119trznych. Kompleks zawiera w swoim sk\u0142adzie liczne multiwitaminy i minera\u0142y takie jak: \u017celazo, magnez, mied\u017a i fosfor, czyli zawiera wszystko, to co jest niezb\u0119dna do tego, by w\u0142osy by\u0142y zdrowe, pi\u0119kne i mocne od nasady po same ko\u0144ce.","og_url":"https:\/\/hipertin.dfirma.pl\/index.php\/product\/complex-multiwitaminowy-do-wlosow-hipertin-linecure-multivitamin-10-ml\/","og_site_name":"HIPERTIN - Profesjonalne produkty Fryzjerskie","article_modified_time":"2022-10-26T13:39:19+00:00","og_image":[{"width":500,"height":500,"url":"https:\/\/hipertin.dfirma.pl\/wp-content\/uploads\/2021\/07\/Complex-multiwitaminowy-do-wlosow-Hipertin-Linecure-Multivitamin-10-ml-1.png","type":"image\/png"}],"twitter_card":"summary_large_image","twitter_misc":{"Szacowany czas czytania":"1 minuta"},"schema":{"@context":"https:\/\/schema.org","@graph":[{"@type":"WebPage","@id":"https:\/\/hipertin.dfirma.pl\/index.php\/product\/complex-multiwitaminowy-do-wlosow-hipertin-linecure-multivitamin-10-ml\/","url":"https:\/\/hipertin.dfirma.pl\/index.php\/product\/complex-multiwitaminowy-do-wlosow-hipertin-linecure-multivitamin-10-ml\/","name":"Complex multiwitaminowy do w\u0142os\u00f3w Hipertin Linecure Multivitamin 10 ml - HIPERTIN - Profesjonalne produkty Fryzjerskie","isPartOf":{"@id":"https:\/\/hipertin.dfirma.pl\/#website"},"datePublished":"2021-07-07T12:55:02+00:00","dateModified":"2022-10-26T13:39:19+00:00","breadcrumb":{"@id":"https:\/\/hipertin.dfirma.pl\/index.php\/product\/complex-multiwitaminowy-do-wlosow-hipertin-linecure-multivitamin-10-ml\/#breadcrumb"},"inLanguage":"pl-PL","potentialAction":[{"@type":"ReadAction","target":["https:\/\/hipertin.dfirma.pl\/index.php\/product\/complex-multiwitaminowy-do-wlosow-hipertin-linecure-multivitamin-10-ml\/"]}]},{"@type":"BreadcrumbList","@id":"https:\/\/hipertin.dfirma.pl\/index.php\/product\/complex-multiwitaminowy-do-wlosow-hipertin-linecure-multivitamin-10-ml\/#breadcrumb","itemListElement":[{"@type":"ListItem","position":1,"name":"Strona g\u0142\u00f3wna","item":"https:\/\/hipertin.dfirma.pl\/"},{"@type":"ListItem","position":2,"name":"Sklep","item":"https:\/\/hipertin.dfirma.pl\/index.php\/sklep\/"},{"@type":"ListItem","position":3,"name":"Complex multiwitaminowy do w\u0142os\u00f3w Hipertin Linecure Multivitamin 10 ml"}]},{"@type":"WebSite","@id":"https:\/\/hipertin.dfirma.pl\/#website","url":"https:\/\/hipertin.dfirma.pl\/","name":"HIPERTIN - Profesjonalne produkty Fryzjerskie","description":"","potentialAction":[{"@type":"SearchAction","target":{"@type":"EntryPoint","urlTemplate":"https:\/\/hipertin.dfirma.pl\/?s={search_term_string}"},"query-input":"required name=search_term_string"}],"inLanguage":"pl-PL"}]}},"_links":{"self":[{"href":"https:\/\/hipertin.dfirma.pl\/index.php\/wp-json\/wp\/v2\/product\/2708","targetHints":{"allow":["GET"]}}],"collection":[{"href":"https:\/\/hipertin.dfirma.pl\/index.php\/wp-json\/wp\/v2\/product"}],"about":[{"href":"https:\/\/hipertin.dfirma.pl\/index.php\/wp-json\/wp\/v2\/types\/product"}],"replies":[{"embeddable":true,"href":"https:\/\/hipertin.dfirma.pl\/index.php\/wp-json\/wp\/v2\/comments?post=2708"}],"wp:featuredmedia":[{"embeddable":true,"href":"https:\/\/hipertin.dfirma.pl\/index.php\/wp-json\/wp\/v2\/media\/4295"}],"wp:attachment":[{"href":"https:\/\/hipertin.dfirma.pl\/index.php\/wp-json\/wp\/v2\/media?parent=2708"}],"wp:term":[{"taxonomy":"product_cat","embeddable":true,"href":"https:\/\/hipertin.dfirma.pl\/index.php\/wp-json\/wp\/v2\/product_cat?post=2708"},{"taxonomy":"product_tag","embeddable":true,"href":"https:\/\/hipertin.dfirma.pl\/index.php\/wp-json\/wp\/v2\/product_tag?post=2708"}],"curies":[{"name":"wp","href":"https:\/\/api.w.org\/{rel}","templated":true}]}}