{"id":2726,"date":"2021-07-07T14:03:26","date_gmt":"2021-07-07T14:03:26","guid":{"rendered":"https:\/\/server656728.nazwa.pl\/hipertin\/?post_type=product&#038;p=2726"},"modified":"2022-06-14T10:22:32","modified_gmt":"2022-06-14T10:22:32","slug":"hiplex-kit-hipertin-3x500ml-2","status":"publish","type":"product","link":"https:\/\/hipertin.dfirma.pl\/index.php\/product\/hiplex-kit-hipertin-3x500ml-2\/","title":{"rendered":"Hiplex Kit Hipertin 3x500ml"},"content":{"rendered":"<div class=\"woocommerce-product-details__short-description\">\n<p><strong>HIPLEX KIT \u2013 Zestaw do profesjonalnej odbudowy w\u0142os\u00f3w w salonach fryzjerskich.<\/strong><\/p>\n<p>Hiplex, to rewolucyjny techniczny system odnowy struktury w\u0142osa. Przeznaczony do piel\u0119gnacji i ochrony w\u0142os\u00f3w, przed negatywnym oddzia\u0142ywaniem zabieg\u00f3w fryzjerskich. G\u0142\u0119boko regeneruje i redukuje \u0142amliwo\u015b\u0107 w\u0142os\u00f3w, nawet o 95%. Gwarantuje zdrowie i witalno\u015b\u0107 w\u0142os\u00f3w bez wp\u0142ywu na efekt pokrycia czy rezultat rozja\u015bnienia w\u0142os\u00f3w. Hiplex, to niezb\u0119dny profesjonalny produkt do koloryzacji i rozja\u015bniania w\u0142os\u00f3w. Z nim wszystko staje si\u0119 proste! HIPLEX NATURALNIE WZMACNIA W\u0141OSY Hiplex nr 1, to naprawa struktury w\u0142osa wykorzystuj\u0105ca unikaln\u0105 kompozycj\u0119 aktywnych sk\u0142adnik\u00f3w, w tym protein, pozyskiwanych z warzyw. Ca\u0142o\u015b\u0107 jest wolna od paraben\u00f3w, aldehyd\u00f3w i perfum. Proteiny silnie dzia\u0142aj\u0105 na struktur\u0119 w\u0142osa, regeneruj\u0105c jego w\u0142\u00f3kno, wzmacniaj\u0105c i zapewniaj\u0105c maximum ochrony eliminuj\u0105c \u0142amliwo\u015b\u0107 w\u0142os\u00f3w. Jest to przede wszystkim zabieg leczniczy dla w\u0142os\u00f3w. Ca\u0142kowitej odnowie podlega struktura wewn\u0119trzna w\u0142osa jak i jego \u0142usek. W\u0142osy staj\u0105 si\u0119 silne, zdrowe i elastyczne! Hiplex nr 2, to uszczelnienie struktury w\u0142osa. Formu\u0142a bazuje na wyci\u0105gu z kwiata lotosu, aktywnych sk\u0142adnikach z ro\u015blinnych protein, kt\u00f3rych dzia\u0142anie nie tylko g\u0142\u0119boko poprawia kondycj\u0119 w\u0142osa, ale i uszczelnia \u0142uski w\u0142osa.<\/p>\n<\/div>\n<form class=\"cart\" action=\"https:\/\/cosmoproject.pl\/produkt\/hiplex-kit-hipertin-3x500ml\/\" enctype=\"multipart\/form-data\" method=\"post\">\n<div class=\"quantity\"><\/div>\n<\/form>\n","protected":false},"excerpt":{"rendered":"<p><strong>HIPLEX KIT \u2013 Zestaw do profesjonalnej odbudowy w\u0142os\u00f3w w salonach fryzjerskich.<\/strong><\/p>\n<p>Hiplex, to rewolucyjny techniczny system odnowy struktury w\u0142osa. Przeznaczony do piel\u0119gnacji i ochrony w\u0142os\u00f3w, przed negatywnym oddzia\u0142ywaniem zabieg\u00f3w fryzjerskich. G\u0142\u0119boko regeneruje i redukuje \u0142amliwo\u015b\u0107 w\u0142os\u00f3w, nawet o 95%. Gwarantuje zdrowie i witalno\u015b\u0107 w\u0142os\u00f3w bez wp\u0142ywu na efekt pokrycia czy rezultat rozja\u015bnienia w\u0142os\u00f3w. Hiplex, to niezb\u0119dny profesjonalny produkt do koloryzacji i rozja\u015bniania w\u0142os\u00f3w. Z nim wszystko staje si\u0119 proste! HIPLEX NATURALNIE WZMACNIA W\u0141OSY Hiplex nr 1, to naprawa struktury w\u0142osa wykorzystuj\u0105ca unikaln\u0105 kompozycj\u0119 aktywnych sk\u0142adnik\u00f3w, w tym protein, pozyskiwanych z warzyw. Ca\u0142o\u015b\u0107 jest wolna od paraben\u00f3w, aldehyd\u00f3w i perfum. Proteiny silnie dzia\u0142aj\u0105 na struktur\u0119 w\u0142osa, regeneruj\u0105c jego w\u0142\u00f3kno, wzmacniaj\u0105c i zapewniaj\u0105c maximum ochrony eliminuj\u0105c \u0142amliwo\u015b\u0107 w\u0142os\u00f3w. Jest to przede wszystkim zabieg leczniczy dla w\u0142os\u00f3w. Ca\u0142kowitej odnowie podlega struktura wewn\u0119trzna w\u0142osa jak i jego \u0142usek. W\u0142osy staj\u0105 si\u0119 silne, zdrowe i elastyczne! Hiplex nr 2, to uszczelnienie struktury w\u0142osa. Formu\u0142a bazuje na wyci\u0105gu z kwiata lotosu, aktywnych sk\u0142adnikach z ro\u015blinnych protein, kt\u00f3rych dzia\u0142anie nie tylko g\u0142\u0119boko poprawia kondycj\u0119 w\u0142osa, ale i uszczelnia \u0142uski w\u0142osa.<\/p>\n<p>Perfekcyjne w\u0142osy bez efektu uszkodzenia, tylko w 3 krokach! hiplex nr 1 Dodatek, kt\u00f3ry minimalizuje zagro\u017cenia spowodowane koloryzacj\u0105 i rozja\u015bnianiem w\u0142os\u00f3w. G\u0142\u0119boko wzmacnia struktur\u0119 w\u0142osa i redukuje ich \u0142amliwo\u015b\u0107 o 95%.<\/p>\n<p>Spos\u00f3b u\u017cycia: Krok 1: Zmieszaj farb\u0119 lub rozja\u015bniacz z utleniaczem. Je\u015bli rozja\u015bniasz, podnie\u015b poziom utleniacza z 3% na 6%, z 6% na 9%, z 9%na 12%. Krok 2 Przed u\u017cyciem delikatnie wstrz\u0105\u015bnij Hiplex nr 1. Krok 3: Dodaj Hiplex nr 1 do mieszanki koloryzuj\u0105cej lub rozja\u015bniaj\u0105cej i rozmieszaj. Proporcje: 8ml Hiplex na ka\u017cde 60 g farby, 10 ml Hiplex na ka\u017cde 60 g farby rozja\u015bniaj\u0105cej i 2,5 ml Hiplex na ka\u017cde 10 g rozja\u015bniacza. HIPLEX NR 2 Intensywnie lecznicza maska, zaka\u0144czaj\u0105ca us\u0142ug\u0119 Hiplex. Uszczelnia pow\u0142ok\u0119 w\u0142osa z zewn\u0105trz, wzmacniaj\u0105c i utrwalaj\u0105c efekt, kt\u00f3ry zosta\u0142 osi\u0105gni\u0119ty podczas pierwszego etapu. Zapewnia w\u0142osom elastyczno\u015b\u0107, si\u0142\u0119 i blask. Spos\u00f3b u\u017cycia: Umyj w\u0142osy szamponem zakwaszaj\u0105cym PH ACID, na\u0142\u00f3\u017c 15 ml Hiplex nr 2, pozostaw na 5-10 min. Sp\u0142uka\u0107 obficie wod\u0105 i stylizuj jak zwykle. Hiplex nr 3 Piel\u0119gnacja domowa rewolucja we fryzjerstwie przysz\u0142o\u015b\u0107 w koloryzacji i rozja\u015bnianiu spektakularne rezultaty z hiplex \u2013 Koloryzacja i rozja\u015bnianie bez ogranicze\u0144 \u2013 Gwarancja zdrowych w\u0142os\u00f3w po zabiegach fryzjerskich \u2013 Redukcja \u0142amliwo\u015bci o 95 % \u2013 Efekt maski \u2013 w\u0142osy w tak dobrym stanie, jak zaraz po zabiegu piel\u0119gnacyjnym \u2013 Nie wp\u0142ywa na kolor w\u0142os\u00f3w farbowanych czy rozja\u015bnianych \u2013 Nie wp\u0142ywa na procent pokrycia siwych w\u0142os\u00f3w \u2013 \u0141atwa i prosta aplikacja \u2013 Kompatybilne z wszystkimi profesjonalnymi produktami do koloryzacji czy dekoloryzacji \u2013 Nie koliduje z innymi produktami do regeneracji w\u0142os\u00f3w Hipertin.<\/p>\n","protected":false},"featured_media":2727,"comment_status":"open","ping_status":"closed","template":"","meta":[],"product_cat":[143],"product_tag":[],"class_list":["post-2726","product","type-product","status-publish","has-post-thumbnail","hentry","pwb-brand-hipertin","product_cat-odzywki-i-maski"],"brands":[{"id":133,"name":"Hipertin","slug":"hipertin"}],"yoast_head":"<!-- This site is optimized with the Yoast SEO plugin v19.10 - https:\/\/yoast.com\/wordpress\/plugins\/seo\/ -->\n<title>Hiplex Kit Hipertin 3x500ml - HIPERTIN - Profesjonalne produkty Fryzjerskie<\/title>\n<meta name=\"robots\" content=\"index, follow, max-snippet:-1, max-image-preview:large, max-video-preview:-1\" \/>\n<link rel=\"canonical\" href=\"https:\/\/hipertin.dfirma.pl\/index.php\/product\/hiplex-kit-hipertin-3x500ml-2\/\" \/>\n<meta property=\"og:locale\" content=\"pl_PL\" \/>\n<meta property=\"og:type\" content=\"article\" \/>\n<meta property=\"og:title\" content=\"Hiplex Kit Hipertin 3x500ml - HIPERTIN - Profesjonalne produkty Fryzjerskie\" \/>\n<meta property=\"og:description\" content=\"HIPLEX KIT \u2013 Zestaw do profesjonalnej odbudowy w\u0142os\u00f3w w salonach fryzjerskich.  Hiplex, to rewolucyjny techniczny system odnowy struktury w\u0142osa. Przeznaczony do piel\u0119gnacji i ochrony w\u0142os\u00f3w, przed negatywnym oddzia\u0142ywaniem zabieg\u00f3w fryzjerskich. G\u0142\u0119boko regeneruje i redukuje \u0142amliwo\u015b\u0107 w\u0142os\u00f3w, nawet o 95%. Gwarantuje zdrowie i witalno\u015b\u0107 w\u0142os\u00f3w bez wp\u0142ywu na efekt pokrycia czy rezultat rozja\u015bnienia w\u0142os\u00f3w. Hiplex, to niezb\u0119dny profesjonalny produkt do koloryzacji i rozja\u015bniania w\u0142os\u00f3w. Z nim wszystko staje si\u0119 proste! HIPLEX NATURALNIE WZMACNIA W\u0141OSY Hiplex nr 1, to naprawa struktury w\u0142osa wykorzystuj\u0105ca unikaln\u0105 kompozycj\u0119 aktywnych sk\u0142adnik\u00f3w, w tym protein, pozyskiwanych z warzyw. Ca\u0142o\u015b\u0107 jest wolna od paraben\u00f3w, aldehyd\u00f3w i perfum. Proteiny silnie dzia\u0142aj\u0105 na struktur\u0119 w\u0142osa, regeneruj\u0105c jego w\u0142\u00f3kno, wzmacniaj\u0105c i zapewniaj\u0105c maximum ochrony eliminuj\u0105c \u0142amliwo\u015b\u0107 w\u0142os\u00f3w. Jest to przede wszystkim zabieg leczniczy dla w\u0142os\u00f3w. Ca\u0142kowitej odnowie podlega struktura wewn\u0119trzna w\u0142osa jak i jego \u0142usek. W\u0142osy staj\u0105 si\u0119 silne, zdrowe i elastyczne! Hiplex nr 2, to uszczelnienie struktury w\u0142osa. Formu\u0142a bazuje na wyci\u0105gu z kwiata lotosu, aktywnych sk\u0142adnikach z ro\u015blinnych protein, kt\u00f3rych dzia\u0142anie nie tylko g\u0142\u0119boko poprawia kondycj\u0119 w\u0142osa, ale i uszczelnia \u0142uski w\u0142osa.  Perfekcyjne w\u0142osy bez efektu uszkodzenia, tylko w 3 krokach! hiplex nr 1 Dodatek, kt\u00f3ry minimalizuje zagro\u017cenia spowodowane koloryzacj\u0105 i rozja\u015bnianiem w\u0142os\u00f3w. G\u0142\u0119boko wzmacnia struktur\u0119 w\u0142osa i redukuje ich \u0142amliwo\u015b\u0107 o 95%.  Spos\u00f3b u\u017cycia: Krok 1: Zmieszaj farb\u0119 lub rozja\u015bniacz z utleniaczem. Je\u015bli rozja\u015bniasz, podnie\u015b poziom utleniacza z 3% na 6%, z 6% na 9%, z 9%na 12%. Krok 2 Przed u\u017cyciem delikatnie wstrz\u0105\u015bnij Hiplex nr 1. Krok 3: Dodaj Hiplex nr 1 do mieszanki koloryzuj\u0105cej lub rozja\u015bniaj\u0105cej i rozmieszaj. Proporcje: 8ml Hiplex na ka\u017cde 60 g farby, 10 ml Hiplex na ka\u017cde 60 g farby rozja\u015bniaj\u0105cej i 2,5 ml Hiplex na ka\u017cde 10 g rozja\u015bniacza. HIPLEX NR 2 Intensywnie lecznicza maska, zaka\u0144czaj\u0105ca us\u0142ug\u0119 Hiplex. Uszczelnia pow\u0142ok\u0119 w\u0142osa z zewn\u0105trz, wzmacniaj\u0105c i utrwalaj\u0105c efekt, kt\u00f3ry zosta\u0142 osi\u0105gni\u0119ty podczas pierwszego etapu. Zapewnia w\u0142osom elastyczno\u015b\u0107, si\u0142\u0119 i blask. Spos\u00f3b u\u017cycia: Umyj w\u0142osy szamponem zakwaszaj\u0105cym PH ACID, na\u0142\u00f3\u017c 15 ml Hiplex nr 2, pozostaw na 5-10 min. Sp\u0142uka\u0107 obficie wod\u0105 i stylizuj jak zwykle. Hiplex nr 3 Piel\u0119gnacja domowa rewolucja we fryzjerstwie przysz\u0142o\u015b\u0107 w koloryzacji i rozja\u015bnianiu spektakularne rezultaty z hiplex \u2013 Koloryzacja i rozja\u015bnianie bez ogranicze\u0144 \u2013 Gwarancja zdrowych w\u0142os\u00f3w po zabiegach fryzjerskich \u2013 Redukcja \u0142amliwo\u015bci o 95 % \u2013 Efekt maski \u2013 w\u0142osy w tak dobrym stanie, jak zaraz po zabiegu piel\u0119gnacyjnym \u2013 Nie wp\u0142ywa na kolor w\u0142os\u00f3w farbowanych czy rozja\u015bnianych \u2013 Nie wp\u0142ywa na procent pokrycia siwych w\u0142os\u00f3w \u2013 \u0141atwa i prosta aplikacja \u2013 Kompatybilne z wszystkimi profesjonalnymi produktami do koloryzacji czy dekoloryzacji \u2013 Nie koliduje z innymi produktami do regeneracji w\u0142os\u00f3w Hipertin.\" \/>\n<meta property=\"og:url\" content=\"https:\/\/hipertin.dfirma.pl\/index.php\/product\/hiplex-kit-hipertin-3x500ml-2\/\" \/>\n<meta property=\"og:site_name\" content=\"HIPERTIN - Profesjonalne produkty Fryzjerskie\" \/>\n<meta property=\"article:modified_time\" content=\"2022-06-14T10:22:32+00:00\" \/>\n<meta property=\"og:image\" content=\"https:\/\/hipertin.dfirma.pl\/wp-content\/uploads\/2021\/07\/hiplex_kit_hipertin_3x500ml-e1636533822298.png\" \/>\n\t<meta property=\"og:image:width\" content=\"600\" \/>\n\t<meta property=\"og:image:height\" content=\"600\" \/>\n\t<meta property=\"og:image:type\" content=\"image\/png\" \/>\n<meta name=\"twitter:card\" content=\"summary_large_image\" \/>\n<meta name=\"twitter:label1\" content=\"Szacowany czas czytania\" \/>\n\t<meta name=\"twitter:data1\" content=\"1 minuta\" \/>\n<script type=\"application\/ld+json\" class=\"yoast-schema-graph\">{\"@context\":\"https:\/\/schema.org\",\"@graph\":[{\"@type\":\"WebPage\",\"@id\":\"https:\/\/hipertin.dfirma.pl\/index.php\/product\/hiplex-kit-hipertin-3x500ml-2\/\",\"url\":\"https:\/\/hipertin.dfirma.pl\/index.php\/product\/hiplex-kit-hipertin-3x500ml-2\/\",\"name\":\"Hiplex Kit Hipertin 3x500ml - HIPERTIN - Profesjonalne produkty Fryzjerskie\",\"isPartOf\":{\"@id\":\"https:\/\/hipertin.dfirma.pl\/#website\"},\"datePublished\":\"2021-07-07T14:03:26+00:00\",\"dateModified\":\"2022-06-14T10:22:32+00:00\",\"breadcrumb\":{\"@id\":\"https:\/\/hipertin.dfirma.pl\/index.php\/product\/hiplex-kit-hipertin-3x500ml-2\/#breadcrumb\"},\"inLanguage\":\"pl-PL\",\"potentialAction\":[{\"@type\":\"ReadAction\",\"target\":[\"https:\/\/hipertin.dfirma.pl\/index.php\/product\/hiplex-kit-hipertin-3x500ml-2\/\"]}]},{\"@type\":\"BreadcrumbList\",\"@id\":\"https:\/\/hipertin.dfirma.pl\/index.php\/product\/hiplex-kit-hipertin-3x500ml-2\/#breadcrumb\",\"itemListElement\":[{\"@type\":\"ListItem\",\"position\":1,\"name\":\"Strona g\u0142\u00f3wna\",\"item\":\"https:\/\/hipertin.dfirma.pl\/\"},{\"@type\":\"ListItem\",\"position\":2,\"name\":\"Sklep\",\"item\":\"https:\/\/hipertin.dfirma.pl\/index.php\/sklep\/\"},{\"@type\":\"ListItem\",\"position\":3,\"name\":\"Hiplex Kit Hipertin 3x500ml\"}]},{\"@type\":\"WebSite\",\"@id\":\"https:\/\/hipertin.dfirma.pl\/#website\",\"url\":\"https:\/\/hipertin.dfirma.pl\/\",\"name\":\"HIPERTIN - Profesjonalne produkty Fryzjerskie\",\"description\":\"\",\"potentialAction\":[{\"@type\":\"SearchAction\",\"target\":{\"@type\":\"EntryPoint\",\"urlTemplate\":\"https:\/\/hipertin.dfirma.pl\/?s={search_term_string}\"},\"query-input\":\"required name=search_term_string\"}],\"inLanguage\":\"pl-PL\"}]}<\/script>\n<!-- \/ Yoast SEO plugin. -->","yoast_head_json":{"title":"Hiplex Kit Hipertin 3x500ml - HIPERTIN - Profesjonalne produkty Fryzjerskie","robots":{"index":"index","follow":"follow","max-snippet":"max-snippet:-1","max-image-preview":"max-image-preview:large","max-video-preview":"max-video-preview:-1"},"canonical":"https:\/\/hipertin.dfirma.pl\/index.php\/product\/hiplex-kit-hipertin-3x500ml-2\/","og_locale":"pl_PL","og_type":"article","og_title":"Hiplex Kit Hipertin 3x500ml - HIPERTIN - Profesjonalne produkty Fryzjerskie","og_description":"HIPLEX KIT \u2013 Zestaw do profesjonalnej odbudowy w\u0142os\u00f3w w salonach fryzjerskich.  Hiplex, to rewolucyjny techniczny system odnowy struktury w\u0142osa. Przeznaczony do piel\u0119gnacji i ochrony w\u0142os\u00f3w, przed negatywnym oddzia\u0142ywaniem zabieg\u00f3w fryzjerskich. G\u0142\u0119boko regeneruje i redukuje \u0142amliwo\u015b\u0107 w\u0142os\u00f3w, nawet o 95%. Gwarantuje zdrowie i witalno\u015b\u0107 w\u0142os\u00f3w bez wp\u0142ywu na efekt pokrycia czy rezultat rozja\u015bnienia w\u0142os\u00f3w. Hiplex, to niezb\u0119dny profesjonalny produkt do koloryzacji i rozja\u015bniania w\u0142os\u00f3w. Z nim wszystko staje si\u0119 proste! HIPLEX NATURALNIE WZMACNIA W\u0141OSY Hiplex nr 1, to naprawa struktury w\u0142osa wykorzystuj\u0105ca unikaln\u0105 kompozycj\u0119 aktywnych sk\u0142adnik\u00f3w, w tym protein, pozyskiwanych z warzyw. Ca\u0142o\u015b\u0107 jest wolna od paraben\u00f3w, aldehyd\u00f3w i perfum. Proteiny silnie dzia\u0142aj\u0105 na struktur\u0119 w\u0142osa, regeneruj\u0105c jego w\u0142\u00f3kno, wzmacniaj\u0105c i zapewniaj\u0105c maximum ochrony eliminuj\u0105c \u0142amliwo\u015b\u0107 w\u0142os\u00f3w. Jest to przede wszystkim zabieg leczniczy dla w\u0142os\u00f3w. Ca\u0142kowitej odnowie podlega struktura wewn\u0119trzna w\u0142osa jak i jego \u0142usek. W\u0142osy staj\u0105 si\u0119 silne, zdrowe i elastyczne! Hiplex nr 2, to uszczelnienie struktury w\u0142osa. Formu\u0142a bazuje na wyci\u0105gu z kwiata lotosu, aktywnych sk\u0142adnikach z ro\u015blinnych protein, kt\u00f3rych dzia\u0142anie nie tylko g\u0142\u0119boko poprawia kondycj\u0119 w\u0142osa, ale i uszczelnia \u0142uski w\u0142osa.  Perfekcyjne w\u0142osy bez efektu uszkodzenia, tylko w 3 krokach! hiplex nr 1 Dodatek, kt\u00f3ry minimalizuje zagro\u017cenia spowodowane koloryzacj\u0105 i rozja\u015bnianiem w\u0142os\u00f3w. G\u0142\u0119boko wzmacnia struktur\u0119 w\u0142osa i redukuje ich \u0142amliwo\u015b\u0107 o 95%.  Spos\u00f3b u\u017cycia: Krok 1: Zmieszaj farb\u0119 lub rozja\u015bniacz z utleniaczem. Je\u015bli rozja\u015bniasz, podnie\u015b poziom utleniacza z 3% na 6%, z 6% na 9%, z 9%na 12%. Krok 2 Przed u\u017cyciem delikatnie wstrz\u0105\u015bnij Hiplex nr 1. Krok 3: Dodaj Hiplex nr 1 do mieszanki koloryzuj\u0105cej lub rozja\u015bniaj\u0105cej i rozmieszaj. Proporcje: 8ml Hiplex na ka\u017cde 60 g farby, 10 ml Hiplex na ka\u017cde 60 g farby rozja\u015bniaj\u0105cej i 2,5 ml Hiplex na ka\u017cde 10 g rozja\u015bniacza. HIPLEX NR 2 Intensywnie lecznicza maska, zaka\u0144czaj\u0105ca us\u0142ug\u0119 Hiplex. Uszczelnia pow\u0142ok\u0119 w\u0142osa z zewn\u0105trz, wzmacniaj\u0105c i utrwalaj\u0105c efekt, kt\u00f3ry zosta\u0142 osi\u0105gni\u0119ty podczas pierwszego etapu. Zapewnia w\u0142osom elastyczno\u015b\u0107, si\u0142\u0119 i blask. Spos\u00f3b u\u017cycia: Umyj w\u0142osy szamponem zakwaszaj\u0105cym PH ACID, na\u0142\u00f3\u017c 15 ml Hiplex nr 2, pozostaw na 5-10 min. Sp\u0142uka\u0107 obficie wod\u0105 i stylizuj jak zwykle. Hiplex nr 3 Piel\u0119gnacja domowa rewolucja we fryzjerstwie przysz\u0142o\u015b\u0107 w koloryzacji i rozja\u015bnianiu spektakularne rezultaty z hiplex \u2013 Koloryzacja i rozja\u015bnianie bez ogranicze\u0144 \u2013 Gwarancja zdrowych w\u0142os\u00f3w po zabiegach fryzjerskich \u2013 Redukcja \u0142amliwo\u015bci o 95 % \u2013 Efekt maski \u2013 w\u0142osy w tak dobrym stanie, jak zaraz po zabiegu piel\u0119gnacyjnym \u2013 Nie wp\u0142ywa na kolor w\u0142os\u00f3w farbowanych czy rozja\u015bnianych \u2013 Nie wp\u0142ywa na procent pokrycia siwych w\u0142os\u00f3w \u2013 \u0141atwa i prosta aplikacja \u2013 Kompatybilne z wszystkimi profesjonalnymi produktami do koloryzacji czy dekoloryzacji \u2013 Nie koliduje z innymi produktami do regeneracji w\u0142os\u00f3w Hipertin.","og_url":"https:\/\/hipertin.dfirma.pl\/index.php\/product\/hiplex-kit-hipertin-3x500ml-2\/","og_site_name":"HIPERTIN - Profesjonalne produkty Fryzjerskie","article_modified_time":"2022-06-14T10:22:32+00:00","og_image":[{"width":600,"height":600,"url":"https:\/\/hipertin.dfirma.pl\/wp-content\/uploads\/2021\/07\/hiplex_kit_hipertin_3x500ml-e1636533822298.png","type":"image\/png"}],"twitter_card":"summary_large_image","twitter_misc":{"Szacowany czas czytania":"1 minuta"},"schema":{"@context":"https:\/\/schema.org","@graph":[{"@type":"WebPage","@id":"https:\/\/hipertin.dfirma.pl\/index.php\/product\/hiplex-kit-hipertin-3x500ml-2\/","url":"https:\/\/hipertin.dfirma.pl\/index.php\/product\/hiplex-kit-hipertin-3x500ml-2\/","name":"Hiplex Kit Hipertin 3x500ml - HIPERTIN - Profesjonalne produkty Fryzjerskie","isPartOf":{"@id":"https:\/\/hipertin.dfirma.pl\/#website"},"datePublished":"2021-07-07T14:03:26+00:00","dateModified":"2022-06-14T10:22:32+00:00","breadcrumb":{"@id":"https:\/\/hipertin.dfirma.pl\/index.php\/product\/hiplex-kit-hipertin-3x500ml-2\/#breadcrumb"},"inLanguage":"pl-PL","potentialAction":[{"@type":"ReadAction","target":["https:\/\/hipertin.dfirma.pl\/index.php\/product\/hiplex-kit-hipertin-3x500ml-2\/"]}]},{"@type":"BreadcrumbList","@id":"https:\/\/hipertin.dfirma.pl\/index.php\/product\/hiplex-kit-hipertin-3x500ml-2\/#breadcrumb","itemListElement":[{"@type":"ListItem","position":1,"name":"Strona g\u0142\u00f3wna","item":"https:\/\/hipertin.dfirma.pl\/"},{"@type":"ListItem","position":2,"name":"Sklep","item":"https:\/\/hipertin.dfirma.pl\/index.php\/sklep\/"},{"@type":"ListItem","position":3,"name":"Hiplex Kit Hipertin 3x500ml"}]},{"@type":"WebSite","@id":"https:\/\/hipertin.dfirma.pl\/#website","url":"https:\/\/hipertin.dfirma.pl\/","name":"HIPERTIN - Profesjonalne produkty Fryzjerskie","description":"","potentialAction":[{"@type":"SearchAction","target":{"@type":"EntryPoint","urlTemplate":"https:\/\/hipertin.dfirma.pl\/?s={search_term_string}"},"query-input":"required name=search_term_string"}],"inLanguage":"pl-PL"}]}},"_links":{"self":[{"href":"https:\/\/hipertin.dfirma.pl\/index.php\/wp-json\/wp\/v2\/product\/2726","targetHints":{"allow":["GET"]}}],"collection":[{"href":"https:\/\/hipertin.dfirma.pl\/index.php\/wp-json\/wp\/v2\/product"}],"about":[{"href":"https:\/\/hipertin.dfirma.pl\/index.php\/wp-json\/wp\/v2\/types\/product"}],"replies":[{"embeddable":true,"href":"https:\/\/hipertin.dfirma.pl\/index.php\/wp-json\/wp\/v2\/comments?post=2726"}],"wp:featuredmedia":[{"embeddable":true,"href":"https:\/\/hipertin.dfirma.pl\/index.php\/wp-json\/wp\/v2\/media\/2727"}],"wp:attachment":[{"href":"https:\/\/hipertin.dfirma.pl\/index.php\/wp-json\/wp\/v2\/media?parent=2726"}],"wp:term":[{"taxonomy":"product_cat","embeddable":true,"href":"https:\/\/hipertin.dfirma.pl\/index.php\/wp-json\/wp\/v2\/product_cat?post=2726"},{"taxonomy":"product_tag","embeddable":true,"href":"https:\/\/hipertin.dfirma.pl\/index.php\/wp-json\/wp\/v2\/product_tag?post=2726"}],"curies":[{"name":"wp","href":"https:\/\/api.w.org\/{rel}","templated":true}]}}