{"id":2739,"date":"2021-07-07T14:27:57","date_gmt":"2021-07-07T14:27:57","guid":{"rendered":"https:\/\/server656728.nazwa.pl\/hipertin\/?post_type=product&#038;p=2739"},"modified":"2021-11-15T07:34:20","modified_gmt":"2021-11-15T07:34:20","slug":"odzywka-2-fazowa-two-bi-phase-hipertin-200ml-i-500ml","status":"publish","type":"product","link":"https:\/\/hipertin.dfirma.pl\/index.php\/product\/odzywka-2-fazowa-two-bi-phase-hipertin-200ml-i-500ml\/","title":{"rendered":"Od\u017cywka 2-fazowa Two Bi Phase Hipertin"},"content":{"rendered":"<p>Chcesz upi\u0107 wysokiej jako\u015bci od\u017cywk\u0119 do w\u0142os\u00f3w, kt\u00f3ra w profesjonalny spos\u00f3b zadba o Twoje w\u0142osy? Wybierz wi\u0119c\u00a0<strong>Hipertin Linecure Two Bi-Phase od\u017cywk\u0119 2-fazow\u0105 do w\u0142os\u00f3w,<\/strong>\u00a0kt\u00f3ra zaskoczy Ciebie swoim niesamowitym dzia\u0142aniem.<\/p>\n<p><strong>Szerokie dzia\u0142anie, hydrolizowana keratyna!<\/strong><\/p>\n<p>Hipertin Linecure Two Bi-Phase od\u017cywka 2-fazowa do w\u0142os\u00f3w cechuje si\u0119 ekspresowym dzia\u0142aniem. Od\u017cywka dwufazowa zawiera w swoim sk\u0142adzie cudowt\u00f3rcz\u0105 hydrolizowan\u0105 keratyn\u0119, kt\u00f3ra ma bardzo bardzo\u00a0<strong>silne w\u0142a\u015bciwo\u015bci wzmacniaj\u0105ce i odbudowuj\u0105ce<\/strong>. To w\u0142a\u015bnie dzi\u0119ki jej dzia\u0142aniu, Twoje w\u0142osy b\u0119d\u0105 znacznie mocniejsze, bardziej odporne oraz w pe\u0142ni odbudowane. Dodatkowo, od\u017cywka idealnie od\u017cywia w\u0142osy i nawil\u017ca bez efektu obci\u0105\u017cenia. Nie przet\u0142uszcza tak\u017ce w\u0142os\u00f3w, dzi\u0119ki czemu Twoje w\u0142osy b\u0119d\u0105 sypkie i lekkie, a tak\u017ce elastyczne co sprawi, \u017ce b\u0119d\u0105 bardziej podatne na uk\u0142adanie. W efekcie jej regularnego stosowania, otrzymasz g\u0142adkie, zdrowe i mocne w\u0142osy, kt\u00f3re ol\u015bniewaj\u0105 swoim po\u0142yskiem. Bardzo u\u0142atwia rozczesywanie !!!<\/p>\n<p><strong>Spos\u00f3b u\u017cycia:<\/strong><\/p>\n<p>wstrz\u0105\u015bnij od\u017cywk\u0119 przed u\u017cyciem i spryskaj w\u0142osy. Nie sp\u0142ukuj.<\/p>\n<p><strong>Pojemno\u015b\u0107:<\/strong>\u00a0200ml i 500ml<\/p>\n","protected":false},"excerpt":{"rendered":"<p>Chcesz upi\u0107 wysokiej jako\u015bci od\u017cywk\u0119 do w\u0142os\u00f3w, kt\u00f3ra w profesjonalny spos\u00f3b zadba o Twoje w\u0142osy? Wybierz wi\u0119c\u00a0<strong>Hipertin Linecure Two Bi-Phase od\u017cywk\u0119 2-fazow\u0105 do w\u0142os\u00f3w,<\/strong>\u00a0kt\u00f3ra zaskoczy Ciebie swoim niesamowitym dzia\u0142aniem.<\/p>\n<p><strong>Szerokie dzia\u0142anie, hydrolizowana keratyna!<\/strong><\/p>\n<p>Hipertin Linecure Two Bi-Phase od\u017cywka 2-fazowa do w\u0142os\u00f3w cechuje si\u0119 ekspresowym dzia\u0142aniem. Od\u017cywka dwufazowa zawiera w swoim sk\u0142adzie cudowt\u00f3rcz\u0105 hydrolizowan\u0105 keratyn\u0119, kt\u00f3ra ma bardzo bardzo\u00a0<strong>silne w\u0142a\u015bciwo\u015bci wzmacniaj\u0105ce i odbudowuj\u0105ce<\/strong>. To w\u0142a\u015bnie dzi\u0119ki jej dzia\u0142aniu, Twoje w\u0142osy b\u0119d\u0105 znacznie mocniejsze, bardziej odporne oraz w pe\u0142ni odbudowane. Dodatkowo, od\u017cywka idealnie od\u017cywia w\u0142osy i nawil\u017ca bez efektu obci\u0105\u017cenia. Nie przet\u0142uszcza tak\u017ce w\u0142os\u00f3w, dzi\u0119ki czemu Twoje w\u0142osy b\u0119d\u0105 sypkie i lekkie, a tak\u017ce elastyczne co sprawi, \u017ce b\u0119d\u0105 bardziej podatne na uk\u0142adanie. W efekcie jej regularnego stosowania, otrzymasz g\u0142adkie, zdrowe i mocne w\u0142osy, kt\u00f3re ol\u015bniewaj\u0105 swoim po\u0142yskiem. Bardzo u\u0142atwia rozczesywanie !!!<\/p>\n","protected":false},"featured_media":2742,"comment_status":"open","ping_status":"closed","template":"","meta":[],"product_cat":[143],"product_tag":[],"class_list":["post-2739","product","type-product","status-publish","has-post-thumbnail","hentry","pwb-brand-hipertin","product_cat-odzywki-i-maski"],"brands":[{"id":133,"name":"Hipertin","slug":"hipertin"}],"yoast_head":"<!-- This site is optimized with the Yoast SEO plugin v19.10 - https:\/\/yoast.com\/wordpress\/plugins\/seo\/ -->\n<title>Od\u017cywka 2-fazowa Two Bi Phase Hipertin - HIPERTIN - Profesjonalne produkty Fryzjerskie<\/title>\n<meta name=\"robots\" content=\"index, follow, max-snippet:-1, max-image-preview:large, max-video-preview:-1\" \/>\n<link rel=\"canonical\" href=\"https:\/\/hipertin.dfirma.pl\/index.php\/product\/odzywka-2-fazowa-two-bi-phase-hipertin-200ml-i-500ml\/\" \/>\n<meta property=\"og:locale\" content=\"pl_PL\" \/>\n<meta property=\"og:type\" content=\"article\" \/>\n<meta property=\"og:title\" content=\"Od\u017cywka 2-fazowa Two Bi Phase Hipertin - HIPERTIN - Profesjonalne produkty Fryzjerskie\" \/>\n<meta property=\"og:description\" content=\"Chcesz upi\u0107 wysokiej jako\u015bci od\u017cywk\u0119 do w\u0142os\u00f3w, kt\u00f3ra w profesjonalny spos\u00f3b zadba o Twoje w\u0142osy? Wybierz wi\u0119c\u00a0Hipertin Linecure Two Bi-Phase od\u017cywk\u0119 2-fazow\u0105 do w\u0142os\u00f3w,\u00a0kt\u00f3ra zaskoczy Ciebie swoim niesamowitym dzia\u0142aniem.  Szerokie dzia\u0142anie, hydrolizowana keratyna!  Hipertin Linecure Two Bi-Phase od\u017cywka 2-fazowa do w\u0142os\u00f3w cechuje si\u0119 ekspresowym dzia\u0142aniem. Od\u017cywka dwufazowa zawiera w swoim sk\u0142adzie cudowt\u00f3rcz\u0105 hydrolizowan\u0105 keratyn\u0119, kt\u00f3ra ma bardzo bardzo\u00a0silne w\u0142a\u015bciwo\u015bci wzmacniaj\u0105ce i odbudowuj\u0105ce. To w\u0142a\u015bnie dzi\u0119ki jej dzia\u0142aniu, Twoje w\u0142osy b\u0119d\u0105 znacznie mocniejsze, bardziej odporne oraz w pe\u0142ni odbudowane. Dodatkowo, od\u017cywka idealnie od\u017cywia w\u0142osy i nawil\u017ca bez efektu obci\u0105\u017cenia. Nie przet\u0142uszcza tak\u017ce w\u0142os\u00f3w, dzi\u0119ki czemu Twoje w\u0142osy b\u0119d\u0105 sypkie i lekkie, a tak\u017ce elastyczne co sprawi, \u017ce b\u0119d\u0105 bardziej podatne na uk\u0142adanie. W efekcie jej regularnego stosowania, otrzymasz g\u0142adkie, zdrowe i mocne w\u0142osy, kt\u00f3re ol\u015bniewaj\u0105 swoim po\u0142yskiem. Bardzo u\u0142atwia rozczesywanie !!!\" \/>\n<meta property=\"og:url\" content=\"https:\/\/hipertin.dfirma.pl\/index.php\/product\/odzywka-2-fazowa-two-bi-phase-hipertin-200ml-i-500ml\/\" \/>\n<meta property=\"og:site_name\" content=\"HIPERTIN - Profesjonalne produkty Fryzjerskie\" \/>\n<meta property=\"article:modified_time\" content=\"2021-11-15T07:34:20+00:00\" \/>\n<meta property=\"og:image\" content=\"https:\/\/hipertin.dfirma.pl\/wp-content\/uploads\/2021\/07\/odzywka-2-fazowa-two-bi-phase-hipertin-e1636533961548.png\" \/>\n\t<meta property=\"og:image:width\" content=\"600\" \/>\n\t<meta property=\"og:image:height\" content=\"600\" \/>\n\t<meta property=\"og:image:type\" content=\"image\/png\" \/>\n<meta name=\"twitter:card\" content=\"summary_large_image\" \/>\n<meta name=\"twitter:label1\" content=\"Szacowany czas czytania\" \/>\n\t<meta name=\"twitter:data1\" content=\"1 minuta\" \/>\n<script type=\"application\/ld+json\" class=\"yoast-schema-graph\">{\"@context\":\"https:\/\/schema.org\",\"@graph\":[{\"@type\":\"WebPage\",\"@id\":\"https:\/\/hipertin.dfirma.pl\/index.php\/product\/odzywka-2-fazowa-two-bi-phase-hipertin-200ml-i-500ml\/\",\"url\":\"https:\/\/hipertin.dfirma.pl\/index.php\/product\/odzywka-2-fazowa-two-bi-phase-hipertin-200ml-i-500ml\/\",\"name\":\"Od\u017cywka 2-fazowa Two Bi Phase Hipertin - HIPERTIN - Profesjonalne produkty Fryzjerskie\",\"isPartOf\":{\"@id\":\"https:\/\/hipertin.dfirma.pl\/#website\"},\"datePublished\":\"2021-07-07T14:27:57+00:00\",\"dateModified\":\"2021-11-15T07:34:20+00:00\",\"breadcrumb\":{\"@id\":\"https:\/\/hipertin.dfirma.pl\/index.php\/product\/odzywka-2-fazowa-two-bi-phase-hipertin-200ml-i-500ml\/#breadcrumb\"},\"inLanguage\":\"pl-PL\",\"potentialAction\":[{\"@type\":\"ReadAction\",\"target\":[\"https:\/\/hipertin.dfirma.pl\/index.php\/product\/odzywka-2-fazowa-two-bi-phase-hipertin-200ml-i-500ml\/\"]}]},{\"@type\":\"BreadcrumbList\",\"@id\":\"https:\/\/hipertin.dfirma.pl\/index.php\/product\/odzywka-2-fazowa-two-bi-phase-hipertin-200ml-i-500ml\/#breadcrumb\",\"itemListElement\":[{\"@type\":\"ListItem\",\"position\":1,\"name\":\"Strona g\u0142\u00f3wna\",\"item\":\"https:\/\/hipertin.dfirma.pl\/\"},{\"@type\":\"ListItem\",\"position\":2,\"name\":\"Sklep\",\"item\":\"https:\/\/hipertin.dfirma.pl\/index.php\/sklep\/\"},{\"@type\":\"ListItem\",\"position\":3,\"name\":\"Od\u017cywka 2-fazowa Two Bi Phase Hipertin\"}]},{\"@type\":\"WebSite\",\"@id\":\"https:\/\/hipertin.dfirma.pl\/#website\",\"url\":\"https:\/\/hipertin.dfirma.pl\/\",\"name\":\"HIPERTIN - Profesjonalne produkty Fryzjerskie\",\"description\":\"\",\"potentialAction\":[{\"@type\":\"SearchAction\",\"target\":{\"@type\":\"EntryPoint\",\"urlTemplate\":\"https:\/\/hipertin.dfirma.pl\/?s={search_term_string}\"},\"query-input\":\"required name=search_term_string\"}],\"inLanguage\":\"pl-PL\"}]}<\/script>\n<!-- \/ Yoast SEO plugin. -->","yoast_head_json":{"title":"Od\u017cywka 2-fazowa Two Bi Phase Hipertin - HIPERTIN - Profesjonalne produkty Fryzjerskie","robots":{"index":"index","follow":"follow","max-snippet":"max-snippet:-1","max-image-preview":"max-image-preview:large","max-video-preview":"max-video-preview:-1"},"canonical":"https:\/\/hipertin.dfirma.pl\/index.php\/product\/odzywka-2-fazowa-two-bi-phase-hipertin-200ml-i-500ml\/","og_locale":"pl_PL","og_type":"article","og_title":"Od\u017cywka 2-fazowa Two Bi Phase Hipertin - HIPERTIN - Profesjonalne produkty Fryzjerskie","og_description":"Chcesz upi\u0107 wysokiej jako\u015bci od\u017cywk\u0119 do w\u0142os\u00f3w, kt\u00f3ra w profesjonalny spos\u00f3b zadba o Twoje w\u0142osy? Wybierz wi\u0119c\u00a0Hipertin Linecure Two Bi-Phase od\u017cywk\u0119 2-fazow\u0105 do w\u0142os\u00f3w,\u00a0kt\u00f3ra zaskoczy Ciebie swoim niesamowitym dzia\u0142aniem.  Szerokie dzia\u0142anie, hydrolizowana keratyna!  Hipertin Linecure Two Bi-Phase od\u017cywka 2-fazowa do w\u0142os\u00f3w cechuje si\u0119 ekspresowym dzia\u0142aniem. Od\u017cywka dwufazowa zawiera w swoim sk\u0142adzie cudowt\u00f3rcz\u0105 hydrolizowan\u0105 keratyn\u0119, kt\u00f3ra ma bardzo bardzo\u00a0silne w\u0142a\u015bciwo\u015bci wzmacniaj\u0105ce i odbudowuj\u0105ce. To w\u0142a\u015bnie dzi\u0119ki jej dzia\u0142aniu, Twoje w\u0142osy b\u0119d\u0105 znacznie mocniejsze, bardziej odporne oraz w pe\u0142ni odbudowane. Dodatkowo, od\u017cywka idealnie od\u017cywia w\u0142osy i nawil\u017ca bez efektu obci\u0105\u017cenia. Nie przet\u0142uszcza tak\u017ce w\u0142os\u00f3w, dzi\u0119ki czemu Twoje w\u0142osy b\u0119d\u0105 sypkie i lekkie, a tak\u017ce elastyczne co sprawi, \u017ce b\u0119d\u0105 bardziej podatne na uk\u0142adanie. W efekcie jej regularnego stosowania, otrzymasz g\u0142adkie, zdrowe i mocne w\u0142osy, kt\u00f3re ol\u015bniewaj\u0105 swoim po\u0142yskiem. Bardzo u\u0142atwia rozczesywanie !!!","og_url":"https:\/\/hipertin.dfirma.pl\/index.php\/product\/odzywka-2-fazowa-two-bi-phase-hipertin-200ml-i-500ml\/","og_site_name":"HIPERTIN - Profesjonalne produkty Fryzjerskie","article_modified_time":"2021-11-15T07:34:20+00:00","og_image":[{"width":600,"height":600,"url":"https:\/\/hipertin.dfirma.pl\/wp-content\/uploads\/2021\/07\/odzywka-2-fazowa-two-bi-phase-hipertin-e1636533961548.png","type":"image\/png"}],"twitter_card":"summary_large_image","twitter_misc":{"Szacowany czas czytania":"1 minuta"},"schema":{"@context":"https:\/\/schema.org","@graph":[{"@type":"WebPage","@id":"https:\/\/hipertin.dfirma.pl\/index.php\/product\/odzywka-2-fazowa-two-bi-phase-hipertin-200ml-i-500ml\/","url":"https:\/\/hipertin.dfirma.pl\/index.php\/product\/odzywka-2-fazowa-two-bi-phase-hipertin-200ml-i-500ml\/","name":"Od\u017cywka 2-fazowa Two Bi Phase Hipertin - HIPERTIN - Profesjonalne produkty Fryzjerskie","isPartOf":{"@id":"https:\/\/hipertin.dfirma.pl\/#website"},"datePublished":"2021-07-07T14:27:57+00:00","dateModified":"2021-11-15T07:34:20+00:00","breadcrumb":{"@id":"https:\/\/hipertin.dfirma.pl\/index.php\/product\/odzywka-2-fazowa-two-bi-phase-hipertin-200ml-i-500ml\/#breadcrumb"},"inLanguage":"pl-PL","potentialAction":[{"@type":"ReadAction","target":["https:\/\/hipertin.dfirma.pl\/index.php\/product\/odzywka-2-fazowa-two-bi-phase-hipertin-200ml-i-500ml\/"]}]},{"@type":"BreadcrumbList","@id":"https:\/\/hipertin.dfirma.pl\/index.php\/product\/odzywka-2-fazowa-two-bi-phase-hipertin-200ml-i-500ml\/#breadcrumb","itemListElement":[{"@type":"ListItem","position":1,"name":"Strona g\u0142\u00f3wna","item":"https:\/\/hipertin.dfirma.pl\/"},{"@type":"ListItem","position":2,"name":"Sklep","item":"https:\/\/hipertin.dfirma.pl\/index.php\/sklep\/"},{"@type":"ListItem","position":3,"name":"Od\u017cywka 2-fazowa Two Bi Phase Hipertin"}]},{"@type":"WebSite","@id":"https:\/\/hipertin.dfirma.pl\/#website","url":"https:\/\/hipertin.dfirma.pl\/","name":"HIPERTIN - Profesjonalne produkty Fryzjerskie","description":"","potentialAction":[{"@type":"SearchAction","target":{"@type":"EntryPoint","urlTemplate":"https:\/\/hipertin.dfirma.pl\/?s={search_term_string}"},"query-input":"required name=search_term_string"}],"inLanguage":"pl-PL"}]}},"_links":{"self":[{"href":"https:\/\/hipertin.dfirma.pl\/index.php\/wp-json\/wp\/v2\/product\/2739","targetHints":{"allow":["GET"]}}],"collection":[{"href":"https:\/\/hipertin.dfirma.pl\/index.php\/wp-json\/wp\/v2\/product"}],"about":[{"href":"https:\/\/hipertin.dfirma.pl\/index.php\/wp-json\/wp\/v2\/types\/product"}],"replies":[{"embeddable":true,"href":"https:\/\/hipertin.dfirma.pl\/index.php\/wp-json\/wp\/v2\/comments?post=2739"}],"wp:featuredmedia":[{"embeddable":true,"href":"https:\/\/hipertin.dfirma.pl\/index.php\/wp-json\/wp\/v2\/media\/2742"}],"wp:attachment":[{"href":"https:\/\/hipertin.dfirma.pl\/index.php\/wp-json\/wp\/v2\/media?parent=2739"}],"wp:term":[{"taxonomy":"product_cat","embeddable":true,"href":"https:\/\/hipertin.dfirma.pl\/index.php\/wp-json\/wp\/v2\/product_cat?post=2739"},{"taxonomy":"product_tag","embeddable":true,"href":"https:\/\/hipertin.dfirma.pl\/index.php\/wp-json\/wp\/v2\/product_tag?post=2739"}],"curies":[{"name":"wp","href":"https:\/\/api.w.org\/{rel}","templated":true}]}}