{"id":2746,"date":"2021-07-07T14:30:42","date_gmt":"2021-07-07T14:30:42","guid":{"rendered":"https:\/\/server656728.nazwa.pl\/hipertin\/?post_type=product&#038;p=2746"},"modified":"2021-10-22T13:00:50","modified_gmt":"2021-10-22T13:00:50","slug":"odzywka-hydro-color-hipertin-300ml","status":"publish","type":"product","link":"https:\/\/hipertin.dfirma.pl\/index.php\/product\/odzywka-hydro-color-hipertin-300ml\/","title":{"rendered":"Od\u017cywka Hydro Color Hipertin 300ml"},"content":{"rendered":"<p>Balsam leczniczy \u2013 koj\u0105ca od\u017cywka przeznaczona przede wszystkim, do w\u0142os\u00f3w farbowanych i rozja\u015bnianych. Zapewnia ochron\u0119 koloru i znacznie poprawia od\u017cywienie w\u0142os\u00f3w. W\u0142osy staj\u0105 si\u0119 zadbane, jedwabiste i b\u0142yszcz\u0105ce. Witamina E i Filtry UVA\/UVB, zapewniaj\u0105 d\u0142ugotrwa\u0142\u0105 ochron\u0119 przed utrat\u0105 koloru. Ekskluzywna formu\u0142a od\u017cywki, zawiera olejek arganowy, kt\u00f3ra pomaga od\u017cywi\u0107 i nawil\u017cy\u0107 w\u0142osy, pozostawiaj\u0105c je elastyczne, delikatne i b\u0142yszcz\u0105ce.<\/p>\n<p>Spos\u00f3b u\u017cycia: Umy\u0107 w\u0142osy szamponem Linecure Color, a nast\u0119pnie na\u0142o\u017cy\u0107 balsam na w\u0142osy. Pozostawi\u0107 na 3 min, po czym sp\u0142uka\u0107.<\/p>\n<p>Korzy\u015bci i widoczne rezultaty: \u2013 totalna ochrony koloru, \u2013 nawil\u017cenie i od\u017cywienie w\u0142os\u00f3w, \u2013 ochrona przed promieniowaniem UV, \u2013 blask i elastyczno\u015b\u0107.<\/p>\n","protected":false},"excerpt":{"rendered":"<p>Balsam leczniczy \u2013 koj\u0105ca od\u017cywka przeznaczona przede wszystkim, do w\u0142os\u00f3w farbowanych i rozja\u015bnianych. Zapewnia ochron\u0119 koloru i znacznie poprawia od\u017cywienie w\u0142os\u00f3w. W\u0142osy staj\u0105 si\u0119 zadbane, jedwabiste i b\u0142yszcz\u0105ce. Witamina E i Filtry UVA\/UVB, zapewniaj\u0105 d\u0142ugotrwa\u0142\u0105 ochron\u0119 przed utrat\u0105 koloru. Ekskluzywna formu\u0142a od\u017cywki, zawiera olejek arganowy, kt\u00f3ra pomaga od\u017cywi\u0107 i nawil\u017cy\u0107 w\u0142osy, pozostawiaj\u0105c je elastyczne, delikatne i b\u0142yszcz\u0105ce.<\/p>\n","protected":false},"featured_media":2747,"comment_status":"open","ping_status":"closed","template":"","meta":[],"product_cat":[143],"product_tag":[],"class_list":["post-2746","product","type-product","status-publish","has-post-thumbnail","hentry","pwb-brand-hipertin","product_cat-odzywki-i-maski"],"brands":[{"id":133,"name":"Hipertin","slug":"hipertin"}],"yoast_head":"<!-- This site is optimized with the Yoast SEO plugin v19.10 - https:\/\/yoast.com\/wordpress\/plugins\/seo\/ -->\n<title>Od\u017cywka Hydro Color Hipertin 300ml - HIPERTIN - Profesjonalne produkty Fryzjerskie<\/title>\n<meta name=\"robots\" content=\"index, follow, max-snippet:-1, max-image-preview:large, max-video-preview:-1\" \/>\n<link rel=\"canonical\" href=\"https:\/\/hipertin.dfirma.pl\/index.php\/product\/odzywka-hydro-color-hipertin-300ml\/\" \/>\n<meta property=\"og:locale\" content=\"pl_PL\" \/>\n<meta property=\"og:type\" content=\"article\" \/>\n<meta property=\"og:title\" content=\"Od\u017cywka Hydro Color Hipertin 300ml - HIPERTIN - Profesjonalne produkty Fryzjerskie\" \/>\n<meta property=\"og:description\" content=\"Balsam leczniczy \u2013 koj\u0105ca od\u017cywka przeznaczona przede wszystkim, do w\u0142os\u00f3w farbowanych i rozja\u015bnianych. Zapewnia ochron\u0119 koloru i znacznie poprawia od\u017cywienie w\u0142os\u00f3w. W\u0142osy staj\u0105 si\u0119 zadbane, jedwabiste i b\u0142yszcz\u0105ce. Witamina E i Filtry UVA\/UVB, zapewniaj\u0105 d\u0142ugotrwa\u0142\u0105 ochron\u0119 przed utrat\u0105 koloru. Ekskluzywna formu\u0142a od\u017cywki, zawiera olejek arganowy, kt\u00f3ra pomaga od\u017cywi\u0107 i nawil\u017cy\u0107 w\u0142osy, pozostawiaj\u0105c je elastyczne, delikatne i b\u0142yszcz\u0105ce.\" \/>\n<meta property=\"og:url\" content=\"https:\/\/hipertin.dfirma.pl\/index.php\/product\/odzywka-hydro-color-hipertin-300ml\/\" \/>\n<meta property=\"og:site_name\" content=\"HIPERTIN - Profesjonalne produkty Fryzjerskie\" \/>\n<meta property=\"article:modified_time\" content=\"2021-10-22T13:00:50+00:00\" \/>\n<meta property=\"og:image\" content=\"https:\/\/hipertin.dfirma.pl\/wp-content\/uploads\/2021\/07\/odzywka-hydro-color-hipertin-300-ml-e1636533978221.png\" \/>\n\t<meta property=\"og:image:width\" content=\"600\" \/>\n\t<meta property=\"og:image:height\" content=\"600\" \/>\n\t<meta property=\"og:image:type\" content=\"image\/png\" \/>\n<meta name=\"twitter:card\" content=\"summary_large_image\" \/>\n<meta name=\"twitter:label1\" content=\"Szacowany czas czytania\" \/>\n\t<meta name=\"twitter:data1\" content=\"1 minuta\" \/>\n<script type=\"application\/ld+json\" class=\"yoast-schema-graph\">{\"@context\":\"https:\/\/schema.org\",\"@graph\":[{\"@type\":\"WebPage\",\"@id\":\"https:\/\/hipertin.dfirma.pl\/index.php\/product\/odzywka-hydro-color-hipertin-300ml\/\",\"url\":\"https:\/\/hipertin.dfirma.pl\/index.php\/product\/odzywka-hydro-color-hipertin-300ml\/\",\"name\":\"Od\u017cywka Hydro Color Hipertin 300ml - HIPERTIN - Profesjonalne produkty Fryzjerskie\",\"isPartOf\":{\"@id\":\"https:\/\/hipertin.dfirma.pl\/#website\"},\"datePublished\":\"2021-07-07T14:30:42+00:00\",\"dateModified\":\"2021-10-22T13:00:50+00:00\",\"breadcrumb\":{\"@id\":\"https:\/\/hipertin.dfirma.pl\/index.php\/product\/odzywka-hydro-color-hipertin-300ml\/#breadcrumb\"},\"inLanguage\":\"pl-PL\",\"potentialAction\":[{\"@type\":\"ReadAction\",\"target\":[\"https:\/\/hipertin.dfirma.pl\/index.php\/product\/odzywka-hydro-color-hipertin-300ml\/\"]}]},{\"@type\":\"BreadcrumbList\",\"@id\":\"https:\/\/hipertin.dfirma.pl\/index.php\/product\/odzywka-hydro-color-hipertin-300ml\/#breadcrumb\",\"itemListElement\":[{\"@type\":\"ListItem\",\"position\":1,\"name\":\"Strona g\u0142\u00f3wna\",\"item\":\"https:\/\/hipertin.dfirma.pl\/\"},{\"@type\":\"ListItem\",\"position\":2,\"name\":\"Sklep\",\"item\":\"https:\/\/hipertin.dfirma.pl\/index.php\/sklep\/\"},{\"@type\":\"ListItem\",\"position\":3,\"name\":\"Od\u017cywka Hydro Color Hipertin 300ml\"}]},{\"@type\":\"WebSite\",\"@id\":\"https:\/\/hipertin.dfirma.pl\/#website\",\"url\":\"https:\/\/hipertin.dfirma.pl\/\",\"name\":\"HIPERTIN - Profesjonalne produkty Fryzjerskie\",\"description\":\"\",\"potentialAction\":[{\"@type\":\"SearchAction\",\"target\":{\"@type\":\"EntryPoint\",\"urlTemplate\":\"https:\/\/hipertin.dfirma.pl\/?s={search_term_string}\"},\"query-input\":\"required name=search_term_string\"}],\"inLanguage\":\"pl-PL\"}]}<\/script>\n<!-- \/ Yoast SEO plugin. -->","yoast_head_json":{"title":"Od\u017cywka Hydro Color Hipertin 300ml - HIPERTIN - Profesjonalne produkty Fryzjerskie","robots":{"index":"index","follow":"follow","max-snippet":"max-snippet:-1","max-image-preview":"max-image-preview:large","max-video-preview":"max-video-preview:-1"},"canonical":"https:\/\/hipertin.dfirma.pl\/index.php\/product\/odzywka-hydro-color-hipertin-300ml\/","og_locale":"pl_PL","og_type":"article","og_title":"Od\u017cywka Hydro Color Hipertin 300ml - HIPERTIN - Profesjonalne produkty Fryzjerskie","og_description":"Balsam leczniczy \u2013 koj\u0105ca od\u017cywka przeznaczona przede wszystkim, do w\u0142os\u00f3w farbowanych i rozja\u015bnianych. Zapewnia ochron\u0119 koloru i znacznie poprawia od\u017cywienie w\u0142os\u00f3w. W\u0142osy staj\u0105 si\u0119 zadbane, jedwabiste i b\u0142yszcz\u0105ce. Witamina E i Filtry UVA\/UVB, zapewniaj\u0105 d\u0142ugotrwa\u0142\u0105 ochron\u0119 przed utrat\u0105 koloru. Ekskluzywna formu\u0142a od\u017cywki, zawiera olejek arganowy, kt\u00f3ra pomaga od\u017cywi\u0107 i nawil\u017cy\u0107 w\u0142osy, pozostawiaj\u0105c je elastyczne, delikatne i b\u0142yszcz\u0105ce.","og_url":"https:\/\/hipertin.dfirma.pl\/index.php\/product\/odzywka-hydro-color-hipertin-300ml\/","og_site_name":"HIPERTIN - Profesjonalne produkty Fryzjerskie","article_modified_time":"2021-10-22T13:00:50+00:00","og_image":[{"width":600,"height":600,"url":"https:\/\/hipertin.dfirma.pl\/wp-content\/uploads\/2021\/07\/odzywka-hydro-color-hipertin-300-ml-e1636533978221.png","type":"image\/png"}],"twitter_card":"summary_large_image","twitter_misc":{"Szacowany czas czytania":"1 minuta"},"schema":{"@context":"https:\/\/schema.org","@graph":[{"@type":"WebPage","@id":"https:\/\/hipertin.dfirma.pl\/index.php\/product\/odzywka-hydro-color-hipertin-300ml\/","url":"https:\/\/hipertin.dfirma.pl\/index.php\/product\/odzywka-hydro-color-hipertin-300ml\/","name":"Od\u017cywka Hydro Color Hipertin 300ml - HIPERTIN - Profesjonalne produkty Fryzjerskie","isPartOf":{"@id":"https:\/\/hipertin.dfirma.pl\/#website"},"datePublished":"2021-07-07T14:30:42+00:00","dateModified":"2021-10-22T13:00:50+00:00","breadcrumb":{"@id":"https:\/\/hipertin.dfirma.pl\/index.php\/product\/odzywka-hydro-color-hipertin-300ml\/#breadcrumb"},"inLanguage":"pl-PL","potentialAction":[{"@type":"ReadAction","target":["https:\/\/hipertin.dfirma.pl\/index.php\/product\/odzywka-hydro-color-hipertin-300ml\/"]}]},{"@type":"BreadcrumbList","@id":"https:\/\/hipertin.dfirma.pl\/index.php\/product\/odzywka-hydro-color-hipertin-300ml\/#breadcrumb","itemListElement":[{"@type":"ListItem","position":1,"name":"Strona g\u0142\u00f3wna","item":"https:\/\/hipertin.dfirma.pl\/"},{"@type":"ListItem","position":2,"name":"Sklep","item":"https:\/\/hipertin.dfirma.pl\/index.php\/sklep\/"},{"@type":"ListItem","position":3,"name":"Od\u017cywka Hydro Color Hipertin 300ml"}]},{"@type":"WebSite","@id":"https:\/\/hipertin.dfirma.pl\/#website","url":"https:\/\/hipertin.dfirma.pl\/","name":"HIPERTIN - Profesjonalne produkty Fryzjerskie","description":"","potentialAction":[{"@type":"SearchAction","target":{"@type":"EntryPoint","urlTemplate":"https:\/\/hipertin.dfirma.pl\/?s={search_term_string}"},"query-input":"required name=search_term_string"}],"inLanguage":"pl-PL"}]}},"_links":{"self":[{"href":"https:\/\/hipertin.dfirma.pl\/index.php\/wp-json\/wp\/v2\/product\/2746","targetHints":{"allow":["GET"]}}],"collection":[{"href":"https:\/\/hipertin.dfirma.pl\/index.php\/wp-json\/wp\/v2\/product"}],"about":[{"href":"https:\/\/hipertin.dfirma.pl\/index.php\/wp-json\/wp\/v2\/types\/product"}],"replies":[{"embeddable":true,"href":"https:\/\/hipertin.dfirma.pl\/index.php\/wp-json\/wp\/v2\/comments?post=2746"}],"wp:featuredmedia":[{"embeddable":true,"href":"https:\/\/hipertin.dfirma.pl\/index.php\/wp-json\/wp\/v2\/media\/2747"}],"wp:attachment":[{"href":"https:\/\/hipertin.dfirma.pl\/index.php\/wp-json\/wp\/v2\/media?parent=2746"}],"wp:term":[{"taxonomy":"product_cat","embeddable":true,"href":"https:\/\/hipertin.dfirma.pl\/index.php\/wp-json\/wp\/v2\/product_cat?post=2746"},{"taxonomy":"product_tag","embeddable":true,"href":"https:\/\/hipertin.dfirma.pl\/index.php\/wp-json\/wp\/v2\/product_tag?post=2746"}],"curies":[{"name":"wp","href":"https:\/\/api.w.org\/{rel}","templated":true}]}}