{"id":2756,"date":"2021-07-07T14:38:14","date_gmt":"2021-07-07T14:38:14","guid":{"rendered":"https:\/\/server656728.nazwa.pl\/hipertin\/?post_type=product&#038;p=2756"},"modified":"2022-04-11T11:26:48","modified_gmt":"2022-04-11T11:26:48","slug":"serum-jedwabne-do-wlosow-hipertin-linecure-silk-serum-50ml","status":"publish","type":"product","link":"https:\/\/hipertin.dfirma.pl\/index.php\/product\/serum-jedwabne-do-wlosow-hipertin-linecure-silk-serum-50ml\/","title":{"rendered":"Serum jedwabne do w\u0142os\u00f3w Hipertin Linecure Silk Serum 50ml"},"content":{"rendered":"<p>Chcesz kupi\u0107 silne serum do w\u0142os\u00f3w, kt\u00f3re naprawi uszkodzone partie w\u0142os\u00f3w? Wybierz wi\u0119c<strong>\u00a0Hipertin Linecure Silk Serum \u2013 serum jedwabne do w\u0142os\u00f3w<\/strong>, a szybko pokonasz problem rozdwojonych ko\u0144c\u00f3wek.<\/p>\n<p><strong>Naprawia, regeneruje i odbudowuje!<\/strong><\/p>\n<p>Hipertin Linecure Silk Serum to szczeg\u00f3lne serum, kt\u00f3re szybko i skutecznie naprawi uszkodzone, rozdwojone oraz krusz\u0105ce si\u0119 ko\u0144c\u00f3wki Twoich w\u0142os\u00f3w. Specjalna, wyj\u0105tkowo inteligentna formu\u0142a, kt\u00f3ra zawiera w swoim sk\u0142adzie liczne proteiny jedwabiu, zapewni Twoim w\u0142osom idealn\u0105 g\u0142adko\u015b\u0107 i pi\u0119kny po\u0142ysk. Sprawi, \u017ce Twoje w\u0142osy b\u0119d\u0105 zdecydowanie \u0142atwiejsze do rozczesania, a wi\u0119c tym samym,\u00a0<strong>b\u0119d\u0105 mniej nara\u017cane na potencjalne uszkodzenia jakie mog\u0105 pojawi\u0107 si\u0119 podczas szarpania czy te\u017c ci\u0105gni\u0119cia w\u0142os\u00f3w<\/strong>. Warto doda\u0107, \u017ce serum bardzo dobrze sprawdzi si\u0119 podczas piel\u0119gnacji uszkodzonych ko\u0144c\u00f3wek po przeprowadzonych zabiegach chemicznych. Zreszt\u0105, sprawd\u017a i przekonaj si\u0119 sama!<\/p>\n<p><strong>Spos\u00f3b u\u017cycia:<\/strong>\u00a0wstrz\u0105sn\u0105\u0107 przed u\u017cyciem. Na\u0142o\u017cy\u0107 kilka kropli na opuszki palc\u00f3w i wetrze\u0107 w suche lub wilgotne ko\u0144ce w\u0142os\u00f3w. Nie ma konieczno\u015bci sp\u0142ukiwania.<\/p>\n<p><strong>Pojemno\u015b\u0107:<\/strong>\u00a050ml<\/p>\n","protected":false},"excerpt":{"rendered":"<p>Chcesz kupi\u0107 silne serum do w\u0142os\u00f3w, kt\u00f3re naprawi uszkodzone partie w\u0142os\u00f3w? Wybierz wi\u0119c<strong>\u00a0Hipertin Linecure Silk Serum \u2013 serum jedwabne do w\u0142os\u00f3w<\/strong>, a szybko pokonasz problem rozdwojonych ko\u0144c\u00f3wek.<\/p>\n<p><strong>Naprawia, regeneruje i odbudowuje!<\/strong><\/p>\n<p>Hipertin Linecure Silk Serum to szczeg\u00f3lne serum, kt\u00f3re szybko i skutecznie naprawi uszkodzone, rozdwojone oraz krusz\u0105ce si\u0119 ko\u0144c\u00f3wki Twoich w\u0142os\u00f3w. Specjalna, wyj\u0105tkowo inteligentna formu\u0142a, kt\u00f3ra zawiera w swoim sk\u0142adzie liczne proteiny jedwabiu, zapewni Twoim w\u0142osom idealn\u0105 g\u0142adko\u015b\u0107 i pi\u0119kny po\u0142ysk. Sprawi, \u017ce Twoje w\u0142osy b\u0119d\u0105 zdecydowanie \u0142atwiejsze do rozczesania, a wi\u0119c tym samym,\u00a0<strong>b\u0119d\u0105 mniej nara\u017cane na potencjalne uszkodzenia jakie mog\u0105 pojawi\u0107 si\u0119 podczas szarpania czy te\u017c ci\u0105gni\u0119cia w\u0142os\u00f3w<\/strong>. Warto doda\u0107, \u017ce serum bardzo dobrze sprawdzi si\u0119 podczas piel\u0119gnacji uszkodzonych ko\u0144c\u00f3wek po przeprowadzonych zabiegach chemicznych. Zreszt\u0105, sprawd\u017a i przekonaj si\u0119 sama!<\/p>\n<p><strong>Spos\u00f3b u\u017cycia:<\/strong>\u00a0wstrz\u0105sn\u0105\u0107 przed u\u017cyciem. Na\u0142o\u017cy\u0107 kilka kropli na opuszki palc\u00f3w i wetrze\u0107 w suche lub wilgotne ko\u0144ce w\u0142os\u00f3w. Nie ma konieczno\u015bci sp\u0142ukiwania.<\/p>\n<p><strong>Pojemno\u015b\u0107:<\/strong>\u00a050ml<\/p>\n","protected":false},"featured_media":2757,"comment_status":"open","ping_status":"closed","template":"","meta":[],"product_cat":[143],"product_tag":[],"class_list":["post-2756","product","type-product","status-publish","has-post-thumbnail","hentry","pwb-brand-hipertin","product_cat-odzywki-i-maski"],"brands":[{"id":133,"name":"Hipertin","slug":"hipertin"}],"yoast_head":"<!-- This site is optimized with the Yoast SEO plugin v19.10 - https:\/\/yoast.com\/wordpress\/plugins\/seo\/ -->\n<title>Serum jedwabne do w\u0142os\u00f3w Hipertin Linecure Silk Serum 50ml - HIPERTIN - Profesjonalne produkty Fryzjerskie<\/title>\n<meta name=\"robots\" content=\"index, follow, max-snippet:-1, max-image-preview:large, max-video-preview:-1\" \/>\n<link rel=\"canonical\" href=\"https:\/\/hipertin.dfirma.pl\/index.php\/product\/serum-jedwabne-do-wlosow-hipertin-linecure-silk-serum-50ml\/\" \/>\n<meta property=\"og:locale\" content=\"pl_PL\" \/>\n<meta property=\"og:type\" content=\"article\" \/>\n<meta property=\"og:title\" content=\"Serum jedwabne do w\u0142os\u00f3w Hipertin Linecure Silk Serum 50ml - HIPERTIN - Profesjonalne produkty Fryzjerskie\" \/>\n<meta property=\"og:description\" content=\"Chcesz kupi\u0107 silne serum do w\u0142os\u00f3w, kt\u00f3re naprawi uszkodzone partie w\u0142os\u00f3w? Wybierz wi\u0119c\u00a0Hipertin Linecure Silk Serum \u2013 serum jedwabne do w\u0142os\u00f3w, a szybko pokonasz problem rozdwojonych ko\u0144c\u00f3wek.  Naprawia, regeneruje i odbudowuje!  Hipertin Linecure Silk Serum to szczeg\u00f3lne serum, kt\u00f3re szybko i skutecznie naprawi uszkodzone, rozdwojone oraz krusz\u0105ce si\u0119 ko\u0144c\u00f3wki Twoich w\u0142os\u00f3w. Specjalna, wyj\u0105tkowo inteligentna formu\u0142a, kt\u00f3ra zawiera w swoim sk\u0142adzie liczne proteiny jedwabiu, zapewni Twoim w\u0142osom idealn\u0105 g\u0142adko\u015b\u0107 i pi\u0119kny po\u0142ysk. Sprawi, \u017ce Twoje w\u0142osy b\u0119d\u0105 zdecydowanie \u0142atwiejsze do rozczesania, a wi\u0119c tym samym,\u00a0b\u0119d\u0105 mniej nara\u017cane na potencjalne uszkodzenia jakie mog\u0105 pojawi\u0107 si\u0119 podczas szarpania czy te\u017c ci\u0105gni\u0119cia w\u0142os\u00f3w. Warto doda\u0107, \u017ce serum bardzo dobrze sprawdzi si\u0119 podczas piel\u0119gnacji uszkodzonych ko\u0144c\u00f3wek po przeprowadzonych zabiegach chemicznych. Zreszt\u0105, sprawd\u017a i przekonaj si\u0119 sama!  Spos\u00f3b u\u017cycia:\u00a0wstrz\u0105sn\u0105\u0107 przed u\u017cyciem. Na\u0142o\u017cy\u0107 kilka kropli na opuszki palc\u00f3w i wetrze\u0107 w suche lub wilgotne ko\u0144ce w\u0142os\u00f3w. Nie ma konieczno\u015bci sp\u0142ukiwania.  Pojemno\u015b\u0107:\u00a050ml\" \/>\n<meta property=\"og:url\" content=\"https:\/\/hipertin.dfirma.pl\/index.php\/product\/serum-jedwabne-do-wlosow-hipertin-linecure-silk-serum-50ml\/\" \/>\n<meta property=\"og:site_name\" content=\"HIPERTIN - Profesjonalne produkty Fryzjerskie\" \/>\n<meta property=\"article:modified_time\" content=\"2022-04-11T11:26:48+00:00\" \/>\n<meta property=\"og:image\" content=\"https:\/\/hipertin.dfirma.pl\/wp-content\/uploads\/2021\/07\/serum-jedwabne-do-wlosow-hipertin-linecure-silk-serum-50-ml-e1636533999270.png\" \/>\n\t<meta property=\"og:image:width\" content=\"600\" \/>\n\t<meta property=\"og:image:height\" content=\"600\" \/>\n\t<meta property=\"og:image:type\" content=\"image\/png\" \/>\n<meta name=\"twitter:card\" content=\"summary_large_image\" \/>\n<meta name=\"twitter:label1\" content=\"Szacowany czas czytania\" \/>\n\t<meta name=\"twitter:data1\" content=\"1 minuta\" \/>\n<script type=\"application\/ld+json\" class=\"yoast-schema-graph\">{\"@context\":\"https:\/\/schema.org\",\"@graph\":[{\"@type\":\"WebPage\",\"@id\":\"https:\/\/hipertin.dfirma.pl\/index.php\/product\/serum-jedwabne-do-wlosow-hipertin-linecure-silk-serum-50ml\/\",\"url\":\"https:\/\/hipertin.dfirma.pl\/index.php\/product\/serum-jedwabne-do-wlosow-hipertin-linecure-silk-serum-50ml\/\",\"name\":\"Serum jedwabne do w\u0142os\u00f3w Hipertin Linecure Silk Serum 50ml - HIPERTIN - Profesjonalne produkty Fryzjerskie\",\"isPartOf\":{\"@id\":\"https:\/\/hipertin.dfirma.pl\/#website\"},\"datePublished\":\"2021-07-07T14:38:14+00:00\",\"dateModified\":\"2022-04-11T11:26:48+00:00\",\"breadcrumb\":{\"@id\":\"https:\/\/hipertin.dfirma.pl\/index.php\/product\/serum-jedwabne-do-wlosow-hipertin-linecure-silk-serum-50ml\/#breadcrumb\"},\"inLanguage\":\"pl-PL\",\"potentialAction\":[{\"@type\":\"ReadAction\",\"target\":[\"https:\/\/hipertin.dfirma.pl\/index.php\/product\/serum-jedwabne-do-wlosow-hipertin-linecure-silk-serum-50ml\/\"]}]},{\"@type\":\"BreadcrumbList\",\"@id\":\"https:\/\/hipertin.dfirma.pl\/index.php\/product\/serum-jedwabne-do-wlosow-hipertin-linecure-silk-serum-50ml\/#breadcrumb\",\"itemListElement\":[{\"@type\":\"ListItem\",\"position\":1,\"name\":\"Strona g\u0142\u00f3wna\",\"item\":\"https:\/\/hipertin.dfirma.pl\/\"},{\"@type\":\"ListItem\",\"position\":2,\"name\":\"Sklep\",\"item\":\"https:\/\/hipertin.dfirma.pl\/index.php\/sklep\/\"},{\"@type\":\"ListItem\",\"position\":3,\"name\":\"Serum jedwabne do w\u0142os\u00f3w Hipertin Linecure Silk Serum 50ml\"}]},{\"@type\":\"WebSite\",\"@id\":\"https:\/\/hipertin.dfirma.pl\/#website\",\"url\":\"https:\/\/hipertin.dfirma.pl\/\",\"name\":\"HIPERTIN - Profesjonalne produkty Fryzjerskie\",\"description\":\"\",\"potentialAction\":[{\"@type\":\"SearchAction\",\"target\":{\"@type\":\"EntryPoint\",\"urlTemplate\":\"https:\/\/hipertin.dfirma.pl\/?s={search_term_string}\"},\"query-input\":\"required name=search_term_string\"}],\"inLanguage\":\"pl-PL\"}]}<\/script>\n<!-- \/ Yoast SEO plugin. -->","yoast_head_json":{"title":"Serum jedwabne do w\u0142os\u00f3w Hipertin Linecure Silk Serum 50ml - HIPERTIN - Profesjonalne produkty Fryzjerskie","robots":{"index":"index","follow":"follow","max-snippet":"max-snippet:-1","max-image-preview":"max-image-preview:large","max-video-preview":"max-video-preview:-1"},"canonical":"https:\/\/hipertin.dfirma.pl\/index.php\/product\/serum-jedwabne-do-wlosow-hipertin-linecure-silk-serum-50ml\/","og_locale":"pl_PL","og_type":"article","og_title":"Serum jedwabne do w\u0142os\u00f3w Hipertin Linecure Silk Serum 50ml - HIPERTIN - Profesjonalne produkty Fryzjerskie","og_description":"Chcesz kupi\u0107 silne serum do w\u0142os\u00f3w, kt\u00f3re naprawi uszkodzone partie w\u0142os\u00f3w? Wybierz wi\u0119c\u00a0Hipertin Linecure Silk Serum \u2013 serum jedwabne do w\u0142os\u00f3w, a szybko pokonasz problem rozdwojonych ko\u0144c\u00f3wek.  Naprawia, regeneruje i odbudowuje!  Hipertin Linecure Silk Serum to szczeg\u00f3lne serum, kt\u00f3re szybko i skutecznie naprawi uszkodzone, rozdwojone oraz krusz\u0105ce si\u0119 ko\u0144c\u00f3wki Twoich w\u0142os\u00f3w. Specjalna, wyj\u0105tkowo inteligentna formu\u0142a, kt\u00f3ra zawiera w swoim sk\u0142adzie liczne proteiny jedwabiu, zapewni Twoim w\u0142osom idealn\u0105 g\u0142adko\u015b\u0107 i pi\u0119kny po\u0142ysk. Sprawi, \u017ce Twoje w\u0142osy b\u0119d\u0105 zdecydowanie \u0142atwiejsze do rozczesania, a wi\u0119c tym samym,\u00a0b\u0119d\u0105 mniej nara\u017cane na potencjalne uszkodzenia jakie mog\u0105 pojawi\u0107 si\u0119 podczas szarpania czy te\u017c ci\u0105gni\u0119cia w\u0142os\u00f3w. Warto doda\u0107, \u017ce serum bardzo dobrze sprawdzi si\u0119 podczas piel\u0119gnacji uszkodzonych ko\u0144c\u00f3wek po przeprowadzonych zabiegach chemicznych. Zreszt\u0105, sprawd\u017a i przekonaj si\u0119 sama!  Spos\u00f3b u\u017cycia:\u00a0wstrz\u0105sn\u0105\u0107 przed u\u017cyciem. Na\u0142o\u017cy\u0107 kilka kropli na opuszki palc\u00f3w i wetrze\u0107 w suche lub wilgotne ko\u0144ce w\u0142os\u00f3w. Nie ma konieczno\u015bci sp\u0142ukiwania.  Pojemno\u015b\u0107:\u00a050ml","og_url":"https:\/\/hipertin.dfirma.pl\/index.php\/product\/serum-jedwabne-do-wlosow-hipertin-linecure-silk-serum-50ml\/","og_site_name":"HIPERTIN - Profesjonalne produkty Fryzjerskie","article_modified_time":"2022-04-11T11:26:48+00:00","og_image":[{"width":600,"height":600,"url":"https:\/\/hipertin.dfirma.pl\/wp-content\/uploads\/2021\/07\/serum-jedwabne-do-wlosow-hipertin-linecure-silk-serum-50-ml-e1636533999270.png","type":"image\/png"}],"twitter_card":"summary_large_image","twitter_misc":{"Szacowany czas czytania":"1 minuta"},"schema":{"@context":"https:\/\/schema.org","@graph":[{"@type":"WebPage","@id":"https:\/\/hipertin.dfirma.pl\/index.php\/product\/serum-jedwabne-do-wlosow-hipertin-linecure-silk-serum-50ml\/","url":"https:\/\/hipertin.dfirma.pl\/index.php\/product\/serum-jedwabne-do-wlosow-hipertin-linecure-silk-serum-50ml\/","name":"Serum jedwabne do w\u0142os\u00f3w Hipertin Linecure Silk Serum 50ml - HIPERTIN - Profesjonalne produkty Fryzjerskie","isPartOf":{"@id":"https:\/\/hipertin.dfirma.pl\/#website"},"datePublished":"2021-07-07T14:38:14+00:00","dateModified":"2022-04-11T11:26:48+00:00","breadcrumb":{"@id":"https:\/\/hipertin.dfirma.pl\/index.php\/product\/serum-jedwabne-do-wlosow-hipertin-linecure-silk-serum-50ml\/#breadcrumb"},"inLanguage":"pl-PL","potentialAction":[{"@type":"ReadAction","target":["https:\/\/hipertin.dfirma.pl\/index.php\/product\/serum-jedwabne-do-wlosow-hipertin-linecure-silk-serum-50ml\/"]}]},{"@type":"BreadcrumbList","@id":"https:\/\/hipertin.dfirma.pl\/index.php\/product\/serum-jedwabne-do-wlosow-hipertin-linecure-silk-serum-50ml\/#breadcrumb","itemListElement":[{"@type":"ListItem","position":1,"name":"Strona g\u0142\u00f3wna","item":"https:\/\/hipertin.dfirma.pl\/"},{"@type":"ListItem","position":2,"name":"Sklep","item":"https:\/\/hipertin.dfirma.pl\/index.php\/sklep\/"},{"@type":"ListItem","position":3,"name":"Serum jedwabne do w\u0142os\u00f3w Hipertin Linecure Silk Serum 50ml"}]},{"@type":"WebSite","@id":"https:\/\/hipertin.dfirma.pl\/#website","url":"https:\/\/hipertin.dfirma.pl\/","name":"HIPERTIN - Profesjonalne produkty Fryzjerskie","description":"","potentialAction":[{"@type":"SearchAction","target":{"@type":"EntryPoint","urlTemplate":"https:\/\/hipertin.dfirma.pl\/?s={search_term_string}"},"query-input":"required name=search_term_string"}],"inLanguage":"pl-PL"}]}},"_links":{"self":[{"href":"https:\/\/hipertin.dfirma.pl\/index.php\/wp-json\/wp\/v2\/product\/2756","targetHints":{"allow":["GET"]}}],"collection":[{"href":"https:\/\/hipertin.dfirma.pl\/index.php\/wp-json\/wp\/v2\/product"}],"about":[{"href":"https:\/\/hipertin.dfirma.pl\/index.php\/wp-json\/wp\/v2\/types\/product"}],"replies":[{"embeddable":true,"href":"https:\/\/hipertin.dfirma.pl\/index.php\/wp-json\/wp\/v2\/comments?post=2756"}],"wp:featuredmedia":[{"embeddable":true,"href":"https:\/\/hipertin.dfirma.pl\/index.php\/wp-json\/wp\/v2\/media\/2757"}],"wp:attachment":[{"href":"https:\/\/hipertin.dfirma.pl\/index.php\/wp-json\/wp\/v2\/media?parent=2756"}],"wp:term":[{"taxonomy":"product_cat","embeddable":true,"href":"https:\/\/hipertin.dfirma.pl\/index.php\/wp-json\/wp\/v2\/product_cat?post=2756"},{"taxonomy":"product_tag","embeddable":true,"href":"https:\/\/hipertin.dfirma.pl\/index.php\/wp-json\/wp\/v2\/product_tag?post=2756"}],"curies":[{"name":"wp","href":"https:\/\/api.w.org\/{rel}","templated":true}]}}