{"id":2758,"date":"2021-07-07T14:40:28","date_gmt":"2021-07-07T14:40:28","guid":{"rendered":"https:\/\/server656728.nazwa.pl\/hipertin\/?post_type=product&#038;p=2758"},"modified":"2022-04-11T11:26:56","modified_gmt":"2022-04-11T11:26:56","slug":"ampulki-przeciw-wypadaniu-wlosow-hipertin-linecure-densidyl-prevent-12x10ml","status":"publish","type":"product","link":"https:\/\/hipertin.dfirma.pl\/index.php\/product\/ampulki-przeciw-wypadaniu-wlosow-hipertin-linecure-densidyl-prevent-12x10ml\/","title":{"rendered":"Ampu\u0142ki przeciw wypadaniu w\u0142os\u00f3w Hipertin Linecure Densidyl Prevent 12x10ml"},"content":{"rendered":"<p>Twoim problemem s\u0105 wypadaj\u0105ce w\u0142osy? Wybierz wi\u0119c<strong>\u00a0Hipertin Linecure Densidyl Prevent \u2013 ampu\u0142ki przeciw wypadaniu w\u0142os\u00f3w<\/strong>, a szybko i sprawnie pokonasz ten problem.<\/p>\n<p><strong>Zdrowe, mocne i pi\u0119kne w\u0142osy od zaraz!<\/strong><\/p>\n<p>Hipertin Linecure Densidyl Prevent \u2013 ampu\u0142ki przeciw wypadaniu w\u0142os\u00f3w to znakomite ampu\u0142ki, kt\u00f3ra zaskocz\u0105 Ciebie swoim niesamowitym dzia\u0142aniem. To bardzo skuteczna kuracja zapobiegaj\u0105ca wypadaniu w\u0142os\u00f3w. Na skutek jej dzia\u0142ania, pobudzona zostaje cyrkulacja krwi w sk\u00f3rze w\u0142osy co przek\u0142ada si\u0119 na \u0142atwiejszy jej przep\u0142yw przez korze\u0144 w\u0142osa. W efekcie takiego dzia\u0142ania, w\u0142osy staj\u0105 si\u0119 zdecydowanie mocniejsze i bardziej odporne na wypadanie. Innowacyjna formu\u0142a\u00a0<strong>Hipertin Linecure Densidyl Prevent zosta\u0142a stworzona w oparciu o ekstrakt z guarany<\/strong>, kompozycji olejk\u00f3w ro\u015blinnych oraz kompleksu aminokwas\u00f3w, nic wi\u0119c dziwnego, \u017ce stanowi prawdziw\u0105 bomb\u0119 witaminow\u0105 dla w\u0142os\u00f3w.<\/p>\n<p><strong>Zalety Hipertin Linecure Densidyl Prevent:<\/strong><\/p>\n<ul>\n<li>Zapobiegaj\u0105 wypadaniu w\u0142os\u00f3w<\/li>\n<li>Pobudzaj\u0105 cyrkulacj\u0119 krwi<\/li>\n<li>U\u0142atwiaj\u0105 przep\u0142yw krwi do korzenia w\u0142osa<\/li>\n<li>Wzmacniaj\u0105 w\u0142osy<\/li>\n<li>Zawieraj\u0105 liczne aminokwasy, ekstrakt z guarany<\/li>\n<li>Bogate w olejki ro\u015blinne<\/li>\n<\/ul>\n<p><strong>Spos\u00f3b u\u017cycia:<\/strong><\/p>\n<p>Na\u0142\u00f3\u017c na wcze\u015bniej umyt\u0105 sk\u00f3r\u0119 g\u0142owy szamponem <a href=\"http:\/\/hipertin.dfirma.pl\/index.php\/product\/szampon-przeciw-wypadaniu-hipertin-hair-loss-prevent-300ml-lub-1000ml\/\"><strong>ANTI HAIR LOSS z serii Linecure<\/strong><\/a>, minimum 3 razy w tygodniu i delikatnie wmasuj. Nie sp\u0142ukiwa\u0107. Rekomendujemy nak\u0142ada\u0107 produkt codziennie, dziel\u0105c 1 ampu\u0142k\u0119 na 3 dawki.<\/p>\n<p><strong>Pojemno\u015b\u0107:<\/strong>\u00a012x10ml<\/p>\n","protected":false},"excerpt":{"rendered":"<p><strong>Zdrowe, mocne i pi\u0119kne w\u0142osy od zaraz!<\/strong><\/p>\n<p>Hipertin Linecure Densidyl Prevent \u2013 ampu\u0142ki przeciw wypadaniu w\u0142os\u00f3w to znakomity produkt, kt\u00f3ra zaskoczy Ciebie swoim niesamowitym dzia\u0142aniem. To bardzo skuteczna kuracja zapobiegaj\u0105ca wypadaniu w\u0142os\u00f3w. Na skutek jej dzia\u0142ania, pobudzona zostaje cyrkulacja krwi w sk\u00f3rze w\u0142osy co przek\u0142ada si\u0119 na \u0142atwiejszy jej przep\u0142yw przez korze\u0144 w\u0142osa. W efekcie takiego dzia\u0142ania, w\u0142osy staj\u0105 si\u0119 zdecydowanie mocniejsze i bardziej odporne na wypadanie. Innowacyjna formu\u0142a\u00a0<strong>Hipertin Linecure Densidyl Prevent zosta\u0142a stworzona w oparciu o ekstrakt z guarany<\/strong>, kompozycji olejk\u00f3w ro\u015blinnych oraz kompleksu aminokwas\u00f3w, nic wi\u0119c dziwnego, \u017ce stanowi prawdziw\u0105 bomb\u0119 witaminow\u0105 dla w\u0142os\u00f3w.<\/p>\n<p><strong>Zalety Hipertin Linecure Densidyl Prevent:<\/strong><\/p>\n<ul>\n<li>Zapobiegaj\u0105 wypadaniu w\u0142os\u00f3w<\/li>\n<li>Pobudzaj\u0105 cyrkulacj\u0119 krwi<\/li>\n<li>U\u0142atwiaj\u0105 przep\u0142yw krwi do korzenia w\u0142osa<\/li>\n<li>Wzmacniaj\u0105 w\u0142osy<\/li>\n<li>Zawieraj\u0105 liczne aminokwasy, ekstrakt z guarany<\/li>\n<li>Bogate w olejki ro\u015blinne<\/li>\n<\/ul>\n","protected":false},"featured_media":2759,"comment_status":"open","ping_status":"closed","template":"","meta":[],"product_cat":[137],"product_tag":[],"class_list":["post-2758","product","type-product","status-publish","has-post-thumbnail","hentry","pwb-brand-hipertin","product_cat-problemy-skory-glowy"],"brands":[{"id":133,"name":"Hipertin","slug":"hipertin"}],"yoast_head":"<!-- This site is optimized with the Yoast SEO plugin v19.10 - https:\/\/yoast.com\/wordpress\/plugins\/seo\/ -->\n<title>Ampu\u0142ki przeciw wypadaniu w\u0142os\u00f3w Hipertin Linecure Densidyl Prevent 12x10ml - HIPERTIN - Profesjonalne produkty Fryzjerskie<\/title>\n<meta name=\"robots\" content=\"index, follow, max-snippet:-1, max-image-preview:large, max-video-preview:-1\" \/>\n<link rel=\"canonical\" href=\"https:\/\/hipertin.dfirma.pl\/index.php\/product\/ampulki-przeciw-wypadaniu-wlosow-hipertin-linecure-densidyl-prevent-12x10ml\/\" \/>\n<meta property=\"og:locale\" content=\"pl_PL\" \/>\n<meta property=\"og:type\" content=\"article\" \/>\n<meta property=\"og:title\" content=\"Ampu\u0142ki przeciw wypadaniu w\u0142os\u00f3w Hipertin Linecure Densidyl Prevent 12x10ml - HIPERTIN - Profesjonalne produkty Fryzjerskie\" \/>\n<meta property=\"og:description\" content=\"Zdrowe, mocne i pi\u0119kne w\u0142osy od zaraz!  Hipertin Linecure Densidyl Prevent \u2013 ampu\u0142ki przeciw wypadaniu w\u0142os\u00f3w to znakomity produkt, kt\u00f3ra zaskoczy Ciebie swoim niesamowitym dzia\u0142aniem. To bardzo skuteczna kuracja zapobiegaj\u0105ca wypadaniu w\u0142os\u00f3w. Na skutek jej dzia\u0142ania, pobudzona zostaje cyrkulacja krwi w sk\u00f3rze w\u0142osy co przek\u0142ada si\u0119 na \u0142atwiejszy jej przep\u0142yw przez korze\u0144 w\u0142osa. W efekcie takiego dzia\u0142ania, w\u0142osy staj\u0105 si\u0119 zdecydowanie mocniejsze i bardziej odporne na wypadanie. Innowacyjna formu\u0142a\u00a0Hipertin Linecure Densidyl Prevent zosta\u0142a stworzona w oparciu o ekstrakt z guarany, kompozycji olejk\u00f3w ro\u015blinnych oraz kompleksu aminokwas\u00f3w, nic wi\u0119c dziwnego, \u017ce stanowi prawdziw\u0105 bomb\u0119 witaminow\u0105 dla w\u0142os\u00f3w.  Zalety Hipertin Linecure Densidyl Prevent:   Zapobiegaj\u0105 wypadaniu w\u0142os\u00f3w  Pobudzaj\u0105 cyrkulacj\u0119 krwi  U\u0142atwiaj\u0105 przep\u0142yw krwi do korzenia w\u0142osa  Wzmacniaj\u0105 w\u0142osy  Zawieraj\u0105 liczne aminokwasy, ekstrakt z guarany  Bogate w olejki ro\u015blinne\" \/>\n<meta property=\"og:url\" content=\"https:\/\/hipertin.dfirma.pl\/index.php\/product\/ampulki-przeciw-wypadaniu-wlosow-hipertin-linecure-densidyl-prevent-12x10ml\/\" \/>\n<meta property=\"og:site_name\" content=\"HIPERTIN - Profesjonalne produkty Fryzjerskie\" \/>\n<meta property=\"article:modified_time\" content=\"2022-04-11T11:26:56+00:00\" \/>\n<meta property=\"og:image\" content=\"https:\/\/hipertin.dfirma.pl\/wp-content\/uploads\/2021\/07\/ampulki-przeciw-wypadaniu-wlosow-hipertin-linecure-densidyl-prevent-12x10-ml-e1636534007634.png\" \/>\n\t<meta property=\"og:image:width\" content=\"600\" \/>\n\t<meta property=\"og:image:height\" content=\"600\" \/>\n\t<meta property=\"og:image:type\" content=\"image\/png\" \/>\n<meta name=\"twitter:card\" content=\"summary_large_image\" \/>\n<meta name=\"twitter:label1\" content=\"Szacowany czas czytania\" \/>\n\t<meta name=\"twitter:data1\" content=\"1 minuta\" \/>\n<script type=\"application\/ld+json\" class=\"yoast-schema-graph\">{\"@context\":\"https:\/\/schema.org\",\"@graph\":[{\"@type\":\"WebPage\",\"@id\":\"https:\/\/hipertin.dfirma.pl\/index.php\/product\/ampulki-przeciw-wypadaniu-wlosow-hipertin-linecure-densidyl-prevent-12x10ml\/\",\"url\":\"https:\/\/hipertin.dfirma.pl\/index.php\/product\/ampulki-przeciw-wypadaniu-wlosow-hipertin-linecure-densidyl-prevent-12x10ml\/\",\"name\":\"Ampu\u0142ki przeciw wypadaniu w\u0142os\u00f3w Hipertin Linecure Densidyl Prevent 12x10ml - HIPERTIN - Profesjonalne produkty Fryzjerskie\",\"isPartOf\":{\"@id\":\"https:\/\/hipertin.dfirma.pl\/#website\"},\"datePublished\":\"2021-07-07T14:40:28+00:00\",\"dateModified\":\"2022-04-11T11:26:56+00:00\",\"breadcrumb\":{\"@id\":\"https:\/\/hipertin.dfirma.pl\/index.php\/product\/ampulki-przeciw-wypadaniu-wlosow-hipertin-linecure-densidyl-prevent-12x10ml\/#breadcrumb\"},\"inLanguage\":\"pl-PL\",\"potentialAction\":[{\"@type\":\"ReadAction\",\"target\":[\"https:\/\/hipertin.dfirma.pl\/index.php\/product\/ampulki-przeciw-wypadaniu-wlosow-hipertin-linecure-densidyl-prevent-12x10ml\/\"]}]},{\"@type\":\"BreadcrumbList\",\"@id\":\"https:\/\/hipertin.dfirma.pl\/index.php\/product\/ampulki-przeciw-wypadaniu-wlosow-hipertin-linecure-densidyl-prevent-12x10ml\/#breadcrumb\",\"itemListElement\":[{\"@type\":\"ListItem\",\"position\":1,\"name\":\"Strona g\u0142\u00f3wna\",\"item\":\"https:\/\/hipertin.dfirma.pl\/\"},{\"@type\":\"ListItem\",\"position\":2,\"name\":\"Sklep\",\"item\":\"https:\/\/hipertin.dfirma.pl\/index.php\/sklep\/\"},{\"@type\":\"ListItem\",\"position\":3,\"name\":\"Ampu\u0142ki przeciw wypadaniu w\u0142os\u00f3w Hipertin Linecure Densidyl Prevent 12x10ml\"}]},{\"@type\":\"WebSite\",\"@id\":\"https:\/\/hipertin.dfirma.pl\/#website\",\"url\":\"https:\/\/hipertin.dfirma.pl\/\",\"name\":\"HIPERTIN - Profesjonalne produkty Fryzjerskie\",\"description\":\"\",\"potentialAction\":[{\"@type\":\"SearchAction\",\"target\":{\"@type\":\"EntryPoint\",\"urlTemplate\":\"https:\/\/hipertin.dfirma.pl\/?s={search_term_string}\"},\"query-input\":\"required name=search_term_string\"}],\"inLanguage\":\"pl-PL\"}]}<\/script>\n<!-- \/ Yoast SEO plugin. -->","yoast_head_json":{"title":"Ampu\u0142ki przeciw wypadaniu w\u0142os\u00f3w Hipertin Linecure Densidyl Prevent 12x10ml - HIPERTIN - Profesjonalne produkty Fryzjerskie","robots":{"index":"index","follow":"follow","max-snippet":"max-snippet:-1","max-image-preview":"max-image-preview:large","max-video-preview":"max-video-preview:-1"},"canonical":"https:\/\/hipertin.dfirma.pl\/index.php\/product\/ampulki-przeciw-wypadaniu-wlosow-hipertin-linecure-densidyl-prevent-12x10ml\/","og_locale":"pl_PL","og_type":"article","og_title":"Ampu\u0142ki przeciw wypadaniu w\u0142os\u00f3w Hipertin Linecure Densidyl Prevent 12x10ml - HIPERTIN - Profesjonalne produkty Fryzjerskie","og_description":"Zdrowe, mocne i pi\u0119kne w\u0142osy od zaraz!  Hipertin Linecure Densidyl Prevent \u2013 ampu\u0142ki przeciw wypadaniu w\u0142os\u00f3w to znakomity produkt, kt\u00f3ra zaskoczy Ciebie swoim niesamowitym dzia\u0142aniem. To bardzo skuteczna kuracja zapobiegaj\u0105ca wypadaniu w\u0142os\u00f3w. Na skutek jej dzia\u0142ania, pobudzona zostaje cyrkulacja krwi w sk\u00f3rze w\u0142osy co przek\u0142ada si\u0119 na \u0142atwiejszy jej przep\u0142yw przez korze\u0144 w\u0142osa. W efekcie takiego dzia\u0142ania, w\u0142osy staj\u0105 si\u0119 zdecydowanie mocniejsze i bardziej odporne na wypadanie. Innowacyjna formu\u0142a\u00a0Hipertin Linecure Densidyl Prevent zosta\u0142a stworzona w oparciu o ekstrakt z guarany, kompozycji olejk\u00f3w ro\u015blinnych oraz kompleksu aminokwas\u00f3w, nic wi\u0119c dziwnego, \u017ce stanowi prawdziw\u0105 bomb\u0119 witaminow\u0105 dla w\u0142os\u00f3w.  Zalety Hipertin Linecure Densidyl Prevent:   Zapobiegaj\u0105 wypadaniu w\u0142os\u00f3w  Pobudzaj\u0105 cyrkulacj\u0119 krwi  U\u0142atwiaj\u0105 przep\u0142yw krwi do korzenia w\u0142osa  Wzmacniaj\u0105 w\u0142osy  Zawieraj\u0105 liczne aminokwasy, ekstrakt z guarany  Bogate w olejki ro\u015blinne","og_url":"https:\/\/hipertin.dfirma.pl\/index.php\/product\/ampulki-przeciw-wypadaniu-wlosow-hipertin-linecure-densidyl-prevent-12x10ml\/","og_site_name":"HIPERTIN - Profesjonalne produkty Fryzjerskie","article_modified_time":"2022-04-11T11:26:56+00:00","og_image":[{"width":600,"height":600,"url":"https:\/\/hipertin.dfirma.pl\/wp-content\/uploads\/2021\/07\/ampulki-przeciw-wypadaniu-wlosow-hipertin-linecure-densidyl-prevent-12x10-ml-e1636534007634.png","type":"image\/png"}],"twitter_card":"summary_large_image","twitter_misc":{"Szacowany czas czytania":"1 minuta"},"schema":{"@context":"https:\/\/schema.org","@graph":[{"@type":"WebPage","@id":"https:\/\/hipertin.dfirma.pl\/index.php\/product\/ampulki-przeciw-wypadaniu-wlosow-hipertin-linecure-densidyl-prevent-12x10ml\/","url":"https:\/\/hipertin.dfirma.pl\/index.php\/product\/ampulki-przeciw-wypadaniu-wlosow-hipertin-linecure-densidyl-prevent-12x10ml\/","name":"Ampu\u0142ki przeciw wypadaniu w\u0142os\u00f3w Hipertin Linecure Densidyl Prevent 12x10ml - HIPERTIN - Profesjonalne produkty Fryzjerskie","isPartOf":{"@id":"https:\/\/hipertin.dfirma.pl\/#website"},"datePublished":"2021-07-07T14:40:28+00:00","dateModified":"2022-04-11T11:26:56+00:00","breadcrumb":{"@id":"https:\/\/hipertin.dfirma.pl\/index.php\/product\/ampulki-przeciw-wypadaniu-wlosow-hipertin-linecure-densidyl-prevent-12x10ml\/#breadcrumb"},"inLanguage":"pl-PL","potentialAction":[{"@type":"ReadAction","target":["https:\/\/hipertin.dfirma.pl\/index.php\/product\/ampulki-przeciw-wypadaniu-wlosow-hipertin-linecure-densidyl-prevent-12x10ml\/"]}]},{"@type":"BreadcrumbList","@id":"https:\/\/hipertin.dfirma.pl\/index.php\/product\/ampulki-przeciw-wypadaniu-wlosow-hipertin-linecure-densidyl-prevent-12x10ml\/#breadcrumb","itemListElement":[{"@type":"ListItem","position":1,"name":"Strona g\u0142\u00f3wna","item":"https:\/\/hipertin.dfirma.pl\/"},{"@type":"ListItem","position":2,"name":"Sklep","item":"https:\/\/hipertin.dfirma.pl\/index.php\/sklep\/"},{"@type":"ListItem","position":3,"name":"Ampu\u0142ki przeciw wypadaniu w\u0142os\u00f3w Hipertin Linecure Densidyl Prevent 12x10ml"}]},{"@type":"WebSite","@id":"https:\/\/hipertin.dfirma.pl\/#website","url":"https:\/\/hipertin.dfirma.pl\/","name":"HIPERTIN - Profesjonalne produkty Fryzjerskie","description":"","potentialAction":[{"@type":"SearchAction","target":{"@type":"EntryPoint","urlTemplate":"https:\/\/hipertin.dfirma.pl\/?s={search_term_string}"},"query-input":"required name=search_term_string"}],"inLanguage":"pl-PL"}]}},"_links":{"self":[{"href":"https:\/\/hipertin.dfirma.pl\/index.php\/wp-json\/wp\/v2\/product\/2758","targetHints":{"allow":["GET"]}}],"collection":[{"href":"https:\/\/hipertin.dfirma.pl\/index.php\/wp-json\/wp\/v2\/product"}],"about":[{"href":"https:\/\/hipertin.dfirma.pl\/index.php\/wp-json\/wp\/v2\/types\/product"}],"replies":[{"embeddable":true,"href":"https:\/\/hipertin.dfirma.pl\/index.php\/wp-json\/wp\/v2\/comments?post=2758"}],"wp:featuredmedia":[{"embeddable":true,"href":"https:\/\/hipertin.dfirma.pl\/index.php\/wp-json\/wp\/v2\/media\/2759"}],"wp:attachment":[{"href":"https:\/\/hipertin.dfirma.pl\/index.php\/wp-json\/wp\/v2\/media?parent=2758"}],"wp:term":[{"taxonomy":"product_cat","embeddable":true,"href":"https:\/\/hipertin.dfirma.pl\/index.php\/wp-json\/wp\/v2\/product_cat?post=2758"},{"taxonomy":"product_tag","embeddable":true,"href":"https:\/\/hipertin.dfirma.pl\/index.php\/wp-json\/wp\/v2\/product_tag?post=2758"}],"curies":[{"name":"wp","href":"https:\/\/api.w.org\/{rel}","templated":true}]}}