{"id":2769,"date":"2021-07-08T07:33:45","date_gmt":"2021-07-08T07:33:45","guid":{"rendered":"https:\/\/server656728.nazwa.pl\/hipertin\/?post_type=product&#038;p=2769"},"modified":"2022-04-11T11:27:10","modified_gmt":"2022-04-11T11:27:10","slug":"kit-lifting-hipertin-zestaw-regenerujacy-wlosy-15-kremow-olejek","status":"publish","type":"product","link":"https:\/\/hipertin.dfirma.pl\/index.php\/product\/kit-lifting-hipertin-zestaw-regenerujacy-wlosy-15-kremow-olejek\/","title":{"rendered":"Kit Lifting Hipertin \u2013 zestaw regeneruj\u0105cy w\u0142osy (15 krem\u00f3w + olejek)"},"content":{"rendered":"<p><strong>KIT LIFTING Hipertin \u2013<\/strong>\u00a0zestaw regeneruj\u0105cy w\u0142osy (15 krem\u00f3w + olejek) to\u00a0<strong>intensywna kuracja<\/strong>\u00a0do w\u0142os\u00f3w z kom\u00f3rkami macierzystymi. Dedykowany do u\u017cycia w salonie fryzjerskim.<\/p>\n<p><strong>Rytua\u0142 odm\u0142odzenia w\u0142osa. Intensywna formu\u0142a regeneruj\u0105ca, przynosz\u0105ca nadzwyczajne efekty.<\/strong>\u00a0\u0141\u0105czy dzia\u0142anie kom\u00f3rek macierzystych z kwiatem lotosu i kompleksem aminokwas\u00f3w.\u00a0<strong>Natychmiast naprawia\u00a0<\/strong>bardzo zniszczone w\u0142osy.\u00a0<strong>G\u0142\u0119boko penetruje w\u0142os\u00a0<\/strong>od wewn\u0105trz.<\/p>\n<p><strong>Wyg\u0142adza\u00a0jego \u0142usk\u0119.<\/strong><\/p>\n<p><strong>EFEKT ODM\u0141ODZENIA JU\u017b PO PIERWSZYM ZASTOSOWANIU !<\/strong><\/p>\n<p>Starzenie biologiczne zwi\u0105zane jest z procesem utleniania moleku\u0142 we w\u0142osie, wywo\u0142anym wolnymi rodnikami, kt\u00f3re atakuj\u0105c powoduj\u0105 przesuszenie, odwodnienie i w konsekwencji os\u0142abienie w\u0142os\u00f3w. Lifting poprzez intensywn\u0105 terapi\u0119 kom\u00f3rek macierzystych, kompleks aminokwas\u00f3w i wyci\u0105g z kwiatu lotosu, nawil\u017ca w\u0142osy, regeneruje od wewn\u0105trz, daj\u0105c niebywa\u0142y efekt znacznego odm\u0142odzenia w\u0142os\u00f3w, ju\u017c po pierwszym zastosowaniu. Zdrowie, witalno\u015b\u0107 i niesamowity po\u0142ysk teraz zaledwie w dw\u00f3ch krokach: Zastosowanie kremu odm\u0142adzaj\u0105cego oraz aplikacja olejku liftinguj\u0105cego.<\/p>\n<p>Kom\u00f3rki macierzyste, maj\u0105 znaczny wp\u0142yw na regeneracj\u0119 sk\u00f3ry i w\u0142os\u00f3w. Ich w\u0142a\u015bciwo\u015bci, s\u0105 nieocenione z uwagi na zdolno\u015b\u0107 samo regeneracji, czyli umiej\u0119tno\u015b\u0107 tworzenia kom\u00f3rek tej samej tkanki. W zwi\u0105zku z tym kom\u00f3rki macierzyste s\u0105 szczeg\u00f3lnie cenne. Te zawarte w Liftingu, pochodz\u0105 ze Szwajcarii, z jab\u0142ka o odmianie<strong>\u00a0Uttwiler Spotlanber<\/strong>. Jest to wyj\u0105tkowa odmiana jab\u0142ka, znana ze swojej zdolno\u015bci do przechowywania wiele miesi\u0119cy, bez efektu starzenia si\u0119. Uwa\u017cane przez naukowc\u00f3w, kt\u00f3rzy wykazali, \u017ce kom\u00f3rki macierzystae z tego jab\u0142ka pomagaj\u0105 op\u00f3\u017ania\u0107 procesy starzenia. My za\u015b wiemy, \u017ce\u00a0<strong>kom\u00f3rki macierzyste<\/strong>\u00a0zawarte w Lifting Reconstructor s\u0105 w stanie ca\u0142kowicie zregenerowa\u0107 w\u0142osy \u2013 ju\u017c przy pierwszym u\u017cyciu.<\/p>\n<p>Drugim bardzo wa\u017cnym sk\u0142adnikiem Liftingu jest kwiat lotosu, bogaty w przeciwutleniacze i polifenole. Posiada tak\u017ce w\u0142a\u015bciwo\u015bci \u0142agodz\u0105ce, od\u017cywcze i nawil\u017caj\u0105ce. Zdrowie, witalno\u015b\u0107 i niesamowity po\u0142ysk teraz zaledwie w dw\u00f3ch krokach: Zastosowanie kremu odm\u0142adzaj\u0105cego oraz aplikacja olejku liftinguj\u0105cego. Intensywna regeneracja w\u0142osa kom\u00f3rkami macierzystymi, czyli Lifting Reconstructor, mo\u017ce by\u0107 stosowana do ka\u017cdego rodzaju w\u0142os\u00f3w.<\/p>\n<p>Sprawd\u017a sam, jak dotychczas w\u0142osy s\u0142abe, zniszczone, przesuszone zyskuj\u0105 sw\u00f3j dawny blask i naturalny wygl\u0105d.<\/p>\n<p>Rytua\u0142 Liftingu sk\u0142ada si\u0119 z dw\u00f3ch produkt\u00f3w:<\/p>\n<p><strong>15 x 30 ml \u2013 Krem odm\u0142adzaj\u0105cy<\/strong>\u00a0\u2013 regeneruje, naprawia, od\u017cywia i g\u0142\u0119boko nawil\u017ca w\u0142osy ju\u017c przy pierwszej aplikacji. Kom\u00f3rki macierzyste i wyci\u0105g z kwiatu lotosu, naprawiaj\u0105 nawet najbardziej uszkodzone w\u0142osy, pozostawiaj\u0105c je wyra\u017anie zdrowsze. G\u0142\u0119boko penetruj\u0105 w\u0142\u00f3kno w\u0142osa, poprawiaj\u0105c ich zdrowie i witalno\u015b\u0107. W\u0142osy odzyskuj\u0105 sw\u00f3j dawny wygl\u0105d.<\/p>\n<p><strong>1 x 125 Lifting Oil<\/strong>\u00a0\u2013 olejek odm\u0142adzaj\u0105cy wzbogacony kompleksem aminokwas\u00f3w. Uzupe\u0142nia ubytki we w\u0142osie, sprawia \u017ce w\u0142osy staj\u0105 si\u0119 jedwabiste i b\u0142yszcz\u0105ce.<\/p>\n<p><strong>APLIKACJA<\/strong><\/p>\n<p>Spos\u00f3b u\u017cycia :<\/p>\n<p><strong>Faza 1\u00a0<\/strong>. Po umyciu w\u0142os\u00f3w i ods\u0105czeniu z wilgoci na\u0142o\u017cy\u0107 odpowiedni\u0105 ilo\u015b\u0107 kremu odm\u0142adzaj\u0105cego na d\u0142ugo\u015bci i ko\u0144ce.<\/p>\n<p>Przeczesa\u0107\u00a0w\u0142osy. Nast\u0119pnie rozpyli\u0107 olejek Liftinguj\u0105cy i wmasowa\u0107 we w\u0142osy.<\/p>\n<p>Na\u0142o\u017cy\u0107 czepek aluminiowy na g\u0142ow\u0119 i odczeka\u0107\u00a0 25\u00a0minut. Po up\u0142ywie tego czasu, dok\u0142adnie sp\u0142uka\u0107 w\u0142osy.<\/p>\n<p><strong>Faza 2<\/strong>\u00a0. Po sp\u0142ukaniu\u00a0 i ods\u0105czeniu z wody, rozpyli\u0107 olejek Liftinguj\u0105cy (3 pomki ).Przeczesa\u0107 w\u0142osy.<b>Nie sp\u0142ukiwa\u0107.<\/b><\/p>\n<p>Dowolnie wystylizowa\u0107 fryzur\u0119.<\/p>\n<p><strong>Aplikacja na w\u0142osy kr\u00f3tkie :<\/strong><\/p>\n<p>Faza 1 : 1\/2 tuby kremu odm\u0142adzaj\u0105cego + 2 rozpylenia olejku Liftinguj\u0105cego.<\/p>\n<p>Faza 2 : Spryska\u0107 w\u0142osy 2-krotnie olejkiem Liftinguj\u0105cym.<\/p>\n<p><strong>Aplikacja na w\u0142osy \u015bredniej d\u0142ugo\u015bci :<\/strong><\/p>\n<p>Faza 1 : 3\/4 tuby kremu odm\u0142adzaj\u0105cego + 3 rozpylenia olejkiem Liftinguj\u0105cym.<\/p>\n<p>Faza 2 : Spryska\u0107 w\u0142osy 3-krotnie olejkiem Liftinguj\u0105cym.<\/p>\n<p><strong>Aplikacja na w\u0142osy d\u0142ugie :<\/strong><\/p>\n<p>Faza 1 : 1 tuba kremu odm\u0142adzaj\u0105cego + 3-4 rozpylenia olejkiem Liftingujacym.<\/p>\n<p>Faza 2 : Spryska\u0107 w\u0142osy 3-4 krotnie olejkiem Liftingujacym.<\/p>\n","protected":false},"excerpt":{"rendered":"<p><strong>KIT LIFTING Hipertin \u2013<\/strong>\u00a0zestaw regeneruj\u0105cy w\u0142osy (15 krem\u00f3w + olejek) to\u00a0<strong>intensywna kuracja<\/strong>\u00a0do w\u0142os\u00f3w z kom\u00f3rkami macierzystymi. Dedykowany do u\u017cycia w salonie fryzjerskim.<\/p>\n<p><strong>Rytua\u0142 odm\u0142odzenia w\u0142osa. Intensywna formu\u0142a regeneruj\u0105ca, przynosz\u0105ca nadzwyczajne efekty.<\/strong>\u00a0\u0141\u0105czy dzia\u0142anie kom\u00f3rek macierzystych z kwiatem lotosu i kompleksem aminokwas\u00f3w.\u00a0<strong>Natychmiast naprawia\u00a0<\/strong>bardzo zniszczone w\u0142osy.\u00a0<strong>G\u0142\u0119boko penetruje w\u0142os\u00a0<\/strong>od wewn\u0105trz.<\/p>\n<p><strong>Wyg\u0142adza\u00a0jego \u0142usk\u0119.<\/strong><\/p>\n<p><strong>EFEKT ODM\u0141ODZENIA JU\u017b PO PIERWSZYM ZASTOSOWANIU !<\/strong><\/p>\n","protected":false},"featured_media":2715,"comment_status":"open","ping_status":"closed","template":"","meta":[],"product_cat":[136],"product_tag":[],"class_list":["post-2769","product","type-product","status-publish","has-post-thumbnail","hentry","product_cat-pielegnacja-zaawansowana"],"brands":[],"yoast_head":"<!-- This site is optimized with the Yoast SEO plugin v19.10 - https:\/\/yoast.com\/wordpress\/plugins\/seo\/ -->\n<title>Kit Lifting Hipertin \u2013 zestaw regeneruj\u0105cy w\u0142osy (15 krem\u00f3w + olejek) - HIPERTIN - Profesjonalne produkty Fryzjerskie<\/title>\n<meta name=\"robots\" content=\"index, follow, max-snippet:-1, max-image-preview:large, max-video-preview:-1\" \/>\n<link rel=\"canonical\" href=\"https:\/\/hipertin.dfirma.pl\/index.php\/product\/kit-lifting-hipertin-zestaw-regenerujacy-wlosy-15-kremow-olejek\/\" \/>\n<meta property=\"og:locale\" content=\"pl_PL\" \/>\n<meta property=\"og:type\" content=\"article\" \/>\n<meta property=\"og:title\" content=\"Kit Lifting Hipertin \u2013 zestaw regeneruj\u0105cy w\u0142osy (15 krem\u00f3w + olejek) - HIPERTIN - Profesjonalne produkty Fryzjerskie\" \/>\n<meta property=\"og:description\" content=\"KIT LIFTING Hipertin \u2013\u00a0zestaw regeneruj\u0105cy w\u0142osy (15 krem\u00f3w + olejek) to\u00a0intensywna kuracja\u00a0do w\u0142os\u00f3w z kom\u00f3rkami macierzystymi. Dedykowany do u\u017cycia w salonie fryzjerskim.  Rytua\u0142 odm\u0142odzenia w\u0142osa. Intensywna formu\u0142a regeneruj\u0105ca, przynosz\u0105ca nadzwyczajne efekty.\u00a0\u0141\u0105czy dzia\u0142anie kom\u00f3rek macierzystych z kwiatem lotosu i kompleksem aminokwas\u00f3w.\u00a0Natychmiast naprawia\u00a0bardzo zniszczone w\u0142osy.\u00a0G\u0142\u0119boko penetruje w\u0142os\u00a0od wewn\u0105trz.  Wyg\u0142adza\u00a0jego \u0142usk\u0119.  EFEKT ODM\u0141ODZENIA JU\u017b PO PIERWSZYM ZASTOSOWANIU !\" \/>\n<meta property=\"og:url\" content=\"https:\/\/hipertin.dfirma.pl\/index.php\/product\/kit-lifting-hipertin-zestaw-regenerujacy-wlosy-15-kremow-olejek\/\" \/>\n<meta property=\"og:site_name\" content=\"HIPERTIN - Profesjonalne produkty Fryzjerskie\" \/>\n<meta property=\"article:modified_time\" content=\"2022-04-11T11:27:10+00:00\" \/>\n<meta property=\"og:image\" content=\"https:\/\/hipertin.dfirma.pl\/wp-content\/uploads\/2021\/07\/kit-lifting-hipertin-zestaw-regenerujcy-wlosy-15-kremow-olejek-e1636533773924.png\" \/>\n\t<meta property=\"og:image:width\" content=\"600\" \/>\n\t<meta property=\"og:image:height\" content=\"600\" \/>\n\t<meta property=\"og:image:type\" content=\"image\/png\" \/>\n<meta name=\"twitter:card\" content=\"summary_large_image\" \/>\n<meta name=\"twitter:label1\" content=\"Szacowany czas czytania\" \/>\n\t<meta name=\"twitter:data1\" content=\"3 minuty\" \/>\n<script type=\"application\/ld+json\" class=\"yoast-schema-graph\">{\"@context\":\"https:\/\/schema.org\",\"@graph\":[{\"@type\":\"WebPage\",\"@id\":\"https:\/\/hipertin.dfirma.pl\/index.php\/product\/kit-lifting-hipertin-zestaw-regenerujacy-wlosy-15-kremow-olejek\/\",\"url\":\"https:\/\/hipertin.dfirma.pl\/index.php\/product\/kit-lifting-hipertin-zestaw-regenerujacy-wlosy-15-kremow-olejek\/\",\"name\":\"Kit Lifting Hipertin \u2013 zestaw regeneruj\u0105cy w\u0142osy (15 krem\u00f3w + olejek) - HIPERTIN - Profesjonalne produkty Fryzjerskie\",\"isPartOf\":{\"@id\":\"https:\/\/hipertin.dfirma.pl\/#website\"},\"datePublished\":\"2021-07-08T07:33:45+00:00\",\"dateModified\":\"2022-04-11T11:27:10+00:00\",\"breadcrumb\":{\"@id\":\"https:\/\/hipertin.dfirma.pl\/index.php\/product\/kit-lifting-hipertin-zestaw-regenerujacy-wlosy-15-kremow-olejek\/#breadcrumb\"},\"inLanguage\":\"pl-PL\",\"potentialAction\":[{\"@type\":\"ReadAction\",\"target\":[\"https:\/\/hipertin.dfirma.pl\/index.php\/product\/kit-lifting-hipertin-zestaw-regenerujacy-wlosy-15-kremow-olejek\/\"]}]},{\"@type\":\"BreadcrumbList\",\"@id\":\"https:\/\/hipertin.dfirma.pl\/index.php\/product\/kit-lifting-hipertin-zestaw-regenerujacy-wlosy-15-kremow-olejek\/#breadcrumb\",\"itemListElement\":[{\"@type\":\"ListItem\",\"position\":1,\"name\":\"Strona g\u0142\u00f3wna\",\"item\":\"https:\/\/hipertin.dfirma.pl\/\"},{\"@type\":\"ListItem\",\"position\":2,\"name\":\"Sklep\",\"item\":\"https:\/\/hipertin.dfirma.pl\/index.php\/sklep\/\"},{\"@type\":\"ListItem\",\"position\":3,\"name\":\"Kit Lifting Hipertin \u2013 zestaw regeneruj\u0105cy w\u0142osy (15 krem\u00f3w + olejek)\"}]},{\"@type\":\"WebSite\",\"@id\":\"https:\/\/hipertin.dfirma.pl\/#website\",\"url\":\"https:\/\/hipertin.dfirma.pl\/\",\"name\":\"HIPERTIN - Profesjonalne produkty Fryzjerskie\",\"description\":\"\",\"potentialAction\":[{\"@type\":\"SearchAction\",\"target\":{\"@type\":\"EntryPoint\",\"urlTemplate\":\"https:\/\/hipertin.dfirma.pl\/?s={search_term_string}\"},\"query-input\":\"required name=search_term_string\"}],\"inLanguage\":\"pl-PL\"}]}<\/script>\n<!-- \/ Yoast SEO plugin. -->","yoast_head_json":{"title":"Kit Lifting Hipertin \u2013 zestaw regeneruj\u0105cy w\u0142osy (15 krem\u00f3w + olejek) - HIPERTIN - Profesjonalne produkty Fryzjerskie","robots":{"index":"index","follow":"follow","max-snippet":"max-snippet:-1","max-image-preview":"max-image-preview:large","max-video-preview":"max-video-preview:-1"},"canonical":"https:\/\/hipertin.dfirma.pl\/index.php\/product\/kit-lifting-hipertin-zestaw-regenerujacy-wlosy-15-kremow-olejek\/","og_locale":"pl_PL","og_type":"article","og_title":"Kit Lifting Hipertin \u2013 zestaw regeneruj\u0105cy w\u0142osy (15 krem\u00f3w + olejek) - HIPERTIN - Profesjonalne produkty Fryzjerskie","og_description":"KIT LIFTING Hipertin \u2013\u00a0zestaw regeneruj\u0105cy w\u0142osy (15 krem\u00f3w + olejek) to\u00a0intensywna kuracja\u00a0do w\u0142os\u00f3w z kom\u00f3rkami macierzystymi. Dedykowany do u\u017cycia w salonie fryzjerskim.  Rytua\u0142 odm\u0142odzenia w\u0142osa. Intensywna formu\u0142a regeneruj\u0105ca, przynosz\u0105ca nadzwyczajne efekty.\u00a0\u0141\u0105czy dzia\u0142anie kom\u00f3rek macierzystych z kwiatem lotosu i kompleksem aminokwas\u00f3w.\u00a0Natychmiast naprawia\u00a0bardzo zniszczone w\u0142osy.\u00a0G\u0142\u0119boko penetruje w\u0142os\u00a0od wewn\u0105trz.  Wyg\u0142adza\u00a0jego \u0142usk\u0119.  EFEKT ODM\u0141ODZENIA JU\u017b PO PIERWSZYM ZASTOSOWANIU !","og_url":"https:\/\/hipertin.dfirma.pl\/index.php\/product\/kit-lifting-hipertin-zestaw-regenerujacy-wlosy-15-kremow-olejek\/","og_site_name":"HIPERTIN - Profesjonalne produkty Fryzjerskie","article_modified_time":"2022-04-11T11:27:10+00:00","og_image":[{"width":600,"height":600,"url":"https:\/\/hipertin.dfirma.pl\/wp-content\/uploads\/2021\/07\/kit-lifting-hipertin-zestaw-regenerujcy-wlosy-15-kremow-olejek-e1636533773924.png","type":"image\/png"}],"twitter_card":"summary_large_image","twitter_misc":{"Szacowany czas czytania":"3 minuty"},"schema":{"@context":"https:\/\/schema.org","@graph":[{"@type":"WebPage","@id":"https:\/\/hipertin.dfirma.pl\/index.php\/product\/kit-lifting-hipertin-zestaw-regenerujacy-wlosy-15-kremow-olejek\/","url":"https:\/\/hipertin.dfirma.pl\/index.php\/product\/kit-lifting-hipertin-zestaw-regenerujacy-wlosy-15-kremow-olejek\/","name":"Kit Lifting Hipertin \u2013 zestaw regeneruj\u0105cy w\u0142osy (15 krem\u00f3w + olejek) - HIPERTIN - Profesjonalne produkty Fryzjerskie","isPartOf":{"@id":"https:\/\/hipertin.dfirma.pl\/#website"},"datePublished":"2021-07-08T07:33:45+00:00","dateModified":"2022-04-11T11:27:10+00:00","breadcrumb":{"@id":"https:\/\/hipertin.dfirma.pl\/index.php\/product\/kit-lifting-hipertin-zestaw-regenerujacy-wlosy-15-kremow-olejek\/#breadcrumb"},"inLanguage":"pl-PL","potentialAction":[{"@type":"ReadAction","target":["https:\/\/hipertin.dfirma.pl\/index.php\/product\/kit-lifting-hipertin-zestaw-regenerujacy-wlosy-15-kremow-olejek\/"]}]},{"@type":"BreadcrumbList","@id":"https:\/\/hipertin.dfirma.pl\/index.php\/product\/kit-lifting-hipertin-zestaw-regenerujacy-wlosy-15-kremow-olejek\/#breadcrumb","itemListElement":[{"@type":"ListItem","position":1,"name":"Strona g\u0142\u00f3wna","item":"https:\/\/hipertin.dfirma.pl\/"},{"@type":"ListItem","position":2,"name":"Sklep","item":"https:\/\/hipertin.dfirma.pl\/index.php\/sklep\/"},{"@type":"ListItem","position":3,"name":"Kit Lifting Hipertin \u2013 zestaw regeneruj\u0105cy w\u0142osy (15 krem\u00f3w + olejek)"}]},{"@type":"WebSite","@id":"https:\/\/hipertin.dfirma.pl\/#website","url":"https:\/\/hipertin.dfirma.pl\/","name":"HIPERTIN - Profesjonalne produkty Fryzjerskie","description":"","potentialAction":[{"@type":"SearchAction","target":{"@type":"EntryPoint","urlTemplate":"https:\/\/hipertin.dfirma.pl\/?s={search_term_string}"},"query-input":"required name=search_term_string"}],"inLanguage":"pl-PL"}]}},"_links":{"self":[{"href":"https:\/\/hipertin.dfirma.pl\/index.php\/wp-json\/wp\/v2\/product\/2769","targetHints":{"allow":["GET"]}}],"collection":[{"href":"https:\/\/hipertin.dfirma.pl\/index.php\/wp-json\/wp\/v2\/product"}],"about":[{"href":"https:\/\/hipertin.dfirma.pl\/index.php\/wp-json\/wp\/v2\/types\/product"}],"replies":[{"embeddable":true,"href":"https:\/\/hipertin.dfirma.pl\/index.php\/wp-json\/wp\/v2\/comments?post=2769"}],"wp:featuredmedia":[{"embeddable":true,"href":"https:\/\/hipertin.dfirma.pl\/index.php\/wp-json\/wp\/v2\/media\/2715"}],"wp:attachment":[{"href":"https:\/\/hipertin.dfirma.pl\/index.php\/wp-json\/wp\/v2\/media?parent=2769"}],"wp:term":[{"taxonomy":"product_cat","embeddable":true,"href":"https:\/\/hipertin.dfirma.pl\/index.php\/wp-json\/wp\/v2\/product_cat?post=2769"},{"taxonomy":"product_tag","embeddable":true,"href":"https:\/\/hipertin.dfirma.pl\/index.php\/wp-json\/wp\/v2\/product_tag?post=2769"}],"curies":[{"name":"wp","href":"https:\/\/api.w.org\/{rel}","templated":true}]}}