{"id":2772,"date":"2021-07-08T07:36:15","date_gmt":"2021-07-08T07:36:15","guid":{"rendered":"https:\/\/server656728.nazwa.pl\/hipertin\/?post_type=product&#038;p=2772"},"modified":"2022-04-11T11:27:10","modified_gmt":"2022-04-11T11:27:10","slug":"placenta-hipertin-linecure-1-ampulka-lub-60-ampulek","status":"publish","type":"product","link":"https:\/\/hipertin.dfirma.pl\/index.php\/product\/placenta-hipertin-linecure-1-ampulka-lub-60-ampulek\/","title":{"rendered":"Placenta Hipertin Linecure"},"content":{"rendered":"<p>Szukasz niezwykle skutecznych ampu\u0142ek do w\u0142os\u00f3w, kt\u00f3re wzmocni\u0105 i optymalnie od\u017cywi\u0105 Twoje w\u0142osy? Wybierz wi\u0119c\u00a0\u00a0<strong>Placent\u0119 marki Hipertin<\/strong>, w kt\u00f3rej zakochasz si\u0119 ju\u017c po pierwszym u\u017cyciu.<\/p>\n<p><strong>Reguluje przep\u0142yw krwi, wzmacnia i od\u017cywia w\u0142osy<\/strong><\/p>\n<p>Placenta Hipertin Linecure to wyj\u0105tkowa moc i hydroalkoholowa mikstura z wyci\u0105giem z warzyw. Cechuje si\u0119 bardzo szerokim spektrum dzia\u0142ania, pocz\u0105wszy od regulacji przep\u0142ywu krwi w sk\u00f3rze g\u0142owy, a sko\u0144czywszy na wzmocnieniu cebulek w\u0142os\u00f3w. Na skutek takiego dzia\u0142ania, w\u0142osy rosn\u0105 znacznie mocniejsze. Zachowuj\u0105 tak\u017ce swoje zdrowie i cudny blask, kt\u00f3ry ol\u015bniewa wszystkich na oko\u0142o. Warto doda\u0107, \u017ce ampu\u0142ka\u00a0<strong>Hipertin Linecure Placenta zawiera w swoim sk\u0142adzie tak\u017ce soje oraz aloe vera.\u00a0<\/strong>Dzi\u0119ki tym sk\u0142adnikom, dba o optymalne nawil\u017cenie i spektakularne od\u017cywienie w\u0142os\u00f3w. Chroni tak\u017ce w\u0142osy przed szkodliwym dzia\u0142aniem czynnik\u00f3w zewn\u0119trznych. Na skutek stosowania tej ampu\u0142ki, Twoje w\u0142osy stan\u0105 si\u0119 bardziej odporne oraz zdecydowanie mocniejsze i bardziej b\u0142yszcz\u0105ce.<\/p>\n<p><strong>Hipertin Linecure Placenta:<\/strong><\/p>\n<ul>\n<li>Zawiera wyci\u0105g z warzyw<\/li>\n<li>Reguluje przep\u0142yw krwi w sk\u00f3rze g\u0142owy<\/li>\n<li>Wzmacnia cebulki w\u0142os\u00f3w<\/li>\n<li>Zawiera soj\u0119 i aloe vera<\/li>\n<li>Nawil\u017ca i od\u017cywia w\u0142osy<\/li>\n<li>Chroni przed dzia\u0142aniem czynnik\u00f3w zewn\u0119trznych<\/li>\n<\/ul>\n<p><strong>Spos\u00f3b u\u017cycia:<\/strong><\/p>\n<p>zaaplikowa\u0107 na \u015bwie\u017co umyt\u0105 sk\u00f3r\u0119 g\u0142owy i delikatnie masowa\u0107. Nie sp\u0142ukiwa\u0107.<\/p>\n<p><strong>Pojemno\u015b\u0107 jednej ampu\u0142ki:<\/strong> 14ml<\/p>\n","protected":false},"excerpt":{"rendered":"<div class=\"woocommerce-product-details__short-description\">\n<p>Szukasz profesjonalnej od\u017cywki do w\u0142os\u00f3w o w\u0142a\u015bciwo\u015bciach wyg\u0142adzaj\u0105cych?<\/p>\n<p>Wybierz<strong>\u00a0Hipertin Linecure Silken Cream od\u017cywk\u0119 jedwabn\u0105 do w\u0142os\u00f3w!<\/strong><\/p>\n<p><strong>Wyg\u0142adza, wzmacnia i dodaje zdrowia<\/strong><\/p>\n<p>Hipertin Linecure Silken Cream od\u017cywka jedwabna do w\u0142os\u00f3w to znakomita od\u017cywka, kt\u00f3ra ma silne w\u0142a\u015bciwo\u015bci wyg\u0142adzaj\u0105ce. Dlatego te\u017c bez problemu, pomo\u017ce wyg\u0142adzi\u0107, ujarzmi\u0107 i zdyscyplinowa\u0107 nazbyt pusz\u0105ce si\u0119 i niepos\u0142uszne w\u0142osy. Ale, czy my\u015blisz, \u017ce ta od\u017cywka tylko wyg\u0142adzi Twoje w\u0142osy? Ot\u00f3\u017c nie! Ma ona tak\u017ce dzia\u0142anie regeneruj\u0105ce. Dzi\u0119ki czemu, na skutek dzia\u0142ania od\u017cywki, Twoje w\u0142osy b\u0119d\u0105 g\u0142adkie, zdrowe i pi\u0119kne. B\u0119d\u0105 tak\u017ce zdecydowanie \u0142atwiejsze do rozczesania oraz znacznie \u00a0mniej podatne na uci\u0105\u017cliwe elektryzowanie si\u0119 i problematyczne puszenie.<\/p>\n<\/div>\n<form class=\"cart\" action=\"https:\/\/cosmoproject.pl\/produkt\/odzywka-jedwabna-do-wlosow-hipertin-linecure-silken-cream-1000ml\/\" enctype=\"multipart\/form-data\" method=\"post\">\n<div class=\"quantity\"><\/div>\n<\/form>\n","protected":false},"featured_media":2724,"comment_status":"open","ping_status":"closed","template":"","meta":[],"product_cat":[136,137],"product_tag":[],"class_list":["post-2772","product","type-product","status-publish","has-post-thumbnail","hentry","pwb-brand-hipertin","product_cat-pielegnacja-zaawansowana","product_cat-problemy-skory-glowy"],"brands":[{"id":133,"name":"Hipertin","slug":"hipertin"}],"yoast_head":"<!-- This site is optimized with the Yoast SEO plugin v19.10 - https:\/\/yoast.com\/wordpress\/plugins\/seo\/ -->\n<title>Placenta Hipertin Linecure - HIPERTIN - Profesjonalne produkty Fryzjerskie<\/title>\n<meta name=\"robots\" content=\"index, follow, max-snippet:-1, max-image-preview:large, max-video-preview:-1\" \/>\n<link rel=\"canonical\" href=\"https:\/\/hipertin.dfirma.pl\/index.php\/product\/placenta-hipertin-linecure-1-ampulka-lub-60-ampulek\/\" \/>\n<meta property=\"og:locale\" content=\"pl_PL\" \/>\n<meta property=\"og:type\" content=\"article\" \/>\n<meta property=\"og:title\" content=\"Placenta Hipertin Linecure - HIPERTIN - Profesjonalne produkty Fryzjerskie\" \/>\n<meta property=\"og:description\" content=\"Szukasz profesjonalnej od\u017cywki do w\u0142os\u00f3w o w\u0142a\u015bciwo\u015bciach wyg\u0142adzaj\u0105cych?  Wybierz\u00a0Hipertin Linecure Silken Cream od\u017cywk\u0119 jedwabn\u0105 do w\u0142os\u00f3w!  Wyg\u0142adza, wzmacnia i dodaje zdrowia  Hipertin Linecure Silken Cream od\u017cywka jedwabna do w\u0142os\u00f3w to znakomita od\u017cywka, kt\u00f3ra ma silne w\u0142a\u015bciwo\u015bci wyg\u0142adzaj\u0105ce. Dlatego te\u017c bez problemu, pomo\u017ce wyg\u0142adzi\u0107, ujarzmi\u0107 i zdyscyplinowa\u0107 nazbyt pusz\u0105ce si\u0119 i niepos\u0142uszne w\u0142osy. Ale, czy my\u015blisz, \u017ce ta od\u017cywka tylko wyg\u0142adzi Twoje w\u0142osy? Ot\u00f3\u017c nie! Ma ona tak\u017ce dzia\u0142anie regeneruj\u0105ce. Dzi\u0119ki czemu, na skutek dzia\u0142ania od\u017cywki, Twoje w\u0142osy b\u0119d\u0105 g\u0142adkie, zdrowe i pi\u0119kne. B\u0119d\u0105 tak\u017ce zdecydowanie \u0142atwiejsze do rozczesania oraz znacznie \u00a0mniej podatne na uci\u0105\u017cliwe elektryzowanie si\u0119 i problematyczne puszenie.\" \/>\n<meta property=\"og:url\" content=\"https:\/\/hipertin.dfirma.pl\/index.php\/product\/placenta-hipertin-linecure-1-ampulka-lub-60-ampulek\/\" \/>\n<meta property=\"og:site_name\" content=\"HIPERTIN - Profesjonalne produkty Fryzjerskie\" \/>\n<meta property=\"article:modified_time\" content=\"2022-04-11T11:27:10+00:00\" \/>\n<meta property=\"og:image\" content=\"https:\/\/hipertin.dfirma.pl\/wp-content\/uploads\/2021\/07\/placenta-hipertin-linecure-ampulki-e1636533817836.png\" \/>\n\t<meta property=\"og:image:width\" content=\"600\" \/>\n\t<meta property=\"og:image:height\" content=\"600\" \/>\n\t<meta property=\"og:image:type\" content=\"image\/png\" \/>\n<meta name=\"twitter:card\" content=\"summary_large_image\" \/>\n<meta name=\"twitter:label1\" content=\"Szacowany czas czytania\" \/>\n\t<meta name=\"twitter:data1\" content=\"1 minuta\" \/>\n<script type=\"application\/ld+json\" class=\"yoast-schema-graph\">{\"@context\":\"https:\/\/schema.org\",\"@graph\":[{\"@type\":\"WebPage\",\"@id\":\"https:\/\/hipertin.dfirma.pl\/index.php\/product\/placenta-hipertin-linecure-1-ampulka-lub-60-ampulek\/\",\"url\":\"https:\/\/hipertin.dfirma.pl\/index.php\/product\/placenta-hipertin-linecure-1-ampulka-lub-60-ampulek\/\",\"name\":\"Placenta Hipertin Linecure - HIPERTIN - Profesjonalne produkty Fryzjerskie\",\"isPartOf\":{\"@id\":\"https:\/\/hipertin.dfirma.pl\/#website\"},\"datePublished\":\"2021-07-08T07:36:15+00:00\",\"dateModified\":\"2022-04-11T11:27:10+00:00\",\"breadcrumb\":{\"@id\":\"https:\/\/hipertin.dfirma.pl\/index.php\/product\/placenta-hipertin-linecure-1-ampulka-lub-60-ampulek\/#breadcrumb\"},\"inLanguage\":\"pl-PL\",\"potentialAction\":[{\"@type\":\"ReadAction\",\"target\":[\"https:\/\/hipertin.dfirma.pl\/index.php\/product\/placenta-hipertin-linecure-1-ampulka-lub-60-ampulek\/\"]}]},{\"@type\":\"BreadcrumbList\",\"@id\":\"https:\/\/hipertin.dfirma.pl\/index.php\/product\/placenta-hipertin-linecure-1-ampulka-lub-60-ampulek\/#breadcrumb\",\"itemListElement\":[{\"@type\":\"ListItem\",\"position\":1,\"name\":\"Strona g\u0142\u00f3wna\",\"item\":\"https:\/\/hipertin.dfirma.pl\/\"},{\"@type\":\"ListItem\",\"position\":2,\"name\":\"Sklep\",\"item\":\"https:\/\/hipertin.dfirma.pl\/index.php\/sklep\/\"},{\"@type\":\"ListItem\",\"position\":3,\"name\":\"Placenta Hipertin Linecure\"}]},{\"@type\":\"WebSite\",\"@id\":\"https:\/\/hipertin.dfirma.pl\/#website\",\"url\":\"https:\/\/hipertin.dfirma.pl\/\",\"name\":\"HIPERTIN - Profesjonalne produkty Fryzjerskie\",\"description\":\"\",\"potentialAction\":[{\"@type\":\"SearchAction\",\"target\":{\"@type\":\"EntryPoint\",\"urlTemplate\":\"https:\/\/hipertin.dfirma.pl\/?s={search_term_string}\"},\"query-input\":\"required name=search_term_string\"}],\"inLanguage\":\"pl-PL\"}]}<\/script>\n<!-- \/ Yoast SEO plugin. -->","yoast_head_json":{"title":"Placenta Hipertin Linecure - HIPERTIN - Profesjonalne produkty Fryzjerskie","robots":{"index":"index","follow":"follow","max-snippet":"max-snippet:-1","max-image-preview":"max-image-preview:large","max-video-preview":"max-video-preview:-1"},"canonical":"https:\/\/hipertin.dfirma.pl\/index.php\/product\/placenta-hipertin-linecure-1-ampulka-lub-60-ampulek\/","og_locale":"pl_PL","og_type":"article","og_title":"Placenta Hipertin Linecure - HIPERTIN - Profesjonalne produkty Fryzjerskie","og_description":"Szukasz profesjonalnej od\u017cywki do w\u0142os\u00f3w o w\u0142a\u015bciwo\u015bciach wyg\u0142adzaj\u0105cych?  Wybierz\u00a0Hipertin Linecure Silken Cream od\u017cywk\u0119 jedwabn\u0105 do w\u0142os\u00f3w!  Wyg\u0142adza, wzmacnia i dodaje zdrowia  Hipertin Linecure Silken Cream od\u017cywka jedwabna do w\u0142os\u00f3w to znakomita od\u017cywka, kt\u00f3ra ma silne w\u0142a\u015bciwo\u015bci wyg\u0142adzaj\u0105ce. Dlatego te\u017c bez problemu, pomo\u017ce wyg\u0142adzi\u0107, ujarzmi\u0107 i zdyscyplinowa\u0107 nazbyt pusz\u0105ce si\u0119 i niepos\u0142uszne w\u0142osy. Ale, czy my\u015blisz, \u017ce ta od\u017cywka tylko wyg\u0142adzi Twoje w\u0142osy? Ot\u00f3\u017c nie! Ma ona tak\u017ce dzia\u0142anie regeneruj\u0105ce. Dzi\u0119ki czemu, na skutek dzia\u0142ania od\u017cywki, Twoje w\u0142osy b\u0119d\u0105 g\u0142adkie, zdrowe i pi\u0119kne. B\u0119d\u0105 tak\u017ce zdecydowanie \u0142atwiejsze do rozczesania oraz znacznie \u00a0mniej podatne na uci\u0105\u017cliwe elektryzowanie si\u0119 i problematyczne puszenie.","og_url":"https:\/\/hipertin.dfirma.pl\/index.php\/product\/placenta-hipertin-linecure-1-ampulka-lub-60-ampulek\/","og_site_name":"HIPERTIN - Profesjonalne produkty Fryzjerskie","article_modified_time":"2022-04-11T11:27:10+00:00","og_image":[{"width":600,"height":600,"url":"https:\/\/hipertin.dfirma.pl\/wp-content\/uploads\/2021\/07\/placenta-hipertin-linecure-ampulki-e1636533817836.png","type":"image\/png"}],"twitter_card":"summary_large_image","twitter_misc":{"Szacowany czas czytania":"1 minuta"},"schema":{"@context":"https:\/\/schema.org","@graph":[{"@type":"WebPage","@id":"https:\/\/hipertin.dfirma.pl\/index.php\/product\/placenta-hipertin-linecure-1-ampulka-lub-60-ampulek\/","url":"https:\/\/hipertin.dfirma.pl\/index.php\/product\/placenta-hipertin-linecure-1-ampulka-lub-60-ampulek\/","name":"Placenta Hipertin Linecure - HIPERTIN - Profesjonalne produkty Fryzjerskie","isPartOf":{"@id":"https:\/\/hipertin.dfirma.pl\/#website"},"datePublished":"2021-07-08T07:36:15+00:00","dateModified":"2022-04-11T11:27:10+00:00","breadcrumb":{"@id":"https:\/\/hipertin.dfirma.pl\/index.php\/product\/placenta-hipertin-linecure-1-ampulka-lub-60-ampulek\/#breadcrumb"},"inLanguage":"pl-PL","potentialAction":[{"@type":"ReadAction","target":["https:\/\/hipertin.dfirma.pl\/index.php\/product\/placenta-hipertin-linecure-1-ampulka-lub-60-ampulek\/"]}]},{"@type":"BreadcrumbList","@id":"https:\/\/hipertin.dfirma.pl\/index.php\/product\/placenta-hipertin-linecure-1-ampulka-lub-60-ampulek\/#breadcrumb","itemListElement":[{"@type":"ListItem","position":1,"name":"Strona g\u0142\u00f3wna","item":"https:\/\/hipertin.dfirma.pl\/"},{"@type":"ListItem","position":2,"name":"Sklep","item":"https:\/\/hipertin.dfirma.pl\/index.php\/sklep\/"},{"@type":"ListItem","position":3,"name":"Placenta Hipertin Linecure"}]},{"@type":"WebSite","@id":"https:\/\/hipertin.dfirma.pl\/#website","url":"https:\/\/hipertin.dfirma.pl\/","name":"HIPERTIN - Profesjonalne produkty Fryzjerskie","description":"","potentialAction":[{"@type":"SearchAction","target":{"@type":"EntryPoint","urlTemplate":"https:\/\/hipertin.dfirma.pl\/?s={search_term_string}"},"query-input":"required name=search_term_string"}],"inLanguage":"pl-PL"}]}},"_links":{"self":[{"href":"https:\/\/hipertin.dfirma.pl\/index.php\/wp-json\/wp\/v2\/product\/2772","targetHints":{"allow":["GET"]}}],"collection":[{"href":"https:\/\/hipertin.dfirma.pl\/index.php\/wp-json\/wp\/v2\/product"}],"about":[{"href":"https:\/\/hipertin.dfirma.pl\/index.php\/wp-json\/wp\/v2\/types\/product"}],"replies":[{"embeddable":true,"href":"https:\/\/hipertin.dfirma.pl\/index.php\/wp-json\/wp\/v2\/comments?post=2772"}],"wp:featuredmedia":[{"embeddable":true,"href":"https:\/\/hipertin.dfirma.pl\/index.php\/wp-json\/wp\/v2\/media\/2724"}],"wp:attachment":[{"href":"https:\/\/hipertin.dfirma.pl\/index.php\/wp-json\/wp\/v2\/media?parent=2772"}],"wp:term":[{"taxonomy":"product_cat","embeddable":true,"href":"https:\/\/hipertin.dfirma.pl\/index.php\/wp-json\/wp\/v2\/product_cat?post=2772"},{"taxonomy":"product_tag","embeddable":true,"href":"https:\/\/hipertin.dfirma.pl\/index.php\/wp-json\/wp\/v2\/product_tag?post=2772"}],"curies":[{"name":"wp","href":"https:\/\/api.w.org\/{rel}","templated":true}]}}