{"id":2778,"date":"2021-07-08T09:41:35","date_gmt":"2021-07-08T09:41:35","guid":{"rendered":"https:\/\/server656728.nazwa.pl\/hipertin\/?post_type=product&#038;p=2778"},"modified":"2021-09-06T13:30:11","modified_gmt":"2021-09-06T13:30:11","slug":"krem-do-lokow-3-hipertin-200ml","status":"publish","type":"product","link":"https:\/\/hipertin.dfirma.pl\/index.php\/product\/krem-do-lokow-3-hipertin-200ml\/","title":{"rendered":"Lakier Ecological Strong \u201e2\u201d Hipertin 300ml"},"content":{"rendered":"<p>Du\u017ca moc, bez gazu<br \/>\nHipertin Hi-Style Ecological Strong 2 to wyj\u0105tkowy lakier do w\u0142os\u00f3w, kt\u00f3ry w mocny spos\u00f3b utrwali Twoje w\u0142osy. Jego inteligentna, ekologiczna formu\u0142a pozbawiona jest gazu, ale nie jest pozbawiona si\u0142y utrwalenia w\u0142os\u00f3w. Dlatego te\u017c, Hipertin Hi-Style Ecological Strong 2 idealnie sprawdzi si\u0119 w przypadku ka\u017cdej stylizacji w\u0142os\u00f3w. Daje mo\u017cliwo\u015b\u0107 \u0142atwego i sprawnego modelowania w\u0142os\u00f3w bez ich obci\u0105\u017cania, a wi\u0119c w\u0142osy przez ca\u0142y czas pozostaj\u0119 lekkie i elastyczne. Lakier w \u0142atwy spos\u00f3b usuniesz z w\u0142os\u00f3w, wystarczy, \u017ce je przeczesz grzebieniem lub szczotk\u0105. A dzi\u0119ki wysokiej wydajno\u015bci, wystarczy Ci na d\u0142ugi czas.<\/p>\n<p>Spos\u00f3b u\u017cycia: rozpyla\u0107 w odleg\u0142o\u015bci ok 30 cm. od w\u0142os\u00f3w.<\/p>\n<p>Pojemno\u015b\u0107: 300ml<\/p>\n","protected":false},"excerpt":{"rendered":"<p>Hipertin Hi-Style Ecological Strong 2 to wyj\u0105tkowy lakier do w\u0142os\u00f3w, kt\u00f3ry w mocny spos\u00f3b utrwali Twoje w\u0142osy. Jego inteligentna, ekologiczna formu\u0142a pozbawiona jest gazu, ale nie jest pozbawiona si\u0142y utrwalenia w\u0142os\u00f3w. Dlatego te\u017c,Hipertin Hi-Style Ecological Strong 2 idealnie sprawdzi si\u0119 w przypadku ka\u017cdej stylizacji w\u0142os\u00f3w. Daje mo\u017cliwo\u015b\u0107 \u0142atwego i sprawnego modelowania w\u0142os\u00f3w bez ich obci\u0105\u017cania, a wi\u0119c w\u0142osy przez ca\u0142y czas pozostaj\u0119 lekkie i elastyczne. Lakier w \u0142atwy spos\u00f3b usuniesz z w\u0142os\u00f3w, wystarczy, \u017ce je przeczesz grzebieniem lub szczotk\u0105. A dzi\u0119ki wysokiej wydajno\u015bci, wystarczy Ci na d\u0142ugi czas.<\/p>\n","protected":false},"featured_media":2788,"comment_status":"open","ping_status":"closed","template":"","meta":[],"product_cat":[139],"product_tag":[],"class_list":["post-2778","product","type-product","status-publish","has-post-thumbnail","hentry","pwb-brand-hipertin","product_cat-stylizacja"],"brands":[{"id":133,"name":"Hipertin","slug":"hipertin"}],"yoast_head":"<!-- This site is optimized with the Yoast SEO plugin v19.10 - https:\/\/yoast.com\/wordpress\/plugins\/seo\/ -->\n<title>Lakier Ecological Strong \u201e2\u201d Hipertin 300ml - HIPERTIN - Profesjonalne produkty Fryzjerskie<\/title>\n<meta name=\"robots\" content=\"index, follow, max-snippet:-1, max-image-preview:large, max-video-preview:-1\" \/>\n<link rel=\"canonical\" href=\"https:\/\/hipertin.dfirma.pl\/index.php\/product\/krem-do-lokow-3-hipertin-200ml\/\" \/>\n<meta property=\"og:locale\" content=\"pl_PL\" \/>\n<meta property=\"og:type\" content=\"article\" \/>\n<meta property=\"og:title\" content=\"Lakier Ecological Strong \u201e2\u201d Hipertin 300ml - HIPERTIN - Profesjonalne produkty Fryzjerskie\" \/>\n<meta property=\"og:description\" content=\"Hipertin Hi-Style Ecological Strong 2 to wyj\u0105tkowy lakier do w\u0142os\u00f3w, kt\u00f3ry w mocny spos\u00f3b utrwali Twoje w\u0142osy. Jego inteligentna, ekologiczna formu\u0142a pozbawiona jest gazu, ale nie jest pozbawiona si\u0142y utrwalenia w\u0142os\u00f3w. Dlatego te\u017c,Hipertin Hi-Style Ecological Strong 2 idealnie sprawdzi si\u0119 w przypadku ka\u017cdej stylizacji w\u0142os\u00f3w. Daje mo\u017cliwo\u015b\u0107 \u0142atwego i sprawnego modelowania w\u0142os\u00f3w bez ich obci\u0105\u017cania, a wi\u0119c w\u0142osy przez ca\u0142y czas pozostaj\u0119 lekkie i elastyczne. Lakier w \u0142atwy spos\u00f3b usuniesz z w\u0142os\u00f3w, wystarczy, \u017ce je przeczesz grzebieniem lub szczotk\u0105. A dzi\u0119ki wysokiej wydajno\u015bci, wystarczy Ci na d\u0142ugi czas.\" \/>\n<meta property=\"og:url\" content=\"https:\/\/hipertin.dfirma.pl\/index.php\/product\/krem-do-lokow-3-hipertin-200ml\/\" \/>\n<meta property=\"og:site_name\" content=\"HIPERTIN - Profesjonalne produkty Fryzjerskie\" \/>\n<meta property=\"article:modified_time\" content=\"2021-09-06T13:30:11+00:00\" \/>\n<meta property=\"og:image\" content=\"https:\/\/hipertin.dfirma.pl\/wp-content\/uploads\/2021\/07\/lakier-ecological-strong-2-hipertin-300ml-e1636534241272.png\" \/>\n\t<meta property=\"og:image:width\" content=\"600\" \/>\n\t<meta property=\"og:image:height\" content=\"600\" \/>\n\t<meta property=\"og:image:type\" content=\"image\/png\" \/>\n<meta name=\"twitter:card\" content=\"summary_large_image\" \/>\n<meta name=\"twitter:label1\" content=\"Szacowany czas czytania\" \/>\n\t<meta name=\"twitter:data1\" content=\"1 minuta\" \/>\n<script type=\"application\/ld+json\" class=\"yoast-schema-graph\">{\"@context\":\"https:\/\/schema.org\",\"@graph\":[{\"@type\":\"WebPage\",\"@id\":\"https:\/\/hipertin.dfirma.pl\/index.php\/product\/krem-do-lokow-3-hipertin-200ml\/\",\"url\":\"https:\/\/hipertin.dfirma.pl\/index.php\/product\/krem-do-lokow-3-hipertin-200ml\/\",\"name\":\"Lakier Ecological Strong \u201e2\u201d Hipertin 300ml - HIPERTIN - Profesjonalne produkty Fryzjerskie\",\"isPartOf\":{\"@id\":\"https:\/\/hipertin.dfirma.pl\/#website\"},\"datePublished\":\"2021-07-08T09:41:35+00:00\",\"dateModified\":\"2021-09-06T13:30:11+00:00\",\"breadcrumb\":{\"@id\":\"https:\/\/hipertin.dfirma.pl\/index.php\/product\/krem-do-lokow-3-hipertin-200ml\/#breadcrumb\"},\"inLanguage\":\"pl-PL\",\"potentialAction\":[{\"@type\":\"ReadAction\",\"target\":[\"https:\/\/hipertin.dfirma.pl\/index.php\/product\/krem-do-lokow-3-hipertin-200ml\/\"]}]},{\"@type\":\"BreadcrumbList\",\"@id\":\"https:\/\/hipertin.dfirma.pl\/index.php\/product\/krem-do-lokow-3-hipertin-200ml\/#breadcrumb\",\"itemListElement\":[{\"@type\":\"ListItem\",\"position\":1,\"name\":\"Strona g\u0142\u00f3wna\",\"item\":\"https:\/\/hipertin.dfirma.pl\/\"},{\"@type\":\"ListItem\",\"position\":2,\"name\":\"Sklep\",\"item\":\"https:\/\/hipertin.dfirma.pl\/index.php\/sklep\/\"},{\"@type\":\"ListItem\",\"position\":3,\"name\":\"Lakier Ecological Strong \u201e2\u201d Hipertin 300ml\"}]},{\"@type\":\"WebSite\",\"@id\":\"https:\/\/hipertin.dfirma.pl\/#website\",\"url\":\"https:\/\/hipertin.dfirma.pl\/\",\"name\":\"HIPERTIN - Profesjonalne produkty Fryzjerskie\",\"description\":\"\",\"potentialAction\":[{\"@type\":\"SearchAction\",\"target\":{\"@type\":\"EntryPoint\",\"urlTemplate\":\"https:\/\/hipertin.dfirma.pl\/?s={search_term_string}\"},\"query-input\":\"required name=search_term_string\"}],\"inLanguage\":\"pl-PL\"}]}<\/script>\n<!-- \/ Yoast SEO plugin. -->","yoast_head_json":{"title":"Lakier Ecological Strong \u201e2\u201d Hipertin 300ml - HIPERTIN - Profesjonalne produkty Fryzjerskie","robots":{"index":"index","follow":"follow","max-snippet":"max-snippet:-1","max-image-preview":"max-image-preview:large","max-video-preview":"max-video-preview:-1"},"canonical":"https:\/\/hipertin.dfirma.pl\/index.php\/product\/krem-do-lokow-3-hipertin-200ml\/","og_locale":"pl_PL","og_type":"article","og_title":"Lakier Ecological Strong \u201e2\u201d Hipertin 300ml - HIPERTIN - Profesjonalne produkty Fryzjerskie","og_description":"Hipertin Hi-Style Ecological Strong 2 to wyj\u0105tkowy lakier do w\u0142os\u00f3w, kt\u00f3ry w mocny spos\u00f3b utrwali Twoje w\u0142osy. Jego inteligentna, ekologiczna formu\u0142a pozbawiona jest gazu, ale nie jest pozbawiona si\u0142y utrwalenia w\u0142os\u00f3w. Dlatego te\u017c,Hipertin Hi-Style Ecological Strong 2 idealnie sprawdzi si\u0119 w przypadku ka\u017cdej stylizacji w\u0142os\u00f3w. Daje mo\u017cliwo\u015b\u0107 \u0142atwego i sprawnego modelowania w\u0142os\u00f3w bez ich obci\u0105\u017cania, a wi\u0119c w\u0142osy przez ca\u0142y czas pozostaj\u0119 lekkie i elastyczne. Lakier w \u0142atwy spos\u00f3b usuniesz z w\u0142os\u00f3w, wystarczy, \u017ce je przeczesz grzebieniem lub szczotk\u0105. A dzi\u0119ki wysokiej wydajno\u015bci, wystarczy Ci na d\u0142ugi czas.","og_url":"https:\/\/hipertin.dfirma.pl\/index.php\/product\/krem-do-lokow-3-hipertin-200ml\/","og_site_name":"HIPERTIN - Profesjonalne produkty Fryzjerskie","article_modified_time":"2021-09-06T13:30:11+00:00","og_image":[{"width":600,"height":600,"url":"https:\/\/hipertin.dfirma.pl\/wp-content\/uploads\/2021\/07\/lakier-ecological-strong-2-hipertin-300ml-e1636534241272.png","type":"image\/png"}],"twitter_card":"summary_large_image","twitter_misc":{"Szacowany czas czytania":"1 minuta"},"schema":{"@context":"https:\/\/schema.org","@graph":[{"@type":"WebPage","@id":"https:\/\/hipertin.dfirma.pl\/index.php\/product\/krem-do-lokow-3-hipertin-200ml\/","url":"https:\/\/hipertin.dfirma.pl\/index.php\/product\/krem-do-lokow-3-hipertin-200ml\/","name":"Lakier Ecological Strong \u201e2\u201d Hipertin 300ml - HIPERTIN - Profesjonalne produkty Fryzjerskie","isPartOf":{"@id":"https:\/\/hipertin.dfirma.pl\/#website"},"datePublished":"2021-07-08T09:41:35+00:00","dateModified":"2021-09-06T13:30:11+00:00","breadcrumb":{"@id":"https:\/\/hipertin.dfirma.pl\/index.php\/product\/krem-do-lokow-3-hipertin-200ml\/#breadcrumb"},"inLanguage":"pl-PL","potentialAction":[{"@type":"ReadAction","target":["https:\/\/hipertin.dfirma.pl\/index.php\/product\/krem-do-lokow-3-hipertin-200ml\/"]}]},{"@type":"BreadcrumbList","@id":"https:\/\/hipertin.dfirma.pl\/index.php\/product\/krem-do-lokow-3-hipertin-200ml\/#breadcrumb","itemListElement":[{"@type":"ListItem","position":1,"name":"Strona g\u0142\u00f3wna","item":"https:\/\/hipertin.dfirma.pl\/"},{"@type":"ListItem","position":2,"name":"Sklep","item":"https:\/\/hipertin.dfirma.pl\/index.php\/sklep\/"},{"@type":"ListItem","position":3,"name":"Lakier Ecological Strong \u201e2\u201d Hipertin 300ml"}]},{"@type":"WebSite","@id":"https:\/\/hipertin.dfirma.pl\/#website","url":"https:\/\/hipertin.dfirma.pl\/","name":"HIPERTIN - Profesjonalne produkty Fryzjerskie","description":"","potentialAction":[{"@type":"SearchAction","target":{"@type":"EntryPoint","urlTemplate":"https:\/\/hipertin.dfirma.pl\/?s={search_term_string}"},"query-input":"required name=search_term_string"}],"inLanguage":"pl-PL"}]}},"_links":{"self":[{"href":"https:\/\/hipertin.dfirma.pl\/index.php\/wp-json\/wp\/v2\/product\/2778","targetHints":{"allow":["GET"]}}],"collection":[{"href":"https:\/\/hipertin.dfirma.pl\/index.php\/wp-json\/wp\/v2\/product"}],"about":[{"href":"https:\/\/hipertin.dfirma.pl\/index.php\/wp-json\/wp\/v2\/types\/product"}],"replies":[{"embeddable":true,"href":"https:\/\/hipertin.dfirma.pl\/index.php\/wp-json\/wp\/v2\/comments?post=2778"}],"wp:featuredmedia":[{"embeddable":true,"href":"https:\/\/hipertin.dfirma.pl\/index.php\/wp-json\/wp\/v2\/media\/2788"}],"wp:attachment":[{"href":"https:\/\/hipertin.dfirma.pl\/index.php\/wp-json\/wp\/v2\/media?parent=2778"}],"wp:term":[{"taxonomy":"product_cat","embeddable":true,"href":"https:\/\/hipertin.dfirma.pl\/index.php\/wp-json\/wp\/v2\/product_cat?post=2778"},{"taxonomy":"product_tag","embeddable":true,"href":"https:\/\/hipertin.dfirma.pl\/index.php\/wp-json\/wp\/v2\/product_tag?post=2778"}],"curies":[{"name":"wp","href":"https:\/\/api.w.org\/{rel}","templated":true}]}}