{"id":2781,"date":"2021-07-08T09:46:40","date_gmt":"2021-07-08T09:46:40","guid":{"rendered":"https:\/\/server656728.nazwa.pl\/hipertin\/?post_type=product&#038;p=2781"},"modified":"2022-04-11T11:26:48","modified_gmt":"2022-04-11T11:26:48","slug":"krem-do-lokow-2-hipertin-200ml","status":"publish","type":"product","link":"https:\/\/hipertin.dfirma.pl\/index.php\/product\/krem-do-lokow-2-hipertin-200ml\/","title":{"rendered":"Krem do lok\u00f3w \u201e2\u201d Hipertin 200ml"},"content":{"rendered":"<p>Krem do lok\u00f3w \u201e2\u201d \u2013 Curl Creation \u2013 Kreowanie lok\u00f3w, Stylizacja marki Hipertin, Nowo\u015b\u0107 2020!<\/p>\n<p>Daj sobie szanse, rozlu\u017aniaj i skr\u0119caj w\u0142osy, wypr\u00f3buj nowy styl !<\/p>\n<p>Najwa\u017cniejsze cechy: \u2022 Aktywator skr\u0119tu \u2022 Produkt wega\u0144ski \u2022 Moc Produktu \u201e2\u201d \u2022 Do falowanych w\u0142os\u00f3w \u2022 Zapobiega puszeniu si\u0119 w\u0142os\u00f3w \u2022 Po\u0142\u0105czenie sk\u0142adnik\u00f3w, kt\u00f3re utrzymuj\u0105 naturalne nawil\u017cenie \u2022 Do dynamicznych stylizacji z naturalnym efektem \u2022 Stosuj na w\u0142osy mokre lub suche \u2022 Pojemno\u015b\u0107 200ml + Zakr\u0119tka zapobiegaj\u0105ca kapaniu.<\/p>\n<p>Produkt z najnowszej linii HI STYLE, kt\u00f3ra zosta\u0142a opracowana z uwzgl\u0119dnieniem wega\u0144skich receptur i naturalnych sk\u0142adnik\u00f3w, kt\u00f3re zapewniaj\u0105 skuteczne i sprawdzone rozwi\u0105zania dla w\u0142os\u00f3w i potrzeb sk\u00f3ry g\u0142owy.<\/p>\n","protected":false},"excerpt":{"rendered":"<p>Krem do lok\u00f3w \u201e2\u201d \u2013 Curl Creation \u2013 Kreowanie lok\u00f3w, Stylizacja marki Hipertin, Nowo\u015b\u0107 2020!<\/p>\n<p>Daj sobie szanse, rozlu\u017aniaj i skr\u0119caj w\u0142osy, wypr\u00f3buj nowy styl !<\/p>\n<p>Najwa\u017cniejsze cechy: \u2022 Aktywator skr\u0119tu \u2022 Produkt wega\u0144ski \u2022 Moc Produktu \u201e2\u201d \u2022 Do falowanych w\u0142os\u00f3w \u2022 Zapobiega puszeniu si\u0119 w\u0142os\u00f3w \u2022 Po\u0142\u0105czenie sk\u0142adnik\u00f3w, kt\u00f3re utrzymuj\u0105 naturalne nawil\u017cenie \u2022 Do dynamicznych stylizacji z naturalnym efektem \u2022 Stosuj na w\u0142osy mokre lub suche \u2022 Pojemno\u015b\u0107 200ml + Zakr\u0119tka zapobiegaj\u0105ca kapaniu.<\/p>\n","protected":false},"featured_media":2782,"comment_status":"open","ping_status":"closed","template":"","meta":[],"product_cat":[139],"product_tag":[],"class_list":["post-2781","product","type-product","status-publish","has-post-thumbnail","hentry","pwb-brand-hipertin","product_cat-stylizacja"],"brands":[{"id":133,"name":"Hipertin","slug":"hipertin"}],"yoast_head":"<!-- This site is optimized with the Yoast SEO plugin v19.10 - https:\/\/yoast.com\/wordpress\/plugins\/seo\/ -->\n<title>Krem do lok\u00f3w \u201e2\u201d Hipertin 200ml - HIPERTIN - Profesjonalne produkty Fryzjerskie<\/title>\n<meta name=\"robots\" content=\"index, follow, max-snippet:-1, max-image-preview:large, max-video-preview:-1\" \/>\n<link rel=\"canonical\" href=\"https:\/\/hipertin.dfirma.pl\/index.php\/product\/krem-do-lokow-2-hipertin-200ml\/\" \/>\n<meta property=\"og:locale\" content=\"pl_PL\" \/>\n<meta property=\"og:type\" content=\"article\" \/>\n<meta property=\"og:title\" content=\"Krem do lok\u00f3w \u201e2\u201d Hipertin 200ml - HIPERTIN - Profesjonalne produkty Fryzjerskie\" \/>\n<meta property=\"og:description\" content=\"Krem do lok\u00f3w \u201e2\u201d \u2013 Curl Creation \u2013 Kreowanie lok\u00f3w, Stylizacja marki Hipertin, Nowo\u015b\u0107 2020!  Daj sobie szanse, rozlu\u017aniaj i skr\u0119caj w\u0142osy, wypr\u00f3buj nowy styl !  Najwa\u017cniejsze cechy: \u2022 Aktywator skr\u0119tu \u2022 Produkt wega\u0144ski \u2022 Moc Produktu \u201e2\u201d \u2022 Do falowanych w\u0142os\u00f3w \u2022 Zapobiega puszeniu si\u0119 w\u0142os\u00f3w \u2022 Po\u0142\u0105czenie sk\u0142adnik\u00f3w, kt\u00f3re utrzymuj\u0105 naturalne nawil\u017cenie \u2022 Do dynamicznych stylizacji z naturalnym efektem \u2022 Stosuj na w\u0142osy mokre lub suche \u2022 Pojemno\u015b\u0107 200ml + Zakr\u0119tka zapobiegaj\u0105ca kapaniu.\" \/>\n<meta property=\"og:url\" content=\"https:\/\/hipertin.dfirma.pl\/index.php\/product\/krem-do-lokow-2-hipertin-200ml\/\" \/>\n<meta property=\"og:site_name\" content=\"HIPERTIN - Profesjonalne produkty Fryzjerskie\" \/>\n<meta property=\"article:modified_time\" content=\"2022-04-11T11:26:48+00:00\" \/>\n<meta property=\"og:image\" content=\"https:\/\/hipertin.dfirma.pl\/wp-content\/uploads\/2021\/07\/krem-do-lokow-2-hipertin-200ml-e1636534217963.png\" \/>\n\t<meta property=\"og:image:width\" content=\"600\" \/>\n\t<meta property=\"og:image:height\" content=\"600\" \/>\n\t<meta property=\"og:image:type\" content=\"image\/png\" \/>\n<meta name=\"twitter:card\" content=\"summary_large_image\" \/>\n<meta name=\"twitter:label1\" content=\"Szacowany czas czytania\" \/>\n\t<meta name=\"twitter:data1\" content=\"1 minuta\" \/>\n<script type=\"application\/ld+json\" class=\"yoast-schema-graph\">{\"@context\":\"https:\/\/schema.org\",\"@graph\":[{\"@type\":\"WebPage\",\"@id\":\"https:\/\/hipertin.dfirma.pl\/index.php\/product\/krem-do-lokow-2-hipertin-200ml\/\",\"url\":\"https:\/\/hipertin.dfirma.pl\/index.php\/product\/krem-do-lokow-2-hipertin-200ml\/\",\"name\":\"Krem do lok\u00f3w \u201e2\u201d Hipertin 200ml - HIPERTIN - Profesjonalne produkty Fryzjerskie\",\"isPartOf\":{\"@id\":\"https:\/\/hipertin.dfirma.pl\/#website\"},\"datePublished\":\"2021-07-08T09:46:40+00:00\",\"dateModified\":\"2022-04-11T11:26:48+00:00\",\"breadcrumb\":{\"@id\":\"https:\/\/hipertin.dfirma.pl\/index.php\/product\/krem-do-lokow-2-hipertin-200ml\/#breadcrumb\"},\"inLanguage\":\"pl-PL\",\"potentialAction\":[{\"@type\":\"ReadAction\",\"target\":[\"https:\/\/hipertin.dfirma.pl\/index.php\/product\/krem-do-lokow-2-hipertin-200ml\/\"]}]},{\"@type\":\"BreadcrumbList\",\"@id\":\"https:\/\/hipertin.dfirma.pl\/index.php\/product\/krem-do-lokow-2-hipertin-200ml\/#breadcrumb\",\"itemListElement\":[{\"@type\":\"ListItem\",\"position\":1,\"name\":\"Strona g\u0142\u00f3wna\",\"item\":\"https:\/\/hipertin.dfirma.pl\/\"},{\"@type\":\"ListItem\",\"position\":2,\"name\":\"Sklep\",\"item\":\"https:\/\/hipertin.dfirma.pl\/index.php\/sklep\/\"},{\"@type\":\"ListItem\",\"position\":3,\"name\":\"Krem do lok\u00f3w \u201e2\u201d Hipertin 200ml\"}]},{\"@type\":\"WebSite\",\"@id\":\"https:\/\/hipertin.dfirma.pl\/#website\",\"url\":\"https:\/\/hipertin.dfirma.pl\/\",\"name\":\"HIPERTIN - Profesjonalne produkty Fryzjerskie\",\"description\":\"\",\"potentialAction\":[{\"@type\":\"SearchAction\",\"target\":{\"@type\":\"EntryPoint\",\"urlTemplate\":\"https:\/\/hipertin.dfirma.pl\/?s={search_term_string}\"},\"query-input\":\"required name=search_term_string\"}],\"inLanguage\":\"pl-PL\"}]}<\/script>\n<!-- \/ Yoast SEO plugin. -->","yoast_head_json":{"title":"Krem do lok\u00f3w \u201e2\u201d Hipertin 200ml - HIPERTIN - Profesjonalne produkty Fryzjerskie","robots":{"index":"index","follow":"follow","max-snippet":"max-snippet:-1","max-image-preview":"max-image-preview:large","max-video-preview":"max-video-preview:-1"},"canonical":"https:\/\/hipertin.dfirma.pl\/index.php\/product\/krem-do-lokow-2-hipertin-200ml\/","og_locale":"pl_PL","og_type":"article","og_title":"Krem do lok\u00f3w \u201e2\u201d Hipertin 200ml - HIPERTIN - Profesjonalne produkty Fryzjerskie","og_description":"Krem do lok\u00f3w \u201e2\u201d \u2013 Curl Creation \u2013 Kreowanie lok\u00f3w, Stylizacja marki Hipertin, Nowo\u015b\u0107 2020!  Daj sobie szanse, rozlu\u017aniaj i skr\u0119caj w\u0142osy, wypr\u00f3buj nowy styl !  Najwa\u017cniejsze cechy: \u2022 Aktywator skr\u0119tu \u2022 Produkt wega\u0144ski \u2022 Moc Produktu \u201e2\u201d \u2022 Do falowanych w\u0142os\u00f3w \u2022 Zapobiega puszeniu si\u0119 w\u0142os\u00f3w \u2022 Po\u0142\u0105czenie sk\u0142adnik\u00f3w, kt\u00f3re utrzymuj\u0105 naturalne nawil\u017cenie \u2022 Do dynamicznych stylizacji z naturalnym efektem \u2022 Stosuj na w\u0142osy mokre lub suche \u2022 Pojemno\u015b\u0107 200ml + Zakr\u0119tka zapobiegaj\u0105ca kapaniu.","og_url":"https:\/\/hipertin.dfirma.pl\/index.php\/product\/krem-do-lokow-2-hipertin-200ml\/","og_site_name":"HIPERTIN - Profesjonalne produkty Fryzjerskie","article_modified_time":"2022-04-11T11:26:48+00:00","og_image":[{"width":600,"height":600,"url":"https:\/\/hipertin.dfirma.pl\/wp-content\/uploads\/2021\/07\/krem-do-lokow-2-hipertin-200ml-e1636534217963.png","type":"image\/png"}],"twitter_card":"summary_large_image","twitter_misc":{"Szacowany czas czytania":"1 minuta"},"schema":{"@context":"https:\/\/schema.org","@graph":[{"@type":"WebPage","@id":"https:\/\/hipertin.dfirma.pl\/index.php\/product\/krem-do-lokow-2-hipertin-200ml\/","url":"https:\/\/hipertin.dfirma.pl\/index.php\/product\/krem-do-lokow-2-hipertin-200ml\/","name":"Krem do lok\u00f3w \u201e2\u201d Hipertin 200ml - HIPERTIN - Profesjonalne produkty Fryzjerskie","isPartOf":{"@id":"https:\/\/hipertin.dfirma.pl\/#website"},"datePublished":"2021-07-08T09:46:40+00:00","dateModified":"2022-04-11T11:26:48+00:00","breadcrumb":{"@id":"https:\/\/hipertin.dfirma.pl\/index.php\/product\/krem-do-lokow-2-hipertin-200ml\/#breadcrumb"},"inLanguage":"pl-PL","potentialAction":[{"@type":"ReadAction","target":["https:\/\/hipertin.dfirma.pl\/index.php\/product\/krem-do-lokow-2-hipertin-200ml\/"]}]},{"@type":"BreadcrumbList","@id":"https:\/\/hipertin.dfirma.pl\/index.php\/product\/krem-do-lokow-2-hipertin-200ml\/#breadcrumb","itemListElement":[{"@type":"ListItem","position":1,"name":"Strona g\u0142\u00f3wna","item":"https:\/\/hipertin.dfirma.pl\/"},{"@type":"ListItem","position":2,"name":"Sklep","item":"https:\/\/hipertin.dfirma.pl\/index.php\/sklep\/"},{"@type":"ListItem","position":3,"name":"Krem do lok\u00f3w \u201e2\u201d Hipertin 200ml"}]},{"@type":"WebSite","@id":"https:\/\/hipertin.dfirma.pl\/#website","url":"https:\/\/hipertin.dfirma.pl\/","name":"HIPERTIN - Profesjonalne produkty Fryzjerskie","description":"","potentialAction":[{"@type":"SearchAction","target":{"@type":"EntryPoint","urlTemplate":"https:\/\/hipertin.dfirma.pl\/?s={search_term_string}"},"query-input":"required name=search_term_string"}],"inLanguage":"pl-PL"}]}},"_links":{"self":[{"href":"https:\/\/hipertin.dfirma.pl\/index.php\/wp-json\/wp\/v2\/product\/2781","targetHints":{"allow":["GET"]}}],"collection":[{"href":"https:\/\/hipertin.dfirma.pl\/index.php\/wp-json\/wp\/v2\/product"}],"about":[{"href":"https:\/\/hipertin.dfirma.pl\/index.php\/wp-json\/wp\/v2\/types\/product"}],"replies":[{"embeddable":true,"href":"https:\/\/hipertin.dfirma.pl\/index.php\/wp-json\/wp\/v2\/comments?post=2781"}],"wp:featuredmedia":[{"embeddable":true,"href":"https:\/\/hipertin.dfirma.pl\/index.php\/wp-json\/wp\/v2\/media\/2782"}],"wp:attachment":[{"href":"https:\/\/hipertin.dfirma.pl\/index.php\/wp-json\/wp\/v2\/media?parent=2781"}],"wp:term":[{"taxonomy":"product_cat","embeddable":true,"href":"https:\/\/hipertin.dfirma.pl\/index.php\/wp-json\/wp\/v2\/product_cat?post=2781"},{"taxonomy":"product_tag","embeddable":true,"href":"https:\/\/hipertin.dfirma.pl\/index.php\/wp-json\/wp\/v2\/product_tag?post=2781"}],"curies":[{"name":"wp","href":"https:\/\/api.w.org\/{rel}","templated":true}]}}