{"id":2803,"date":"2021-07-08T10:01:59","date_gmt":"2021-07-08T10:01:59","guid":{"rendered":"https:\/\/server656728.nazwa.pl\/hipertin\/?post_type=product&#038;p=2803"},"modified":"2022-09-14T10:25:22","modified_gmt":"2022-09-14T10:25:22","slug":"spray-termo-ochrona-hipertin-heat-protector-1-200ml","status":"publish","type":"product","link":"https:\/\/hipertin.dfirma.pl\/index.php\/product\/spray-termo-ochrona-hipertin-heat-protector-1-200ml\/","title":{"rendered":"Spray termo-ochrona, Hipertin Thermal Heat Protector, 200ml"},"content":{"rendered":"<p>Szukasz wyj\u0105tkowego sprayu ochronnego, kt\u00f3ry zabezpieczy w\u0142osy przed szkodliwym dzia\u0142aniem wysokiej temperatury? Wybierz wi\u0119c Hipertin Heat Protector spray termo-ochronny do w\u0142os\u00f3w, kt\u00f3ry idealnie si\u0119 sprawdzi w przypadku ka\u017cdego rodzaju w\u0142os\u00f3w.<\/p>\n<p>Hipertin Heat Protector to znakomity spray termo-ochronny do w\u0142os\u00f3w, kt\u00f3rego zadaniem jest zapewnienie w\u0142osom doskona\u0142ej ochrony podczas stylizacji przy u\u017cyciu urz\u0105dze\u0144 emituj\u0105cych wysok\u0105 temperatur\u0119. Dlatego te\u017c u\u017cywaj\u0105c sprayu, mo\u017cesz by\u0107 pewna, \u017ce nie zaszkodzisz swoim w\u0142osom u\u017cywaj\u0105c prostownicy, lok\u00f3wki czy te\u017c suszarki. Spray, opr\u00f3cz ochrony w\u0142os\u00f3w posiada jeszcze inne w\u0142a\u015bciwo\u015bci. A mianowicie idealnie wyg\u0142adza w\u0142osy, a tak\u017ce dodaje im po\u0142ysku. Znacznie zwi\u0119ksza tak\u017ce elastyczno\u015b\u0107 w\u0142os\u00f3w. Dlatego te\u017c po u\u017cyciu Hipertin Hi-Style Heat Protector zauwa\u017cysz, \u017ce w\u0142osy s\u0105 pi\u0119kniejsze, lekkie i zwiewne.<\/p>\n<p>Spos\u00f3b u\u017cycia: spryskaj suche lub wilgotne w\u0142osy i przyst\u0105p do ich suszenia lub prostowania.<\/p>\n<p>Pojemno\u015b\u0107: 200ml<\/p>\n","protected":false},"excerpt":{"rendered":"<p>Hipertin Heat Protector to znakomity spray termo-ochronny do w\u0142os\u00f3w, kt\u00f3rego zadaniem jest zapewnienie w\u0142osom doskona\u0142ej ochrony podczas stylizacji przy u\u017cyciu urz\u0105dze\u0144 emituj\u0105cych wysok\u0105 temperatur\u0119. Dlatego te\u017c u\u017cywaj\u0105c sprayu, mo\u017cesz by\u0107 pewna, \u017ce nie zaszkodzisz swoim w\u0142osom u\u017cywaj\u0105c prostownicy, lok\u00f3wki czy te\u017c suszarki. Spray, opr\u00f3cz ochrony w\u0142os\u00f3w posiada jeszcze inne w\u0142a\u015bciwo\u015bci. A mianowicie idealnie wyg\u0142adza w\u0142osy, a tak\u017ce dodaje im po\u0142ysku. Znacznie zwi\u0119ksza tak\u017ce elastyczno\u015b\u0107 w\u0142os\u00f3w. Dlatego te\u017c po u\u017cyciu Hipertin Hi-Style Heat Protector zauwa\u017cysz, \u017ce w\u0142osy s\u0105 pi\u0119kniejsze, lekkie i zwiewne.<\/p>\n","protected":false},"featured_media":4269,"comment_status":"open","ping_status":"closed","template":"","meta":[],"product_cat":[139],"product_tag":[],"class_list":["post-2803","product","type-product","status-publish","has-post-thumbnail","hentry","pwb-brand-hipertin","product_cat-stylizacja","product_shipping_class-darmowa-wysylka"],"brands":[{"id":133,"name":"Hipertin","slug":"hipertin"}],"yoast_head":"<!-- This site is optimized with the Yoast SEO plugin v19.10 - https:\/\/yoast.com\/wordpress\/plugins\/seo\/ -->\n<title>Spray termo-ochrona, Hipertin Thermal Heat Protector, 200ml - HIPERTIN - Profesjonalne produkty Fryzjerskie<\/title>\n<meta name=\"robots\" content=\"index, follow, max-snippet:-1, max-image-preview:large, max-video-preview:-1\" \/>\n<link rel=\"canonical\" href=\"https:\/\/hipertin.dfirma.pl\/index.php\/product\/spray-termo-ochrona-hipertin-heat-protector-1-200ml\/\" \/>\n<meta property=\"og:locale\" content=\"pl_PL\" \/>\n<meta property=\"og:type\" content=\"article\" \/>\n<meta property=\"og:title\" content=\"Spray termo-ochrona, Hipertin Thermal Heat Protector, 200ml - HIPERTIN - Profesjonalne produkty Fryzjerskie\" \/>\n<meta property=\"og:description\" content=\"Hipertin Heat Protector to znakomity spray termo-ochronny do w\u0142os\u00f3w, kt\u00f3rego zadaniem jest zapewnienie w\u0142osom doskona\u0142ej ochrony podczas stylizacji przy u\u017cyciu urz\u0105dze\u0144 emituj\u0105cych wysok\u0105 temperatur\u0119. Dlatego te\u017c u\u017cywaj\u0105c sprayu, mo\u017cesz by\u0107 pewna, \u017ce nie zaszkodzisz swoim w\u0142osom u\u017cywaj\u0105c prostownicy, lok\u00f3wki czy te\u017c suszarki. Spray, opr\u00f3cz ochrony w\u0142os\u00f3w posiada jeszcze inne w\u0142a\u015bciwo\u015bci. A mianowicie idealnie wyg\u0142adza w\u0142osy, a tak\u017ce dodaje im po\u0142ysku. Znacznie zwi\u0119ksza tak\u017ce elastyczno\u015b\u0107 w\u0142os\u00f3w. Dlatego te\u017c po u\u017cyciu Hipertin Hi-Style Heat Protector zauwa\u017cysz, \u017ce w\u0142osy s\u0105 pi\u0119kniejsze, lekkie i zwiewne.\" \/>\n<meta property=\"og:url\" content=\"https:\/\/hipertin.dfirma.pl\/index.php\/product\/spray-termo-ochrona-hipertin-heat-protector-1-200ml\/\" \/>\n<meta property=\"og:site_name\" content=\"HIPERTIN - Profesjonalne produkty Fryzjerskie\" \/>\n<meta property=\"article:modified_time\" content=\"2022-09-14T10:25:22+00:00\" \/>\n<meta property=\"og:image\" content=\"https:\/\/hipertin.dfirma.pl\/wp-content\/uploads\/2021\/07\/Spray-termo-ochrona-Hipertin-Thermal-Heat-Protector-200ml.png\" \/>\n\t<meta property=\"og:image:width\" content=\"500\" \/>\n\t<meta property=\"og:image:height\" content=\"500\" \/>\n\t<meta property=\"og:image:type\" content=\"image\/png\" \/>\n<meta name=\"twitter:card\" content=\"summary_large_image\" \/>\n<meta name=\"twitter:label1\" content=\"Szacowany czas czytania\" \/>\n\t<meta name=\"twitter:data1\" content=\"1 minuta\" \/>\n<script type=\"application\/ld+json\" class=\"yoast-schema-graph\">{\"@context\":\"https:\/\/schema.org\",\"@graph\":[{\"@type\":\"WebPage\",\"@id\":\"https:\/\/hipertin.dfirma.pl\/index.php\/product\/spray-termo-ochrona-hipertin-heat-protector-1-200ml\/\",\"url\":\"https:\/\/hipertin.dfirma.pl\/index.php\/product\/spray-termo-ochrona-hipertin-heat-protector-1-200ml\/\",\"name\":\"Spray termo-ochrona, Hipertin Thermal Heat Protector, 200ml - HIPERTIN - Profesjonalne produkty Fryzjerskie\",\"isPartOf\":{\"@id\":\"https:\/\/hipertin.dfirma.pl\/#website\"},\"datePublished\":\"2021-07-08T10:01:59+00:00\",\"dateModified\":\"2022-09-14T10:25:22+00:00\",\"breadcrumb\":{\"@id\":\"https:\/\/hipertin.dfirma.pl\/index.php\/product\/spray-termo-ochrona-hipertin-heat-protector-1-200ml\/#breadcrumb\"},\"inLanguage\":\"pl-PL\",\"potentialAction\":[{\"@type\":\"ReadAction\",\"target\":[\"https:\/\/hipertin.dfirma.pl\/index.php\/product\/spray-termo-ochrona-hipertin-heat-protector-1-200ml\/\"]}]},{\"@type\":\"BreadcrumbList\",\"@id\":\"https:\/\/hipertin.dfirma.pl\/index.php\/product\/spray-termo-ochrona-hipertin-heat-protector-1-200ml\/#breadcrumb\",\"itemListElement\":[{\"@type\":\"ListItem\",\"position\":1,\"name\":\"Strona g\u0142\u00f3wna\",\"item\":\"https:\/\/hipertin.dfirma.pl\/\"},{\"@type\":\"ListItem\",\"position\":2,\"name\":\"Sklep\",\"item\":\"https:\/\/hipertin.dfirma.pl\/index.php\/sklep\/\"},{\"@type\":\"ListItem\",\"position\":3,\"name\":\"Spray termo-ochrona, Hipertin Thermal Heat Protector, 200ml\"}]},{\"@type\":\"WebSite\",\"@id\":\"https:\/\/hipertin.dfirma.pl\/#website\",\"url\":\"https:\/\/hipertin.dfirma.pl\/\",\"name\":\"HIPERTIN - Profesjonalne produkty Fryzjerskie\",\"description\":\"\",\"potentialAction\":[{\"@type\":\"SearchAction\",\"target\":{\"@type\":\"EntryPoint\",\"urlTemplate\":\"https:\/\/hipertin.dfirma.pl\/?s={search_term_string}\"},\"query-input\":\"required name=search_term_string\"}],\"inLanguage\":\"pl-PL\"}]}<\/script>\n<!-- \/ Yoast SEO plugin. -->","yoast_head_json":{"title":"Spray termo-ochrona, Hipertin Thermal Heat Protector, 200ml - HIPERTIN - Profesjonalne produkty Fryzjerskie","robots":{"index":"index","follow":"follow","max-snippet":"max-snippet:-1","max-image-preview":"max-image-preview:large","max-video-preview":"max-video-preview:-1"},"canonical":"https:\/\/hipertin.dfirma.pl\/index.php\/product\/spray-termo-ochrona-hipertin-heat-protector-1-200ml\/","og_locale":"pl_PL","og_type":"article","og_title":"Spray termo-ochrona, Hipertin Thermal Heat Protector, 200ml - HIPERTIN - Profesjonalne produkty Fryzjerskie","og_description":"Hipertin Heat Protector to znakomity spray termo-ochronny do w\u0142os\u00f3w, kt\u00f3rego zadaniem jest zapewnienie w\u0142osom doskona\u0142ej ochrony podczas stylizacji przy u\u017cyciu urz\u0105dze\u0144 emituj\u0105cych wysok\u0105 temperatur\u0119. Dlatego te\u017c u\u017cywaj\u0105c sprayu, mo\u017cesz by\u0107 pewna, \u017ce nie zaszkodzisz swoim w\u0142osom u\u017cywaj\u0105c prostownicy, lok\u00f3wki czy te\u017c suszarki. Spray, opr\u00f3cz ochrony w\u0142os\u00f3w posiada jeszcze inne w\u0142a\u015bciwo\u015bci. A mianowicie idealnie wyg\u0142adza w\u0142osy, a tak\u017ce dodaje im po\u0142ysku. Znacznie zwi\u0119ksza tak\u017ce elastyczno\u015b\u0107 w\u0142os\u00f3w. Dlatego te\u017c po u\u017cyciu Hipertin Hi-Style Heat Protector zauwa\u017cysz, \u017ce w\u0142osy s\u0105 pi\u0119kniejsze, lekkie i zwiewne.","og_url":"https:\/\/hipertin.dfirma.pl\/index.php\/product\/spray-termo-ochrona-hipertin-heat-protector-1-200ml\/","og_site_name":"HIPERTIN - Profesjonalne produkty Fryzjerskie","article_modified_time":"2022-09-14T10:25:22+00:00","og_image":[{"width":500,"height":500,"url":"https:\/\/hipertin.dfirma.pl\/wp-content\/uploads\/2021\/07\/Spray-termo-ochrona-Hipertin-Thermal-Heat-Protector-200ml.png","type":"image\/png"}],"twitter_card":"summary_large_image","twitter_misc":{"Szacowany czas czytania":"1 minuta"},"schema":{"@context":"https:\/\/schema.org","@graph":[{"@type":"WebPage","@id":"https:\/\/hipertin.dfirma.pl\/index.php\/product\/spray-termo-ochrona-hipertin-heat-protector-1-200ml\/","url":"https:\/\/hipertin.dfirma.pl\/index.php\/product\/spray-termo-ochrona-hipertin-heat-protector-1-200ml\/","name":"Spray termo-ochrona, Hipertin Thermal Heat Protector, 200ml - HIPERTIN - Profesjonalne produkty Fryzjerskie","isPartOf":{"@id":"https:\/\/hipertin.dfirma.pl\/#website"},"datePublished":"2021-07-08T10:01:59+00:00","dateModified":"2022-09-14T10:25:22+00:00","breadcrumb":{"@id":"https:\/\/hipertin.dfirma.pl\/index.php\/product\/spray-termo-ochrona-hipertin-heat-protector-1-200ml\/#breadcrumb"},"inLanguage":"pl-PL","potentialAction":[{"@type":"ReadAction","target":["https:\/\/hipertin.dfirma.pl\/index.php\/product\/spray-termo-ochrona-hipertin-heat-protector-1-200ml\/"]}]},{"@type":"BreadcrumbList","@id":"https:\/\/hipertin.dfirma.pl\/index.php\/product\/spray-termo-ochrona-hipertin-heat-protector-1-200ml\/#breadcrumb","itemListElement":[{"@type":"ListItem","position":1,"name":"Strona g\u0142\u00f3wna","item":"https:\/\/hipertin.dfirma.pl\/"},{"@type":"ListItem","position":2,"name":"Sklep","item":"https:\/\/hipertin.dfirma.pl\/index.php\/sklep\/"},{"@type":"ListItem","position":3,"name":"Spray termo-ochrona, Hipertin Thermal Heat Protector, 200ml"}]},{"@type":"WebSite","@id":"https:\/\/hipertin.dfirma.pl\/#website","url":"https:\/\/hipertin.dfirma.pl\/","name":"HIPERTIN - Profesjonalne produkty Fryzjerskie","description":"","potentialAction":[{"@type":"SearchAction","target":{"@type":"EntryPoint","urlTemplate":"https:\/\/hipertin.dfirma.pl\/?s={search_term_string}"},"query-input":"required name=search_term_string"}],"inLanguage":"pl-PL"}]}},"_links":{"self":[{"href":"https:\/\/hipertin.dfirma.pl\/index.php\/wp-json\/wp\/v2\/product\/2803","targetHints":{"allow":["GET"]}}],"collection":[{"href":"https:\/\/hipertin.dfirma.pl\/index.php\/wp-json\/wp\/v2\/product"}],"about":[{"href":"https:\/\/hipertin.dfirma.pl\/index.php\/wp-json\/wp\/v2\/types\/product"}],"replies":[{"embeddable":true,"href":"https:\/\/hipertin.dfirma.pl\/index.php\/wp-json\/wp\/v2\/comments?post=2803"}],"wp:featuredmedia":[{"embeddable":true,"href":"https:\/\/hipertin.dfirma.pl\/index.php\/wp-json\/wp\/v2\/media\/4269"}],"wp:attachment":[{"href":"https:\/\/hipertin.dfirma.pl\/index.php\/wp-json\/wp\/v2\/media?parent=2803"}],"wp:term":[{"taxonomy":"product_cat","embeddable":true,"href":"https:\/\/hipertin.dfirma.pl\/index.php\/wp-json\/wp\/v2\/product_cat?post=2803"},{"taxonomy":"product_tag","embeddable":true,"href":"https:\/\/hipertin.dfirma.pl\/index.php\/wp-json\/wp\/v2\/product_tag?post=2803"}],"curies":[{"name":"wp","href":"https:\/\/api.w.org\/{rel}","templated":true}]}}