{"id":2807,"date":"2021-07-08T10:07:16","date_gmt":"2021-07-08T10:07:16","guid":{"rendered":"https:\/\/server656728.nazwa.pl\/hipertin\/?post_type=product&#038;p=2807"},"modified":"2021-10-22T11:43:19","modified_gmt":"2021-10-22T11:43:19","slug":"plyn-do-trwalej-indywidual-top-hipertin-80ml-500ml","status":"publish","type":"product","link":"https:\/\/hipertin.dfirma.pl\/index.php\/product\/plyn-do-trwalej-indywidual-top-hipertin-80ml-500ml\/","title":{"rendered":"P\u0142yn do trwa\u0142ej Indywidual Top Hipertin 80ml-500ml"},"content":{"rendered":"<p>INDYWIDUAL TOP<br \/>\nP\u0142yn do trwa\u0142ej najwy\u017cszej jako\u015bci. Kie\u0142ki pszenicy zawarte w produkcie regeneruj\u0105 i od\u017cywiaj\u0105 w\u0142\u00f3kno w\u0142osa, zapewniaj\u0105c im witalno\u015b\u0107 i elastyczno\u015b\u0107.<\/p>\n<p>Pojemno\u015b\u0107: butelki 80 ml lub 500ml<\/p>\n<p>Warianty:<\/p>\n<p>0 \u2013 do w\u0142os\u00f3w opornych<\/p>\n<p>1 \u2013 w\u0142osy normalne<\/p>\n<p>2 \u2013 w\u0142osy farbowane<\/p>\n","protected":false},"excerpt":{"rendered":"<p>INDYWIDUAL TOP<br \/>\nP\u0142yn do trwa\u0142ej najwy\u017cszej jako\u015bci. Kie\u0142ki pszenicy zawarte w produkcie regeneruj\u0105 i od\u017cywiaj\u0105 w\u0142\u00f3kno w\u0142osa, zapewniaj\u0105c im witalno\u015b\u0107 i elastyczno\u015b\u0107.<\/p>\n<p>Pojemno\u015b\u0107: butelki 80 ml lub 500ml<\/p>\n<p>Warianty:<\/p>\n<p>0 \u2013 do w\u0142os\u00f3w opornych<\/p>\n<p>1 \u2013 w\u0142osy normalne<\/p>\n<p>2 \u2013 w\u0142osy farbowane<\/p>\n","protected":false},"featured_media":2810,"comment_status":"open","ping_status":"closed","template":"","meta":[],"product_cat":[140],"product_tag":[],"class_list":["post-2807","product","type-product","status-publish","has-post-thumbnail","hentry","pwb-brand-hipertin","product_cat-prostowanie-i-trwala","product_shipping_class-darmowa-wysylka"],"brands":[{"id":133,"name":"Hipertin","slug":"hipertin"}],"yoast_head":"<!-- This site is optimized with the Yoast SEO plugin v19.10 - https:\/\/yoast.com\/wordpress\/plugins\/seo\/ -->\n<title>P\u0142yn do trwa\u0142ej Indywidual Top Hipertin 80ml-500ml - HIPERTIN - Profesjonalne produkty Fryzjerskie<\/title>\n<meta name=\"robots\" content=\"index, follow, max-snippet:-1, max-image-preview:large, max-video-preview:-1\" \/>\n<link rel=\"canonical\" href=\"https:\/\/hipertin.dfirma.pl\/index.php\/product\/plyn-do-trwalej-indywidual-top-hipertin-80ml-500ml\/\" \/>\n<meta property=\"og:locale\" content=\"pl_PL\" \/>\n<meta property=\"og:type\" content=\"article\" \/>\n<meta property=\"og:title\" content=\"P\u0142yn do trwa\u0142ej Indywidual Top Hipertin 80ml-500ml - HIPERTIN - Profesjonalne produkty Fryzjerskie\" \/>\n<meta property=\"og:description\" content=\"INDYWIDUAL TOP P\u0142yn do trwa\u0142ej najwy\u017cszej jako\u015bci. Kie\u0142ki pszenicy zawarte w produkcie regeneruj\u0105 i od\u017cywiaj\u0105 w\u0142\u00f3kno w\u0142osa, zapewniaj\u0105c im witalno\u015b\u0107 i elastyczno\u015b\u0107.  Pojemno\u015b\u0107: butelki 80 ml lub 500ml  Warianty:  0 \u2013 do w\u0142os\u00f3w opornych  1 \u2013 w\u0142osy normalne  2 \u2013 w\u0142osy farbowane\" \/>\n<meta property=\"og:url\" content=\"https:\/\/hipertin.dfirma.pl\/index.php\/product\/plyn-do-trwalej-indywidual-top-hipertin-80ml-500ml\/\" \/>\n<meta property=\"og:site_name\" content=\"HIPERTIN - Profesjonalne produkty Fryzjerskie\" \/>\n<meta property=\"article:modified_time\" content=\"2021-10-22T11:43:19+00:00\" \/>\n<meta property=\"og:image\" content=\"https:\/\/hipertin.dfirma.pl\/wp-content\/uploads\/2021\/07\/plyn-do-trwalej-indywidual-top-hipertin-e1636534297656.png\" \/>\n\t<meta property=\"og:image:width\" content=\"600\" \/>\n\t<meta property=\"og:image:height\" content=\"600\" \/>\n\t<meta property=\"og:image:type\" content=\"image\/png\" \/>\n<meta name=\"twitter:card\" content=\"summary_large_image\" \/>\n<script type=\"application\/ld+json\" class=\"yoast-schema-graph\">{\"@context\":\"https:\/\/schema.org\",\"@graph\":[{\"@type\":\"WebPage\",\"@id\":\"https:\/\/hipertin.dfirma.pl\/index.php\/product\/plyn-do-trwalej-indywidual-top-hipertin-80ml-500ml\/\",\"url\":\"https:\/\/hipertin.dfirma.pl\/index.php\/product\/plyn-do-trwalej-indywidual-top-hipertin-80ml-500ml\/\",\"name\":\"P\u0142yn do trwa\u0142ej Indywidual Top Hipertin 80ml-500ml - HIPERTIN - Profesjonalne produkty Fryzjerskie\",\"isPartOf\":{\"@id\":\"https:\/\/hipertin.dfirma.pl\/#website\"},\"datePublished\":\"2021-07-08T10:07:16+00:00\",\"dateModified\":\"2021-10-22T11:43:19+00:00\",\"breadcrumb\":{\"@id\":\"https:\/\/hipertin.dfirma.pl\/index.php\/product\/plyn-do-trwalej-indywidual-top-hipertin-80ml-500ml\/#breadcrumb\"},\"inLanguage\":\"pl-PL\",\"potentialAction\":[{\"@type\":\"ReadAction\",\"target\":[\"https:\/\/hipertin.dfirma.pl\/index.php\/product\/plyn-do-trwalej-indywidual-top-hipertin-80ml-500ml\/\"]}]},{\"@type\":\"BreadcrumbList\",\"@id\":\"https:\/\/hipertin.dfirma.pl\/index.php\/product\/plyn-do-trwalej-indywidual-top-hipertin-80ml-500ml\/#breadcrumb\",\"itemListElement\":[{\"@type\":\"ListItem\",\"position\":1,\"name\":\"Strona g\u0142\u00f3wna\",\"item\":\"https:\/\/hipertin.dfirma.pl\/\"},{\"@type\":\"ListItem\",\"position\":2,\"name\":\"Sklep\",\"item\":\"https:\/\/hipertin.dfirma.pl\/index.php\/sklep\/\"},{\"@type\":\"ListItem\",\"position\":3,\"name\":\"P\u0142yn do trwa\u0142ej Indywidual Top Hipertin 80ml-500ml\"}]},{\"@type\":\"WebSite\",\"@id\":\"https:\/\/hipertin.dfirma.pl\/#website\",\"url\":\"https:\/\/hipertin.dfirma.pl\/\",\"name\":\"HIPERTIN - Profesjonalne produkty Fryzjerskie\",\"description\":\"\",\"potentialAction\":[{\"@type\":\"SearchAction\",\"target\":{\"@type\":\"EntryPoint\",\"urlTemplate\":\"https:\/\/hipertin.dfirma.pl\/?s={search_term_string}\"},\"query-input\":\"required name=search_term_string\"}],\"inLanguage\":\"pl-PL\"}]}<\/script>\n<!-- \/ Yoast SEO plugin. -->","yoast_head_json":{"title":"P\u0142yn do trwa\u0142ej Indywidual Top Hipertin 80ml-500ml - HIPERTIN - Profesjonalne produkty Fryzjerskie","robots":{"index":"index","follow":"follow","max-snippet":"max-snippet:-1","max-image-preview":"max-image-preview:large","max-video-preview":"max-video-preview:-1"},"canonical":"https:\/\/hipertin.dfirma.pl\/index.php\/product\/plyn-do-trwalej-indywidual-top-hipertin-80ml-500ml\/","og_locale":"pl_PL","og_type":"article","og_title":"P\u0142yn do trwa\u0142ej Indywidual Top Hipertin 80ml-500ml - HIPERTIN - Profesjonalne produkty Fryzjerskie","og_description":"INDYWIDUAL TOP P\u0142yn do trwa\u0142ej najwy\u017cszej jako\u015bci. Kie\u0142ki pszenicy zawarte w produkcie regeneruj\u0105 i od\u017cywiaj\u0105 w\u0142\u00f3kno w\u0142osa, zapewniaj\u0105c im witalno\u015b\u0107 i elastyczno\u015b\u0107.  Pojemno\u015b\u0107: butelki 80 ml lub 500ml  Warianty:  0 \u2013 do w\u0142os\u00f3w opornych  1 \u2013 w\u0142osy normalne  2 \u2013 w\u0142osy farbowane","og_url":"https:\/\/hipertin.dfirma.pl\/index.php\/product\/plyn-do-trwalej-indywidual-top-hipertin-80ml-500ml\/","og_site_name":"HIPERTIN - Profesjonalne produkty Fryzjerskie","article_modified_time":"2021-10-22T11:43:19+00:00","og_image":[{"width":600,"height":600,"url":"https:\/\/hipertin.dfirma.pl\/wp-content\/uploads\/2021\/07\/plyn-do-trwalej-indywidual-top-hipertin-e1636534297656.png","type":"image\/png"}],"twitter_card":"summary_large_image","schema":{"@context":"https:\/\/schema.org","@graph":[{"@type":"WebPage","@id":"https:\/\/hipertin.dfirma.pl\/index.php\/product\/plyn-do-trwalej-indywidual-top-hipertin-80ml-500ml\/","url":"https:\/\/hipertin.dfirma.pl\/index.php\/product\/plyn-do-trwalej-indywidual-top-hipertin-80ml-500ml\/","name":"P\u0142yn do trwa\u0142ej Indywidual Top Hipertin 80ml-500ml - HIPERTIN - Profesjonalne produkty Fryzjerskie","isPartOf":{"@id":"https:\/\/hipertin.dfirma.pl\/#website"},"datePublished":"2021-07-08T10:07:16+00:00","dateModified":"2021-10-22T11:43:19+00:00","breadcrumb":{"@id":"https:\/\/hipertin.dfirma.pl\/index.php\/product\/plyn-do-trwalej-indywidual-top-hipertin-80ml-500ml\/#breadcrumb"},"inLanguage":"pl-PL","potentialAction":[{"@type":"ReadAction","target":["https:\/\/hipertin.dfirma.pl\/index.php\/product\/plyn-do-trwalej-indywidual-top-hipertin-80ml-500ml\/"]}]},{"@type":"BreadcrumbList","@id":"https:\/\/hipertin.dfirma.pl\/index.php\/product\/plyn-do-trwalej-indywidual-top-hipertin-80ml-500ml\/#breadcrumb","itemListElement":[{"@type":"ListItem","position":1,"name":"Strona g\u0142\u00f3wna","item":"https:\/\/hipertin.dfirma.pl\/"},{"@type":"ListItem","position":2,"name":"Sklep","item":"https:\/\/hipertin.dfirma.pl\/index.php\/sklep\/"},{"@type":"ListItem","position":3,"name":"P\u0142yn do trwa\u0142ej Indywidual Top Hipertin 80ml-500ml"}]},{"@type":"WebSite","@id":"https:\/\/hipertin.dfirma.pl\/#website","url":"https:\/\/hipertin.dfirma.pl\/","name":"HIPERTIN - Profesjonalne produkty Fryzjerskie","description":"","potentialAction":[{"@type":"SearchAction","target":{"@type":"EntryPoint","urlTemplate":"https:\/\/hipertin.dfirma.pl\/?s={search_term_string}"},"query-input":"required name=search_term_string"}],"inLanguage":"pl-PL"}]}},"_links":{"self":[{"href":"https:\/\/hipertin.dfirma.pl\/index.php\/wp-json\/wp\/v2\/product\/2807","targetHints":{"allow":["GET"]}}],"collection":[{"href":"https:\/\/hipertin.dfirma.pl\/index.php\/wp-json\/wp\/v2\/product"}],"about":[{"href":"https:\/\/hipertin.dfirma.pl\/index.php\/wp-json\/wp\/v2\/types\/product"}],"replies":[{"embeddable":true,"href":"https:\/\/hipertin.dfirma.pl\/index.php\/wp-json\/wp\/v2\/comments?post=2807"}],"wp:featuredmedia":[{"embeddable":true,"href":"https:\/\/hipertin.dfirma.pl\/index.php\/wp-json\/wp\/v2\/media\/2810"}],"wp:attachment":[{"href":"https:\/\/hipertin.dfirma.pl\/index.php\/wp-json\/wp\/v2\/media?parent=2807"}],"wp:term":[{"taxonomy":"product_cat","embeddable":true,"href":"https:\/\/hipertin.dfirma.pl\/index.php\/wp-json\/wp\/v2\/product_cat?post=2807"},{"taxonomy":"product_tag","embeddable":true,"href":"https:\/\/hipertin.dfirma.pl\/index.php\/wp-json\/wp\/v2\/product_tag?post=2807"}],"curies":[{"name":"wp","href":"https:\/\/api.w.org\/{rel}","templated":true}]}}