{"id":2904,"date":"2021-07-22T14:54:32","date_gmt":"2021-07-22T14:54:32","guid":{"rendered":"https:\/\/server656728.nazwa.pl\/hipertin\/?post_type=product&#038;p=2904"},"modified":"2022-04-11T11:26:55","modified_gmt":"2022-04-11T11:26:55","slug":"farba-platinum-hipertin-60ml","status":"publish","type":"product","link":"https:\/\/hipertin.dfirma.pl\/index.php\/product\/farba-platinum-hipertin-60ml\/","title":{"rendered":"Farba Platinum Hipertin 60ml"},"content":{"rendered":"<h3>Koloryzacja Platinum marki HIPERTIN<\/h3>\n<p>Doskona\u0142a pod wzgl\u0119dem technologicznym farba, wyprzedzaj\u0105ca inne produkty do koloryzacji w\u0142os\u00f3w. Jej oryginalna formu\u0142a opiera si\u0119 na Hiplex Protein \u2013 substancji czynnej powsta\u0142ej z bia\u0142ek ro\u015blinnych, kt\u00f3ra od\u017cywia i naprawia struktur\u0119 w\u0142osa w\u0142\u00f3kna w\u0142osa oraz na Hyaluron System na bazie kwasu hialuronowego i substancji od\u017cywczych, kt\u00f3ry zapewnia efekt przeciwstarzeniowy i wyj\u0105tkowe nawil\u017cenie w\u0142os\u00f3w.<\/p>\n","protected":false},"excerpt":{"rendered":"<h3>Koloryzacja Platinum marki HIPERTIN<\/h3>\n<p>Doskona\u0142a pod wzgl\u0119dem technologicznym farba, wyprzedzaj\u0105ca inne produkty do koloryzacji w\u0142os\u00f3w. Jej oryginalna formu\u0142a opiera si\u0119 na Hiplex Protein \u2013 substancji czynnej powsta\u0142ej z bia\u0142ek ro\u015blinnych, kt\u00f3ra od\u017cywia i naprawia struktur\u0119 w\u0142osa w\u0142\u00f3kna w\u0142osa oraz na Hyaluron System na bazie kwasu hialuronowego i substancji od\u017cywczych, kt\u00f3ry zapewnia efekt przeciwstarzeniowy i wyj\u0105tkowe nawil\u017cenie w\u0142os\u00f3w.<\/p>\n","protected":false},"featured_media":2906,"comment_status":"open","ping_status":"closed","template":"","meta":[],"product_cat":[138],"product_tag":[],"class_list":["post-2904","product","type-product","status-publish","has-post-thumbnail","hentry","product_cat-kolor-i-rozjasnianie","product_shipping_class-darmowa-wysylka"],"brands":[],"yoast_head":"<!-- This site is optimized with the Yoast SEO plugin v19.10 - https:\/\/yoast.com\/wordpress\/plugins\/seo\/ -->\n<title>Farba Platinum Hipertin 60ml - HIPERTIN - Profesjonalne produkty Fryzjerskie<\/title>\n<meta name=\"robots\" content=\"index, follow, max-snippet:-1, max-image-preview:large, max-video-preview:-1\" \/>\n<link rel=\"canonical\" href=\"https:\/\/hipertin.dfirma.pl\/index.php\/product\/farba-platinum-hipertin-60ml\/\" \/>\n<meta property=\"og:locale\" content=\"pl_PL\" \/>\n<meta property=\"og:type\" content=\"article\" \/>\n<meta property=\"og:title\" content=\"Farba Platinum Hipertin 60ml - HIPERTIN - Profesjonalne produkty Fryzjerskie\" \/>\n<meta property=\"og:description\" content=\"Koloryzacja Platinum marki HIPERTIN Doskona\u0142a pod wzgl\u0119dem technologicznym farba, wyprzedzaj\u0105ca inne produkty do koloryzacji w\u0142os\u00f3w. Jej oryginalna formu\u0142a opiera si\u0119 na Hiplex Protein \u2013 substancji czynnej powsta\u0142ej z bia\u0142ek ro\u015blinnych, kt\u00f3ra od\u017cywia i naprawia struktur\u0119 w\u0142osa w\u0142\u00f3kna w\u0142osa oraz na Hyaluron System na bazie kwasu hialuronowego i substancji od\u017cywczych, kt\u00f3ry zapewnia efekt przeciwstarzeniowy i wyj\u0105tkowe nawil\u017cenie w\u0142os\u00f3w.\" \/>\n<meta property=\"og:url\" content=\"https:\/\/hipertin.dfirma.pl\/index.php\/product\/farba-platinum-hipertin-60ml\/\" \/>\n<meta property=\"og:site_name\" content=\"HIPERTIN - Profesjonalne produkty Fryzjerskie\" \/>\n<meta property=\"article:modified_time\" content=\"2022-04-11T11:26:55+00:00\" \/>\n<meta property=\"og:image\" content=\"https:\/\/hipertin.dfirma.pl\/wp-content\/uploads\/2021\/07\/farba-do-wlosow-platinum-hipertin-60-ml-e1636534324972.png\" \/>\n\t<meta property=\"og:image:width\" content=\"600\" \/>\n\t<meta property=\"og:image:height\" content=\"600\" \/>\n\t<meta property=\"og:image:type\" content=\"image\/png\" \/>\n<meta name=\"twitter:card\" content=\"summary_large_image\" \/>\n<script type=\"application\/ld+json\" class=\"yoast-schema-graph\">{\"@context\":\"https:\/\/schema.org\",\"@graph\":[{\"@type\":\"WebPage\",\"@id\":\"https:\/\/hipertin.dfirma.pl\/index.php\/product\/farba-platinum-hipertin-60ml\/\",\"url\":\"https:\/\/hipertin.dfirma.pl\/index.php\/product\/farba-platinum-hipertin-60ml\/\",\"name\":\"Farba Platinum Hipertin 60ml - HIPERTIN - Profesjonalne produkty Fryzjerskie\",\"isPartOf\":{\"@id\":\"https:\/\/hipertin.dfirma.pl\/#website\"},\"datePublished\":\"2021-07-22T14:54:32+00:00\",\"dateModified\":\"2022-04-11T11:26:55+00:00\",\"breadcrumb\":{\"@id\":\"https:\/\/hipertin.dfirma.pl\/index.php\/product\/farba-platinum-hipertin-60ml\/#breadcrumb\"},\"inLanguage\":\"pl-PL\",\"potentialAction\":[{\"@type\":\"ReadAction\",\"target\":[\"https:\/\/hipertin.dfirma.pl\/index.php\/product\/farba-platinum-hipertin-60ml\/\"]}]},{\"@type\":\"BreadcrumbList\",\"@id\":\"https:\/\/hipertin.dfirma.pl\/index.php\/product\/farba-platinum-hipertin-60ml\/#breadcrumb\",\"itemListElement\":[{\"@type\":\"ListItem\",\"position\":1,\"name\":\"Strona g\u0142\u00f3wna\",\"item\":\"https:\/\/hipertin.dfirma.pl\/\"},{\"@type\":\"ListItem\",\"position\":2,\"name\":\"Sklep\",\"item\":\"https:\/\/hipertin.dfirma.pl\/index.php\/sklep\/\"},{\"@type\":\"ListItem\",\"position\":3,\"name\":\"Farba Platinum Hipertin 60ml\"}]},{\"@type\":\"WebSite\",\"@id\":\"https:\/\/hipertin.dfirma.pl\/#website\",\"url\":\"https:\/\/hipertin.dfirma.pl\/\",\"name\":\"HIPERTIN - Profesjonalne produkty Fryzjerskie\",\"description\":\"\",\"potentialAction\":[{\"@type\":\"SearchAction\",\"target\":{\"@type\":\"EntryPoint\",\"urlTemplate\":\"https:\/\/hipertin.dfirma.pl\/?s={search_term_string}\"},\"query-input\":\"required name=search_term_string\"}],\"inLanguage\":\"pl-PL\"}]}<\/script>\n<!-- \/ Yoast SEO plugin. -->","yoast_head_json":{"title":"Farba Platinum Hipertin 60ml - HIPERTIN - Profesjonalne produkty Fryzjerskie","robots":{"index":"index","follow":"follow","max-snippet":"max-snippet:-1","max-image-preview":"max-image-preview:large","max-video-preview":"max-video-preview:-1"},"canonical":"https:\/\/hipertin.dfirma.pl\/index.php\/product\/farba-platinum-hipertin-60ml\/","og_locale":"pl_PL","og_type":"article","og_title":"Farba Platinum Hipertin 60ml - HIPERTIN - Profesjonalne produkty Fryzjerskie","og_description":"Koloryzacja Platinum marki HIPERTIN Doskona\u0142a pod wzgl\u0119dem technologicznym farba, wyprzedzaj\u0105ca inne produkty do koloryzacji w\u0142os\u00f3w. Jej oryginalna formu\u0142a opiera si\u0119 na Hiplex Protein \u2013 substancji czynnej powsta\u0142ej z bia\u0142ek ro\u015blinnych, kt\u00f3ra od\u017cywia i naprawia struktur\u0119 w\u0142osa w\u0142\u00f3kna w\u0142osa oraz na Hyaluron System na bazie kwasu hialuronowego i substancji od\u017cywczych, kt\u00f3ry zapewnia efekt przeciwstarzeniowy i wyj\u0105tkowe nawil\u017cenie w\u0142os\u00f3w.","og_url":"https:\/\/hipertin.dfirma.pl\/index.php\/product\/farba-platinum-hipertin-60ml\/","og_site_name":"HIPERTIN - Profesjonalne produkty Fryzjerskie","article_modified_time":"2022-04-11T11:26:55+00:00","og_image":[{"width":600,"height":600,"url":"https:\/\/hipertin.dfirma.pl\/wp-content\/uploads\/2021\/07\/farba-do-wlosow-platinum-hipertin-60-ml-e1636534324972.png","type":"image\/png"}],"twitter_card":"summary_large_image","schema":{"@context":"https:\/\/schema.org","@graph":[{"@type":"WebPage","@id":"https:\/\/hipertin.dfirma.pl\/index.php\/product\/farba-platinum-hipertin-60ml\/","url":"https:\/\/hipertin.dfirma.pl\/index.php\/product\/farba-platinum-hipertin-60ml\/","name":"Farba Platinum Hipertin 60ml - HIPERTIN - Profesjonalne produkty Fryzjerskie","isPartOf":{"@id":"https:\/\/hipertin.dfirma.pl\/#website"},"datePublished":"2021-07-22T14:54:32+00:00","dateModified":"2022-04-11T11:26:55+00:00","breadcrumb":{"@id":"https:\/\/hipertin.dfirma.pl\/index.php\/product\/farba-platinum-hipertin-60ml\/#breadcrumb"},"inLanguage":"pl-PL","potentialAction":[{"@type":"ReadAction","target":["https:\/\/hipertin.dfirma.pl\/index.php\/product\/farba-platinum-hipertin-60ml\/"]}]},{"@type":"BreadcrumbList","@id":"https:\/\/hipertin.dfirma.pl\/index.php\/product\/farba-platinum-hipertin-60ml\/#breadcrumb","itemListElement":[{"@type":"ListItem","position":1,"name":"Strona g\u0142\u00f3wna","item":"https:\/\/hipertin.dfirma.pl\/"},{"@type":"ListItem","position":2,"name":"Sklep","item":"https:\/\/hipertin.dfirma.pl\/index.php\/sklep\/"},{"@type":"ListItem","position":3,"name":"Farba Platinum Hipertin 60ml"}]},{"@type":"WebSite","@id":"https:\/\/hipertin.dfirma.pl\/#website","url":"https:\/\/hipertin.dfirma.pl\/","name":"HIPERTIN - Profesjonalne produkty Fryzjerskie","description":"","potentialAction":[{"@type":"SearchAction","target":{"@type":"EntryPoint","urlTemplate":"https:\/\/hipertin.dfirma.pl\/?s={search_term_string}"},"query-input":"required name=search_term_string"}],"inLanguage":"pl-PL"}]}},"_links":{"self":[{"href":"https:\/\/hipertin.dfirma.pl\/index.php\/wp-json\/wp\/v2\/product\/2904","targetHints":{"allow":["GET"]}}],"collection":[{"href":"https:\/\/hipertin.dfirma.pl\/index.php\/wp-json\/wp\/v2\/product"}],"about":[{"href":"https:\/\/hipertin.dfirma.pl\/index.php\/wp-json\/wp\/v2\/types\/product"}],"replies":[{"embeddable":true,"href":"https:\/\/hipertin.dfirma.pl\/index.php\/wp-json\/wp\/v2\/comments?post=2904"}],"wp:featuredmedia":[{"embeddable":true,"href":"https:\/\/hipertin.dfirma.pl\/index.php\/wp-json\/wp\/v2\/media\/2906"}],"wp:attachment":[{"href":"https:\/\/hipertin.dfirma.pl\/index.php\/wp-json\/wp\/v2\/media?parent=2904"}],"wp:term":[{"taxonomy":"product_cat","embeddable":true,"href":"https:\/\/hipertin.dfirma.pl\/index.php\/wp-json\/wp\/v2\/product_cat?post=2904"},{"taxonomy":"product_tag","embeddable":true,"href":"https:\/\/hipertin.dfirma.pl\/index.php\/wp-json\/wp\/v2\/product_tag?post=2904"}],"curies":[{"name":"wp","href":"https:\/\/api.w.org\/{rel}","templated":true}]}}