{"id":2923,"date":"2021-07-23T07:20:24","date_gmt":"2021-07-23T07:20:24","guid":{"rendered":"https:\/\/server656728.nazwa.pl\/hipertin\/?post_type=product&#038;p=2923"},"modified":"2022-06-14T10:22:32","modified_gmt":"2022-06-14T10:22:32","slug":"maska-koloryzujaca-platinum-hipertin-100ml","status":"publish","type":"product","link":"https:\/\/hipertin.dfirma.pl\/index.php\/product\/maska-koloryzujaca-platinum-hipertin-100ml\/","title":{"rendered":"Maska Koloryzuj\u0105ca Platinum Hipertin 100ml"},"content":{"rendered":"<p><strong>METODY APLIKACJI<\/strong><\/p>\n<ul>\n<li>Zastosuj wybran\u0105 OD\u017bYWCZ\u0104 MASK\u0118 KOLORYZUJ\u0104C\u0104 PLATINUM bezpo\u015brednio na suchych lub wilgotnych w\u0142osach, aby uzyska\u0107 \u017cywy kolor, kt\u00f3ry jest b\u0142yszcz\u0105cy i pe\u0142en \u017cycia, lub rozcie\u0144cz wybran\u0105 mask\u0119 za pomoc\u0105 Clear\u2019a, aby stworzy\u0107 l\u017cejszy, delikatniejszy odcie\u0144 bez utraty blasku i nasycenia kolor\u00f3w.<\/li>\n<li>Por\u0119czna tubka 100 ml do trzech, czterech zastosowa\u0144, w zale\u017cno\u015bci od g\u0119sto\u015bci i d\u0142ugo\u015bci w\u0142os\u00f3w.<\/li>\n<li>Zastosuj mask\u0119 obficie na obszar, kt\u00f3ry chcesz zafarbowa\u0107.<\/li>\n<li>Spos\u00f3b u\u017cycia r\u00f3\u017cni si\u0119 w zale\u017cno\u015bci od konkretnych potrzeb ka\u017cdego klienta, umo\u017cliwiaj\u0105c tworzenie r\u00f3\u017cnych kreacji za ka\u017cdym razem. Od\u015bwie\u017caj i o\u017cywiaj, dodawaj refleksy, poprawiaj lub neutralizuj. Tw\u00f3rz bogactwo kolor\u00f3w niestandardowych mieszanek na ka\u017cd\u0105 okazj\u0119.<\/li>\n<\/ul>\n<p><strong>W CELU OD\u015aWIE\u017bENIA LUB O\u017bYWIENIA KOLORU:<\/strong><\/p>\n<ul>\n<li>Wybierz odpowiedni\u0105 OD\u017bYWCZ\u0104 MASK\u0118 KOLORYZUJ\u0104C\u0104 PLATINUM w zale\u017cno\u015bci od koloru w\u0142os\u00f3w.<\/li>\n<li>Umyj w\u0142osy profesjonalnym szamponem Hipertin i osusz r\u0119cznikiem.<\/li>\n<li>Na\u0142\u00f3\u017c odpowiedni\u0105 ilo\u015b\u0107 kremu koloryzuj\u0105cego w zale\u017cno\u015bci od d\u0142ugo\u015bci w\u0142os\u00f3w.<\/li>\n<li>Roz\u0142\u00f3\u017c mask\u0119 r\u00f3wnomiernie przez w\u0142osy, rozczesz i pozostaw na 5 do 10 minut. Sp\u0142ucz du\u017c\u0105 ilo\u015bci\u0105 wody.<\/li>\n<li>Nie myj ponownie. wysusz jak zwykle.<\/li>\n<\/ul>\n<p><strong>W CELU DODANIA REFLEKS\u00d3W, NEUTRALIZACJI ORAZ KOREKTY KOLORU (po rozja\u015bnieniu lub koloryzacji w\u0142os\u00f3w):<\/strong><\/p>\n<ul>\n<li>Umyj w\u0142osy szamponem PH Acid Professional i osusz r\u0119cznikiem.<\/li>\n<li>Na\u0142\u00f3\u017c odpowiedni\u0105 ilo\u015b\u0107 wybranego kremu koloryzuj\u0105cego w zale\u017cno\u015bci od d\u0142ugo\u015bci w\u0142os\u00f3w.<\/li>\n<li>Roz\u0142\u00f3\u017c mask\u0119 r\u00f3wnomiernie przez w\u0142osy, rozczesz i pozostaw na 5 do 10 minut.<\/li>\n<li>Sp\u0142ucz du\u017c\u0105 ilo\u015bci\u0105 wody. Nie myj ponownie. Wysusz jak zwykle.<\/li>\n<\/ul>\n<p><strong>W CELU TWORZENIA KOLOR\u00d3W FANTAZYJNYCH:<\/strong><\/p>\n<ul>\n<li>W\u0142osy musz\u0105 by\u0107 rozja\u015bnione przed stworzeniem kolor\u00f3w fantazyjnych.<\/li>\n<li>Wa\u017cne jest, aby kolor w\u0142os\u00f3w, na kt\u00f3re na\u0142o\u017cona jest maska, mia\u0142 odpowiedni poziom i czysto\u015b\u0107 koloru, poniewa\u017c wp\u0142ynie to na efekt ko\u0144cowy. Pami\u0119taj: im ja\u015bniejszy ton, tym bardziej widoczny jest efekt ko\u0144cowy.<\/li>\n<li>Wybierz odpowiedni kolor lub mieszank\u0119 kolor\u00f3w.Zastosuj mask\u0119 do cz\u0119\u015bci lub wszystkich w\u0142os\u00f3w, w zale\u017cno\u015bci od kreacji, kt\u00f3r\u0105 chcesz osi\u0105gn\u0105\u0107. Rozczesz i pozostaw na 15 do 20 minut. Sp\u0142ucz du\u017c\u0105 ilo\u015bci\u0105 wody.<\/li>\n<li>Mo\u017ce by\u0107 stosowany na suche lub mokre w\u0142osy.<\/li>\n<\/ul>\n","protected":false},"excerpt":{"rendered":"<p><strong>OD\u017bYWCZA MASKA KOLORYZUJ\u0104CA PLATINUM\u00a0<\/strong>tworzy, poprawia i od\u015bwie\u017ca kolor w\u0142os\u00f3w, dodaj\u0105c refleksy i neutralizuj\u0105c niechciane odcienie. Dost\u0119pna w 9 kolorach + bia\u0142y (CLEAR): Miedziany, Piaskowo Be\u017cowy, Kasztanowy, Br\u0105z, Per\u0142owo bia\u0142y i fantazyjne kolory Czysty fiolet, Intensywny niebieski, Kr\u00f3lewska \u017b\u00f3\u0142\u0107, G\u0142\u0119boki R\u00f3\u017c i Clear.<\/p>\n<p><strong>SK\u0141ADNIKI ZAPEWNIAJ\u0104CE NADZWYCZAJNY EFEKT:<\/strong><\/p>\n<p><strong>PIGMENTY JONOWE:\u00a0<\/strong>pigmenty najnowszej generacji, kt\u00f3re przylegaj\u0105 do w\u0142os\u00f3w, uzyskuj\u0105c \u017cywe i intensywne kolory (bez oxydant\u00f3w \u2013 bez amoniaku).<\/p>\n<p><strong>SK\u0141ADNIKI OLEISTE:\u00a0<\/strong>mieszanka olejk\u00f3w, kt\u00f3re u\u0142atwiaj\u0105 czesanie, zapobiegaj\u0105 pl\u0105taniu si\u0119 w\u0142os\u00f3w i matowaniu, uzyskuj\u0105c zdrowe, l\u015bni\u0105ce i jedwabiste w\u0142osy.<\/p>\n<p><strong>HYALUROX SYSTEM\u00a0<\/strong>system oparty na kwasie hialuronowym, kt\u00f3ry ma silne dzia\u0142anie nawil\u017caj\u0105ce na w\u0142osy, zapobiega utracie wody i zapewnia naturaln\u0105 tekstur\u0119 w\u0142os\u00f3w. Plus od\u017cywcze sk\u0142adniki, kt\u00f3re zapewniaj\u0105 nawil\u017cenie i bardzo intensywne regeneruj\u0105, naprawiaj\u0105 w\u0142\u00f3kna w\u0142os\u00f3w i nadaj\u0105 im ekstremalny po\u0142ysk.<\/p>\n","protected":false},"featured_media":2935,"comment_status":"open","ping_status":"closed","template":"","meta":[],"product_cat":[138],"product_tag":[],"class_list":["post-2923","product","type-product","status-publish","has-post-thumbnail","hentry","product_cat-kolor-i-rozjasnianie","product_shipping_class-darmowa-wysylka"],"brands":[],"yoast_head":"<!-- This site is optimized with the Yoast SEO plugin v19.10 - https:\/\/yoast.com\/wordpress\/plugins\/seo\/ -->\n<title>Maska Koloryzuj\u0105ca Platinum Hipertin 100ml - HIPERTIN - Profesjonalne produkty Fryzjerskie<\/title>\n<meta name=\"robots\" content=\"index, follow, max-snippet:-1, max-image-preview:large, max-video-preview:-1\" \/>\n<link rel=\"canonical\" href=\"https:\/\/hipertin.dfirma.pl\/index.php\/product\/maska-koloryzujaca-platinum-hipertin-100ml\/\" \/>\n<meta property=\"og:locale\" content=\"pl_PL\" \/>\n<meta property=\"og:type\" content=\"article\" \/>\n<meta property=\"og:title\" content=\"Maska Koloryzuj\u0105ca Platinum Hipertin 100ml - HIPERTIN - Profesjonalne produkty Fryzjerskie\" \/>\n<meta property=\"og:description\" content=\"OD\u017bYWCZA MASKA KOLORYZUJ\u0104CA PLATINUM\u00a0tworzy, poprawia i od\u015bwie\u017ca kolor w\u0142os\u00f3w, dodaj\u0105c refleksy i neutralizuj\u0105c niechciane odcienie. Dost\u0119pna w 9 kolorach + bia\u0142y (CLEAR): Miedziany, Piaskowo Be\u017cowy, Kasztanowy, Br\u0105z, Per\u0142owo bia\u0142y i fantazyjne kolory Czysty fiolet, Intensywny niebieski, Kr\u00f3lewska \u017b\u00f3\u0142\u0107, G\u0142\u0119boki R\u00f3\u017c i Clear.  SK\u0141ADNIKI ZAPEWNIAJ\u0104CE NADZWYCZAJNY EFEKT:  PIGMENTY JONOWE:\u00a0pigmenty najnowszej generacji, kt\u00f3re przylegaj\u0105 do w\u0142os\u00f3w, uzyskuj\u0105c \u017cywe i intensywne kolory (bez oxydant\u00f3w \u2013 bez amoniaku).  SK\u0141ADNIKI OLEISTE:\u00a0mieszanka olejk\u00f3w, kt\u00f3re u\u0142atwiaj\u0105 czesanie, zapobiegaj\u0105 pl\u0105taniu si\u0119 w\u0142os\u00f3w i matowaniu, uzyskuj\u0105c zdrowe, l\u015bni\u0105ce i jedwabiste w\u0142osy.  HYALUROX SYSTEM\u00a0system oparty na kwasie hialuronowym, kt\u00f3ry ma silne dzia\u0142anie nawil\u017caj\u0105ce na w\u0142osy, zapobiega utracie wody i zapewnia naturaln\u0105 tekstur\u0119 w\u0142os\u00f3w. Plus od\u017cywcze sk\u0142adniki, kt\u00f3re zapewniaj\u0105 nawil\u017cenie i bardzo intensywne regeneruj\u0105, naprawiaj\u0105 w\u0142\u00f3kna w\u0142os\u00f3w i nadaj\u0105 im ekstremalny po\u0142ysk.\" \/>\n<meta property=\"og:url\" content=\"https:\/\/hipertin.dfirma.pl\/index.php\/product\/maska-koloryzujaca-platinum-hipertin-100ml\/\" \/>\n<meta property=\"og:site_name\" content=\"HIPERTIN - Profesjonalne produkty Fryzjerskie\" \/>\n<meta property=\"article:modified_time\" content=\"2022-06-14T10:22:32+00:00\" \/>\n<meta property=\"og:image\" content=\"https:\/\/hipertin.dfirma.pl\/wp-content\/uploads\/2021\/07\/maska-koloryzujaca-platinum-hipertin-100-ml.png\" \/>\n\t<meta property=\"og:image:width\" content=\"500\" \/>\n\t<meta property=\"og:image:height\" content=\"500\" \/>\n\t<meta property=\"og:image:type\" content=\"image\/png\" \/>\n<meta name=\"twitter:card\" content=\"summary_large_image\" \/>\n<meta name=\"twitter:label1\" content=\"Szacowany czas czytania\" \/>\n\t<meta name=\"twitter:data1\" content=\"2 minuty\" \/>\n<script type=\"application\/ld+json\" class=\"yoast-schema-graph\">{\"@context\":\"https:\/\/schema.org\",\"@graph\":[{\"@type\":\"WebPage\",\"@id\":\"https:\/\/hipertin.dfirma.pl\/index.php\/product\/maska-koloryzujaca-platinum-hipertin-100ml\/\",\"url\":\"https:\/\/hipertin.dfirma.pl\/index.php\/product\/maska-koloryzujaca-platinum-hipertin-100ml\/\",\"name\":\"Maska Koloryzuj\u0105ca Platinum Hipertin 100ml - HIPERTIN - Profesjonalne produkty Fryzjerskie\",\"isPartOf\":{\"@id\":\"https:\/\/hipertin.dfirma.pl\/#website\"},\"datePublished\":\"2021-07-23T07:20:24+00:00\",\"dateModified\":\"2022-06-14T10:22:32+00:00\",\"breadcrumb\":{\"@id\":\"https:\/\/hipertin.dfirma.pl\/index.php\/product\/maska-koloryzujaca-platinum-hipertin-100ml\/#breadcrumb\"},\"inLanguage\":\"pl-PL\",\"potentialAction\":[{\"@type\":\"ReadAction\",\"target\":[\"https:\/\/hipertin.dfirma.pl\/index.php\/product\/maska-koloryzujaca-platinum-hipertin-100ml\/\"]}]},{\"@type\":\"BreadcrumbList\",\"@id\":\"https:\/\/hipertin.dfirma.pl\/index.php\/product\/maska-koloryzujaca-platinum-hipertin-100ml\/#breadcrumb\",\"itemListElement\":[{\"@type\":\"ListItem\",\"position\":1,\"name\":\"Strona g\u0142\u00f3wna\",\"item\":\"https:\/\/hipertin.dfirma.pl\/\"},{\"@type\":\"ListItem\",\"position\":2,\"name\":\"Sklep\",\"item\":\"https:\/\/hipertin.dfirma.pl\/index.php\/sklep\/\"},{\"@type\":\"ListItem\",\"position\":3,\"name\":\"Maska Koloryzuj\u0105ca Platinum Hipertin 100ml\"}]},{\"@type\":\"WebSite\",\"@id\":\"https:\/\/hipertin.dfirma.pl\/#website\",\"url\":\"https:\/\/hipertin.dfirma.pl\/\",\"name\":\"HIPERTIN - Profesjonalne produkty Fryzjerskie\",\"description\":\"\",\"potentialAction\":[{\"@type\":\"SearchAction\",\"target\":{\"@type\":\"EntryPoint\",\"urlTemplate\":\"https:\/\/hipertin.dfirma.pl\/?s={search_term_string}\"},\"query-input\":\"required name=search_term_string\"}],\"inLanguage\":\"pl-PL\"}]}<\/script>\n<!-- \/ Yoast SEO plugin. -->","yoast_head_json":{"title":"Maska Koloryzuj\u0105ca Platinum Hipertin 100ml - HIPERTIN - Profesjonalne produkty Fryzjerskie","robots":{"index":"index","follow":"follow","max-snippet":"max-snippet:-1","max-image-preview":"max-image-preview:large","max-video-preview":"max-video-preview:-1"},"canonical":"https:\/\/hipertin.dfirma.pl\/index.php\/product\/maska-koloryzujaca-platinum-hipertin-100ml\/","og_locale":"pl_PL","og_type":"article","og_title":"Maska Koloryzuj\u0105ca Platinum Hipertin 100ml - HIPERTIN - Profesjonalne produkty Fryzjerskie","og_description":"OD\u017bYWCZA MASKA KOLORYZUJ\u0104CA PLATINUM\u00a0tworzy, poprawia i od\u015bwie\u017ca kolor w\u0142os\u00f3w, dodaj\u0105c refleksy i neutralizuj\u0105c niechciane odcienie. Dost\u0119pna w 9 kolorach + bia\u0142y (CLEAR): Miedziany, Piaskowo Be\u017cowy, Kasztanowy, Br\u0105z, Per\u0142owo bia\u0142y i fantazyjne kolory Czysty fiolet, Intensywny niebieski, Kr\u00f3lewska \u017b\u00f3\u0142\u0107, G\u0142\u0119boki R\u00f3\u017c i Clear.  SK\u0141ADNIKI ZAPEWNIAJ\u0104CE NADZWYCZAJNY EFEKT:  PIGMENTY JONOWE:\u00a0pigmenty najnowszej generacji, kt\u00f3re przylegaj\u0105 do w\u0142os\u00f3w, uzyskuj\u0105c \u017cywe i intensywne kolory (bez oxydant\u00f3w \u2013 bez amoniaku).  SK\u0141ADNIKI OLEISTE:\u00a0mieszanka olejk\u00f3w, kt\u00f3re u\u0142atwiaj\u0105 czesanie, zapobiegaj\u0105 pl\u0105taniu si\u0119 w\u0142os\u00f3w i matowaniu, uzyskuj\u0105c zdrowe, l\u015bni\u0105ce i jedwabiste w\u0142osy.  HYALUROX SYSTEM\u00a0system oparty na kwasie hialuronowym, kt\u00f3ry ma silne dzia\u0142anie nawil\u017caj\u0105ce na w\u0142osy, zapobiega utracie wody i zapewnia naturaln\u0105 tekstur\u0119 w\u0142os\u00f3w. Plus od\u017cywcze sk\u0142adniki, kt\u00f3re zapewniaj\u0105 nawil\u017cenie i bardzo intensywne regeneruj\u0105, naprawiaj\u0105 w\u0142\u00f3kna w\u0142os\u00f3w i nadaj\u0105 im ekstremalny po\u0142ysk.","og_url":"https:\/\/hipertin.dfirma.pl\/index.php\/product\/maska-koloryzujaca-platinum-hipertin-100ml\/","og_site_name":"HIPERTIN - Profesjonalne produkty Fryzjerskie","article_modified_time":"2022-06-14T10:22:32+00:00","og_image":[{"width":500,"height":500,"url":"https:\/\/hipertin.dfirma.pl\/wp-content\/uploads\/2021\/07\/maska-koloryzujaca-platinum-hipertin-100-ml.png","type":"image\/png"}],"twitter_card":"summary_large_image","twitter_misc":{"Szacowany czas czytania":"2 minuty"},"schema":{"@context":"https:\/\/schema.org","@graph":[{"@type":"WebPage","@id":"https:\/\/hipertin.dfirma.pl\/index.php\/product\/maska-koloryzujaca-platinum-hipertin-100ml\/","url":"https:\/\/hipertin.dfirma.pl\/index.php\/product\/maska-koloryzujaca-platinum-hipertin-100ml\/","name":"Maska Koloryzuj\u0105ca Platinum Hipertin 100ml - HIPERTIN - Profesjonalne produkty Fryzjerskie","isPartOf":{"@id":"https:\/\/hipertin.dfirma.pl\/#website"},"datePublished":"2021-07-23T07:20:24+00:00","dateModified":"2022-06-14T10:22:32+00:00","breadcrumb":{"@id":"https:\/\/hipertin.dfirma.pl\/index.php\/product\/maska-koloryzujaca-platinum-hipertin-100ml\/#breadcrumb"},"inLanguage":"pl-PL","potentialAction":[{"@type":"ReadAction","target":["https:\/\/hipertin.dfirma.pl\/index.php\/product\/maska-koloryzujaca-platinum-hipertin-100ml\/"]}]},{"@type":"BreadcrumbList","@id":"https:\/\/hipertin.dfirma.pl\/index.php\/product\/maska-koloryzujaca-platinum-hipertin-100ml\/#breadcrumb","itemListElement":[{"@type":"ListItem","position":1,"name":"Strona g\u0142\u00f3wna","item":"https:\/\/hipertin.dfirma.pl\/"},{"@type":"ListItem","position":2,"name":"Sklep","item":"https:\/\/hipertin.dfirma.pl\/index.php\/sklep\/"},{"@type":"ListItem","position":3,"name":"Maska Koloryzuj\u0105ca Platinum Hipertin 100ml"}]},{"@type":"WebSite","@id":"https:\/\/hipertin.dfirma.pl\/#website","url":"https:\/\/hipertin.dfirma.pl\/","name":"HIPERTIN - Profesjonalne produkty Fryzjerskie","description":"","potentialAction":[{"@type":"SearchAction","target":{"@type":"EntryPoint","urlTemplate":"https:\/\/hipertin.dfirma.pl\/?s={search_term_string}"},"query-input":"required name=search_term_string"}],"inLanguage":"pl-PL"}]}},"_links":{"self":[{"href":"https:\/\/hipertin.dfirma.pl\/index.php\/wp-json\/wp\/v2\/product\/2923","targetHints":{"allow":["GET"]}}],"collection":[{"href":"https:\/\/hipertin.dfirma.pl\/index.php\/wp-json\/wp\/v2\/product"}],"about":[{"href":"https:\/\/hipertin.dfirma.pl\/index.php\/wp-json\/wp\/v2\/types\/product"}],"replies":[{"embeddable":true,"href":"https:\/\/hipertin.dfirma.pl\/index.php\/wp-json\/wp\/v2\/comments?post=2923"}],"wp:featuredmedia":[{"embeddable":true,"href":"https:\/\/hipertin.dfirma.pl\/index.php\/wp-json\/wp\/v2\/media\/2935"}],"wp:attachment":[{"href":"https:\/\/hipertin.dfirma.pl\/index.php\/wp-json\/wp\/v2\/media?parent=2923"}],"wp:term":[{"taxonomy":"product_cat","embeddable":true,"href":"https:\/\/hipertin.dfirma.pl\/index.php\/wp-json\/wp\/v2\/product_cat?post=2923"},{"taxonomy":"product_tag","embeddable":true,"href":"https:\/\/hipertin.dfirma.pl\/index.php\/wp-json\/wp\/v2\/product_tag?post=2923"}],"curies":[{"name":"wp","href":"https:\/\/api.w.org\/{rel}","templated":true}]}}