{"id":2944,"date":"2021-07-23T08:00:13","date_gmt":"2021-07-23T08:00:13","guid":{"rendered":"https:\/\/server656728.nazwa.pl\/hipertin\/?post_type=product&#038;p=2944"},"modified":"2022-04-11T11:26:56","modified_gmt":"2022-04-11T11:26:56","slug":"emulsja-utleniajaca-eco-ox-66-22vol-lub-96-32vol-hipertin-900ml","status":"publish","type":"product","link":"https:\/\/hipertin.dfirma.pl\/index.php\/product\/emulsja-utleniajaca-eco-ox-66-22vol-lub-96-32vol-hipertin-900ml\/","title":{"rendered":"Emulsja Utleniaj\u0105ca eco OX 6,6%-22VOL lub 9,6%-32VOL \u2013 Hipertin 900ml"},"content":{"rendered":"<p>Spos\u00f3b u\u017cycia: zale\u017cy od produktu bazowego, przyk\u0142adowe proporcj\u0119 to 1:1; 1:1,5 itp.<\/p>\n<p>Opakowanie: 900ml<\/p>\n","protected":false},"excerpt":{"rendered":"<p>EMULSJA UTLENIAJ\u0104CA eco OX 6,6%-22VOL lub 9,6%-32VOL<\/p>\n<p>EMULSJA UTLENIAJ\u0104CA eco OX j<span class=\"\">est silnym aktywatorem koloru dzi\u0119ki starannie opracowanej formule, kt\u00f3ra bazuje na mieszance olejk\u00f3w piel\u0119gnacyjnych, zapewniaj\u0105cych \u015bwietn\u0105 kondycj\u0119 w\u0142osom<\/span>. Jego spektakularna konsystencja, kt\u00f3ra jest niezwykle mi\u0119kka i kremowa, sprawia, \u017ce \u200b\u200bmieszanie z odcieniem jest absolutn\u0105 przyjemno\u015bci\u0105, zar\u00f3wno w przygotowaniu, jak i podczas aplikacji.<\/p>\n<p>Dost\u0119pne w st\u0119\u017ceniach 6,6% i 9,6%.<\/p>\n","protected":false},"featured_media":2957,"comment_status":"open","ping_status":"closed","template":"","meta":[],"product_cat":[138],"product_tag":[],"class_list":["post-2944","product","type-product","status-publish","has-post-thumbnail","hentry","product_cat-kolor-i-rozjasnianie","product_shipping_class-darmowa-wysylka"],"brands":[],"yoast_head":"<!-- This site is optimized with the Yoast SEO plugin v19.10 - https:\/\/yoast.com\/wordpress\/plugins\/seo\/ -->\n<title>Emulsja Utleniaj\u0105ca eco OX 6,6%-22VOL lub 9,6%-32VOL \u2013 Hipertin 900ml - HIPERTIN - Profesjonalne produkty Fryzjerskie<\/title>\n<meta name=\"robots\" content=\"index, follow, max-snippet:-1, max-image-preview:large, max-video-preview:-1\" \/>\n<link rel=\"canonical\" href=\"https:\/\/hipertin.dfirma.pl\/index.php\/product\/emulsja-utleniajaca-eco-ox-66-22vol-lub-96-32vol-hipertin-900ml\/\" \/>\n<meta property=\"og:locale\" content=\"pl_PL\" \/>\n<meta property=\"og:type\" content=\"article\" \/>\n<meta property=\"og:title\" content=\"Emulsja Utleniaj\u0105ca eco OX 6,6%-22VOL lub 9,6%-32VOL \u2013 Hipertin 900ml - HIPERTIN - Profesjonalne produkty Fryzjerskie\" \/>\n<meta property=\"og:description\" content=\"EMULSJA UTLENIAJ\u0104CA eco OX 6,6%-22VOL lub 9,6%-32VOL  EMULSJA UTLENIAJ\u0104CA eco OX jest silnym aktywatorem koloru dzi\u0119ki starannie opracowanej formule, kt\u00f3ra bazuje na mieszance olejk\u00f3w piel\u0119gnacyjnych, zapewniaj\u0105cych \u015bwietn\u0105 kondycj\u0119 w\u0142osom. Jego spektakularna konsystencja, kt\u00f3ra jest niezwykle mi\u0119kka i kremowa, sprawia, \u017ce \u200b\u200bmieszanie z odcieniem jest absolutn\u0105 przyjemno\u015bci\u0105, zar\u00f3wno w przygotowaniu, jak i podczas aplikacji.  Dost\u0119pne w st\u0119\u017ceniach 6,6% i 9,6%.\" \/>\n<meta property=\"og:url\" content=\"https:\/\/hipertin.dfirma.pl\/index.php\/product\/emulsja-utleniajaca-eco-ox-66-22vol-lub-96-32vol-hipertin-900ml\/\" \/>\n<meta property=\"og:site_name\" content=\"HIPERTIN - Profesjonalne produkty Fryzjerskie\" \/>\n<meta property=\"article:modified_time\" content=\"2022-04-11T11:26:56+00:00\" \/>\n<meta property=\"og:image\" content=\"https:\/\/hipertin.dfirma.pl\/wp-content\/uploads\/2021\/07\/Emulsja-Utleniajaca-eco-OX-66-22VOL-lub-96-32VOL-HIPERTIN-900ml-e1636534353822.png\" \/>\n\t<meta property=\"og:image:width\" content=\"600\" \/>\n\t<meta property=\"og:image:height\" content=\"600\" \/>\n\t<meta property=\"og:image:type\" content=\"image\/png\" \/>\n<meta name=\"twitter:card\" content=\"summary_large_image\" \/>\n<script type=\"application\/ld+json\" class=\"yoast-schema-graph\">{\"@context\":\"https:\/\/schema.org\",\"@graph\":[{\"@type\":\"WebPage\",\"@id\":\"https:\/\/hipertin.dfirma.pl\/index.php\/product\/emulsja-utleniajaca-eco-ox-66-22vol-lub-96-32vol-hipertin-900ml\/\",\"url\":\"https:\/\/hipertin.dfirma.pl\/index.php\/product\/emulsja-utleniajaca-eco-ox-66-22vol-lub-96-32vol-hipertin-900ml\/\",\"name\":\"Emulsja Utleniaj\u0105ca eco OX 6,6%-22VOL lub 9,6%-32VOL \u2013 Hipertin 900ml - HIPERTIN - Profesjonalne produkty Fryzjerskie\",\"isPartOf\":{\"@id\":\"https:\/\/hipertin.dfirma.pl\/#website\"},\"datePublished\":\"2021-07-23T08:00:13+00:00\",\"dateModified\":\"2022-04-11T11:26:56+00:00\",\"breadcrumb\":{\"@id\":\"https:\/\/hipertin.dfirma.pl\/index.php\/product\/emulsja-utleniajaca-eco-ox-66-22vol-lub-96-32vol-hipertin-900ml\/#breadcrumb\"},\"inLanguage\":\"pl-PL\",\"potentialAction\":[{\"@type\":\"ReadAction\",\"target\":[\"https:\/\/hipertin.dfirma.pl\/index.php\/product\/emulsja-utleniajaca-eco-ox-66-22vol-lub-96-32vol-hipertin-900ml\/\"]}]},{\"@type\":\"BreadcrumbList\",\"@id\":\"https:\/\/hipertin.dfirma.pl\/index.php\/product\/emulsja-utleniajaca-eco-ox-66-22vol-lub-96-32vol-hipertin-900ml\/#breadcrumb\",\"itemListElement\":[{\"@type\":\"ListItem\",\"position\":1,\"name\":\"Strona g\u0142\u00f3wna\",\"item\":\"https:\/\/hipertin.dfirma.pl\/\"},{\"@type\":\"ListItem\",\"position\":2,\"name\":\"Sklep\",\"item\":\"https:\/\/hipertin.dfirma.pl\/index.php\/sklep\/\"},{\"@type\":\"ListItem\",\"position\":3,\"name\":\"Emulsja Utleniaj\u0105ca eco OX 6,6%-22VOL lub 9,6%-32VOL \u2013 Hipertin 900ml\"}]},{\"@type\":\"WebSite\",\"@id\":\"https:\/\/hipertin.dfirma.pl\/#website\",\"url\":\"https:\/\/hipertin.dfirma.pl\/\",\"name\":\"HIPERTIN - Profesjonalne produkty Fryzjerskie\",\"description\":\"\",\"potentialAction\":[{\"@type\":\"SearchAction\",\"target\":{\"@type\":\"EntryPoint\",\"urlTemplate\":\"https:\/\/hipertin.dfirma.pl\/?s={search_term_string}\"},\"query-input\":\"required name=search_term_string\"}],\"inLanguage\":\"pl-PL\"}]}<\/script>\n<!-- \/ Yoast SEO plugin. -->","yoast_head_json":{"title":"Emulsja Utleniaj\u0105ca eco OX 6,6%-22VOL lub 9,6%-32VOL \u2013 Hipertin 900ml - HIPERTIN - Profesjonalne produkty Fryzjerskie","robots":{"index":"index","follow":"follow","max-snippet":"max-snippet:-1","max-image-preview":"max-image-preview:large","max-video-preview":"max-video-preview:-1"},"canonical":"https:\/\/hipertin.dfirma.pl\/index.php\/product\/emulsja-utleniajaca-eco-ox-66-22vol-lub-96-32vol-hipertin-900ml\/","og_locale":"pl_PL","og_type":"article","og_title":"Emulsja Utleniaj\u0105ca eco OX 6,6%-22VOL lub 9,6%-32VOL \u2013 Hipertin 900ml - HIPERTIN - Profesjonalne produkty Fryzjerskie","og_description":"EMULSJA UTLENIAJ\u0104CA eco OX 6,6%-22VOL lub 9,6%-32VOL  EMULSJA UTLENIAJ\u0104CA eco OX jest silnym aktywatorem koloru dzi\u0119ki starannie opracowanej formule, kt\u00f3ra bazuje na mieszance olejk\u00f3w piel\u0119gnacyjnych, zapewniaj\u0105cych \u015bwietn\u0105 kondycj\u0119 w\u0142osom. Jego spektakularna konsystencja, kt\u00f3ra jest niezwykle mi\u0119kka i kremowa, sprawia, \u017ce \u200b\u200bmieszanie z odcieniem jest absolutn\u0105 przyjemno\u015bci\u0105, zar\u00f3wno w przygotowaniu, jak i podczas aplikacji.  Dost\u0119pne w st\u0119\u017ceniach 6,6% i 9,6%.","og_url":"https:\/\/hipertin.dfirma.pl\/index.php\/product\/emulsja-utleniajaca-eco-ox-66-22vol-lub-96-32vol-hipertin-900ml\/","og_site_name":"HIPERTIN - Profesjonalne produkty Fryzjerskie","article_modified_time":"2022-04-11T11:26:56+00:00","og_image":[{"width":600,"height":600,"url":"https:\/\/hipertin.dfirma.pl\/wp-content\/uploads\/2021\/07\/Emulsja-Utleniajaca-eco-OX-66-22VOL-lub-96-32VOL-HIPERTIN-900ml-e1636534353822.png","type":"image\/png"}],"twitter_card":"summary_large_image","schema":{"@context":"https:\/\/schema.org","@graph":[{"@type":"WebPage","@id":"https:\/\/hipertin.dfirma.pl\/index.php\/product\/emulsja-utleniajaca-eco-ox-66-22vol-lub-96-32vol-hipertin-900ml\/","url":"https:\/\/hipertin.dfirma.pl\/index.php\/product\/emulsja-utleniajaca-eco-ox-66-22vol-lub-96-32vol-hipertin-900ml\/","name":"Emulsja Utleniaj\u0105ca eco OX 6,6%-22VOL lub 9,6%-32VOL \u2013 Hipertin 900ml - HIPERTIN - Profesjonalne produkty Fryzjerskie","isPartOf":{"@id":"https:\/\/hipertin.dfirma.pl\/#website"},"datePublished":"2021-07-23T08:00:13+00:00","dateModified":"2022-04-11T11:26:56+00:00","breadcrumb":{"@id":"https:\/\/hipertin.dfirma.pl\/index.php\/product\/emulsja-utleniajaca-eco-ox-66-22vol-lub-96-32vol-hipertin-900ml\/#breadcrumb"},"inLanguage":"pl-PL","potentialAction":[{"@type":"ReadAction","target":["https:\/\/hipertin.dfirma.pl\/index.php\/product\/emulsja-utleniajaca-eco-ox-66-22vol-lub-96-32vol-hipertin-900ml\/"]}]},{"@type":"BreadcrumbList","@id":"https:\/\/hipertin.dfirma.pl\/index.php\/product\/emulsja-utleniajaca-eco-ox-66-22vol-lub-96-32vol-hipertin-900ml\/#breadcrumb","itemListElement":[{"@type":"ListItem","position":1,"name":"Strona g\u0142\u00f3wna","item":"https:\/\/hipertin.dfirma.pl\/"},{"@type":"ListItem","position":2,"name":"Sklep","item":"https:\/\/hipertin.dfirma.pl\/index.php\/sklep\/"},{"@type":"ListItem","position":3,"name":"Emulsja Utleniaj\u0105ca eco OX 6,6%-22VOL lub 9,6%-32VOL \u2013 Hipertin 900ml"}]},{"@type":"WebSite","@id":"https:\/\/hipertin.dfirma.pl\/#website","url":"https:\/\/hipertin.dfirma.pl\/","name":"HIPERTIN - Profesjonalne produkty Fryzjerskie","description":"","potentialAction":[{"@type":"SearchAction","target":{"@type":"EntryPoint","urlTemplate":"https:\/\/hipertin.dfirma.pl\/?s={search_term_string}"},"query-input":"required name=search_term_string"}],"inLanguage":"pl-PL"}]}},"_links":{"self":[{"href":"https:\/\/hipertin.dfirma.pl\/index.php\/wp-json\/wp\/v2\/product\/2944","targetHints":{"allow":["GET"]}}],"collection":[{"href":"https:\/\/hipertin.dfirma.pl\/index.php\/wp-json\/wp\/v2\/product"}],"about":[{"href":"https:\/\/hipertin.dfirma.pl\/index.php\/wp-json\/wp\/v2\/types\/product"}],"replies":[{"embeddable":true,"href":"https:\/\/hipertin.dfirma.pl\/index.php\/wp-json\/wp\/v2\/comments?post=2944"}],"wp:featuredmedia":[{"embeddable":true,"href":"https:\/\/hipertin.dfirma.pl\/index.php\/wp-json\/wp\/v2\/media\/2957"}],"wp:attachment":[{"href":"https:\/\/hipertin.dfirma.pl\/index.php\/wp-json\/wp\/v2\/media?parent=2944"}],"wp:term":[{"taxonomy":"product_cat","embeddable":true,"href":"https:\/\/hipertin.dfirma.pl\/index.php\/wp-json\/wp\/v2\/product_cat?post=2944"},{"taxonomy":"product_tag","embeddable":true,"href":"https:\/\/hipertin.dfirma.pl\/index.php\/wp-json\/wp\/v2\/product_tag?post=2944"}],"curies":[{"name":"wp","href":"https:\/\/api.w.org\/{rel}","templated":true}]}}