{"id":2994,"date":"2021-07-23T08:15:10","date_gmt":"2021-07-23T08:15:10","guid":{"rendered":"https:\/\/server656728.nazwa.pl\/hipertin\/?post_type=product&#038;p=2994"},"modified":"2022-01-10T07:58:58","modified_gmt":"2022-01-10T07:58:58","slug":"rozjasniacz-utopik-deco-hipertin-opakowanie-1000g-lub-saszetka-25g","status":"publish","type":"product","link":"https:\/\/hipertin.dfirma.pl\/index.php\/product\/rozjasniacz-utopik-deco-hipertin-opakowanie-1000g-lub-saszetka-25g\/","title":{"rendered":"Rozja\u015bniacz Utopik Deco Hipertin"},"content":{"rendered":"<p>Chcesz kupi\u0107 profesjonalny rozja\u015bniacz do w\u0142os\u00f3w o du\u017cej mocy rozja\u015bniania? Wybierz wi\u0119c\u00a0<strong>Hipertin Utopik Deco puder rozja\u015bniaj\u0105cy<\/strong>, kt\u00f3ry jest w stanie rozja\u015bni\u0107 w\u0142osy a\u017c do 9 ton\u00f3w.<\/p>\n<p>Hipertin Utopik Deco puder rozja\u015bniaj\u0105cy to wyj\u0105tkowy puder rozja\u015bniaj\u0105cy po kt\u00f3rego u\u017cyciu na pewno nie pojawi\u0105 si\u0119 na Twoich w\u0142osach niechciane, \u017c\u00f3\u0142te odcienie. Puder posiada wyj\u0105tkow\u0105 moc rozja\u015bniania i jest w stanie rozja\u015bni\u0107 ka\u017cde w\u0142osy nawet do 9 ton\u00f3w. A jego inteligentna, \u00a0bezpy\u0142owa formu\u0142a sprawdzi si\u0119 podczas wszystkich technik rozja\u015bniania w\u0142os\u00f3w, gwarantuj\u0105c Tobie zawsze udane rezultaty. Zawarto\u015b\u0107 keratyny powoduje, \u017ce w\u0142osy po zabiegu rozja\u015bniania b\u0119d\u0105 zdrowe, idealnie nawil\u017cone i w pe\u0142ni odbudowane. Poczujesz ich jedwabist\u0105 mi\u0119kko\u015b\u0107 za ka\u017cdym razem, kiedy tylko dotkniesz swoje w\u0142osy. Sprawd\u017a i przekonaj si\u0119 sama.<\/p>\n<p>Pojemno\u015b\u0107: 1kg lub 25g<\/p>\n","protected":false},"excerpt":{"rendered":"<p>Hipertin Utopik Deco puder rozja\u015bniaj\u0105cy to wyj\u0105tkowy puder rozja\u015bniaj\u0105cy po kt\u00f3rego u\u017cyciu na pewno nie pojawi\u0105 si\u0119 na Twoich w\u0142osach niechciane, \u017c\u00f3\u0142te odcienie. Puder posiada wyj\u0105tkow\u0105 moc rozja\u015bniania i jest w stanie rozja\u015bni\u0107 ka\u017cde w\u0142osy nawet do 9 ton\u00f3w. A jego inteligentna, \u00a0bezpy\u0142owa formu\u0142a sprawdzi si\u0119 podczas wszystkich technik rozja\u015bniania w\u0142os\u00f3w, gwarantuj\u0105c Tobie zawsze udane rezultaty. Zawarto\u015b\u0107 keratyny powoduje, \u017ce w\u0142osy po zabiegu rozja\u015bniania b\u0119d\u0105 zdrowe, idealnie nawil\u017cone i w pe\u0142ni odbudowane. Poczujesz ich jedwabist\u0105 mi\u0119kko\u015b\u0107 za ka\u017cdym razem, kiedy tylko dotkniesz swoje w\u0142osy. Sprawd\u017a i przekonaj si\u0119 sama.<\/p>\n","protected":false},"featured_media":2997,"comment_status":"open","ping_status":"closed","template":"","meta":[],"product_cat":[138],"product_tag":[],"class_list":["post-2994","product","type-product","status-publish","has-post-thumbnail","hentry","pwb-brand-hipertin","product_cat-kolor-i-rozjasnianie","product_shipping_class-darmowa-wysylka"],"brands":[{"id":133,"name":"Hipertin","slug":"hipertin"}],"yoast_head":"<!-- This site is optimized with the Yoast SEO plugin v19.10 - https:\/\/yoast.com\/wordpress\/plugins\/seo\/ -->\n<title>Rozja\u015bniacz Utopik Deco Hipertin - HIPERTIN - Profesjonalne produkty Fryzjerskie<\/title>\n<meta name=\"robots\" content=\"index, follow, max-snippet:-1, max-image-preview:large, max-video-preview:-1\" \/>\n<link rel=\"canonical\" href=\"https:\/\/hipertin.dfirma.pl\/index.php\/product\/rozjasniacz-utopik-deco-hipertin-opakowanie-1000g-lub-saszetka-25g\/\" \/>\n<meta property=\"og:locale\" content=\"pl_PL\" \/>\n<meta property=\"og:type\" content=\"article\" \/>\n<meta property=\"og:title\" content=\"Rozja\u015bniacz Utopik Deco Hipertin - HIPERTIN - Profesjonalne produkty Fryzjerskie\" \/>\n<meta property=\"og:description\" content=\"Hipertin Utopik Deco puder rozja\u015bniaj\u0105cy to wyj\u0105tkowy puder rozja\u015bniaj\u0105cy po kt\u00f3rego u\u017cyciu na pewno nie pojawi\u0105 si\u0119 na Twoich w\u0142osach niechciane, \u017c\u00f3\u0142te odcienie. Puder posiada wyj\u0105tkow\u0105 moc rozja\u015bniania i jest w stanie rozja\u015bni\u0107 ka\u017cde w\u0142osy nawet do 9 ton\u00f3w. A jego inteligentna, \u00a0bezpy\u0142owa formu\u0142a sprawdzi si\u0119 podczas wszystkich technik rozja\u015bniania w\u0142os\u00f3w, gwarantuj\u0105c Tobie zawsze udane rezultaty. Zawarto\u015b\u0107 keratyny powoduje, \u017ce w\u0142osy po zabiegu rozja\u015bniania b\u0119d\u0105 zdrowe, idealnie nawil\u017cone i w pe\u0142ni odbudowane. Poczujesz ich jedwabist\u0105 mi\u0119kko\u015b\u0107 za ka\u017cdym razem, kiedy tylko dotkniesz swoje w\u0142osy. Sprawd\u017a i przekonaj si\u0119 sama.\" \/>\n<meta property=\"og:url\" content=\"https:\/\/hipertin.dfirma.pl\/index.php\/product\/rozjasniacz-utopik-deco-hipertin-opakowanie-1000g-lub-saszetka-25g\/\" \/>\n<meta property=\"og:site_name\" content=\"HIPERTIN - Profesjonalne produkty Fryzjerskie\" \/>\n<meta property=\"article:modified_time\" content=\"2022-01-10T07:58:58+00:00\" \/>\n<meta property=\"og:image\" content=\"https:\/\/hipertin.dfirma.pl\/wp-content\/uploads\/2021\/07\/rozjasniacz-utopik-deco-hipertin-e1636534395670.png\" \/>\n\t<meta property=\"og:image:width\" content=\"600\" \/>\n\t<meta property=\"og:image:height\" content=\"600\" \/>\n\t<meta property=\"og:image:type\" content=\"image\/png\" \/>\n<meta name=\"twitter:card\" content=\"summary_large_image\" \/>\n<meta name=\"twitter:label1\" content=\"Szacowany czas czytania\" \/>\n\t<meta name=\"twitter:data1\" content=\"1 minuta\" \/>\n<script type=\"application\/ld+json\" class=\"yoast-schema-graph\">{\"@context\":\"https:\/\/schema.org\",\"@graph\":[{\"@type\":\"WebPage\",\"@id\":\"https:\/\/hipertin.dfirma.pl\/index.php\/product\/rozjasniacz-utopik-deco-hipertin-opakowanie-1000g-lub-saszetka-25g\/\",\"url\":\"https:\/\/hipertin.dfirma.pl\/index.php\/product\/rozjasniacz-utopik-deco-hipertin-opakowanie-1000g-lub-saszetka-25g\/\",\"name\":\"Rozja\u015bniacz Utopik Deco Hipertin - HIPERTIN - Profesjonalne produkty Fryzjerskie\",\"isPartOf\":{\"@id\":\"https:\/\/hipertin.dfirma.pl\/#website\"},\"datePublished\":\"2021-07-23T08:15:10+00:00\",\"dateModified\":\"2022-01-10T07:58:58+00:00\",\"breadcrumb\":{\"@id\":\"https:\/\/hipertin.dfirma.pl\/index.php\/product\/rozjasniacz-utopik-deco-hipertin-opakowanie-1000g-lub-saszetka-25g\/#breadcrumb\"},\"inLanguage\":\"pl-PL\",\"potentialAction\":[{\"@type\":\"ReadAction\",\"target\":[\"https:\/\/hipertin.dfirma.pl\/index.php\/product\/rozjasniacz-utopik-deco-hipertin-opakowanie-1000g-lub-saszetka-25g\/\"]}]},{\"@type\":\"BreadcrumbList\",\"@id\":\"https:\/\/hipertin.dfirma.pl\/index.php\/product\/rozjasniacz-utopik-deco-hipertin-opakowanie-1000g-lub-saszetka-25g\/#breadcrumb\",\"itemListElement\":[{\"@type\":\"ListItem\",\"position\":1,\"name\":\"Strona g\u0142\u00f3wna\",\"item\":\"https:\/\/hipertin.dfirma.pl\/\"},{\"@type\":\"ListItem\",\"position\":2,\"name\":\"Sklep\",\"item\":\"https:\/\/hipertin.dfirma.pl\/index.php\/sklep\/\"},{\"@type\":\"ListItem\",\"position\":3,\"name\":\"Rozja\u015bniacz Utopik Deco Hipertin\"}]},{\"@type\":\"WebSite\",\"@id\":\"https:\/\/hipertin.dfirma.pl\/#website\",\"url\":\"https:\/\/hipertin.dfirma.pl\/\",\"name\":\"HIPERTIN - Profesjonalne produkty Fryzjerskie\",\"description\":\"\",\"potentialAction\":[{\"@type\":\"SearchAction\",\"target\":{\"@type\":\"EntryPoint\",\"urlTemplate\":\"https:\/\/hipertin.dfirma.pl\/?s={search_term_string}\"},\"query-input\":\"required name=search_term_string\"}],\"inLanguage\":\"pl-PL\"}]}<\/script>\n<!-- \/ Yoast SEO plugin. -->","yoast_head_json":{"title":"Rozja\u015bniacz Utopik Deco Hipertin - HIPERTIN - Profesjonalne produkty Fryzjerskie","robots":{"index":"index","follow":"follow","max-snippet":"max-snippet:-1","max-image-preview":"max-image-preview:large","max-video-preview":"max-video-preview:-1"},"canonical":"https:\/\/hipertin.dfirma.pl\/index.php\/product\/rozjasniacz-utopik-deco-hipertin-opakowanie-1000g-lub-saszetka-25g\/","og_locale":"pl_PL","og_type":"article","og_title":"Rozja\u015bniacz Utopik Deco Hipertin - HIPERTIN - Profesjonalne produkty Fryzjerskie","og_description":"Hipertin Utopik Deco puder rozja\u015bniaj\u0105cy to wyj\u0105tkowy puder rozja\u015bniaj\u0105cy po kt\u00f3rego u\u017cyciu na pewno nie pojawi\u0105 si\u0119 na Twoich w\u0142osach niechciane, \u017c\u00f3\u0142te odcienie. Puder posiada wyj\u0105tkow\u0105 moc rozja\u015bniania i jest w stanie rozja\u015bni\u0107 ka\u017cde w\u0142osy nawet do 9 ton\u00f3w. A jego inteligentna, \u00a0bezpy\u0142owa formu\u0142a sprawdzi si\u0119 podczas wszystkich technik rozja\u015bniania w\u0142os\u00f3w, gwarantuj\u0105c Tobie zawsze udane rezultaty. Zawarto\u015b\u0107 keratyny powoduje, \u017ce w\u0142osy po zabiegu rozja\u015bniania b\u0119d\u0105 zdrowe, idealnie nawil\u017cone i w pe\u0142ni odbudowane. Poczujesz ich jedwabist\u0105 mi\u0119kko\u015b\u0107 za ka\u017cdym razem, kiedy tylko dotkniesz swoje w\u0142osy. Sprawd\u017a i przekonaj si\u0119 sama.","og_url":"https:\/\/hipertin.dfirma.pl\/index.php\/product\/rozjasniacz-utopik-deco-hipertin-opakowanie-1000g-lub-saszetka-25g\/","og_site_name":"HIPERTIN - Profesjonalne produkty Fryzjerskie","article_modified_time":"2022-01-10T07:58:58+00:00","og_image":[{"width":600,"height":600,"url":"https:\/\/hipertin.dfirma.pl\/wp-content\/uploads\/2021\/07\/rozjasniacz-utopik-deco-hipertin-e1636534395670.png","type":"image\/png"}],"twitter_card":"summary_large_image","twitter_misc":{"Szacowany czas czytania":"1 minuta"},"schema":{"@context":"https:\/\/schema.org","@graph":[{"@type":"WebPage","@id":"https:\/\/hipertin.dfirma.pl\/index.php\/product\/rozjasniacz-utopik-deco-hipertin-opakowanie-1000g-lub-saszetka-25g\/","url":"https:\/\/hipertin.dfirma.pl\/index.php\/product\/rozjasniacz-utopik-deco-hipertin-opakowanie-1000g-lub-saszetka-25g\/","name":"Rozja\u015bniacz Utopik Deco Hipertin - HIPERTIN - Profesjonalne produkty Fryzjerskie","isPartOf":{"@id":"https:\/\/hipertin.dfirma.pl\/#website"},"datePublished":"2021-07-23T08:15:10+00:00","dateModified":"2022-01-10T07:58:58+00:00","breadcrumb":{"@id":"https:\/\/hipertin.dfirma.pl\/index.php\/product\/rozjasniacz-utopik-deco-hipertin-opakowanie-1000g-lub-saszetka-25g\/#breadcrumb"},"inLanguage":"pl-PL","potentialAction":[{"@type":"ReadAction","target":["https:\/\/hipertin.dfirma.pl\/index.php\/product\/rozjasniacz-utopik-deco-hipertin-opakowanie-1000g-lub-saszetka-25g\/"]}]},{"@type":"BreadcrumbList","@id":"https:\/\/hipertin.dfirma.pl\/index.php\/product\/rozjasniacz-utopik-deco-hipertin-opakowanie-1000g-lub-saszetka-25g\/#breadcrumb","itemListElement":[{"@type":"ListItem","position":1,"name":"Strona g\u0142\u00f3wna","item":"https:\/\/hipertin.dfirma.pl\/"},{"@type":"ListItem","position":2,"name":"Sklep","item":"https:\/\/hipertin.dfirma.pl\/index.php\/sklep\/"},{"@type":"ListItem","position":3,"name":"Rozja\u015bniacz Utopik Deco Hipertin"}]},{"@type":"WebSite","@id":"https:\/\/hipertin.dfirma.pl\/#website","url":"https:\/\/hipertin.dfirma.pl\/","name":"HIPERTIN - Profesjonalne produkty Fryzjerskie","description":"","potentialAction":[{"@type":"SearchAction","target":{"@type":"EntryPoint","urlTemplate":"https:\/\/hipertin.dfirma.pl\/?s={search_term_string}"},"query-input":"required name=search_term_string"}],"inLanguage":"pl-PL"}]}},"_links":{"self":[{"href":"https:\/\/hipertin.dfirma.pl\/index.php\/wp-json\/wp\/v2\/product\/2994","targetHints":{"allow":["GET"]}}],"collection":[{"href":"https:\/\/hipertin.dfirma.pl\/index.php\/wp-json\/wp\/v2\/product"}],"about":[{"href":"https:\/\/hipertin.dfirma.pl\/index.php\/wp-json\/wp\/v2\/types\/product"}],"replies":[{"embeddable":true,"href":"https:\/\/hipertin.dfirma.pl\/index.php\/wp-json\/wp\/v2\/comments?post=2994"}],"wp:featuredmedia":[{"embeddable":true,"href":"https:\/\/hipertin.dfirma.pl\/index.php\/wp-json\/wp\/v2\/media\/2997"}],"wp:attachment":[{"href":"https:\/\/hipertin.dfirma.pl\/index.php\/wp-json\/wp\/v2\/media?parent=2994"}],"wp:term":[{"taxonomy":"product_cat","embeddable":true,"href":"https:\/\/hipertin.dfirma.pl\/index.php\/wp-json\/wp\/v2\/product_cat?post=2994"},{"taxonomy":"product_tag","embeddable":true,"href":"https:\/\/hipertin.dfirma.pl\/index.php\/wp-json\/wp\/v2\/product_tag?post=2994"}],"curies":[{"name":"wp","href":"https:\/\/api.w.org\/{rel}","templated":true}]}}