{"id":2998,"date":"2021-07-23T08:19:18","date_gmt":"2021-07-23T08:19:18","guid":{"rendered":"https:\/\/server656728.nazwa.pl\/hipertin\/?post_type=product&#038;p=2998"},"modified":"2022-01-10T07:57:52","modified_gmt":"2022-01-10T07:57:52","slug":"zel-dezynfekujacy-do-mycia-rak-bez-wody","status":"publish","type":"product","link":"https:\/\/hipertin.dfirma.pl\/index.php\/product\/zel-dezynfekujacy-do-mycia-rak-bez-wody\/","title":{"rendered":"\u017bel dezynfekuj\u0105cy do mycia r\u0105k bez wody"},"content":{"rendered":"<p>Utrzymuj r\u0119ce czyste i mi\u0119kkie! U\u017cywaj\u0105c \u017celu zaoszcz\u0119dzisz 35-45 litr\u00f3w wody! Roztw\u00f3r wodno-alkoholowy (75%) o pojemno\u015bci 500ml i 150ml. Produkt wystarczy na\u0142o\u017cy\u0107 na suche d\u0142onie i dok\u0142adnie wciera\u0107 a\u017c do ca\u0142kowitego wch\u0142oni\u0119cia.<\/p>\n","protected":false},"excerpt":{"rendered":"<p>Utrzymuj r\u0119ce czyste i mi\u0119kkie! U\u017cywaj\u0105c \u017celu zaoszcz\u0119dzisz 35-45 litr\u00f3w wody! Roztw\u00f3r wodno-alkoholowy (75%) o pojemno\u015bci 500ml i 150ml. Produkt wystarczy na\u0142o\u017cy\u0107 na suche d\u0142onie i dok\u0142adnie wciera\u0107 a\u017c do ca\u0142kowitego wch\u0142oni\u0119cia.<\/p>\n","protected":false},"featured_media":2999,"comment_status":"open","ping_status":"closed","template":"","meta":[],"product_cat":[141],"product_tag":[],"class_list":["post-2998","product","type-product","status-publish","has-post-thumbnail","hentry","pwb-brand-hipertin","product_cat-dezynfekcja","product_shipping_class-darmowa-wysylka"],"brands":[{"id":133,"name":"Hipertin","slug":"hipertin"}],"yoast_head":"<!-- This site is optimized with the Yoast SEO plugin v19.10 - https:\/\/yoast.com\/wordpress\/plugins\/seo\/ -->\n<title>\u017bel dezynfekuj\u0105cy do mycia r\u0105k bez wody - HIPERTIN - Profesjonalne produkty Fryzjerskie<\/title>\n<meta name=\"robots\" content=\"index, follow, max-snippet:-1, max-image-preview:large, max-video-preview:-1\" \/>\n<link rel=\"canonical\" href=\"https:\/\/hipertin.dfirma.pl\/index.php\/product\/zel-dezynfekujacy-do-mycia-rak-bez-wody\/\" \/>\n<meta property=\"og:locale\" content=\"pl_PL\" \/>\n<meta property=\"og:type\" content=\"article\" \/>\n<meta property=\"og:title\" content=\"\u017bel dezynfekuj\u0105cy do mycia r\u0105k bez wody - HIPERTIN - Profesjonalne produkty Fryzjerskie\" \/>\n<meta property=\"og:description\" content=\"Utrzymuj r\u0119ce czyste i mi\u0119kkie! U\u017cywaj\u0105c \u017celu zaoszcz\u0119dzisz 35-45 litr\u00f3w wody! Roztw\u00f3r wodno-alkoholowy (75%) o pojemno\u015bci 500ml i 150ml. Produkt wystarczy na\u0142o\u017cy\u0107 na suche d\u0142onie i dok\u0142adnie wciera\u0107 a\u017c do ca\u0142kowitego wch\u0142oni\u0119cia.\" \/>\n<meta property=\"og:url\" content=\"https:\/\/hipertin.dfirma.pl\/index.php\/product\/zel-dezynfekujacy-do-mycia-rak-bez-wody\/\" \/>\n<meta property=\"og:site_name\" content=\"HIPERTIN - Profesjonalne produkty Fryzjerskie\" \/>\n<meta property=\"article:modified_time\" content=\"2022-01-10T07:57:52+00:00\" \/>\n<meta property=\"og:image\" content=\"https:\/\/hipertin.dfirma.pl\/wp-content\/uploads\/2021\/07\/ZEL-DEZYNFEKUJACY-DO-MYCIA-RAK-BEZ-WODY-500ml-e1636534401648.png\" \/>\n\t<meta property=\"og:image:width\" content=\"600\" \/>\n\t<meta property=\"og:image:height\" content=\"600\" \/>\n\t<meta property=\"og:image:type\" content=\"image\/png\" \/>\n<meta name=\"twitter:card\" content=\"summary_large_image\" \/>\n<script type=\"application\/ld+json\" class=\"yoast-schema-graph\">{\"@context\":\"https:\/\/schema.org\",\"@graph\":[{\"@type\":\"WebPage\",\"@id\":\"https:\/\/hipertin.dfirma.pl\/index.php\/product\/zel-dezynfekujacy-do-mycia-rak-bez-wody\/\",\"url\":\"https:\/\/hipertin.dfirma.pl\/index.php\/product\/zel-dezynfekujacy-do-mycia-rak-bez-wody\/\",\"name\":\"\u017bel dezynfekuj\u0105cy do mycia r\u0105k bez wody - HIPERTIN - Profesjonalne produkty Fryzjerskie\",\"isPartOf\":{\"@id\":\"https:\/\/hipertin.dfirma.pl\/#website\"},\"datePublished\":\"2021-07-23T08:19:18+00:00\",\"dateModified\":\"2022-01-10T07:57:52+00:00\",\"breadcrumb\":{\"@id\":\"https:\/\/hipertin.dfirma.pl\/index.php\/product\/zel-dezynfekujacy-do-mycia-rak-bez-wody\/#breadcrumb\"},\"inLanguage\":\"pl-PL\",\"potentialAction\":[{\"@type\":\"ReadAction\",\"target\":[\"https:\/\/hipertin.dfirma.pl\/index.php\/product\/zel-dezynfekujacy-do-mycia-rak-bez-wody\/\"]}]},{\"@type\":\"BreadcrumbList\",\"@id\":\"https:\/\/hipertin.dfirma.pl\/index.php\/product\/zel-dezynfekujacy-do-mycia-rak-bez-wody\/#breadcrumb\",\"itemListElement\":[{\"@type\":\"ListItem\",\"position\":1,\"name\":\"Strona g\u0142\u00f3wna\",\"item\":\"https:\/\/hipertin.dfirma.pl\/\"},{\"@type\":\"ListItem\",\"position\":2,\"name\":\"Sklep\",\"item\":\"https:\/\/hipertin.dfirma.pl\/index.php\/sklep\/\"},{\"@type\":\"ListItem\",\"position\":3,\"name\":\"\u017bel dezynfekuj\u0105cy do mycia r\u0105k bez wody\"}]},{\"@type\":\"WebSite\",\"@id\":\"https:\/\/hipertin.dfirma.pl\/#website\",\"url\":\"https:\/\/hipertin.dfirma.pl\/\",\"name\":\"HIPERTIN - Profesjonalne produkty Fryzjerskie\",\"description\":\"\",\"potentialAction\":[{\"@type\":\"SearchAction\",\"target\":{\"@type\":\"EntryPoint\",\"urlTemplate\":\"https:\/\/hipertin.dfirma.pl\/?s={search_term_string}\"},\"query-input\":\"required name=search_term_string\"}],\"inLanguage\":\"pl-PL\"}]}<\/script>\n<!-- \/ Yoast SEO plugin. -->","yoast_head_json":{"title":"\u017bel dezynfekuj\u0105cy do mycia r\u0105k bez wody - HIPERTIN - Profesjonalne produkty Fryzjerskie","robots":{"index":"index","follow":"follow","max-snippet":"max-snippet:-1","max-image-preview":"max-image-preview:large","max-video-preview":"max-video-preview:-1"},"canonical":"https:\/\/hipertin.dfirma.pl\/index.php\/product\/zel-dezynfekujacy-do-mycia-rak-bez-wody\/","og_locale":"pl_PL","og_type":"article","og_title":"\u017bel dezynfekuj\u0105cy do mycia r\u0105k bez wody - HIPERTIN - Profesjonalne produkty Fryzjerskie","og_description":"Utrzymuj r\u0119ce czyste i mi\u0119kkie! U\u017cywaj\u0105c \u017celu zaoszcz\u0119dzisz 35-45 litr\u00f3w wody! Roztw\u00f3r wodno-alkoholowy (75%) o pojemno\u015bci 500ml i 150ml. Produkt wystarczy na\u0142o\u017cy\u0107 na suche d\u0142onie i dok\u0142adnie wciera\u0107 a\u017c do ca\u0142kowitego wch\u0142oni\u0119cia.","og_url":"https:\/\/hipertin.dfirma.pl\/index.php\/product\/zel-dezynfekujacy-do-mycia-rak-bez-wody\/","og_site_name":"HIPERTIN - Profesjonalne produkty Fryzjerskie","article_modified_time":"2022-01-10T07:57:52+00:00","og_image":[{"width":600,"height":600,"url":"https:\/\/hipertin.dfirma.pl\/wp-content\/uploads\/2021\/07\/ZEL-DEZYNFEKUJACY-DO-MYCIA-RAK-BEZ-WODY-500ml-e1636534401648.png","type":"image\/png"}],"twitter_card":"summary_large_image","schema":{"@context":"https:\/\/schema.org","@graph":[{"@type":"WebPage","@id":"https:\/\/hipertin.dfirma.pl\/index.php\/product\/zel-dezynfekujacy-do-mycia-rak-bez-wody\/","url":"https:\/\/hipertin.dfirma.pl\/index.php\/product\/zel-dezynfekujacy-do-mycia-rak-bez-wody\/","name":"\u017bel dezynfekuj\u0105cy do mycia r\u0105k bez wody - HIPERTIN - Profesjonalne produkty Fryzjerskie","isPartOf":{"@id":"https:\/\/hipertin.dfirma.pl\/#website"},"datePublished":"2021-07-23T08:19:18+00:00","dateModified":"2022-01-10T07:57:52+00:00","breadcrumb":{"@id":"https:\/\/hipertin.dfirma.pl\/index.php\/product\/zel-dezynfekujacy-do-mycia-rak-bez-wody\/#breadcrumb"},"inLanguage":"pl-PL","potentialAction":[{"@type":"ReadAction","target":["https:\/\/hipertin.dfirma.pl\/index.php\/product\/zel-dezynfekujacy-do-mycia-rak-bez-wody\/"]}]},{"@type":"BreadcrumbList","@id":"https:\/\/hipertin.dfirma.pl\/index.php\/product\/zel-dezynfekujacy-do-mycia-rak-bez-wody\/#breadcrumb","itemListElement":[{"@type":"ListItem","position":1,"name":"Strona g\u0142\u00f3wna","item":"https:\/\/hipertin.dfirma.pl\/"},{"@type":"ListItem","position":2,"name":"Sklep","item":"https:\/\/hipertin.dfirma.pl\/index.php\/sklep\/"},{"@type":"ListItem","position":3,"name":"\u017bel dezynfekuj\u0105cy do mycia r\u0105k bez wody"}]},{"@type":"WebSite","@id":"https:\/\/hipertin.dfirma.pl\/#website","url":"https:\/\/hipertin.dfirma.pl\/","name":"HIPERTIN - Profesjonalne produkty Fryzjerskie","description":"","potentialAction":[{"@type":"SearchAction","target":{"@type":"EntryPoint","urlTemplate":"https:\/\/hipertin.dfirma.pl\/?s={search_term_string}"},"query-input":"required name=search_term_string"}],"inLanguage":"pl-PL"}]}},"_links":{"self":[{"href":"https:\/\/hipertin.dfirma.pl\/index.php\/wp-json\/wp\/v2\/product\/2998","targetHints":{"allow":["GET"]}}],"collection":[{"href":"https:\/\/hipertin.dfirma.pl\/index.php\/wp-json\/wp\/v2\/product"}],"about":[{"href":"https:\/\/hipertin.dfirma.pl\/index.php\/wp-json\/wp\/v2\/types\/product"}],"replies":[{"embeddable":true,"href":"https:\/\/hipertin.dfirma.pl\/index.php\/wp-json\/wp\/v2\/comments?post=2998"}],"wp:featuredmedia":[{"embeddable":true,"href":"https:\/\/hipertin.dfirma.pl\/index.php\/wp-json\/wp\/v2\/media\/2999"}],"wp:attachment":[{"href":"https:\/\/hipertin.dfirma.pl\/index.php\/wp-json\/wp\/v2\/media?parent=2998"}],"wp:term":[{"taxonomy":"product_cat","embeddable":true,"href":"https:\/\/hipertin.dfirma.pl\/index.php\/wp-json\/wp\/v2\/product_cat?post=2998"},{"taxonomy":"product_tag","embeddable":true,"href":"https:\/\/hipertin.dfirma.pl\/index.php\/wp-json\/wp\/v2\/product_tag?post=2998"}],"curies":[{"name":"wp","href":"https:\/\/api.w.org\/{rel}","templated":true}]}}