{"id":3013,"date":"2021-07-23T08:47:59","date_gmt":"2021-07-23T08:47:59","guid":{"rendered":"https:\/\/server656728.nazwa.pl\/hipertin\/?post_type=product&#038;p=3013"},"modified":"2022-01-10T07:56:16","modified_gmt":"2022-01-10T07:56:16","slug":"zestaw-do-wlosow-przetluszczajacych-sie","status":"publish","type":"product","link":"https:\/\/hipertin.dfirma.pl\/index.php\/product\/zestaw-do-wlosow-przetluszczajacych-sie\/","title":{"rendered":"Zestaw do w\u0142os\u00f3w przet\u0142uszczaj\u0105cych si\u0119"},"content":{"rendered":"<p><strong>GREASE CONTROL \u2013 Szampon do przet\u0142uszczaj\u0105cej si\u0119 sk\u00f3ry g\u0142owy i w\u0142os\u00f3w z naturalnym ekstraktem z pestek winogron \u2013 NEW 2020 r<\/strong>eguluje wydzielanie sebum. Wysokiej mocy ekstrakty, dzia\u0142aj\u0105 przeciwutleniaj\u0105co, od\u017cywczo i regeneruj\u0105co. Szampon z najnowszej linii Linecure, kt\u00f3ra zosta\u0142a opracowana z uwzgl\u0119dnieniem wega\u0144skich receptur i naturalnych sk\u0142adnik\u00f3w, kt\u00f3re zapewniaj\u0105 skuteczne i sprawdzone rozwi\u0105zania dla w\u0142os\u00f3w i potrzeb sk\u00f3ry g\u0142owy.<\/p>\n<p><strong>Hipertin Linecure Re-Balancing Lotion do w\u0142os\u00f3w <\/strong>\u00a0zaskoczy Ciebie swoj\u0105 skuteczno\u015bci\u0105 i szybko\u015bci\u0105 dzia\u0142ania. <strong>Zwalcza \u0142upie\u017c, reguluje wydzielanie \u0142ojotoku. <\/strong>Hipertin Linecure Re-Balancing lotion do w\u0142os\u00f3w to produkt, kt\u00f3ry powsta\u0142 specjalnie z my\u015bl\u0105 o osobach, kt\u00f3re walcz\u0105 z \u0142upie\u017cem, kt\u00f3ry wiecznie do nich powraca. Dzi\u0119ki zawarto\u015bci aktywnych sk\u0142adnik\u00f3w, takich jak:\u00a0<strong>kompleks aminokwas\u00f3w, cysteina oraz ekstrakt z placenty<\/strong>, Hipertin Linecure Re-Balancing Lotion do w\u0142os\u00f3w szybko i skutecznie zwalcza \u0142upie\u017c oraz doskonale reguluje wydzielanie \u0142ojotoku. Ponadto, idealnie poprawia cyrkulacj\u0119 krwi w sk\u00f3rze g\u0142owy oraz wzmacnia struktur\u0119 w\u0142os\u00f3w, kt\u00f3re staj\u0105 si\u0119 bardziej odporne. W efekcie, w\u0142osy b\u0119d\u0105 mocniejsze, zdrowsze, lepiej nawil\u017cone i bardziej witalne. Nie pojawi si\u0119 tak\u017ce uporczywy \u0142upie\u017c, kt\u00f3ry do tej pory tak trudno by\u0142o Ci pokona\u0107.<\/p>\n","protected":false},"excerpt":{"rendered":"<p>Szukasz skutecznego rozwi\u0105zania, kt\u00f3re wyeliminuje \u0142upie\u017c i \u0142ojotok? Wybierz wi\u0119c HIPERTIN zestaw do w\u0142os\u00f3w przet\u0142uszczaj\u0105cych si\u0119.<\/p>\n<p>W sk\u0142ad zestawu wchodz\u0105:<\/p>\n<ul>\n<li><strong>Szampon do w\u0142os\u00f3w przet\u0142uszczaj\u0105cych si\u0119 Hipertin Grease Control &#8211; 300ml<\/strong><\/li>\n<li><strong>Lotion przywracaj\u0105cy r\u00f3wnowag\u0119 \u2013 Hipertin Linecure Re-Balancing Lotion &#8211; 200ml<\/strong><\/li>\n<\/ul>\n<p>&nbsp;<\/p>\n","protected":false},"featured_media":3003,"comment_status":"open","ping_status":"closed","template":"","meta":[],"product_cat":[142],"product_tag":[],"class_list":["post-3013","product","type-product","status-publish","has-post-thumbnail","hentry","pwb-brand-hipertin","product_cat-zestawy-kosmetykow-produktow","product_shipping_class-darmowa-wysylka"],"brands":[{"id":133,"name":"Hipertin","slug":"hipertin"}],"yoast_head":"<!-- This site is optimized with the Yoast SEO plugin v19.10 - https:\/\/yoast.com\/wordpress\/plugins\/seo\/ -->\n<title>Zestaw do w\u0142os\u00f3w przet\u0142uszczaj\u0105cych si\u0119 - HIPERTIN - Profesjonalne produkty Fryzjerskie<\/title>\n<meta name=\"robots\" content=\"index, follow, max-snippet:-1, max-image-preview:large, max-video-preview:-1\" \/>\n<link rel=\"canonical\" href=\"https:\/\/hipertin.dfirma.pl\/index.php\/product\/zestaw-do-wlosow-przetluszczajacych-sie\/\" \/>\n<meta property=\"og:locale\" content=\"pl_PL\" \/>\n<meta property=\"og:type\" content=\"article\" \/>\n<meta property=\"og:title\" content=\"Zestaw do w\u0142os\u00f3w przet\u0142uszczaj\u0105cych si\u0119 - HIPERTIN - Profesjonalne produkty Fryzjerskie\" \/>\n<meta property=\"og:description\" content=\"Szukasz skutecznego rozwi\u0105zania, kt\u00f3re wyeliminuje \u0142upie\u017c i \u0142ojotok? Wybierz wi\u0119c HIPERTIN zestaw do w\u0142os\u00f3w przet\u0142uszczaj\u0105cych si\u0119.  W sk\u0142ad zestawu wchodz\u0105:   Szampon do w\u0142os\u00f3w przet\u0142uszczaj\u0105cych si\u0119 Hipertin Grease Control - 300ml  Lotion przywracaj\u0105cy r\u00f3wnowag\u0119 \u2013 Hipertin Linecure Re-Balancing Lotion - 200ml  &nbsp;\" \/>\n<meta property=\"og:url\" content=\"https:\/\/hipertin.dfirma.pl\/index.php\/product\/zestaw-do-wlosow-przetluszczajacych-sie\/\" \/>\n<meta property=\"og:site_name\" content=\"HIPERTIN - Profesjonalne produkty Fryzjerskie\" \/>\n<meta property=\"article:modified_time\" content=\"2022-01-10T07:56:16+00:00\" \/>\n<meta property=\"og:image\" content=\"https:\/\/hipertin.dfirma.pl\/wp-content\/uploads\/2021\/07\/Zestaw-do-wlosow-przetluszczajacych-sie-HIPERTIN-e1636533637588.png\" \/>\n\t<meta property=\"og:image:width\" content=\"600\" \/>\n\t<meta property=\"og:image:height\" content=\"600\" \/>\n\t<meta property=\"og:image:type\" content=\"image\/png\" \/>\n<meta name=\"twitter:card\" content=\"summary_large_image\" \/>\n<meta name=\"twitter:label1\" content=\"Szacowany czas czytania\" \/>\n\t<meta name=\"twitter:data1\" content=\"1 minuta\" \/>\n<script type=\"application\/ld+json\" class=\"yoast-schema-graph\">{\"@context\":\"https:\/\/schema.org\",\"@graph\":[{\"@type\":\"WebPage\",\"@id\":\"https:\/\/hipertin.dfirma.pl\/index.php\/product\/zestaw-do-wlosow-przetluszczajacych-sie\/\",\"url\":\"https:\/\/hipertin.dfirma.pl\/index.php\/product\/zestaw-do-wlosow-przetluszczajacych-sie\/\",\"name\":\"Zestaw do w\u0142os\u00f3w przet\u0142uszczaj\u0105cych si\u0119 - HIPERTIN - Profesjonalne produkty Fryzjerskie\",\"isPartOf\":{\"@id\":\"https:\/\/hipertin.dfirma.pl\/#website\"},\"datePublished\":\"2021-07-23T08:47:59+00:00\",\"dateModified\":\"2022-01-10T07:56:16+00:00\",\"breadcrumb\":{\"@id\":\"https:\/\/hipertin.dfirma.pl\/index.php\/product\/zestaw-do-wlosow-przetluszczajacych-sie\/#breadcrumb\"},\"inLanguage\":\"pl-PL\",\"potentialAction\":[{\"@type\":\"ReadAction\",\"target\":[\"https:\/\/hipertin.dfirma.pl\/index.php\/product\/zestaw-do-wlosow-przetluszczajacych-sie\/\"]}]},{\"@type\":\"BreadcrumbList\",\"@id\":\"https:\/\/hipertin.dfirma.pl\/index.php\/product\/zestaw-do-wlosow-przetluszczajacych-sie\/#breadcrumb\",\"itemListElement\":[{\"@type\":\"ListItem\",\"position\":1,\"name\":\"Strona g\u0142\u00f3wna\",\"item\":\"https:\/\/hipertin.dfirma.pl\/\"},{\"@type\":\"ListItem\",\"position\":2,\"name\":\"Sklep\",\"item\":\"https:\/\/hipertin.dfirma.pl\/index.php\/sklep\/\"},{\"@type\":\"ListItem\",\"position\":3,\"name\":\"Zestaw do w\u0142os\u00f3w przet\u0142uszczaj\u0105cych si\u0119\"}]},{\"@type\":\"WebSite\",\"@id\":\"https:\/\/hipertin.dfirma.pl\/#website\",\"url\":\"https:\/\/hipertin.dfirma.pl\/\",\"name\":\"HIPERTIN - Profesjonalne produkty Fryzjerskie\",\"description\":\"\",\"potentialAction\":[{\"@type\":\"SearchAction\",\"target\":{\"@type\":\"EntryPoint\",\"urlTemplate\":\"https:\/\/hipertin.dfirma.pl\/?s={search_term_string}\"},\"query-input\":\"required name=search_term_string\"}],\"inLanguage\":\"pl-PL\"}]}<\/script>\n<!-- \/ Yoast SEO plugin. -->","yoast_head_json":{"title":"Zestaw do w\u0142os\u00f3w przet\u0142uszczaj\u0105cych si\u0119 - HIPERTIN - Profesjonalne produkty Fryzjerskie","robots":{"index":"index","follow":"follow","max-snippet":"max-snippet:-1","max-image-preview":"max-image-preview:large","max-video-preview":"max-video-preview:-1"},"canonical":"https:\/\/hipertin.dfirma.pl\/index.php\/product\/zestaw-do-wlosow-przetluszczajacych-sie\/","og_locale":"pl_PL","og_type":"article","og_title":"Zestaw do w\u0142os\u00f3w przet\u0142uszczaj\u0105cych si\u0119 - HIPERTIN - Profesjonalne produkty Fryzjerskie","og_description":"Szukasz skutecznego rozwi\u0105zania, kt\u00f3re wyeliminuje \u0142upie\u017c i \u0142ojotok? Wybierz wi\u0119c HIPERTIN zestaw do w\u0142os\u00f3w przet\u0142uszczaj\u0105cych si\u0119.  W sk\u0142ad zestawu wchodz\u0105:   Szampon do w\u0142os\u00f3w przet\u0142uszczaj\u0105cych si\u0119 Hipertin Grease Control - 300ml  Lotion przywracaj\u0105cy r\u00f3wnowag\u0119 \u2013 Hipertin Linecure Re-Balancing Lotion - 200ml  &nbsp;","og_url":"https:\/\/hipertin.dfirma.pl\/index.php\/product\/zestaw-do-wlosow-przetluszczajacych-sie\/","og_site_name":"HIPERTIN - Profesjonalne produkty Fryzjerskie","article_modified_time":"2022-01-10T07:56:16+00:00","og_image":[{"width":600,"height":600,"url":"https:\/\/hipertin.dfirma.pl\/wp-content\/uploads\/2021\/07\/Zestaw-do-wlosow-przetluszczajacych-sie-HIPERTIN-e1636533637588.png","type":"image\/png"}],"twitter_card":"summary_large_image","twitter_misc":{"Szacowany czas czytania":"1 minuta"},"schema":{"@context":"https:\/\/schema.org","@graph":[{"@type":"WebPage","@id":"https:\/\/hipertin.dfirma.pl\/index.php\/product\/zestaw-do-wlosow-przetluszczajacych-sie\/","url":"https:\/\/hipertin.dfirma.pl\/index.php\/product\/zestaw-do-wlosow-przetluszczajacych-sie\/","name":"Zestaw do w\u0142os\u00f3w przet\u0142uszczaj\u0105cych si\u0119 - HIPERTIN - Profesjonalne produkty Fryzjerskie","isPartOf":{"@id":"https:\/\/hipertin.dfirma.pl\/#website"},"datePublished":"2021-07-23T08:47:59+00:00","dateModified":"2022-01-10T07:56:16+00:00","breadcrumb":{"@id":"https:\/\/hipertin.dfirma.pl\/index.php\/product\/zestaw-do-wlosow-przetluszczajacych-sie\/#breadcrumb"},"inLanguage":"pl-PL","potentialAction":[{"@type":"ReadAction","target":["https:\/\/hipertin.dfirma.pl\/index.php\/product\/zestaw-do-wlosow-przetluszczajacych-sie\/"]}]},{"@type":"BreadcrumbList","@id":"https:\/\/hipertin.dfirma.pl\/index.php\/product\/zestaw-do-wlosow-przetluszczajacych-sie\/#breadcrumb","itemListElement":[{"@type":"ListItem","position":1,"name":"Strona g\u0142\u00f3wna","item":"https:\/\/hipertin.dfirma.pl\/"},{"@type":"ListItem","position":2,"name":"Sklep","item":"https:\/\/hipertin.dfirma.pl\/index.php\/sklep\/"},{"@type":"ListItem","position":3,"name":"Zestaw do w\u0142os\u00f3w przet\u0142uszczaj\u0105cych si\u0119"}]},{"@type":"WebSite","@id":"https:\/\/hipertin.dfirma.pl\/#website","url":"https:\/\/hipertin.dfirma.pl\/","name":"HIPERTIN - Profesjonalne produkty Fryzjerskie","description":"","potentialAction":[{"@type":"SearchAction","target":{"@type":"EntryPoint","urlTemplate":"https:\/\/hipertin.dfirma.pl\/?s={search_term_string}"},"query-input":"required name=search_term_string"}],"inLanguage":"pl-PL"}]}},"_links":{"self":[{"href":"https:\/\/hipertin.dfirma.pl\/index.php\/wp-json\/wp\/v2\/product\/3013","targetHints":{"allow":["GET"]}}],"collection":[{"href":"https:\/\/hipertin.dfirma.pl\/index.php\/wp-json\/wp\/v2\/product"}],"about":[{"href":"https:\/\/hipertin.dfirma.pl\/index.php\/wp-json\/wp\/v2\/types\/product"}],"replies":[{"embeddable":true,"href":"https:\/\/hipertin.dfirma.pl\/index.php\/wp-json\/wp\/v2\/comments?post=3013"}],"wp:featuredmedia":[{"embeddable":true,"href":"https:\/\/hipertin.dfirma.pl\/index.php\/wp-json\/wp\/v2\/media\/3003"}],"wp:attachment":[{"href":"https:\/\/hipertin.dfirma.pl\/index.php\/wp-json\/wp\/v2\/media?parent=3013"}],"wp:term":[{"taxonomy":"product_cat","embeddable":true,"href":"https:\/\/hipertin.dfirma.pl\/index.php\/wp-json\/wp\/v2\/product_cat?post=3013"},{"taxonomy":"product_tag","embeddable":true,"href":"https:\/\/hipertin.dfirma.pl\/index.php\/wp-json\/wp\/v2\/product_tag?post=3013"}],"curies":[{"name":"wp","href":"https:\/\/api.w.org\/{rel}","templated":true}]}}