{"id":3017,"date":"2021-07-23T09:08:03","date_gmt":"2021-07-23T09:08:03","guid":{"rendered":"https:\/\/server656728.nazwa.pl\/hipertin\/?post_type=product&#038;p=3017"},"modified":"2022-10-01T20:05:21","modified_gmt":"2022-10-01T20:05:21","slug":"zestaw-przeciw-wypadaniu-szampon-ampulki","status":"publish","type":"product","link":"https:\/\/hipertin.dfirma.pl\/index.php\/product\/zestaw-przeciw-wypadaniu-szampon-ampulki\/","title":{"rendered":"Zestaw przeciw wypadaniu (szampon + ampu\u0142ki)"},"content":{"rendered":"<p><strong>Szampon do wypadaj\u0105cych i os\u0142abionych w\u0142os\u00f3w z ekstraktem z gurany i \u201ecapilla longa\u201d <\/strong>posiada w\u0142a\u015bciwo\u015bci pobudzaj\u0105ce cebulk\u0119 w\u0142osa, reaktywuje cykl wzrostu w\u0142os\u00f3w. Dedykowany tak\u017ce do piel\u0119gnacji w\u0142os\u00f3w cienkich. Wzmacnia cebulki w\u0142os\u00f3w, wspomagaj\u0105c ich porost oraz zapobiegaj\u0105c ich wypadaniu. W wyniku stosowania szamponu w\u0142osy staj\u0105 si\u0119 grubsze oraz mocniejsze. Szampon z najnowszej linii Linecure, kt\u00f3ra zosta\u0142a opracowana z uwzgl\u0119dnieniem wega\u0144skich receptur i naturalnych sk\u0142adnik\u00f3w, kt\u00f3re zapewniaj\u0105 skuteczne i sprawdzone rozwi\u0105zania dla w\u0142os\u00f3w i potrzeb sk\u00f3ry g\u0142owy.<\/p>\n<p><strong>Hipertin Linecure Densidyl Prevent<\/strong> \u2013 ampu\u0142ki przeciw wypadaniu w\u0142os\u00f3w to znakomity produkt, kt\u00f3ra zaskoczy Ciebie swoim niesamowitym dzia\u0142aniem. To bardzo skuteczna kuracja zapobiegaj\u0105ca wypadaniu w\u0142os\u00f3w. Na skutek jej dzia\u0142ania, pobudzona zostaje cyrkulacja krwi w sk\u00f3rze w\u0142osy co przek\u0142ada si\u0119 na \u0142atwiejszy jej przep\u0142yw przez korze\u0144 w\u0142osa. W efekcie takiego dzia\u0142ania, w\u0142osy staj\u0105 si\u0119 zdecydowanie mocniejsze i bardziej odporne na wypadanie. Innowacyjna formu\u0142a\u00a0<strong>Hipertin Linecure Densidyl Prevent zosta\u0142a stworzona w oparciu o ekstrakt z guarany<\/strong>, kompozycji olejk\u00f3w ro\u015blinnych oraz kompleksu aminokwas\u00f3w, nic wi\u0119c dziwnego, \u017ce stanowi prawdziw\u0105 bomb\u0119 witaminow\u0105 dla w\u0142os\u00f3w.<\/p>\n<p><strong>Zalety Hipertin Linecure Densidyl Prevent:<\/strong><\/p>\n<ul>\n<li>Zapobiegaj\u0105 wypadaniu w\u0142os\u00f3w<\/li>\n<li>Pobudzaj\u0105 cyrkulacj\u0119 krwi<\/li>\n<li>U\u0142atwiaj\u0105 przep\u0142yw krwi do korzenia w\u0142osa<\/li>\n<li>Wzmacniaj\u0105 w\u0142osy<\/li>\n<li>Zawieraj\u0105 liczne aminokwasy, ekstrakt z guarany<\/li>\n<li>Bogate w olejki ro\u015blinne<\/li>\n<\/ul>\n","protected":false},"excerpt":{"rendered":"<p>Marz\u0105 Ci si\u0119 zdrowe, mocne i pi\u0119kne w\u0142osy? Wypr\u00f3buj koniecznie HIPERTIN zestaw przeciw wypadaniu w\u0142os\u00f3w.<\/p>\n<p>W sk\u0142ad zestawu wchodz\u0105:<\/p>\n<ul>\n<li><strong>Szampon przeciw wypadaniu w\u0142os\u00f3w HIPERTIN Hair Loss Prevent &#8211; 300ml<\/strong><\/li>\n<li><strong>Ampu\u0142ki przeciw wypadaniu w\u0142os\u00f3w HIPERTIN Linecure Densidyl Prevent &#8211; 12x10ml<\/strong><\/li>\n<\/ul>\n","protected":false},"featured_media":3004,"comment_status":"open","ping_status":"closed","template":"","meta":[],"product_cat":[142],"product_tag":[],"class_list":["post-3017","product","type-product","status-publish","has-post-thumbnail","hentry","pwb-brand-hipertin","product_cat-zestawy-kosmetykow-produktow","product_shipping_class-darmowa-wysylka"],"brands":[{"id":133,"name":"Hipertin","slug":"hipertin"}],"yoast_head":"<!-- This site is optimized with the Yoast SEO plugin v19.10 - https:\/\/yoast.com\/wordpress\/plugins\/seo\/ -->\n<title>Zestaw przeciw wypadaniu (szampon + ampu\u0142ki) - HIPERTIN - Profesjonalne produkty Fryzjerskie<\/title>\n<meta name=\"robots\" content=\"index, follow, max-snippet:-1, max-image-preview:large, max-video-preview:-1\" \/>\n<link rel=\"canonical\" href=\"https:\/\/hipertin.dfirma.pl\/index.php\/product\/zestaw-przeciw-wypadaniu-szampon-ampulki\/\" \/>\n<meta property=\"og:locale\" content=\"pl_PL\" \/>\n<meta property=\"og:type\" content=\"article\" \/>\n<meta property=\"og:title\" content=\"Zestaw przeciw wypadaniu (szampon + ampu\u0142ki) - HIPERTIN - Profesjonalne produkty Fryzjerskie\" \/>\n<meta property=\"og:description\" content=\"Marz\u0105 Ci si\u0119 zdrowe, mocne i pi\u0119kne w\u0142osy? Wypr\u00f3buj koniecznie HIPERTIN zestaw przeciw wypadaniu w\u0142os\u00f3w.  W sk\u0142ad zestawu wchodz\u0105:   Szampon przeciw wypadaniu w\u0142os\u00f3w HIPERTIN Hair Loss Prevent - 300ml  Ampu\u0142ki przeciw wypadaniu w\u0142os\u00f3w HIPERTIN Linecure Densidyl Prevent - 12x10ml\" \/>\n<meta property=\"og:url\" content=\"https:\/\/hipertin.dfirma.pl\/index.php\/product\/zestaw-przeciw-wypadaniu-szampon-ampulki\/\" \/>\n<meta property=\"og:site_name\" content=\"HIPERTIN - Profesjonalne produkty Fryzjerskie\" \/>\n<meta property=\"article:modified_time\" content=\"2022-10-01T20:05:21+00:00\" \/>\n<meta property=\"og:image\" content=\"https:\/\/hipertin.dfirma.pl\/wp-content\/uploads\/2021\/07\/Zestaw-przeciw-wypadaniu-wlosow-1-HIPERTIN-e1636533572510.png\" \/>\n\t<meta property=\"og:image:width\" content=\"600\" \/>\n\t<meta property=\"og:image:height\" content=\"600\" \/>\n\t<meta property=\"og:image:type\" content=\"image\/png\" \/>\n<meta name=\"twitter:card\" content=\"summary_large_image\" \/>\n<meta name=\"twitter:label1\" content=\"Szacowany czas czytania\" \/>\n\t<meta name=\"twitter:data1\" content=\"1 minuta\" \/>\n<script type=\"application\/ld+json\" class=\"yoast-schema-graph\">{\"@context\":\"https:\/\/schema.org\",\"@graph\":[{\"@type\":\"WebPage\",\"@id\":\"https:\/\/hipertin.dfirma.pl\/index.php\/product\/zestaw-przeciw-wypadaniu-szampon-ampulki\/\",\"url\":\"https:\/\/hipertin.dfirma.pl\/index.php\/product\/zestaw-przeciw-wypadaniu-szampon-ampulki\/\",\"name\":\"Zestaw przeciw wypadaniu (szampon + ampu\u0142ki) - HIPERTIN - Profesjonalne produkty Fryzjerskie\",\"isPartOf\":{\"@id\":\"https:\/\/hipertin.dfirma.pl\/#website\"},\"datePublished\":\"2021-07-23T09:08:03+00:00\",\"dateModified\":\"2022-10-01T20:05:21+00:00\",\"breadcrumb\":{\"@id\":\"https:\/\/hipertin.dfirma.pl\/index.php\/product\/zestaw-przeciw-wypadaniu-szampon-ampulki\/#breadcrumb\"},\"inLanguage\":\"pl-PL\",\"potentialAction\":[{\"@type\":\"ReadAction\",\"target\":[\"https:\/\/hipertin.dfirma.pl\/index.php\/product\/zestaw-przeciw-wypadaniu-szampon-ampulki\/\"]}]},{\"@type\":\"BreadcrumbList\",\"@id\":\"https:\/\/hipertin.dfirma.pl\/index.php\/product\/zestaw-przeciw-wypadaniu-szampon-ampulki\/#breadcrumb\",\"itemListElement\":[{\"@type\":\"ListItem\",\"position\":1,\"name\":\"Strona g\u0142\u00f3wna\",\"item\":\"https:\/\/hipertin.dfirma.pl\/\"},{\"@type\":\"ListItem\",\"position\":2,\"name\":\"Sklep\",\"item\":\"https:\/\/hipertin.dfirma.pl\/index.php\/sklep\/\"},{\"@type\":\"ListItem\",\"position\":3,\"name\":\"Zestaw przeciw wypadaniu (szampon + ampu\u0142ki)\"}]},{\"@type\":\"WebSite\",\"@id\":\"https:\/\/hipertin.dfirma.pl\/#website\",\"url\":\"https:\/\/hipertin.dfirma.pl\/\",\"name\":\"HIPERTIN - Profesjonalne produkty Fryzjerskie\",\"description\":\"\",\"potentialAction\":[{\"@type\":\"SearchAction\",\"target\":{\"@type\":\"EntryPoint\",\"urlTemplate\":\"https:\/\/hipertin.dfirma.pl\/?s={search_term_string}\"},\"query-input\":\"required name=search_term_string\"}],\"inLanguage\":\"pl-PL\"}]}<\/script>\n<!-- \/ Yoast SEO plugin. -->","yoast_head_json":{"title":"Zestaw przeciw wypadaniu (szampon + ampu\u0142ki) - HIPERTIN - Profesjonalne produkty Fryzjerskie","robots":{"index":"index","follow":"follow","max-snippet":"max-snippet:-1","max-image-preview":"max-image-preview:large","max-video-preview":"max-video-preview:-1"},"canonical":"https:\/\/hipertin.dfirma.pl\/index.php\/product\/zestaw-przeciw-wypadaniu-szampon-ampulki\/","og_locale":"pl_PL","og_type":"article","og_title":"Zestaw przeciw wypadaniu (szampon + ampu\u0142ki) - HIPERTIN - Profesjonalne produkty Fryzjerskie","og_description":"Marz\u0105 Ci si\u0119 zdrowe, mocne i pi\u0119kne w\u0142osy? Wypr\u00f3buj koniecznie HIPERTIN zestaw przeciw wypadaniu w\u0142os\u00f3w.  W sk\u0142ad zestawu wchodz\u0105:   Szampon przeciw wypadaniu w\u0142os\u00f3w HIPERTIN Hair Loss Prevent - 300ml  Ampu\u0142ki przeciw wypadaniu w\u0142os\u00f3w HIPERTIN Linecure Densidyl Prevent - 12x10ml","og_url":"https:\/\/hipertin.dfirma.pl\/index.php\/product\/zestaw-przeciw-wypadaniu-szampon-ampulki\/","og_site_name":"HIPERTIN - Profesjonalne produkty Fryzjerskie","article_modified_time":"2022-10-01T20:05:21+00:00","og_image":[{"width":600,"height":600,"url":"https:\/\/hipertin.dfirma.pl\/wp-content\/uploads\/2021\/07\/Zestaw-przeciw-wypadaniu-wlosow-1-HIPERTIN-e1636533572510.png","type":"image\/png"}],"twitter_card":"summary_large_image","twitter_misc":{"Szacowany czas czytania":"1 minuta"},"schema":{"@context":"https:\/\/schema.org","@graph":[{"@type":"WebPage","@id":"https:\/\/hipertin.dfirma.pl\/index.php\/product\/zestaw-przeciw-wypadaniu-szampon-ampulki\/","url":"https:\/\/hipertin.dfirma.pl\/index.php\/product\/zestaw-przeciw-wypadaniu-szampon-ampulki\/","name":"Zestaw przeciw wypadaniu (szampon + ampu\u0142ki) - HIPERTIN - Profesjonalne produkty Fryzjerskie","isPartOf":{"@id":"https:\/\/hipertin.dfirma.pl\/#website"},"datePublished":"2021-07-23T09:08:03+00:00","dateModified":"2022-10-01T20:05:21+00:00","breadcrumb":{"@id":"https:\/\/hipertin.dfirma.pl\/index.php\/product\/zestaw-przeciw-wypadaniu-szampon-ampulki\/#breadcrumb"},"inLanguage":"pl-PL","potentialAction":[{"@type":"ReadAction","target":["https:\/\/hipertin.dfirma.pl\/index.php\/product\/zestaw-przeciw-wypadaniu-szampon-ampulki\/"]}]},{"@type":"BreadcrumbList","@id":"https:\/\/hipertin.dfirma.pl\/index.php\/product\/zestaw-przeciw-wypadaniu-szampon-ampulki\/#breadcrumb","itemListElement":[{"@type":"ListItem","position":1,"name":"Strona g\u0142\u00f3wna","item":"https:\/\/hipertin.dfirma.pl\/"},{"@type":"ListItem","position":2,"name":"Sklep","item":"https:\/\/hipertin.dfirma.pl\/index.php\/sklep\/"},{"@type":"ListItem","position":3,"name":"Zestaw przeciw wypadaniu (szampon + ampu\u0142ki)"}]},{"@type":"WebSite","@id":"https:\/\/hipertin.dfirma.pl\/#website","url":"https:\/\/hipertin.dfirma.pl\/","name":"HIPERTIN - Profesjonalne produkty Fryzjerskie","description":"","potentialAction":[{"@type":"SearchAction","target":{"@type":"EntryPoint","urlTemplate":"https:\/\/hipertin.dfirma.pl\/?s={search_term_string}"},"query-input":"required name=search_term_string"}],"inLanguage":"pl-PL"}]}},"_links":{"self":[{"href":"https:\/\/hipertin.dfirma.pl\/index.php\/wp-json\/wp\/v2\/product\/3017","targetHints":{"allow":["GET"]}}],"collection":[{"href":"https:\/\/hipertin.dfirma.pl\/index.php\/wp-json\/wp\/v2\/product"}],"about":[{"href":"https:\/\/hipertin.dfirma.pl\/index.php\/wp-json\/wp\/v2\/types\/product"}],"replies":[{"embeddable":true,"href":"https:\/\/hipertin.dfirma.pl\/index.php\/wp-json\/wp\/v2\/comments?post=3017"}],"wp:featuredmedia":[{"embeddable":true,"href":"https:\/\/hipertin.dfirma.pl\/index.php\/wp-json\/wp\/v2\/media\/3004"}],"wp:attachment":[{"href":"https:\/\/hipertin.dfirma.pl\/index.php\/wp-json\/wp\/v2\/media?parent=3017"}],"wp:term":[{"taxonomy":"product_cat","embeddable":true,"href":"https:\/\/hipertin.dfirma.pl\/index.php\/wp-json\/wp\/v2\/product_cat?post=3017"},{"taxonomy":"product_tag","embeddable":true,"href":"https:\/\/hipertin.dfirma.pl\/index.php\/wp-json\/wp\/v2\/product_tag?post=3017"}],"curies":[{"name":"wp","href":"https:\/\/api.w.org\/{rel}","templated":true}]}}